{"id":9448,"date":"2025-10-06T08:16:19","date_gmt":"2025-10-06T08:16:19","guid":{"rendered":"https:\/\/allwintheme.com\/?post_type=product&#038;p=9448"},"modified":"2025-10-06T08:20:46","modified_gmt":"2025-10-06T08:20:46","slug":"analyticswp","status":"publish","type":"product","link":"https:\/\/allwintheme.com\/es\/producto\/analyticswp\/","title":{"rendered":"Anal\u00edticaWP"},"content":{"rendered":"<div data-elementor-type=\"wp-post\" data-elementor-id=\"9448\" class=\"elementor elementor-9448\" data-elementor-settings=\"{&quot;element_pack_global_tooltip_width&quot;:{&quot;unit&quot;:&quot;px&quot;,&quot;size&quot;:&quot;&quot;,&quot;sizes&quot;:[]},&quot;element_pack_global_tooltip_width_tablet&quot;:{&quot;unit&quot;:&quot;px&quot;,&quot;size&quot;:&quot;&quot;,&quot;sizes&quot;:[]},&quot;element_pack_global_tooltip_width_mobile&quot;:{&quot;unit&quot;:&quot;px&quot;,&quot;size&quot;:&quot;&quot;,&quot;sizes&quot;:[]},&quot;element_pack_global_tooltip_padding&quot;:{&quot;unit&quot;:&quot;px&quot;,&quot;top&quot;:&quot;&quot;,&quot;right&quot;:&quot;&quot;,&quot;bottom&quot;:&quot;&quot;,&quot;left&quot;:&quot;&quot;,&quot;isLinked&quot;:true},&quot;element_pack_global_tooltip_padding_tablet&quot;:{&quot;unit&quot;:&quot;px&quot;,&quot;top&quot;:&quot;&quot;,&quot;right&quot;:&quot;&quot;,&quot;bottom&quot;:&quot;&quot;,&quot;left&quot;:&quot;&quot;,&quot;isLinked&quot;:true},&quot;element_pack_global_tooltip_padding_mobile&quot;:{&quot;unit&quot;:&quot;px&quot;,&quot;top&quot;:&quot;&quot;,&quot;right&quot;:&quot;&quot;,&quot;bottom&quot;:&quot;&quot;,&quot;left&quot;:&quot;&quot;,&quot;isLinked&quot;:true},&quot;element_pack_global_tooltip_border_radius&quot;:{&quot;unit&quot;:&quot;px&quot;,&quot;top&quot;:&quot;&quot;,&quot;right&quot;:&quot;&quot;,&quot;bottom&quot;:&quot;&quot;,&quot;left&quot;:&quot;&quot;,&quot;isLinked&quot;:true},&quot;element_pack_global_tooltip_border_radius_tablet&quot;:{&quot;unit&quot;:&quot;px&quot;,&quot;top&quot;:&quot;&quot;,&quot;right&quot;:&quot;&quot;,&quot;bottom&quot;:&quot;&quot;,&quot;left&quot;:&quot;&quot;,&quot;isLinked&quot;:true},&quot;element_pack_global_tooltip_border_radius_mobile&quot;:{&quot;unit&quot;:&quot;px&quot;,&quot;top&quot;:&quot;&quot;,&quot;right&quot;:&quot;&quot;,&quot;bottom&quot;:&quot;&quot;,&quot;left&quot;:&quot;&quot;,&quot;isLinked&quot;:true}}\" data-elementor-post-type=\"product\">\n\t\t\t\t<div class=\"elementor-element elementor-element-93aa4a8 e-con-full e-flex e-con e-parent\" data-id=\"93aa4a8\" data-element_type=\"container\" data-e-type=\"container\">\n\t\t\t\t<div class=\"elementor-element elementor-element-2c3f760 miaoshu elementor-widget elementor-widget-wd_text_block\" data-id=\"2c3f760\" data-element_type=\"widget\" data-e-type=\"widget\" data-widget_type=\"wd_text_block.default\">\n\t\t\t\t<div class=\"elementor-widget-container\">\n\t\t\t\t\t\t\t<div class=\"wd-text-block reset-last-child text-left\">\n\t\t\t\n\t\t\t<h2>AnalyticsWP: potentes an\u00e1lisis de privacidad para WordPress<\/h2>\n<p><strong>Anal\u00edticaWP<\/strong> permite a los usuarios de WordPress realizar un seguimiento del comportamiento de los visitantes y comprender el recorrido de los usuarios de forma eficaz. Por ejemplo, este ligero plugin sirve como sustituto de Google Analytics, por lo que obtendr\u00e1 informaci\u00f3n precisa al tiempo que prioriza la privacidad. En consecuencia, sus datos permanecen seguros en su sitio, sin compartirse con servidores externos.<grok-card data-id=\"05edb8\" data-type=\"citation_card\"><\/grok-card><grok-card data-id=\"938ee5\" data-type=\"citation_card\"><\/grok-card><\/p>\n\n<h3>Integraci\u00f3n perfecta y configuraci\u00f3n sencilla<\/h3>\n<p>Los propietarios de sitios web instalan AnalyticsWP r\u00e1pidamente, sin necesidad de realizar ning\u00fan paso adicional m\u00e1s all\u00e1 de cargar el plugin. Adem\u00e1s, se integra de forma nativa con m\u00e1s de 16 plataformas y plugins populares de WordPress mediante detecci\u00f3n autom\u00e1tica. Como resultado, puede acceder a informes de datos sin complicaciones directamente en su panel de control, mejorando su flujo de trabajo sin complejidad.<grok-card data-id=\"ff5cc9\" data-type=\"citation_card\"><\/grok-card><grok-card data-id=\"8e8183\" data-type=\"citation_card\"><\/grok-card><\/p>\n\n<h3>Principales caracter\u00edsticas y ventajas<\/h3>\n<ul>\n    <li><strong>Seguimiento centrado en la privacidad:<\/strong> Construido con tecnolog\u00eda de primera parte, evita los bloqueadores de anuncios y garantiza el cumplimiento del GDPR al mantener todos los datos locales.<\/li>\n    <li><strong>Rich Insights:<\/strong> Controle las estad\u00edsticas de visitas, las m\u00e9tricas de rendimiento y las interacciones de los usuarios con un panel de control elegante e intuitivo.<\/li>\n    <li><strong>Rendimiento ultrarr\u00e1pido:<\/strong> Este dise\u00f1o ligero evita que el sitio se ralentice, por lo que es ideal para agencias y aut\u00f3nomos.<\/li>\n    <li><strong>F\u00e1cil de desarrollar:<\/strong> Una completa documentaci\u00f3n ayuda a los desarrolladores a personalizar y ampliar las funciones sin esfuerzo.<\/li>\n<\/ul>\n\n<h3>Por qu\u00e9 destaca AnalyticsWP<\/h3>\n<p>Por ejemplo, a diferencia de las herramientas tradicionales que comparten datos externamente, AnalyticsWP mantiene el control total en su servidor. Por lo tanto, obtendr\u00e1 an\u00e1lisis precisos y a prueba de bloqueadores de publicidad, respetando al mismo tiempo la privacidad del usuario. Adem\u00e1s, su enfoque en la simplicidad permite a los principiantes y profesionales por igual para obtener informaci\u00f3n procesable r\u00e1pidamente.<grok-card data-id=\"1d32c6\" data-type=\"citation_card\"><\/grok-card><\/p>\n\n<h3>Empiece hoy mismo a realizar un seguimiento con AnalyticsWP<\/h3>\n<p>Transforme su experiencia anal\u00edtica de WordPress eligiendo <strong>Anal\u00edticaWP<\/strong>. Pru\u00e9belo gratis durante 7 d\u00edas sin ning\u00fan compromiso y libere todo el potencial de los datos de su sitio. Inst\u00e1lelo ahora para crear sitios web respetuosos con la privacidad y de alto rendimiento.<grok-card data-id=\"37f246\" data-type=\"citation_card\"><\/grok-card><\/p>\n\t\t\t\t\t<\/div>\n\t\t\t\t\t\t<\/div>\n\t\t\t\t<\/div>\n\t\t\t\t<\/div>\n\t\t\t\t<\/div>","protected":false},"excerpt":{"rendered":"<p>AnalyticsWP: Powerful Privacy-First Analytics for WordPress AnalyticsWP empowers WordPress users to track visitor behavior and understand user journeys effectively. For<\/p>","protected":false},"featured_media":9449,"comment_status":"open","ping_status":"closed","template":"","meta":{"_acf_changed":false},"product_brand":[],"product_cat":[49],"product_tag":[],"class_list":{"0":"post-9448","1":"product","2":"type-product","3":"status-publish","4":"has-post-thumbnail","6":"product_cat-plugins","8":"first","9":"instock","10":"sale","11":"downloadable","12":"shipping-taxable","13":"purchasable","14":"product-type-simple"},"acf":[],"yoast_head":"<!-- This site is optimized with the Yoast SEO Premium plugin v25.6 (Yoast SEO v27.1.1) - https:\/\/yoast.com\/product\/yoast-seo-premium-wordpress\/ -->\n<title>AnalyticsWP - AllWin Theme \u2013 Free WordPress Themes Download<\/title>\n<meta name=\"description\" content=\"AnalyticsWP delivers privacy-focused analytics for WordPress. Track visitors, user journeys, and performance without external data sharing or site slowdowns.\" \/>\n<meta name=\"robots\" content=\"index, follow, max-snippet:-1, max-image-preview:large, max-video-preview:-1\" \/>\n<link rel=\"canonical\" href=\"https:\/\/allwintheme.com\/es\/producto\/analyticswp\/\" \/>\n<meta property=\"og:locale\" content=\"es_ES\" \/>\n<meta property=\"og:type\" content=\"article\" \/>\n<meta property=\"og:title\" content=\"AnalyticsWP\" \/>\n<meta property=\"og:description\" content=\"AnalyticsWP delivers privacy-focused analytics for WordPress. Track visitors, user journeys, and performance without external data sharing or site slowdowns.\" \/>\n<meta property=\"og:url\" content=\"https:\/\/allwintheme.com\/es\/producto\/analyticswp\/\" \/>\n<meta property=\"og:site_name\" content=\"AllWin Theme \u2013 Free WordPress Themes Download\" \/>\n<meta property=\"article:modified_time\" content=\"2025-10-06T08:20:46+00:00\" \/>\n<meta property=\"og:image\" content=\"https:\/\/allwintheme.com\/wp-content\/uploads\/2025\/10\/e9bz3edn.png\" \/>\n\t<meta property=\"og:image:width\" content=\"590\" \/>\n\t<meta property=\"og:image:height\" content=\"300\" \/>\n\t<meta property=\"og:image:type\" content=\"image\/png\" \/>\n<meta name=\"twitter:card\" content=\"summary_large_image\" \/>\n<meta name=\"twitter:label1\" content=\"Tiempo estimado de lectura\" \/>\n\t<meta name=\"twitter:data1\" content=\"2 minutos\" \/>\n<script type=\"application\/ld+json\" class=\"yoast-schema-graph\">{\"@context\":\"https:\/\/schema.org\",\"@graph\":[{\"@type\":\"WebPage\",\"@id\":\"https:\/\/allwintheme.com\/product\/analyticswp\/\",\"url\":\"https:\/\/allwintheme.com\/product\/analyticswp\/\",\"name\":\"AnalyticsWP - AllWin Theme \u2013 Free WordPress Themes Download\",\"isPartOf\":{\"@id\":\"https:\/\/allwintheme.com\/#website\"},\"primaryImageOfPage\":{\"@id\":\"https:\/\/allwintheme.com\/product\/analyticswp\/#primaryimage\"},\"image\":{\"@id\":\"https:\/\/allwintheme.com\/product\/analyticswp\/#primaryimage\"},\"thumbnailUrl\":\"https:\/\/allwintheme.com\/wp-content\/uploads\/2025\/10\/e9bz3edn.png\",\"datePublished\":\"2025-10-06T08:16:19+00:00\",\"dateModified\":\"2025-10-06T08:20:46+00:00\",\"description\":\"AnalyticsWP delivers privacy-focused analytics for WordPress. Track visitors, user journeys, and performance without external data sharing or site slowdowns.\",\"breadcrumb\":{\"@id\":\"https:\/\/allwintheme.com\/product\/analyticswp\/#breadcrumb\"},\"inLanguage\":\"es-CL\",\"potentialAction\":[{\"@type\":\"ReadAction\",\"target\":[\"https:\/\/allwintheme.com\/product\/analyticswp\/\"]}]},{\"@type\":\"ImageObject\",\"inLanguage\":\"es-CL\",\"@id\":\"https:\/\/allwintheme.com\/product\/analyticswp\/#primaryimage\",\"url\":\"https:\/\/allwintheme.com\/wp-content\/uploads\/2025\/10\/e9bz3edn.png\",\"contentUrl\":\"https:\/\/allwintheme.com\/wp-content\/uploads\/2025\/10\/e9bz3edn.png\",\"width\":590,\"height\":300,\"caption\":\"AnalyticsWP\"},{\"@type\":\"BreadcrumbList\",\"@id\":\"https:\/\/allwintheme.com\/product\/analyticswp\/#breadcrumb\",\"itemListElement\":[{\"@type\":\"ListItem\",\"position\":1,\"name\":\"Home\",\"item\":\"https:\/\/allwintheme.com\/\"},{\"@type\":\"ListItem\",\"position\":2,\"name\":\"Shop\",\"item\":\"https:\/\/allwintheme.com\/shop\/\"},{\"@type\":\"ListItem\",\"position\":3,\"name\":\"AnalyticsWP\"}]},{\"@type\":\"WebSite\",\"@id\":\"https:\/\/allwintheme.com\/#website\",\"url\":\"https:\/\/allwintheme.com\/\",\"name\":\"Allwintheme\",\"description\":\"Download free WordPress themes for every niche. Blogs, business, eCommerce, portfolio, restaurant and more. All themes are GPL licensed and mobile-ready.\",\"potentialAction\":[{\"@type\":\"SearchAction\",\"target\":{\"@type\":\"EntryPoint\",\"urlTemplate\":\"https:\/\/allwintheme.com\/?s={search_term_string}\"},\"query-input\":{\"@type\":\"PropertyValueSpecification\",\"valueRequired\":true,\"valueName\":\"search_term_string\"}}],\"inLanguage\":\"es-CL\"}]}<\/script>\n<!-- \/ Yoast SEO Premium plugin. -->","yoast_head_json":{"title":"AnalyticsWP - AllWin Theme \u2013 Free WordPress Themes Download","description":"AnalyticsWP ofrece an\u00e1lisis centrados en la privacidad para WordPress. Realiza un seguimiento de los visitantes, los recorridos de los usuarios y el rendimiento sin compartir datos externos ni ralentizar el sitio.","robots":{"index":"index","follow":"follow","max-snippet":"max-snippet:-1","max-image-preview":"max-image-preview:large","max-video-preview":"max-video-preview:-1"},"canonical":"https:\/\/allwintheme.com\/es\/producto\/analyticswp\/","og_locale":"es_ES","og_type":"article","og_title":"AnalyticsWP","og_description":"AnalyticsWP delivers privacy-focused analytics for WordPress. Track visitors, user journeys, and performance without external data sharing or site slowdowns.","og_url":"https:\/\/allwintheme.com\/es\/producto\/analyticswp\/","og_site_name":"AllWin Theme \u2013 Free WordPress Themes Download","article_modified_time":"2025-10-06T08:20:46+00:00","og_image":[{"width":590,"height":300,"url":"https:\/\/allwintheme.com\/wp-content\/uploads\/2025\/10\/e9bz3edn.png","type":"image\/png"}],"twitter_card":"summary_large_image","twitter_misc":{"Tiempo estimado de lectura":"2 minutos"},"schema":{"@context":"https:\/\/schema.org","@graph":[{"@type":"WebPage","@id":"https:\/\/allwintheme.com\/product\/analyticswp\/","url":"https:\/\/allwintheme.com\/product\/analyticswp\/","name":"AnalyticsWP - AllWin Theme \u2013 Free WordPress Themes Download","isPartOf":{"@id":"https:\/\/allwintheme.com\/#website"},"primaryImageOfPage":{"@id":"https:\/\/allwintheme.com\/product\/analyticswp\/#primaryimage"},"image":{"@id":"https:\/\/allwintheme.com\/product\/analyticswp\/#primaryimage"},"thumbnailUrl":"https:\/\/allwintheme.com\/wp-content\/uploads\/2025\/10\/e9bz3edn.png","datePublished":"2025-10-06T08:16:19+00:00","dateModified":"2025-10-06T08:20:46+00:00","description":"AnalyticsWP ofrece an\u00e1lisis centrados en la privacidad para WordPress. Realiza un seguimiento de los visitantes, los recorridos de los usuarios y el rendimiento sin compartir datos externos ni ralentizar el sitio.","breadcrumb":{"@id":"https:\/\/allwintheme.com\/product\/analyticswp\/#breadcrumb"},"inLanguage":"es-CL","potentialAction":[{"@type":"ReadAction","target":["https:\/\/allwintheme.com\/product\/analyticswp\/"]}]},{"@type":"ImageObject","inLanguage":"es-CL","@id":"https:\/\/allwintheme.com\/product\/analyticswp\/#primaryimage","url":"https:\/\/allwintheme.com\/wp-content\/uploads\/2025\/10\/e9bz3edn.png","contentUrl":"https:\/\/allwintheme.com\/wp-content\/uploads\/2025\/10\/e9bz3edn.png","width":590,"height":300,"caption":"AnalyticsWP"},{"@type":"BreadcrumbList","@id":"https:\/\/allwintheme.com\/product\/analyticswp\/#breadcrumb","itemListElement":[{"@type":"ListItem","position":1,"name":"Home","item":"https:\/\/allwintheme.com\/"},{"@type":"ListItem","position":2,"name":"Shop","item":"https:\/\/allwintheme.com\/shop\/"},{"@type":"ListItem","position":3,"name":"AnalyticsWP"}]},{"@type":"WebSite","@id":"https:\/\/allwintheme.com\/#website","url":"https:\/\/allwintheme.com\/","name":"Allwintheme","description":"Descarga gratis temas de WordPress para todos los nichos. Blogs, negocios, comercio electr\u00f3nico, portafolio, restaurante y m\u00e1s. Todos los temas tienen licencia GPL y est\u00e1n preparados para dispositivos m\u00f3viles.","potentialAction":[{"@type":"SearchAction","target":{"@type":"EntryPoint","urlTemplate":"https:\/\/allwintheme.com\/?s={search_term_string}"},"query-input":{"@type":"PropertyValueSpecification","valueRequired":true,"valueName":"search_term_string"}}],"inLanguage":"es-CL"}]}},"_links":{"self":[{"href":"https:\/\/allwintheme.com\/es\/wp-json\/wp\/v2\/product\/9448","targetHints":{"allow":["GET"]}}],"collection":[{"href":"https:\/\/allwintheme.com\/es\/wp-json\/wp\/v2\/product"}],"about":[{"href":"https:\/\/allwintheme.com\/es\/wp-json\/wp\/v2\/types\/product"}],"replies":[{"embeddable":true,"href":"https:\/\/allwintheme.com\/es\/wp-json\/wp\/v2\/comments?post=9448"}],"version-history":[{"count":5,"href":"https:\/\/allwintheme.com\/es\/wp-json\/wp\/v2\/product\/9448\/revisions"}],"predecessor-version":[{"id":9454,"href":"https:\/\/allwintheme.com\/es\/wp-json\/wp\/v2\/product\/9448\/revisions\/9454"}],"wp:featuredmedia":[{"embeddable":true,"href":"https:\/\/allwintheme.com\/es\/wp-json\/wp\/v2\/media\/9449"}],"wp:attachment":[{"href":"https:\/\/allwintheme.com\/es\/wp-json\/wp\/v2\/media?parent=9448"}],"wp:term":[{"taxonomy":"product_brand","embeddable":true,"href":"https:\/\/allwintheme.com\/es\/wp-json\/wp\/v2\/product_brand?post=9448"},{"taxonomy":"product_cat","embeddable":true,"href":"https:\/\/allwintheme.com\/es\/wp-json\/wp\/v2\/product_cat?post=9448"},{"taxonomy":"product_tag","embeddable":true,"href":"https:\/\/allwintheme.com\/es\/wp-json\/wp\/v2\/product_tag?post=9448"}],"curies":[{"name":"wp","href":"https:\/\/api.w.org\/{rel}","templated":true}]}}