{"id":9455,"date":"2025-10-06T08:22:16","date_gmt":"2025-10-06T08:22:16","guid":{"rendered":"https:\/\/allwintheme.com\/?post_type=product&#038;p=9455"},"modified":"2025-10-06T08:26:06","modified_gmt":"2025-10-06T08:26:06","slug":"sureforms-pro","status":"publish","type":"product","link":"https:\/\/allwintheme.com\/es\/producto\/sureforms-pro\/","title":{"rendered":"SureForms PRO"},"content":{"rendered":"<div data-elementor-type=\"wp-post\" data-elementor-id=\"9455\" class=\"elementor elementor-9455\" data-elementor-settings=\"{&quot;element_pack_global_tooltip_width&quot;:{&quot;unit&quot;:&quot;px&quot;,&quot;size&quot;:&quot;&quot;,&quot;sizes&quot;:[]},&quot;element_pack_global_tooltip_width_tablet&quot;:{&quot;unit&quot;:&quot;px&quot;,&quot;size&quot;:&quot;&quot;,&quot;sizes&quot;:[]},&quot;element_pack_global_tooltip_width_mobile&quot;:{&quot;unit&quot;:&quot;px&quot;,&quot;size&quot;:&quot;&quot;,&quot;sizes&quot;:[]},&quot;element_pack_global_tooltip_padding&quot;:{&quot;unit&quot;:&quot;px&quot;,&quot;top&quot;:&quot;&quot;,&quot;right&quot;:&quot;&quot;,&quot;bottom&quot;:&quot;&quot;,&quot;left&quot;:&quot;&quot;,&quot;isLinked&quot;:true},&quot;element_pack_global_tooltip_padding_tablet&quot;:{&quot;unit&quot;:&quot;px&quot;,&quot;top&quot;:&quot;&quot;,&quot;right&quot;:&quot;&quot;,&quot;bottom&quot;:&quot;&quot;,&quot;left&quot;:&quot;&quot;,&quot;isLinked&quot;:true},&quot;element_pack_global_tooltip_padding_mobile&quot;:{&quot;unit&quot;:&quot;px&quot;,&quot;top&quot;:&quot;&quot;,&quot;right&quot;:&quot;&quot;,&quot;bottom&quot;:&quot;&quot;,&quot;left&quot;:&quot;&quot;,&quot;isLinked&quot;:true},&quot;element_pack_global_tooltip_border_radius&quot;:{&quot;unit&quot;:&quot;px&quot;,&quot;top&quot;:&quot;&quot;,&quot;right&quot;:&quot;&quot;,&quot;bottom&quot;:&quot;&quot;,&quot;left&quot;:&quot;&quot;,&quot;isLinked&quot;:true},&quot;element_pack_global_tooltip_border_radius_tablet&quot;:{&quot;unit&quot;:&quot;px&quot;,&quot;top&quot;:&quot;&quot;,&quot;right&quot;:&quot;&quot;,&quot;bottom&quot;:&quot;&quot;,&quot;left&quot;:&quot;&quot;,&quot;isLinked&quot;:true},&quot;element_pack_global_tooltip_border_radius_mobile&quot;:{&quot;unit&quot;:&quot;px&quot;,&quot;top&quot;:&quot;&quot;,&quot;right&quot;:&quot;&quot;,&quot;bottom&quot;:&quot;&quot;,&quot;left&quot;:&quot;&quot;,&quot;isLinked&quot;:true}}\" data-elementor-post-type=\"product\">\n\t\t\t\t<div class=\"elementor-element elementor-element-93aa4a8 e-con-full e-flex e-con e-parent\" data-id=\"93aa4a8\" data-element_type=\"container\" data-e-type=\"container\">\n\t\t\t\t<div class=\"elementor-element elementor-element-2c3f760 miaoshu elementor-widget elementor-widget-wd_text_block\" data-id=\"2c3f760\" data-element_type=\"widget\" data-e-type=\"widget\" data-widget_type=\"wd_text_block.default\">\n\t\t\t\t<div class=\"elementor-widget-container\">\n\t\t\t\t\t\t\t<div class=\"wd-text-block reset-last-child text-left\">\n\t\t\t\n\t\t\t<h2>SureForms PRO: Generador de formularios para WordPress<\/h2>\n<p><strong>SureForms PRO<\/strong> revoluciona la creaci\u00f3n de formularios en sitios WordPress. Por ejemplo, este plugin premium te permite dise\u00f1ar formularios de contacto, encuestas y mucho m\u00e1s con ayuda de la IA y herramientas de arrastrar y soltar. De este modo, podr\u00e1s crear formularios profesionales y adaptables r\u00e1pidamente sin necesidad de tener conocimientos de programaci\u00f3n.<grok-card data-id=\"25102d\" data-type=\"citation_card\"><\/grok-card><grok-card data-id=\"683777\" data-type=\"citation_card\"><\/grok-card><\/p>\n\n<h3>Dise\u00f1o de formularios sin esfuerzo con herramientas avanzadas<\/h3>\n<p>Los propietarios de sitios crean activamente formularios de varios pasos o conversacionales para impulsar la participaci\u00f3n de los usuarios y las conversiones. Adem\u00e1s, el plugin admite m\u00e1s de 20 tipos de campos, validaci\u00f3n en tiempo real y protecci\u00f3n contra spam mediante reCAPTCHA o hCaptcha. Como resultado, sus formularios ofrecen una experiencia fluida en todos los dispositivos.<grok-card data-id=\"05aaf7\" data-type=\"citation_card\"><\/grok-card><grok-card data-id=\"b67a65\" data-type=\"citation_card\"><\/grok-card><\/p>\n\n<h3>Principales caracter\u00edsticas y ventajas<\/h3>\n<ul>\n    <li><strong>Generaci\u00f3n de formularios AI:<\/strong> Los usuarios generan formularios completos al instante a partir de indicaciones, lo que ahorra tiempo de configuraci\u00f3n.<\/li>\n    <li><strong>L\u00f3gica condicional:<\/strong> Muestre u oculte campos din\u00e1micamente en funci\u00f3n de las entradas del usuario para obtener flujos personalizados.<\/li>\n    <li><strong>Integraciones:<\/strong> Con\u00e9ctese con Zapier, Webhooks y las pr\u00f3ximas pasarelas de pago como Stripe para la automatizaci\u00f3n.<\/li>\n    <li><strong>Personalizaci\u00f3n:<\/strong> Ajuste estilos, a\u00f1ada calculadoras o exporte entradas a CSV para un an\u00e1lisis detallado.<\/li>\n    <li><strong>Sensible y seguro:<\/strong> Los formularios se adaptan a las vistas m\u00f3viles a la vez que bloquean eficazmente el spam.<\/li>\n<\/ul>\n\n<h3>Racionalice su flujo de trabajo hoy mismo<\/h3>\n<p>SureForms PRO elimina los engorrosos constructores ofreciendo controles intuitivos y potentes funciones. Por ejemplo, los desarrolladores ampl\u00edan la funcionalidad con API y ganchos, mientras que los principiantes disfrutan de una simplicidad sin c\u00f3digo. Por lo tanto, usted optimiza la captaci\u00f3n de clientes potenciales y las interacciones con los usuarios sin esfuerzo.<grok-card data-id=\"21a4f7\" data-type=\"citation_card\"><\/grok-card><\/p>\n\n<h3>Actualice ahora a SureForms PRO<\/h3>\n<p>Transforme sus formularios de WordPress con <strong>SureForms PRO<\/strong>. Al desbloquear IA e integraciones avanzadas, creas herramientas de alta conversi\u00f3n que mejoran tu sitio. Inst\u00e1lelo hoy mismo y disfrute de una creaci\u00f3n de formularios m\u00e1s r\u00e1pida e inteligente.<\/p>\n\t\t\t\t\t<\/div>\n\t\t\t\t\t\t<\/div>\n\t\t\t\t<\/div>\n\t\t\t\t<\/div>\n\t\t\t\t<\/div>","protected":false},"excerpt":{"rendered":"<p>SureForms PRO: AI-Powered Form Builder for WordPress SureForms PRO revolutionizes form creation on WordPress sites. For example, this premium plugin<\/p>","protected":false},"featured_media":9456,"comment_status":"open","ping_status":"closed","template":"","meta":{"_acf_changed":false},"product_brand":[],"product_cat":[49],"product_tag":[],"class_list":{"0":"post-9455","1":"product","2":"type-product","3":"status-publish","4":"has-post-thumbnail","6":"product_cat-plugins","8":"first","9":"instock","10":"sale","11":"downloadable","12":"shipping-taxable","13":"purchasable","14":"product-type-simple"},"acf":[],"yoast_head":"<!-- This site is optimized with the Yoast SEO Premium plugin v25.6 (Yoast SEO v27.1.1) - https:\/\/yoast.com\/product\/yoast-seo-premium-wordpress\/ -->\n<title>SureForms PRO - AllWin Theme \u2013 Free WordPress Themes Download<\/title>\n<meta name=\"description\" content=\"Build stunning AI-powered forms with SureForms PRO. Drag-and-drop builder, multi-step, conditional logic, and integrations for WordPress.\" \/>\n<meta name=\"robots\" content=\"index, follow, max-snippet:-1, max-image-preview:large, max-video-preview:-1\" \/>\n<link rel=\"canonical\" href=\"https:\/\/allwintheme.com\/es\/producto\/sureforms-pro\/\" \/>\n<meta property=\"og:locale\" content=\"es_ES\" \/>\n<meta property=\"og:type\" content=\"article\" \/>\n<meta property=\"og:title\" content=\"SureForms PRO\" \/>\n<meta property=\"og:description\" content=\"Build stunning AI-powered forms with SureForms PRO. Drag-and-drop builder, multi-step, conditional logic, and integrations for WordPress.\" \/>\n<meta property=\"og:url\" content=\"https:\/\/allwintheme.com\/es\/producto\/sureforms-pro\/\" \/>\n<meta property=\"og:site_name\" content=\"AllWin Theme \u2013 Free WordPress Themes Download\" \/>\n<meta property=\"article:modified_time\" content=\"2025-10-06T08:26:06+00:00\" \/>\n<meta property=\"og:image\" content=\"https:\/\/allwintheme.com\/wp-content\/uploads\/2025\/10\/0u6byl6a.png\" \/>\n\t<meta property=\"og:image:width\" content=\"590\" \/>\n\t<meta property=\"og:image:height\" content=\"300\" \/>\n\t<meta property=\"og:image:type\" content=\"image\/png\" \/>\n<meta name=\"twitter:card\" content=\"summary_large_image\" \/>\n<meta name=\"twitter:label1\" content=\"Tiempo estimado de lectura\" \/>\n\t<meta name=\"twitter:data1\" content=\"2 minutos\" \/>\n<script type=\"application\/ld+json\" class=\"yoast-schema-graph\">{\"@context\":\"https:\/\/schema.org\",\"@graph\":[{\"@type\":\"WebPage\",\"@id\":\"https:\/\/allwintheme.com\/product\/sureforms-pro\/\",\"url\":\"https:\/\/allwintheme.com\/product\/sureforms-pro\/\",\"name\":\"SureForms PRO - AllWin Theme \u2013 Free WordPress Themes Download\",\"isPartOf\":{\"@id\":\"https:\/\/allwintheme.com\/#website\"},\"primaryImageOfPage\":{\"@id\":\"https:\/\/allwintheme.com\/product\/sureforms-pro\/#primaryimage\"},\"image\":{\"@id\":\"https:\/\/allwintheme.com\/product\/sureforms-pro\/#primaryimage\"},\"thumbnailUrl\":\"https:\/\/allwintheme.com\/wp-content\/uploads\/2025\/10\/0u6byl6a.png\",\"datePublished\":\"2025-10-06T08:22:16+00:00\",\"dateModified\":\"2025-10-06T08:26:06+00:00\",\"description\":\"Build stunning AI-powered forms with SureForms PRO. Drag-and-drop builder, multi-step, conditional logic, and integrations for WordPress.\",\"breadcrumb\":{\"@id\":\"https:\/\/allwintheme.com\/product\/sureforms-pro\/#breadcrumb\"},\"inLanguage\":\"es-CL\",\"potentialAction\":[{\"@type\":\"ReadAction\",\"target\":[\"https:\/\/allwintheme.com\/product\/sureforms-pro\/\"]}]},{\"@type\":\"ImageObject\",\"inLanguage\":\"es-CL\",\"@id\":\"https:\/\/allwintheme.com\/product\/sureforms-pro\/#primaryimage\",\"url\":\"https:\/\/allwintheme.com\/wp-content\/uploads\/2025\/10\/0u6byl6a.png\",\"contentUrl\":\"https:\/\/allwintheme.com\/wp-content\/uploads\/2025\/10\/0u6byl6a.png\",\"width\":590,\"height\":300,\"caption\":\"SureForms PRO\"},{\"@type\":\"BreadcrumbList\",\"@id\":\"https:\/\/allwintheme.com\/product\/sureforms-pro\/#breadcrumb\",\"itemListElement\":[{\"@type\":\"ListItem\",\"position\":1,\"name\":\"Home\",\"item\":\"https:\/\/allwintheme.com\/\"},{\"@type\":\"ListItem\",\"position\":2,\"name\":\"Shop\",\"item\":\"https:\/\/allwintheme.com\/shop\/\"},{\"@type\":\"ListItem\",\"position\":3,\"name\":\"SureForms PRO\"}]},{\"@type\":\"WebSite\",\"@id\":\"https:\/\/allwintheme.com\/#website\",\"url\":\"https:\/\/allwintheme.com\/\",\"name\":\"Allwintheme\",\"description\":\"Download free WordPress themes for every niche. Blogs, business, eCommerce, portfolio, restaurant and more. All themes are GPL licensed and mobile-ready.\",\"potentialAction\":[{\"@type\":\"SearchAction\",\"target\":{\"@type\":\"EntryPoint\",\"urlTemplate\":\"https:\/\/allwintheme.com\/?s={search_term_string}\"},\"query-input\":{\"@type\":\"PropertyValueSpecification\",\"valueRequired\":true,\"valueName\":\"search_term_string\"}}],\"inLanguage\":\"es-CL\"}]}<\/script>\n<!-- \/ Yoast SEO Premium plugin. -->","yoast_head_json":{"title":"SureForms PRO - AllWin Theme \u2013 Free WordPress Themes Download","description":"Cree impresionantes formularios basados en IA con SureForms PRO. Constructor de arrastrar y soltar, multipaso, l\u00f3gica condicional e integraciones para WordPress.","robots":{"index":"index","follow":"follow","max-snippet":"max-snippet:-1","max-image-preview":"max-image-preview:large","max-video-preview":"max-video-preview:-1"},"canonical":"https:\/\/allwintheme.com\/es\/producto\/sureforms-pro\/","og_locale":"es_ES","og_type":"article","og_title":"SureForms PRO","og_description":"Build stunning AI-powered forms with SureForms PRO. Drag-and-drop builder, multi-step, conditional logic, and integrations for WordPress.","og_url":"https:\/\/allwintheme.com\/es\/producto\/sureforms-pro\/","og_site_name":"AllWin Theme \u2013 Free WordPress Themes Download","article_modified_time":"2025-10-06T08:26:06+00:00","og_image":[{"width":590,"height":300,"url":"https:\/\/allwintheme.com\/wp-content\/uploads\/2025\/10\/0u6byl6a.png","type":"image\/png"}],"twitter_card":"summary_large_image","twitter_misc":{"Tiempo estimado de lectura":"2 minutos"},"schema":{"@context":"https:\/\/schema.org","@graph":[{"@type":"WebPage","@id":"https:\/\/allwintheme.com\/product\/sureforms-pro\/","url":"https:\/\/allwintheme.com\/product\/sureforms-pro\/","name":"SureForms PRO - AllWin Theme \u2013 Free WordPress Themes Download","isPartOf":{"@id":"https:\/\/allwintheme.com\/#website"},"primaryImageOfPage":{"@id":"https:\/\/allwintheme.com\/product\/sureforms-pro\/#primaryimage"},"image":{"@id":"https:\/\/allwintheme.com\/product\/sureforms-pro\/#primaryimage"},"thumbnailUrl":"https:\/\/allwintheme.com\/wp-content\/uploads\/2025\/10\/0u6byl6a.png","datePublished":"2025-10-06T08:22:16+00:00","dateModified":"2025-10-06T08:26:06+00:00","description":"Cree impresionantes formularios basados en IA con SureForms PRO. Constructor de arrastrar y soltar, multipaso, l\u00f3gica condicional e integraciones para WordPress.","breadcrumb":{"@id":"https:\/\/allwintheme.com\/product\/sureforms-pro\/#breadcrumb"},"inLanguage":"es-CL","potentialAction":[{"@type":"ReadAction","target":["https:\/\/allwintheme.com\/product\/sureforms-pro\/"]}]},{"@type":"ImageObject","inLanguage":"es-CL","@id":"https:\/\/allwintheme.com\/product\/sureforms-pro\/#primaryimage","url":"https:\/\/allwintheme.com\/wp-content\/uploads\/2025\/10\/0u6byl6a.png","contentUrl":"https:\/\/allwintheme.com\/wp-content\/uploads\/2025\/10\/0u6byl6a.png","width":590,"height":300,"caption":"SureForms PRO"},{"@type":"BreadcrumbList","@id":"https:\/\/allwintheme.com\/product\/sureforms-pro\/#breadcrumb","itemListElement":[{"@type":"ListItem","position":1,"name":"Home","item":"https:\/\/allwintheme.com\/"},{"@type":"ListItem","position":2,"name":"Shop","item":"https:\/\/allwintheme.com\/shop\/"},{"@type":"ListItem","position":3,"name":"SureForms PRO"}]},{"@type":"WebSite","@id":"https:\/\/allwintheme.com\/#website","url":"https:\/\/allwintheme.com\/","name":"Allwintheme","description":"Descarga gratis temas de WordPress para todos los nichos. Blogs, negocios, comercio electr\u00f3nico, portafolio, restaurante y m\u00e1s. Todos los temas tienen licencia GPL y est\u00e1n preparados para dispositivos m\u00f3viles.","potentialAction":[{"@type":"SearchAction","target":{"@type":"EntryPoint","urlTemplate":"https:\/\/allwintheme.com\/?s={search_term_string}"},"query-input":{"@type":"PropertyValueSpecification","valueRequired":true,"valueName":"search_term_string"}}],"inLanguage":"es-CL"}]}},"_links":{"self":[{"href":"https:\/\/allwintheme.com\/es\/wp-json\/wp\/v2\/product\/9455","targetHints":{"allow":["GET"]}}],"collection":[{"href":"https:\/\/allwintheme.com\/es\/wp-json\/wp\/v2\/product"}],"about":[{"href":"https:\/\/allwintheme.com\/es\/wp-json\/wp\/v2\/types\/product"}],"replies":[{"embeddable":true,"href":"https:\/\/allwintheme.com\/es\/wp-json\/wp\/v2\/comments?post=9455"}],"version-history":[{"count":6,"href":"https:\/\/allwintheme.com\/es\/wp-json\/wp\/v2\/product\/9455\/revisions"}],"predecessor-version":[{"id":9462,"href":"https:\/\/allwintheme.com\/es\/wp-json\/wp\/v2\/product\/9455\/revisions\/9462"}],"wp:featuredmedia":[{"embeddable":true,"href":"https:\/\/allwintheme.com\/es\/wp-json\/wp\/v2\/media\/9456"}],"wp:attachment":[{"href":"https:\/\/allwintheme.com\/es\/wp-json\/wp\/v2\/media?parent=9455"}],"wp:term":[{"taxonomy":"product_brand","embeddable":true,"href":"https:\/\/allwintheme.com\/es\/wp-json\/wp\/v2\/product_brand?post=9455"},{"taxonomy":"product_cat","embeddable":true,"href":"https:\/\/allwintheme.com\/es\/wp-json\/wp\/v2\/product_cat?post=9455"},{"taxonomy":"product_tag","embeddable":true,"href":"https:\/\/allwintheme.com\/es\/wp-json\/wp\/v2\/product_tag?post=9455"}],"curies":[{"name":"wp","href":"https:\/\/api.w.org\/{rel}","templated":true}]}}