{"id":9464,"date":"2025-10-06T08:36:46","date_gmt":"2025-10-06T08:36:46","guid":{"rendered":"https:\/\/allwintheme.com\/?post_type=product&#038;p=9464"},"modified":"2025-10-06T08:40:06","modified_gmt":"2025-10-06T08:40:06","slug":"directorist-addonskit-para-bricks","status":"publish","type":"product","link":"https:\/\/allwintheme.com\/es\/producto\/directorist-addonskit-para-bricks\/","title":{"rendered":"Directorist AddonsKit para ladrillos"},"content":{"rendered":"<div data-elementor-type=\"wp-post\" data-elementor-id=\"9464\" class=\"elementor elementor-9464\" data-elementor-settings=\"{&quot;element_pack_global_tooltip_width&quot;:{&quot;unit&quot;:&quot;px&quot;,&quot;size&quot;:&quot;&quot;,&quot;sizes&quot;:[]},&quot;element_pack_global_tooltip_width_tablet&quot;:{&quot;unit&quot;:&quot;px&quot;,&quot;size&quot;:&quot;&quot;,&quot;sizes&quot;:[]},&quot;element_pack_global_tooltip_width_mobile&quot;:{&quot;unit&quot;:&quot;px&quot;,&quot;size&quot;:&quot;&quot;,&quot;sizes&quot;:[]},&quot;element_pack_global_tooltip_padding&quot;:{&quot;unit&quot;:&quot;px&quot;,&quot;top&quot;:&quot;&quot;,&quot;right&quot;:&quot;&quot;,&quot;bottom&quot;:&quot;&quot;,&quot;left&quot;:&quot;&quot;,&quot;isLinked&quot;:true},&quot;element_pack_global_tooltip_padding_tablet&quot;:{&quot;unit&quot;:&quot;px&quot;,&quot;top&quot;:&quot;&quot;,&quot;right&quot;:&quot;&quot;,&quot;bottom&quot;:&quot;&quot;,&quot;left&quot;:&quot;&quot;,&quot;isLinked&quot;:true},&quot;element_pack_global_tooltip_padding_mobile&quot;:{&quot;unit&quot;:&quot;px&quot;,&quot;top&quot;:&quot;&quot;,&quot;right&quot;:&quot;&quot;,&quot;bottom&quot;:&quot;&quot;,&quot;left&quot;:&quot;&quot;,&quot;isLinked&quot;:true},&quot;element_pack_global_tooltip_border_radius&quot;:{&quot;unit&quot;:&quot;px&quot;,&quot;top&quot;:&quot;&quot;,&quot;right&quot;:&quot;&quot;,&quot;bottom&quot;:&quot;&quot;,&quot;left&quot;:&quot;&quot;,&quot;isLinked&quot;:true},&quot;element_pack_global_tooltip_border_radius_tablet&quot;:{&quot;unit&quot;:&quot;px&quot;,&quot;top&quot;:&quot;&quot;,&quot;right&quot;:&quot;&quot;,&quot;bottom&quot;:&quot;&quot;,&quot;left&quot;:&quot;&quot;,&quot;isLinked&quot;:true},&quot;element_pack_global_tooltip_border_radius_mobile&quot;:{&quot;unit&quot;:&quot;px&quot;,&quot;top&quot;:&quot;&quot;,&quot;right&quot;:&quot;&quot;,&quot;bottom&quot;:&quot;&quot;,&quot;left&quot;:&quot;&quot;,&quot;isLinked&quot;:true}}\" data-elementor-post-type=\"product\">\n\t\t\t\t<div class=\"elementor-element elementor-element-93aa4a8 e-con-full e-flex e-con e-parent\" data-id=\"93aa4a8\" data-element_type=\"container\" data-e-type=\"container\">\n\t\t\t\t<div class=\"elementor-element elementor-element-2c3f760 miaoshu elementor-widget elementor-widget-wd_text_block\" data-id=\"2c3f760\" data-element_type=\"widget\" data-e-type=\"widget\" data-widget_type=\"wd_text_block.default\">\n\t\t\t\t<div class=\"elementor-widget-container\">\n\t\t\t\t\t\t\t<div class=\"wd-text-block reset-last-child text-left\">\n\t\t\t\n\t\t\t<h2>Directorist AddonsKit para Bricks: Potencie los dise\u00f1os de sus directorios<\/h2>\n<p><strong>Directorist AddonsKit para ladrillos<\/strong> ofrece un potente conjunto de elementos personalizados que mejoran los sitios web de directorios creados con Directorist y Bricks Builder. Por ejemplo, los desarrolladores y propietarios de sitios integran activamente herramientas de arrastrar y soltar para crear listados impresionantes y funciones interactivas. De este modo, se consigue una personalizaci\u00f3n avanzada sin codificaci\u00f3n, lo que aumenta la participaci\u00f3n de los usuarios y el rendimiento del sitio.<grok-card data-id=\"88cef9\" data-type=\"citation_card\"><\/grok-card><grok-card data-id=\"80bbb0\" data-type=\"citation_card\"><\/grok-card><\/p>\n\n<h3>Integraci\u00f3n perfecta y capacidad de arrastrar y soltar<\/h3>\n<p>Con este addon, puedes conectar Directorist -un plugin de directorio l\u00edder- con las herramientas visuales de Bricks Builder sin esfuerzo. Adem\u00e1s, tendr\u00e1 acceso a elementos personalizados para listados, filtros de b\u00fasqueda y escaparates de ubicaci\u00f3n, incluidos mapas interactivos. Como resultado, podr\u00e1 crear dise\u00f1os atractivos que optimicen las interfaces de usuario y la funcionalidad de b\u00fasqueda.<grok-card data-id=\"6a6a4d\" data-type=\"citation_card\"><\/grok-card><\/p>\n\n<h3>Principales caracter\u00edsticas y ventajas<\/h3>\n<ul>\n    <li><strong>Biblioteca de elementos personalizados:<\/strong> Utilice widgets de arrastrar y soltar para mejorar las presentaciones, los filtros y los botones de llamada a la acci\u00f3n de los directorios.<\/li>\n    <li><strong>Rendimiento optimizado:<\/strong> Los componentes ligeros garantizan tiempos de carga r\u00e1pidos y estructuras compatibles con el SEO, lo que permite mantener posiciones altas en los rankings.<\/li>\n    <li><strong>Personalizaci\u00f3n flexible:<\/strong> Adapte los listados de directorios y la interactividad a su marca, todo dentro de Bricks Builder.<\/li>\n    <li><strong>F\u00e1cil instalaci\u00f3n:<\/strong> Inst\u00e1lelo y act\u00edvelo a trav\u00e9s del panel de control de WordPress para una r\u00e1pida integraci\u00f3n con las categor\u00edas y funciones de Directorist.<\/li>\n<\/ul>\n\n<h3>Agilizar el desarrollo de directorios<\/h3>\n<p>Este AddonsKit simplifica las tareas complejas de los usuarios de WordPress que crean directorios de empresas, empleos o clasificados. Por ejemplo, admite actualizaciones en tiempo real e integraci\u00f3n con WooCommerce, ampliando las capacidades de su sitio. Por lo tanto, usted se centra en la innovaci\u00f3n mientras que las herramientas se encargan de la eficiencia del dise\u00f1o.<grok-card data-id=\"202dd4\" data-type=\"citation_card\"><\/grok-card><\/p>\n\n<h3>Transforme su directorio web hoy mismo<\/h3>\n<p>Potencie sus proyectos con <strong>Directorist AddonsKit para ladrillos<\/strong>. Al desbloquear funcionalidades intuitivas, creas directorios din\u00e1micos y de alto rendimiento. Inst\u00e1lalo ahora y mejora tu flujo de trabajo con Bricks Builder.<grok-card data-id=\"1312b2\" data-type=\"citation_card\"><\/grok-card><\/p>\n\t\t\t\t\t<\/div>\n\t\t\t\t\t\t<\/div>\n\t\t\t\t<\/div>\n\t\t\t\t<\/div>\n\t\t\t\t<\/div>","protected":false},"excerpt":{"rendered":"<p>Directorist AddonsKit for Bricks: Supercharge Your Directory Designs Directorist AddonsKit for Bricks delivers a powerful suite of custom elements that<\/p>","protected":false},"featured_media":9465,"comment_status":"open","ping_status":"closed","template":"","meta":{"_acf_changed":false},"product_brand":[],"product_cat":[49],"product_tag":[],"class_list":{"0":"post-9464","1":"product","2":"type-product","3":"status-publish","4":"has-post-thumbnail","6":"product_cat-plugins","8":"first","9":"instock","10":"sale","11":"downloadable","12":"shipping-taxable","13":"purchasable","14":"product-type-simple"},"acf":[],"yoast_head":"<!-- This site is optimized with the Yoast SEO Premium plugin v25.6 (Yoast SEO v27.1.1) - https:\/\/yoast.com\/product\/yoast-seo-premium-wordpress\/ -->\n<title>Directorist AddonsKit for Bricks - AllWin Theme \u2013 Free WordPress Themes Download<\/title>\n<meta name=\"description\" content=\"Elevate directory sites with Directorist AddonsKit for Bricks. Drag-and-drop custom elements, interactive maps, and seamless Bricks Builder integration.\" \/>\n<meta name=\"robots\" content=\"index, follow, max-snippet:-1, max-image-preview:large, max-video-preview:-1\" \/>\n<link rel=\"canonical\" href=\"https:\/\/allwintheme.com\/es\/producto\/directorist-addonskit-para-bricks\/\" \/>\n<meta property=\"og:locale\" content=\"es_ES\" \/>\n<meta property=\"og:type\" content=\"article\" \/>\n<meta property=\"og:title\" content=\"Directorist AddonsKit for Bricks\" \/>\n<meta property=\"og:description\" content=\"Elevate directory sites with Directorist AddonsKit for Bricks. Drag-and-drop custom elements, interactive maps, and seamless Bricks Builder integration.\" \/>\n<meta property=\"og:url\" content=\"https:\/\/allwintheme.com\/es\/producto\/directorist-addonskit-para-bricks\/\" \/>\n<meta property=\"og:site_name\" content=\"AllWin Theme \u2013 Free WordPress Themes Download\" \/>\n<meta property=\"article:modified_time\" content=\"2025-10-06T08:40:06+00:00\" \/>\n<meta property=\"og:image\" content=\"https:\/\/allwintheme.com\/wp-content\/uploads\/2025\/10\/4pnmz2wo.png\" \/>\n\t<meta property=\"og:image:width\" content=\"590\" \/>\n\t<meta property=\"og:image:height\" content=\"300\" \/>\n\t<meta property=\"og:image:type\" content=\"image\/png\" \/>\n<meta name=\"twitter:card\" content=\"summary_large_image\" \/>\n<meta name=\"twitter:label1\" content=\"Tiempo estimado de lectura\" \/>\n\t<meta name=\"twitter:data1\" content=\"2 minutos\" \/>\n<script type=\"application\/ld+json\" class=\"yoast-schema-graph\">{\"@context\":\"https:\/\/schema.org\",\"@graph\":[{\"@type\":\"WebPage\",\"@id\":\"https:\/\/allwintheme.com\/product\/directorist-addonskit-for-bricks\/\",\"url\":\"https:\/\/allwintheme.com\/product\/directorist-addonskit-for-bricks\/\",\"name\":\"Directorist AddonsKit for Bricks - AllWin Theme \u2013 Free WordPress Themes Download\",\"isPartOf\":{\"@id\":\"https:\/\/allwintheme.com\/#website\"},\"primaryImageOfPage\":{\"@id\":\"https:\/\/allwintheme.com\/product\/directorist-addonskit-for-bricks\/#primaryimage\"},\"image\":{\"@id\":\"https:\/\/allwintheme.com\/product\/directorist-addonskit-for-bricks\/#primaryimage\"},\"thumbnailUrl\":\"https:\/\/allwintheme.com\/wp-content\/uploads\/2025\/10\/4pnmz2wo.png\",\"datePublished\":\"2025-10-06T08:36:46+00:00\",\"dateModified\":\"2025-10-06T08:40:06+00:00\",\"description\":\"Elevate directory sites with Directorist AddonsKit for Bricks. Drag-and-drop custom elements, interactive maps, and seamless Bricks Builder integration.\",\"breadcrumb\":{\"@id\":\"https:\/\/allwintheme.com\/product\/directorist-addonskit-for-bricks\/#breadcrumb\"},\"inLanguage\":\"es-CL\",\"potentialAction\":[{\"@type\":\"ReadAction\",\"target\":[\"https:\/\/allwintheme.com\/product\/directorist-addonskit-for-bricks\/\"]}]},{\"@type\":\"ImageObject\",\"inLanguage\":\"es-CL\",\"@id\":\"https:\/\/allwintheme.com\/product\/directorist-addonskit-for-bricks\/#primaryimage\",\"url\":\"https:\/\/allwintheme.com\/wp-content\/uploads\/2025\/10\/4pnmz2wo.png\",\"contentUrl\":\"https:\/\/allwintheme.com\/wp-content\/uploads\/2025\/10\/4pnmz2wo.png\",\"width\":590,\"height\":300,\"caption\":\"Directorist AddonsKit for Bricks\"},{\"@type\":\"BreadcrumbList\",\"@id\":\"https:\/\/allwintheme.com\/product\/directorist-addonskit-for-bricks\/#breadcrumb\",\"itemListElement\":[{\"@type\":\"ListItem\",\"position\":1,\"name\":\"Home\",\"item\":\"https:\/\/allwintheme.com\/\"},{\"@type\":\"ListItem\",\"position\":2,\"name\":\"Shop\",\"item\":\"https:\/\/allwintheme.com\/shop\/\"},{\"@type\":\"ListItem\",\"position\":3,\"name\":\"Directorist AddonsKit for Bricks\"}]},{\"@type\":\"WebSite\",\"@id\":\"https:\/\/allwintheme.com\/#website\",\"url\":\"https:\/\/allwintheme.com\/\",\"name\":\"Allwintheme\",\"description\":\"Download free WordPress themes for every niche. Blogs, business, eCommerce, portfolio, restaurant and more. All themes are GPL licensed and mobile-ready.\",\"potentialAction\":[{\"@type\":\"SearchAction\",\"target\":{\"@type\":\"EntryPoint\",\"urlTemplate\":\"https:\/\/allwintheme.com\/?s={search_term_string}\"},\"query-input\":{\"@type\":\"PropertyValueSpecification\",\"valueRequired\":true,\"valueName\":\"search_term_string\"}}],\"inLanguage\":\"es-CL\"}]}<\/script>\n<!-- \/ Yoast SEO Premium plugin. -->","yoast_head_json":{"title":"Directorist AddonsKit for Bricks - AllWin Theme - Free WordPress Themes Download","description":"Mejore los sitios de directorios con Directorist AddonsKit para Bricks. Arrastre y suelte elementos personalizados, mapas interactivos e integraci\u00f3n perfecta con Bricks Builder.","robots":{"index":"index","follow":"follow","max-snippet":"max-snippet:-1","max-image-preview":"max-image-preview:large","max-video-preview":"max-video-preview:-1"},"canonical":"https:\/\/allwintheme.com\/es\/producto\/directorist-addonskit-para-bricks\/","og_locale":"es_ES","og_type":"article","og_title":"Directorist AddonsKit for Bricks","og_description":"Elevate directory sites with Directorist AddonsKit for Bricks. Drag-and-drop custom elements, interactive maps, and seamless Bricks Builder integration.","og_url":"https:\/\/allwintheme.com\/es\/producto\/directorist-addonskit-para-bricks\/","og_site_name":"AllWin Theme \u2013 Free WordPress Themes Download","article_modified_time":"2025-10-06T08:40:06+00:00","og_image":[{"width":590,"height":300,"url":"https:\/\/allwintheme.com\/wp-content\/uploads\/2025\/10\/4pnmz2wo.png","type":"image\/png"}],"twitter_card":"summary_large_image","twitter_misc":{"Tiempo estimado de lectura":"2 minutos"},"schema":{"@context":"https:\/\/schema.org","@graph":[{"@type":"WebPage","@id":"https:\/\/allwintheme.com\/product\/directorist-addonskit-for-bricks\/","url":"https:\/\/allwintheme.com\/product\/directorist-addonskit-for-bricks\/","name":"Directorist AddonsKit for Bricks - AllWin Theme - Free WordPress Themes Download","isPartOf":{"@id":"https:\/\/allwintheme.com\/#website"},"primaryImageOfPage":{"@id":"https:\/\/allwintheme.com\/product\/directorist-addonskit-for-bricks\/#primaryimage"},"image":{"@id":"https:\/\/allwintheme.com\/product\/directorist-addonskit-for-bricks\/#primaryimage"},"thumbnailUrl":"https:\/\/allwintheme.com\/wp-content\/uploads\/2025\/10\/4pnmz2wo.png","datePublished":"2025-10-06T08:36:46+00:00","dateModified":"2025-10-06T08:40:06+00:00","description":"Mejore los sitios de directorios con Directorist AddonsKit para Bricks. Arrastre y suelte elementos personalizados, mapas interactivos e integraci\u00f3n perfecta con Bricks Builder.","breadcrumb":{"@id":"https:\/\/allwintheme.com\/product\/directorist-addonskit-for-bricks\/#breadcrumb"},"inLanguage":"es-CL","potentialAction":[{"@type":"ReadAction","target":["https:\/\/allwintheme.com\/product\/directorist-addonskit-for-bricks\/"]}]},{"@type":"ImageObject","inLanguage":"es-CL","@id":"https:\/\/allwintheme.com\/product\/directorist-addonskit-for-bricks\/#primaryimage","url":"https:\/\/allwintheme.com\/wp-content\/uploads\/2025\/10\/4pnmz2wo.png","contentUrl":"https:\/\/allwintheme.com\/wp-content\/uploads\/2025\/10\/4pnmz2wo.png","width":590,"height":300,"caption":"Directorist AddonsKit for Bricks"},{"@type":"BreadcrumbList","@id":"https:\/\/allwintheme.com\/product\/directorist-addonskit-for-bricks\/#breadcrumb","itemListElement":[{"@type":"ListItem","position":1,"name":"Home","item":"https:\/\/allwintheme.com\/"},{"@type":"ListItem","position":2,"name":"Shop","item":"https:\/\/allwintheme.com\/shop\/"},{"@type":"ListItem","position":3,"name":"Directorist AddonsKit for Bricks"}]},{"@type":"WebSite","@id":"https:\/\/allwintheme.com\/#website","url":"https:\/\/allwintheme.com\/","name":"Allwintheme","description":"Descarga gratis temas de WordPress para todos los nichos. Blogs, negocios, comercio electr\u00f3nico, portafolio, restaurante y m\u00e1s. Todos los temas tienen licencia GPL y est\u00e1n preparados para dispositivos m\u00f3viles.","potentialAction":[{"@type":"SearchAction","target":{"@type":"EntryPoint","urlTemplate":"https:\/\/allwintheme.com\/?s={search_term_string}"},"query-input":{"@type":"PropertyValueSpecification","valueRequired":true,"valueName":"search_term_string"}}],"inLanguage":"es-CL"}]}},"_links":{"self":[{"href":"https:\/\/allwintheme.com\/es\/wp-json\/wp\/v2\/product\/9464","targetHints":{"allow":["GET"]}}],"collection":[{"href":"https:\/\/allwintheme.com\/es\/wp-json\/wp\/v2\/product"}],"about":[{"href":"https:\/\/allwintheme.com\/es\/wp-json\/wp\/v2\/types\/product"}],"replies":[{"embeddable":true,"href":"https:\/\/allwintheme.com\/es\/wp-json\/wp\/v2\/comments?post=9464"}],"version-history":[{"count":5,"href":"https:\/\/allwintheme.com\/es\/wp-json\/wp\/v2\/product\/9464\/revisions"}],"predecessor-version":[{"id":9470,"href":"https:\/\/allwintheme.com\/es\/wp-json\/wp\/v2\/product\/9464\/revisions\/9470"}],"wp:featuredmedia":[{"embeddable":true,"href":"https:\/\/allwintheme.com\/es\/wp-json\/wp\/v2\/media\/9465"}],"wp:attachment":[{"href":"https:\/\/allwintheme.com\/es\/wp-json\/wp\/v2\/media?parent=9464"}],"wp:term":[{"taxonomy":"product_brand","embeddable":true,"href":"https:\/\/allwintheme.com\/es\/wp-json\/wp\/v2\/product_brand?post=9464"},{"taxonomy":"product_cat","embeddable":true,"href":"https:\/\/allwintheme.com\/es\/wp-json\/wp\/v2\/product_cat?post=9464"},{"taxonomy":"product_tag","embeddable":true,"href":"https:\/\/allwintheme.com\/es\/wp-json\/wp\/v2\/product_tag?post=9464"}],"curies":[{"name":"wp","href":"https:\/\/api.w.org\/{rel}","templated":true}]}}