{"id":9471,"date":"2025-10-06T08:40:26","date_gmt":"2025-10-06T08:40:26","guid":{"rendered":"https:\/\/allwintheme.com\/?post_type=product&#038;p=9471"},"modified":"2025-10-06T09:08:57","modified_gmt":"2025-10-06T09:08:57","slug":"widgetkit-yootheme-para-wordpress","status":"publish","type":"product","link":"https:\/\/allwintheme.com\/es\/producto\/widgetkit-yootheme-para-wordpress\/","title":{"rendered":"Widgetkit de Yootheme para WordPress"},"content":{"rendered":"<div data-elementor-type=\"wp-post\" data-elementor-id=\"9471\" class=\"elementor elementor-9471\" data-elementor-settings=\"{&quot;element_pack_global_tooltip_width&quot;:{&quot;unit&quot;:&quot;px&quot;,&quot;size&quot;:&quot;&quot;,&quot;sizes&quot;:[]},&quot;element_pack_global_tooltip_width_tablet&quot;:{&quot;unit&quot;:&quot;px&quot;,&quot;size&quot;:&quot;&quot;,&quot;sizes&quot;:[]},&quot;element_pack_global_tooltip_width_mobile&quot;:{&quot;unit&quot;:&quot;px&quot;,&quot;size&quot;:&quot;&quot;,&quot;sizes&quot;:[]},&quot;element_pack_global_tooltip_padding&quot;:{&quot;unit&quot;:&quot;px&quot;,&quot;top&quot;:&quot;&quot;,&quot;right&quot;:&quot;&quot;,&quot;bottom&quot;:&quot;&quot;,&quot;left&quot;:&quot;&quot;,&quot;isLinked&quot;:true},&quot;element_pack_global_tooltip_padding_tablet&quot;:{&quot;unit&quot;:&quot;px&quot;,&quot;top&quot;:&quot;&quot;,&quot;right&quot;:&quot;&quot;,&quot;bottom&quot;:&quot;&quot;,&quot;left&quot;:&quot;&quot;,&quot;isLinked&quot;:true},&quot;element_pack_global_tooltip_padding_mobile&quot;:{&quot;unit&quot;:&quot;px&quot;,&quot;top&quot;:&quot;&quot;,&quot;right&quot;:&quot;&quot;,&quot;bottom&quot;:&quot;&quot;,&quot;left&quot;:&quot;&quot;,&quot;isLinked&quot;:true},&quot;element_pack_global_tooltip_border_radius&quot;:{&quot;unit&quot;:&quot;px&quot;,&quot;top&quot;:&quot;&quot;,&quot;right&quot;:&quot;&quot;,&quot;bottom&quot;:&quot;&quot;,&quot;left&quot;:&quot;&quot;,&quot;isLinked&quot;:true},&quot;element_pack_global_tooltip_border_radius_tablet&quot;:{&quot;unit&quot;:&quot;px&quot;,&quot;top&quot;:&quot;&quot;,&quot;right&quot;:&quot;&quot;,&quot;bottom&quot;:&quot;&quot;,&quot;left&quot;:&quot;&quot;,&quot;isLinked&quot;:true},&quot;element_pack_global_tooltip_border_radius_mobile&quot;:{&quot;unit&quot;:&quot;px&quot;,&quot;top&quot;:&quot;&quot;,&quot;right&quot;:&quot;&quot;,&quot;bottom&quot;:&quot;&quot;,&quot;left&quot;:&quot;&quot;,&quot;isLinked&quot;:true}}\" data-elementor-post-type=\"product\">\n\t\t\t\t<div class=\"elementor-element elementor-element-93aa4a8 e-con-full e-flex e-con e-parent\" data-id=\"93aa4a8\" data-element_type=\"container\" data-e-type=\"container\">\n\t\t\t\t<div class=\"elementor-element elementor-element-2c3f760 miaoshu elementor-widget elementor-widget-wd_text_block\" data-id=\"2c3f760\" data-element_type=\"widget\" data-e-type=\"widget\" data-widget_type=\"wd_text_block.default\">\n\t\t\t\t<div class=\"elementor-widget-container\">\n\t\t\t\t\t\t\t<div class=\"wd-text-block reset-last-child text-left\">\n\t\t\t\n\t\t\t<h2>Yootheme Widgetkit para WordPress: Crea contenido din\u00e1mico f\u00e1cilmente<\/h2>\n<p><strong>Widgetkit de Yootheme<\/strong> permite a los usuarios de WordPress enriquecer sus sitios con galer\u00edas, sliders, slideshows, acordeones y efectos parallax.<grok-card data-id=\"be683f\" data-type=\"citation_card\"><\/grok-card> Por ejemplo, los desarrolladores crean activamente widgets personalizados o cargan contenido din\u00e1mico de entradas de WordPress, WooCommerce o plugins de terceros, garantizando una integraci\u00f3n perfecta en cualquier parte de sus p\u00e1ginas.<grok-card data-id=\"e4293f\" data-type=\"citation_card\"><\/grok-card> En consecuencia, este plugin simplifica la gesti\u00f3n de contenidos sin necesidad de conocimientos de codificaci\u00f3n.<grok-card data-id=\"77ffa2\" data-type=\"citation_card\"><\/grok-card><\/p>\n\n<h3>Creaci\u00f3n y gesti\u00f3n intuitivas de widgets<\/h3>\n<p>Con Widgetkit, accedes a una interfaz de administraci\u00f3n dedicada en WordPress para crear y organizar widgets sin esfuerzo.<grok-card data-id=\"bdf703\" data-type=\"citation_card\"><\/grok-card> Adem\u00e1s, puedes elegir entre contenido personalizado o extraerlo de fuentes existentes, como entradas o servicios externos, y mostrarlos mediante sencillos shortcodes en entradas o p\u00e1ginas.<grok-card data-id=\"d8f5dc\" data-type=\"citation_card\"><\/grok-card> Como resultado, los usuarios disfrutan de la funci\u00f3n de arrastrar y soltar, el redimensionamiento autom\u00e1tico de im\u00e1genes y los atractivos efectos de transici\u00f3n para obtener resultados de aspecto profesional.<grok-card data-id=\"b53187\" data-type=\"citation_card\"><\/grok-card><\/p>\n\n<h3>Principales caracter\u00edsticas y ventajas<\/h3>\n<ul>\n    <li><strong>Elementos de dise\u00f1o responsivo:<\/strong> Los propietarios de sitios web crean galer\u00edas, deslizadores y efectos de paralaje que se adaptan perfectamente a dispositivos m\u00f3viles y ordenadores de sobremesa.<grok-card data-id=\"034d81\" data-type=\"citation_card\"><\/grok-card><\/li>\n    <li><strong>Extensibilidad modular:<\/strong> Los desarrolladores ampl\u00edan la funcionalidad a\u00f1adiendo widgets personalizados o proveedores de contenidos para ofrecer posibilidades ilimitadas.<grok-card data-id=\"36f7a1\" data-type=\"citation_card\"><\/grok-card><\/li>\n    <li><strong>Optimizaci\u00f3n del rendimiento:<\/strong> El plugin combina, minifica y almacena en cach\u00e9 archivos CSS\/JS mientras utiliza la carga lenta para aumentar la velocidad del sitio.<grok-card data-id=\"971549\" data-type=\"citation_card\"><\/grok-card><\/li>\n    <li><strong>F\u00e1cil integraci\u00f3n:<\/strong> Los administradores de WordPress arrastran los widgets a las barras laterales o los incrustan mediante shortcodes, y admiten gestos t\u00e1ctiles y navegaci\u00f3n con el teclado.<grok-card data-id=\"747586\" data-type=\"citation_card\"><\/grok-card><\/li>\n<\/ul>\n\n<h3>Optimice la narrativa visual de su sitio web<\/h3>\n<p>Widgetkit transforma las p\u00e1ginas est\u00e1ticas en experiencias interactivas. Por ejemplo, si gestionas una cartera o un sitio de comercio electr\u00f3nico, carga el contenido de forma din\u00e1mica para atraer a los visitantes de forma eficaz.<grok-card data-id=\"6fbe1c\" data-type=\"citation_card\"><\/grok-card> De este modo, ahorrar\u00e1 tiempo de desarrollo y obtendr\u00e1 dise\u00f1os perfeccionados y adaptables que cautivar\u00e1n al p\u00fablico.<\/p>\n\n<h3>Empieza a crear con Yootheme Widgetkit hoy mismo<\/h3>\n<p>Eleve sus proyectos de WordPress con <strong>Widgetkit de Yootheme<\/strong>. Al habilitar widgets flexibles y de alto rendimiento, podr\u00e1 crear sitios asombrosos r\u00e1pidamente. Inst\u00e1lalo ahora y libera tu potencial creativo.<grok-card data-id=\"791eeb\" data-type=\"citation_card\"><\/grok-card><\/p>\n\t\t\t\t\t<\/div>\n\t\t\t\t\t\t<\/div>\n\t\t\t\t<\/div>\n\t\t\t\t<\/div>\n\t\t\t\t<\/div>","protected":false},"excerpt":{"rendered":"<p>Yootheme Widgetkit for WordPress: Build Dynamic Content Easily Yootheme Widgetkit empowers WordPress users to enrich their sites with responsive galleries,<\/p>","protected":false},"featured_media":9476,"comment_status":"open","ping_status":"closed","template":"","meta":{"_acf_changed":false},"product_brand":[],"product_cat":[49],"product_tag":[],"class_list":{"0":"post-9471","1":"product","2":"type-product","3":"status-publish","4":"has-post-thumbnail","6":"product_cat-plugins","8":"first","9":"instock","10":"sale","11":"downloadable","12":"shipping-taxable","13":"purchasable","14":"product-type-simple"},"acf":[],"yoast_head":"<!-- This site is optimized with the Yoast SEO Premium plugin v25.6 (Yoast SEO v27.1.1) - https:\/\/yoast.com\/product\/yoast-seo-premium-wordpress\/ -->\n<title>Yootheme Widgetkit for WordPress - AllWin Theme \u2013 Free WordPress Themes Download<\/title>\n<meta name=\"description\" content=\"Enhance your WordPress site with Yootheme Widgetkit. Create responsive galleries, sliders, and more using shortcodes and dynamic content.\" \/>\n<meta name=\"robots\" content=\"index, follow, max-snippet:-1, max-image-preview:large, max-video-preview:-1\" \/>\n<link rel=\"canonical\" href=\"https:\/\/allwintheme.com\/es\/producto\/widgetkit-yootheme-para-wordpress\/\" \/>\n<meta property=\"og:locale\" content=\"es_ES\" \/>\n<meta property=\"og:type\" content=\"article\" \/>\n<meta property=\"og:title\" content=\"Yootheme Widgetkit for WordPress\" \/>\n<meta property=\"og:description\" content=\"Enhance your WordPress site with Yootheme Widgetkit. Create responsive galleries, sliders, and more using shortcodes and dynamic content.\" \/>\n<meta property=\"og:url\" content=\"https:\/\/allwintheme.com\/es\/producto\/widgetkit-yootheme-para-wordpress\/\" \/>\n<meta property=\"og:site_name\" content=\"AllWin Theme \u2013 Free WordPress Themes Download\" \/>\n<meta property=\"article:modified_time\" content=\"2025-10-06T09:08:57+00:00\" \/>\n<meta property=\"og:image\" content=\"https:\/\/allwintheme.com\/wp-content\/uploads\/2025\/10\/kqgtmyex.png\" \/>\n\t<meta property=\"og:image:width\" content=\"590\" \/>\n\t<meta property=\"og:image:height\" content=\"300\" \/>\n\t<meta property=\"og:image:type\" content=\"image\/png\" \/>\n<meta name=\"twitter:card\" content=\"summary_large_image\" \/>\n<meta name=\"twitter:label1\" content=\"Tiempo estimado de lectura\" \/>\n\t<meta name=\"twitter:data1\" content=\"2 minutos\" \/>\n<script type=\"application\/ld+json\" class=\"yoast-schema-graph\">{\"@context\":\"https:\/\/schema.org\",\"@graph\":[{\"@type\":\"WebPage\",\"@id\":\"https:\/\/allwintheme.com\/product\/yootheme-widgetkit-for-wordpress\/\",\"url\":\"https:\/\/allwintheme.com\/product\/yootheme-widgetkit-for-wordpress\/\",\"name\":\"Yootheme Widgetkit for WordPress - AllWin Theme \u2013 Free WordPress Themes Download\",\"isPartOf\":{\"@id\":\"https:\/\/allwintheme.com\/#website\"},\"primaryImageOfPage\":{\"@id\":\"https:\/\/allwintheme.com\/product\/yootheme-widgetkit-for-wordpress\/#primaryimage\"},\"image\":{\"@id\":\"https:\/\/allwintheme.com\/product\/yootheme-widgetkit-for-wordpress\/#primaryimage\"},\"thumbnailUrl\":\"https:\/\/allwintheme.com\/wp-content\/uploads\/2025\/10\/kqgtmyex.png\",\"datePublished\":\"2025-10-06T08:40:26+00:00\",\"dateModified\":\"2025-10-06T09:08:57+00:00\",\"description\":\"Enhance your WordPress site with Yootheme Widgetkit. Create responsive galleries, sliders, and more using shortcodes and dynamic content.\",\"breadcrumb\":{\"@id\":\"https:\/\/allwintheme.com\/product\/yootheme-widgetkit-for-wordpress\/#breadcrumb\"},\"inLanguage\":\"es-CL\",\"potentialAction\":[{\"@type\":\"ReadAction\",\"target\":[\"https:\/\/allwintheme.com\/product\/yootheme-widgetkit-for-wordpress\/\"]}]},{\"@type\":\"ImageObject\",\"inLanguage\":\"es-CL\",\"@id\":\"https:\/\/allwintheme.com\/product\/yootheme-widgetkit-for-wordpress\/#primaryimage\",\"url\":\"https:\/\/allwintheme.com\/wp-content\/uploads\/2025\/10\/kqgtmyex.png\",\"contentUrl\":\"https:\/\/allwintheme.com\/wp-content\/uploads\/2025\/10\/kqgtmyex.png\",\"width\":590,\"height\":300,\"caption\":\"Yootheme Widgetkit for WordPress\"},{\"@type\":\"BreadcrumbList\",\"@id\":\"https:\/\/allwintheme.com\/product\/yootheme-widgetkit-for-wordpress\/#breadcrumb\",\"itemListElement\":[{\"@type\":\"ListItem\",\"position\":1,\"name\":\"Home\",\"item\":\"https:\/\/allwintheme.com\/\"},{\"@type\":\"ListItem\",\"position\":2,\"name\":\"Shop\",\"item\":\"https:\/\/allwintheme.com\/shop\/\"},{\"@type\":\"ListItem\",\"position\":3,\"name\":\"Yootheme Widgetkit for WordPress\"}]},{\"@type\":\"WebSite\",\"@id\":\"https:\/\/allwintheme.com\/#website\",\"url\":\"https:\/\/allwintheme.com\/\",\"name\":\"Allwintheme\",\"description\":\"Download free WordPress themes for every niche. Blogs, business, eCommerce, portfolio, restaurant and more. All themes are GPL licensed and mobile-ready.\",\"potentialAction\":[{\"@type\":\"SearchAction\",\"target\":{\"@type\":\"EntryPoint\",\"urlTemplate\":\"https:\/\/allwintheme.com\/?s={search_term_string}\"},\"query-input\":{\"@type\":\"PropertyValueSpecification\",\"valueRequired\":true,\"valueName\":\"search_term_string\"}}],\"inLanguage\":\"es-CL\"}]}<\/script>\n<!-- \/ Yoast SEO Premium plugin. -->","yoast_head_json":{"title":"Yootheme Widgetkit for WordPress - AllWin Theme - Free WordPress Themes Download","description":"Mejora tu sitio WordPress con Yootheme Widgetkit. Crea galer\u00edas, sliders y mucho m\u00e1s usando shortcodes y contenido din\u00e1mico.","robots":{"index":"index","follow":"follow","max-snippet":"max-snippet:-1","max-image-preview":"max-image-preview:large","max-video-preview":"max-video-preview:-1"},"canonical":"https:\/\/allwintheme.com\/es\/producto\/widgetkit-yootheme-para-wordpress\/","og_locale":"es_ES","og_type":"article","og_title":"Yootheme Widgetkit for WordPress","og_description":"Enhance your WordPress site with Yootheme Widgetkit. Create responsive galleries, sliders, and more using shortcodes and dynamic content.","og_url":"https:\/\/allwintheme.com\/es\/producto\/widgetkit-yootheme-para-wordpress\/","og_site_name":"AllWin Theme \u2013 Free WordPress Themes Download","article_modified_time":"2025-10-06T09:08:57+00:00","og_image":[{"width":590,"height":300,"url":"https:\/\/allwintheme.com\/wp-content\/uploads\/2025\/10\/kqgtmyex.png","type":"image\/png"}],"twitter_card":"summary_large_image","twitter_misc":{"Tiempo estimado de lectura":"2 minutos"},"schema":{"@context":"https:\/\/schema.org","@graph":[{"@type":"WebPage","@id":"https:\/\/allwintheme.com\/product\/yootheme-widgetkit-for-wordpress\/","url":"https:\/\/allwintheme.com\/product\/yootheme-widgetkit-for-wordpress\/","name":"Yootheme Widgetkit for WordPress - AllWin Theme - Free WordPress Themes Download","isPartOf":{"@id":"https:\/\/allwintheme.com\/#website"},"primaryImageOfPage":{"@id":"https:\/\/allwintheme.com\/product\/yootheme-widgetkit-for-wordpress\/#primaryimage"},"image":{"@id":"https:\/\/allwintheme.com\/product\/yootheme-widgetkit-for-wordpress\/#primaryimage"},"thumbnailUrl":"https:\/\/allwintheme.com\/wp-content\/uploads\/2025\/10\/kqgtmyex.png","datePublished":"2025-10-06T08:40:26+00:00","dateModified":"2025-10-06T09:08:57+00:00","description":"Mejora tu sitio WordPress con Yootheme Widgetkit. Crea galer\u00edas, sliders y mucho m\u00e1s usando shortcodes y contenido din\u00e1mico.","breadcrumb":{"@id":"https:\/\/allwintheme.com\/product\/yootheme-widgetkit-for-wordpress\/#breadcrumb"},"inLanguage":"es-CL","potentialAction":[{"@type":"ReadAction","target":["https:\/\/allwintheme.com\/product\/yootheme-widgetkit-for-wordpress\/"]}]},{"@type":"ImageObject","inLanguage":"es-CL","@id":"https:\/\/allwintheme.com\/product\/yootheme-widgetkit-for-wordpress\/#primaryimage","url":"https:\/\/allwintheme.com\/wp-content\/uploads\/2025\/10\/kqgtmyex.png","contentUrl":"https:\/\/allwintheme.com\/wp-content\/uploads\/2025\/10\/kqgtmyex.png","width":590,"height":300,"caption":"Yootheme Widgetkit for WordPress"},{"@type":"BreadcrumbList","@id":"https:\/\/allwintheme.com\/product\/yootheme-widgetkit-for-wordpress\/#breadcrumb","itemListElement":[{"@type":"ListItem","position":1,"name":"Home","item":"https:\/\/allwintheme.com\/"},{"@type":"ListItem","position":2,"name":"Shop","item":"https:\/\/allwintheme.com\/shop\/"},{"@type":"ListItem","position":3,"name":"Yootheme Widgetkit for WordPress"}]},{"@type":"WebSite","@id":"https:\/\/allwintheme.com\/#website","url":"https:\/\/allwintheme.com\/","name":"Allwintheme","description":"Descarga gratis temas de WordPress para todos los nichos. Blogs, negocios, comercio electr\u00f3nico, portafolio, restaurante y m\u00e1s. Todos los temas tienen licencia GPL y est\u00e1n preparados para dispositivos m\u00f3viles.","potentialAction":[{"@type":"SearchAction","target":{"@type":"EntryPoint","urlTemplate":"https:\/\/allwintheme.com\/?s={search_term_string}"},"query-input":{"@type":"PropertyValueSpecification","valueRequired":true,"valueName":"search_term_string"}}],"inLanguage":"es-CL"}]}},"_links":{"self":[{"href":"https:\/\/allwintheme.com\/es\/wp-json\/wp\/v2\/product\/9471","targetHints":{"allow":["GET"]}}],"collection":[{"href":"https:\/\/allwintheme.com\/es\/wp-json\/wp\/v2\/product"}],"about":[{"href":"https:\/\/allwintheme.com\/es\/wp-json\/wp\/v2\/types\/product"}],"replies":[{"embeddable":true,"href":"https:\/\/allwintheme.com\/es\/wp-json\/wp\/v2\/comments?post=9471"}],"version-history":[{"count":8,"href":"https:\/\/allwintheme.com\/es\/wp-json\/wp\/v2\/product\/9471\/revisions"}],"predecessor-version":[{"id":9481,"href":"https:\/\/allwintheme.com\/es\/wp-json\/wp\/v2\/product\/9471\/revisions\/9481"}],"wp:featuredmedia":[{"embeddable":true,"href":"https:\/\/allwintheme.com\/es\/wp-json\/wp\/v2\/media\/9476"}],"wp:attachment":[{"href":"https:\/\/allwintheme.com\/es\/wp-json\/wp\/v2\/media?parent=9471"}],"wp:term":[{"taxonomy":"product_brand","embeddable":true,"href":"https:\/\/allwintheme.com\/es\/wp-json\/wp\/v2\/product_brand?post=9471"},{"taxonomy":"product_cat","embeddable":true,"href":"https:\/\/allwintheme.com\/es\/wp-json\/wp\/v2\/product_cat?post=9471"},{"taxonomy":"product_tag","embeddable":true,"href":"https:\/\/allwintheme.com\/es\/wp-json\/wp\/v2\/product_tag?post=9471"}],"curies":[{"name":"wp","href":"https:\/\/api.w.org\/{rel}","templated":true}]}}