{"id":9482,"date":"2025-10-06T09:09:47","date_gmt":"2025-10-06T09:09:47","guid":{"rendered":"https:\/\/allwintheme.com\/?post_type=product&#038;p=9482"},"modified":"2025-10-06T09:14:30","modified_gmt":"2025-10-06T09:14:30","slug":"plugin-de-integracion-de-whmcs-sync-para-wordpress","status":"publish","type":"product","link":"https:\/\/allwintheme.com\/es\/producto\/plugin-de-integracion-de-whmcs-sync-para-wordpress\/","title":{"rendered":"WHMCS Sync Integraci\u00f3n Plugin para WordPress"},"content":{"rendered":"<div data-elementor-type=\"wp-post\" data-elementor-id=\"9482\" class=\"elementor elementor-9482\" data-elementor-settings=\"{&quot;element_pack_global_tooltip_width&quot;:{&quot;unit&quot;:&quot;px&quot;,&quot;size&quot;:&quot;&quot;,&quot;sizes&quot;:[]},&quot;element_pack_global_tooltip_width_tablet&quot;:{&quot;unit&quot;:&quot;px&quot;,&quot;size&quot;:&quot;&quot;,&quot;sizes&quot;:[]},&quot;element_pack_global_tooltip_width_mobile&quot;:{&quot;unit&quot;:&quot;px&quot;,&quot;size&quot;:&quot;&quot;,&quot;sizes&quot;:[]},&quot;element_pack_global_tooltip_padding&quot;:{&quot;unit&quot;:&quot;px&quot;,&quot;top&quot;:&quot;&quot;,&quot;right&quot;:&quot;&quot;,&quot;bottom&quot;:&quot;&quot;,&quot;left&quot;:&quot;&quot;,&quot;isLinked&quot;:true},&quot;element_pack_global_tooltip_padding_tablet&quot;:{&quot;unit&quot;:&quot;px&quot;,&quot;top&quot;:&quot;&quot;,&quot;right&quot;:&quot;&quot;,&quot;bottom&quot;:&quot;&quot;,&quot;left&quot;:&quot;&quot;,&quot;isLinked&quot;:true},&quot;element_pack_global_tooltip_padding_mobile&quot;:{&quot;unit&quot;:&quot;px&quot;,&quot;top&quot;:&quot;&quot;,&quot;right&quot;:&quot;&quot;,&quot;bottom&quot;:&quot;&quot;,&quot;left&quot;:&quot;&quot;,&quot;isLinked&quot;:true},&quot;element_pack_global_tooltip_border_radius&quot;:{&quot;unit&quot;:&quot;px&quot;,&quot;top&quot;:&quot;&quot;,&quot;right&quot;:&quot;&quot;,&quot;bottom&quot;:&quot;&quot;,&quot;left&quot;:&quot;&quot;,&quot;isLinked&quot;:true},&quot;element_pack_global_tooltip_border_radius_tablet&quot;:{&quot;unit&quot;:&quot;px&quot;,&quot;top&quot;:&quot;&quot;,&quot;right&quot;:&quot;&quot;,&quot;bottom&quot;:&quot;&quot;,&quot;left&quot;:&quot;&quot;,&quot;isLinked&quot;:true},&quot;element_pack_global_tooltip_border_radius_mobile&quot;:{&quot;unit&quot;:&quot;px&quot;,&quot;top&quot;:&quot;&quot;,&quot;right&quot;:&quot;&quot;,&quot;bottom&quot;:&quot;&quot;,&quot;left&quot;:&quot;&quot;,&quot;isLinked&quot;:true}}\" data-elementor-post-type=\"product\">\n\t\t\t\t<div class=\"elementor-element elementor-element-93aa4a8 e-con-full e-flex e-con e-parent\" data-id=\"93aa4a8\" data-element_type=\"container\" data-e-type=\"container\">\n\t\t\t\t<div class=\"elementor-element elementor-element-2c3f760 miaoshu elementor-widget elementor-widget-wd_text_block\" data-id=\"2c3f760\" data-element_type=\"widget\" data-e-type=\"widget\" data-widget_type=\"wd_text_block.default\">\n\t\t\t\t<div class=\"elementor-widget-container\">\n\t\t\t\t\t\t\t<div class=\"wd-text-block reset-last-child text-left\">\n\t\t\t\n\t\t\t<h2>Plugin de Integraci\u00f3n WHMCS Sync: Sincroniza WordPress y WHMCS sin esfuerzo<\/h2>\n<p>En <strong>Plugin de Integraci\u00f3n WHMCS Sync<\/strong> le permite conectar su instalaci\u00f3n WHMCS directamente a WordPress, transformando su sitio de revendedor de hosting en una plataforma unificada. Por ejemplo, usted instala el plugin y enlaza su URL WHMCS, para que autom\u00e1ticamente extraiga y sincronice datos como productos, clientes y servicios. En consecuencia, se evitan las actualizaciones manuales y se crea una experiencia sin fisuras para la venta de servicios.<grok-card data-id=\"95674f\" data-type=\"citation_card\"><\/grok-card><grok-card data-id=\"7d0ebf\" data-type=\"citation_card\"><\/grok-card><\/p>\n\n<h3>Desbloquea las potentes funciones de sincronizaci\u00f3n<\/h3>\n<p>Con este plugin, puedes gestionar las integraciones de forma activa a trav\u00e9s de un sencillo panel de control, incluidas las conexiones API y los c\u00f3digos cortos para pantallas personalizadas. Adem\u00e1s, es compatible con el inicio de sesi\u00f3n \u00fanico, lo que permite a los usuarios iniciar sesi\u00f3n una vez para ambas plataformas, lo que aumenta la seguridad y la comodidad. Como resultado, tu sitio carga m\u00e1s r\u00e1pido gracias a la cach\u00e9 integrada y al c\u00f3digo optimizado.<grok-card data-id=\"b91acc\" data-type=\"citation_card\"><\/grok-card><grok-card data-id=\"1e0642\" data-type=\"citation_card\"><\/grok-card><\/p>\n\n<h3>Principales caracter\u00edsticas y ventajas<\/h3>\n<ul>\n    <li><strong>Sincronizaci\u00f3n autom\u00e1tica de datos:<\/strong> El plugin extrae los datos de WHMCS a WordPress autom\u00e1ticamente, asegurando actualizaciones en tiempo real sin entradas duplicadas.<grok-card data-id=\"8d500b\" data-type=\"citation_card\"><\/grok-card><\/li>\n    <li><strong>Inicio de sesi\u00f3n \u00fanico:<\/strong> Los usuarios acceden tanto a WHMCS como a WordPress con un \u00fanico conjunto de credenciales, lo que simplifica la navegaci\u00f3n y mejora la seguridad.<grok-card data-id=\"c758b3\" data-type=\"citation_card\"><\/grok-card><\/li>\n    <li><strong>Opciones de personalizaci\u00f3n:<\/strong> Elija estilos predefinidos o a\u00f1ada fuentes y CSS personalizados para adaptar la apariencia de su sitio sin esfuerzo.<grok-card data-id=\"6b613e\" data-type=\"citation_card\"><\/grok-card><\/li>\n    <li><strong>Aumento del rendimiento:<\/strong> Habilite el almacenamiento en cach\u00e9 para tiempos de carga m\u00e1s r\u00e1pidos, URLs SEO-amigables y compatibilidad con las configuraciones por defecto de WHMCS.<grok-card data-id=\"6d468f\" data-type=\"citation_card\"><\/grok-card><\/li>\n    <li><strong>F\u00e1cil integraci\u00f3n de Shortcode:<\/strong> Incrusta elementos WHMCS en cualquier parte de tu sitio usando shortcodes, perfecto para page builders.<grok-card data-id=\"8fe478\" data-type=\"citation_card\"><\/grok-card><\/li>\n<\/ul>\n\n<h3>Optimice su negocio de alojamiento<\/h3>\n<p>Este plugin simplifica las operaciones del revendedor centr\u00e1ndose en la compatibilidad por defecto con WHMCS, por lo que evita el desarrollo personalizado de complementos. Por ejemplo, los hosts web lo utilizan para mostrar los servicios de forma profesional manteniendo la flexibilidad de WordPress. Por lo tanto, usted mejora el compromiso del usuario y la eficiencia del sitio sin configuraciones complejas.<grok-card data-id=\"a69cdf\" data-type=\"citation_card\"><\/grok-card><grok-card data-id=\"b6e451\" data-type=\"citation_card\"><\/grok-card><\/p>\n\n<h3>Empiece a integrarse hoy mismo<\/h3>\n<p>Eleve su sitio WordPress con el <strong>Plugin de Integraci\u00f3n WHMCS Sync<\/strong>. Al automatizar las sincronizaciones y las personalizaciones, ofrece una experiencia de alojamiento profesional. Inst\u00e1lelo ahora y unifique sus plataformas para obtener mejores resultados.<grok-card data-id=\"592d87\" data-type=\"citation_card\"><\/grok-card><\/p>\n\t\t\t\t\t<\/div>\n\t\t\t\t\t\t<\/div>\n\t\t\t\t<\/div>\n\t\t\t\t<\/div>\n\t\t\t\t<\/div>","protected":false},"excerpt":{"rendered":"<p>WHMCS Sync Integration Plugin: Bridge WordPress and WHMCS Effortlessly The WHMCS Sync Integration Plugin empowers you to connect your WHMCS<\/p>","protected":false},"featured_media":9478,"comment_status":"open","ping_status":"closed","template":"","meta":{"_acf_changed":false},"product_brand":[],"product_cat":[49],"product_tag":[],"class_list":{"0":"post-9482","1":"product","2":"type-product","3":"status-publish","4":"has-post-thumbnail","6":"product_cat-plugins","8":"first","9":"instock","10":"sale","11":"downloadable","12":"shipping-taxable","13":"purchasable","14":"product-type-simple"},"acf":[],"yoast_head":"<!-- This site is optimized with the Yoast SEO Premium plugin v25.6 (Yoast SEO v27.1.1) - https:\/\/yoast.com\/product\/yoast-seo-premium-wordpress\/ -->\n<title>WHMCS Sync Integration Plugin for WordPress - AllWin Theme \u2013 Free WordPress Themes Download<\/title>\n<meta name=\"description\" content=\"Seamlessly integrate WHMCS with WordPress using the Sync plugin. Automate data syncing, enable single sign-on, and customize appearances for efficient hosting management.\" \/>\n<meta name=\"robots\" content=\"index, follow, max-snippet:-1, max-image-preview:large, max-video-preview:-1\" \/>\n<link rel=\"canonical\" href=\"https:\/\/allwintheme.com\/es\/producto\/plugin-de-integracion-de-whmcs-sync-para-wordpress\/\" \/>\n<meta property=\"og:locale\" content=\"es_ES\" \/>\n<meta property=\"og:type\" content=\"article\" \/>\n<meta property=\"og:title\" content=\"WHMCS Sync Integration Plugin for WordPress\" \/>\n<meta property=\"og:description\" content=\"Seamlessly integrate WHMCS with WordPress using the Sync plugin. Automate data syncing, enable single sign-on, and customize appearances for efficient hosting management.\" \/>\n<meta property=\"og:url\" content=\"https:\/\/allwintheme.com\/es\/producto\/plugin-de-integracion-de-whmcs-sync-para-wordpress\/\" \/>\n<meta property=\"og:site_name\" content=\"AllWin Theme \u2013 Free WordPress Themes Download\" \/>\n<meta property=\"article:modified_time\" content=\"2025-10-06T09:14:30+00:00\" \/>\n<meta property=\"og:image\" content=\"https:\/\/allwintheme.com\/wp-content\/uploads\/2025\/10\/zxu0e9ff.png\" \/>\n\t<meta property=\"og:image:width\" content=\"590\" \/>\n\t<meta property=\"og:image:height\" content=\"300\" \/>\n\t<meta property=\"og:image:type\" content=\"image\/png\" \/>\n<meta name=\"twitter:card\" content=\"summary_large_image\" \/>\n<meta name=\"twitter:label1\" content=\"Tiempo estimado de lectura\" \/>\n\t<meta name=\"twitter:data1\" content=\"2 minutos\" \/>\n<script type=\"application\/ld+json\" class=\"yoast-schema-graph\">{\"@context\":\"https:\/\/schema.org\",\"@graph\":[{\"@type\":\"WebPage\",\"@id\":\"https:\/\/allwintheme.com\/product\/whmcs-sync-integration-plugin-for-wordpress\/\",\"url\":\"https:\/\/allwintheme.com\/product\/whmcs-sync-integration-plugin-for-wordpress\/\",\"name\":\"WHMCS Sync Integration Plugin for WordPress - AllWin Theme \u2013 Free WordPress Themes Download\",\"isPartOf\":{\"@id\":\"https:\/\/allwintheme.com\/#website\"},\"primaryImageOfPage\":{\"@id\":\"https:\/\/allwintheme.com\/product\/whmcs-sync-integration-plugin-for-wordpress\/#primaryimage\"},\"image\":{\"@id\":\"https:\/\/allwintheme.com\/product\/whmcs-sync-integration-plugin-for-wordpress\/#primaryimage\"},\"thumbnailUrl\":\"https:\/\/allwintheme.com\/wp-content\/uploads\/2025\/10\/zxu0e9ff.png\",\"datePublished\":\"2025-10-06T09:09:47+00:00\",\"dateModified\":\"2025-10-06T09:14:30+00:00\",\"description\":\"Seamlessly integrate WHMCS with WordPress using the Sync plugin. Automate data syncing, enable single sign-on, and customize appearances for efficient hosting management.\",\"breadcrumb\":{\"@id\":\"https:\/\/allwintheme.com\/product\/whmcs-sync-integration-plugin-for-wordpress\/#breadcrumb\"},\"inLanguage\":\"es-CL\",\"potentialAction\":[{\"@type\":\"ReadAction\",\"target\":[\"https:\/\/allwintheme.com\/product\/whmcs-sync-integration-plugin-for-wordpress\/\"]}]},{\"@type\":\"ImageObject\",\"inLanguage\":\"es-CL\",\"@id\":\"https:\/\/allwintheme.com\/product\/whmcs-sync-integration-plugin-for-wordpress\/#primaryimage\",\"url\":\"https:\/\/allwintheme.com\/wp-content\/uploads\/2025\/10\/zxu0e9ff.png\",\"contentUrl\":\"https:\/\/allwintheme.com\/wp-content\/uploads\/2025\/10\/zxu0e9ff.png\",\"width\":590,\"height\":300,\"caption\":\"WHMCS Sync Integration Plugin for WordPress\"},{\"@type\":\"BreadcrumbList\",\"@id\":\"https:\/\/allwintheme.com\/product\/whmcs-sync-integration-plugin-for-wordpress\/#breadcrumb\",\"itemListElement\":[{\"@type\":\"ListItem\",\"position\":1,\"name\":\"Home\",\"item\":\"https:\/\/allwintheme.com\/\"},{\"@type\":\"ListItem\",\"position\":2,\"name\":\"Shop\",\"item\":\"https:\/\/allwintheme.com\/shop\/\"},{\"@type\":\"ListItem\",\"position\":3,\"name\":\"WHMCS Sync Integration Plugin for WordPress\"}]},{\"@type\":\"WebSite\",\"@id\":\"https:\/\/allwintheme.com\/#website\",\"url\":\"https:\/\/allwintheme.com\/\",\"name\":\"Allwintheme\",\"description\":\"Download free WordPress themes for every niche. Blogs, business, eCommerce, portfolio, restaurant and more. All themes are GPL licensed and mobile-ready.\",\"potentialAction\":[{\"@type\":\"SearchAction\",\"target\":{\"@type\":\"EntryPoint\",\"urlTemplate\":\"https:\/\/allwintheme.com\/?s={search_term_string}\"},\"query-input\":{\"@type\":\"PropertyValueSpecification\",\"valueRequired\":true,\"valueName\":\"search_term_string\"}}],\"inLanguage\":\"es-CL\"}]}<\/script>\n<!-- \/ Yoast SEO Premium plugin. -->","yoast_head_json":{"title":"WHMCS Sync Integration Plugin for WordPress - AllWin Theme \u2013 Free WordPress Themes Download","description":"Integre WHMCS con WordPress usando el plugin Sync. Automatice la sincronizaci\u00f3n de datos, habilite el inicio de sesi\u00f3n \u00fanico y personalice las apariencias para una gesti\u00f3n eficiente del alojamiento.","robots":{"index":"index","follow":"follow","max-snippet":"max-snippet:-1","max-image-preview":"max-image-preview:large","max-video-preview":"max-video-preview:-1"},"canonical":"https:\/\/allwintheme.com\/es\/producto\/plugin-de-integracion-de-whmcs-sync-para-wordpress\/","og_locale":"es_ES","og_type":"article","og_title":"WHMCS Sync Integration Plugin for WordPress","og_description":"Seamlessly integrate WHMCS with WordPress using the Sync plugin. Automate data syncing, enable single sign-on, and customize appearances for efficient hosting management.","og_url":"https:\/\/allwintheme.com\/es\/producto\/plugin-de-integracion-de-whmcs-sync-para-wordpress\/","og_site_name":"AllWin Theme \u2013 Free WordPress Themes Download","article_modified_time":"2025-10-06T09:14:30+00:00","og_image":[{"width":590,"height":300,"url":"https:\/\/allwintheme.com\/wp-content\/uploads\/2025\/10\/zxu0e9ff.png","type":"image\/png"}],"twitter_card":"summary_large_image","twitter_misc":{"Tiempo estimado de lectura":"2 minutos"},"schema":{"@context":"https:\/\/schema.org","@graph":[{"@type":"WebPage","@id":"https:\/\/allwintheme.com\/product\/whmcs-sync-integration-plugin-for-wordpress\/","url":"https:\/\/allwintheme.com\/product\/whmcs-sync-integration-plugin-for-wordpress\/","name":"WHMCS Sync Integration Plugin for WordPress - AllWin Theme \u2013 Free WordPress Themes Download","isPartOf":{"@id":"https:\/\/allwintheme.com\/#website"},"primaryImageOfPage":{"@id":"https:\/\/allwintheme.com\/product\/whmcs-sync-integration-plugin-for-wordpress\/#primaryimage"},"image":{"@id":"https:\/\/allwintheme.com\/product\/whmcs-sync-integration-plugin-for-wordpress\/#primaryimage"},"thumbnailUrl":"https:\/\/allwintheme.com\/wp-content\/uploads\/2025\/10\/zxu0e9ff.png","datePublished":"2025-10-06T09:09:47+00:00","dateModified":"2025-10-06T09:14:30+00:00","description":"Integre WHMCS con WordPress usando el plugin Sync. Automatice la sincronizaci\u00f3n de datos, habilite el inicio de sesi\u00f3n \u00fanico y personalice las apariencias para una gesti\u00f3n eficiente del alojamiento.","breadcrumb":{"@id":"https:\/\/allwintheme.com\/product\/whmcs-sync-integration-plugin-for-wordpress\/#breadcrumb"},"inLanguage":"es-CL","potentialAction":[{"@type":"ReadAction","target":["https:\/\/allwintheme.com\/product\/whmcs-sync-integration-plugin-for-wordpress\/"]}]},{"@type":"ImageObject","inLanguage":"es-CL","@id":"https:\/\/allwintheme.com\/product\/whmcs-sync-integration-plugin-for-wordpress\/#primaryimage","url":"https:\/\/allwintheme.com\/wp-content\/uploads\/2025\/10\/zxu0e9ff.png","contentUrl":"https:\/\/allwintheme.com\/wp-content\/uploads\/2025\/10\/zxu0e9ff.png","width":590,"height":300,"caption":"WHMCS Sync Integration Plugin for WordPress"},{"@type":"BreadcrumbList","@id":"https:\/\/allwintheme.com\/product\/whmcs-sync-integration-plugin-for-wordpress\/#breadcrumb","itemListElement":[{"@type":"ListItem","position":1,"name":"Home","item":"https:\/\/allwintheme.com\/"},{"@type":"ListItem","position":2,"name":"Shop","item":"https:\/\/allwintheme.com\/shop\/"},{"@type":"ListItem","position":3,"name":"WHMCS Sync Integration Plugin for WordPress"}]},{"@type":"WebSite","@id":"https:\/\/allwintheme.com\/#website","url":"https:\/\/allwintheme.com\/","name":"Allwintheme","description":"Descarga gratis temas de WordPress para todos los nichos. Blogs, negocios, comercio electr\u00f3nico, portafolio, restaurante y m\u00e1s. Todos los temas tienen licencia GPL y est\u00e1n preparados para dispositivos m\u00f3viles.","potentialAction":[{"@type":"SearchAction","target":{"@type":"EntryPoint","urlTemplate":"https:\/\/allwintheme.com\/?s={search_term_string}"},"query-input":{"@type":"PropertyValueSpecification","valueRequired":true,"valueName":"search_term_string"}}],"inLanguage":"es-CL"}]}},"_links":{"self":[{"href":"https:\/\/allwintheme.com\/es\/wp-json\/wp\/v2\/product\/9482","targetHints":{"allow":["GET"]}}],"collection":[{"href":"https:\/\/allwintheme.com\/es\/wp-json\/wp\/v2\/product"}],"about":[{"href":"https:\/\/allwintheme.com\/es\/wp-json\/wp\/v2\/types\/product"}],"replies":[{"embeddable":true,"href":"https:\/\/allwintheme.com\/es\/wp-json\/wp\/v2\/comments?post=9482"}],"version-history":[{"count":5,"href":"https:\/\/allwintheme.com\/es\/wp-json\/wp\/v2\/product\/9482\/revisions"}],"predecessor-version":[{"id":9487,"href":"https:\/\/allwintheme.com\/es\/wp-json\/wp\/v2\/product\/9482\/revisions\/9487"}],"wp:featuredmedia":[{"embeddable":true,"href":"https:\/\/allwintheme.com\/es\/wp-json\/wp\/v2\/media\/9478"}],"wp:attachment":[{"href":"https:\/\/allwintheme.com\/es\/wp-json\/wp\/v2\/media?parent=9482"}],"wp:term":[{"taxonomy":"product_brand","embeddable":true,"href":"https:\/\/allwintheme.com\/es\/wp-json\/wp\/v2\/product_brand?post=9482"},{"taxonomy":"product_cat","embeddable":true,"href":"https:\/\/allwintheme.com\/es\/wp-json\/wp\/v2\/product_cat?post=9482"},{"taxonomy":"product_tag","embeddable":true,"href":"https:\/\/allwintheme.com\/es\/wp-json\/wp\/v2\/product_tag?post=9482"}],"curies":[{"name":"wp","href":"https:\/\/api.w.org\/{rel}","templated":true}]}}