{"id":9495,"date":"2025-10-06T10:17:23","date_gmt":"2025-10-06T10:17:23","guid":{"rendered":"https:\/\/allwintheme.com\/?post_type=product&#038;p=9495"},"modified":"2025-10-06T10:22:13","modified_gmt":"2025-10-06T10:22:13","slug":"addon-peepso-pages","status":"publish","type":"product","link":"https:\/\/allwintheme.com\/es\/producto\/addon-peepso-pages\/","title":{"rendered":"Complemento PeepSo Pages"},"content":{"rendered":"<div data-elementor-type=\"wp-post\" data-elementor-id=\"9495\" class=\"elementor elementor-9495\" data-elementor-settings=\"{&quot;element_pack_global_tooltip_width&quot;:{&quot;unit&quot;:&quot;px&quot;,&quot;size&quot;:&quot;&quot;,&quot;sizes&quot;:[]},&quot;element_pack_global_tooltip_width_tablet&quot;:{&quot;unit&quot;:&quot;px&quot;,&quot;size&quot;:&quot;&quot;,&quot;sizes&quot;:[]},&quot;element_pack_global_tooltip_width_mobile&quot;:{&quot;unit&quot;:&quot;px&quot;,&quot;size&quot;:&quot;&quot;,&quot;sizes&quot;:[]},&quot;element_pack_global_tooltip_padding&quot;:{&quot;unit&quot;:&quot;px&quot;,&quot;top&quot;:&quot;&quot;,&quot;right&quot;:&quot;&quot;,&quot;bottom&quot;:&quot;&quot;,&quot;left&quot;:&quot;&quot;,&quot;isLinked&quot;:true},&quot;element_pack_global_tooltip_padding_tablet&quot;:{&quot;unit&quot;:&quot;px&quot;,&quot;top&quot;:&quot;&quot;,&quot;right&quot;:&quot;&quot;,&quot;bottom&quot;:&quot;&quot;,&quot;left&quot;:&quot;&quot;,&quot;isLinked&quot;:true},&quot;element_pack_global_tooltip_padding_mobile&quot;:{&quot;unit&quot;:&quot;px&quot;,&quot;top&quot;:&quot;&quot;,&quot;right&quot;:&quot;&quot;,&quot;bottom&quot;:&quot;&quot;,&quot;left&quot;:&quot;&quot;,&quot;isLinked&quot;:true},&quot;element_pack_global_tooltip_border_radius&quot;:{&quot;unit&quot;:&quot;px&quot;,&quot;top&quot;:&quot;&quot;,&quot;right&quot;:&quot;&quot;,&quot;bottom&quot;:&quot;&quot;,&quot;left&quot;:&quot;&quot;,&quot;isLinked&quot;:true},&quot;element_pack_global_tooltip_border_radius_tablet&quot;:{&quot;unit&quot;:&quot;px&quot;,&quot;top&quot;:&quot;&quot;,&quot;right&quot;:&quot;&quot;,&quot;bottom&quot;:&quot;&quot;,&quot;left&quot;:&quot;&quot;,&quot;isLinked&quot;:true},&quot;element_pack_global_tooltip_border_radius_mobile&quot;:{&quot;unit&quot;:&quot;px&quot;,&quot;top&quot;:&quot;&quot;,&quot;right&quot;:&quot;&quot;,&quot;bottom&quot;:&quot;&quot;,&quot;left&quot;:&quot;&quot;,&quot;isLinked&quot;:true}}\" data-elementor-post-type=\"product\">\n\t\t\t\t<div class=\"elementor-element elementor-element-93aa4a8 e-con-full e-flex e-con e-parent\" data-id=\"93aa4a8\" data-element_type=\"container\" data-e-type=\"container\">\n\t\t\t\t<div class=\"elementor-element elementor-element-2c3f760 miaoshu elementor-widget elementor-widget-wd_text_block\" data-id=\"2c3f760\" data-element_type=\"widget\" data-e-type=\"widget\" data-widget_type=\"wd_text_block.default\">\n\t\t\t\t<div class=\"elementor-widget-container\">\n\t\t\t\t\t\t\t<div class=\"wd-text-block reset-last-child text-left\">\n\t\t\t\n\t\t\t<h2>Complemento PeepSo Pages: Crea espacios dedicados para tu comunidad<\/h2>\n<p>En <strong>Complemento PeepSo Pages<\/strong> ampl\u00eda tu red social PeepSo permitiendo a los usuarios crear y gestionar p\u00e1ginas sin esfuerzo. Por ejemplo, los miembros de la comunidad crean activamente p\u00e1ginas para representar a empresas, causas, celebridades o marcas, de modo que conecten con el p\u00fablico, compartan contenidos y fomenten la participaci\u00f3n. En consecuencia, este complemento transforma su sitio de WordPress en un centro din\u00e1mico para interacciones significativas.<grok-card data-id=\"2da0bb\" data-type=\"citation_card\"><\/grok-card><grok-card data-id=\"df4fa9\" data-type=\"citation_card\"><\/grok-card><\/p>\n\n<h3>Mejore la interacci\u00f3n del usuario con funciones flexibles<\/h3>\n<p>Los propietarios de sitios configuran las p\u00e1ginas a trav\u00e9s de los ajustes de administraci\u00f3n de PeepSo, donde se accede a opciones espec\u00edficas en Configuraci\u00f3n &gt; P\u00e1ginas. Adem\u00e1s, los usuarios publican directamente en estas p\u00e1ginas a trav\u00e9s del buz\u00f3n integrado, que permite compartir r\u00e1pidamente en perfiles, grupos o p\u00e1ginas propias. Como resultado, los seguidores reciben actualizaciones sin perderse contenido, a diferencia de los complejos algoritmos de otras plataformas.<grok-card data-id=\"047005\" data-type=\"citation_card\"><\/grok-card><\/p>\n\n<h3>Principales caracter\u00edsticas y ventajas<\/h3>\n<ul>\n    <li><strong>Gesti\u00f3n por funciones:<\/strong> Asigna propietarios, administradores y moderadores de p\u00e1gina para gestionar contenidos de forma segura sin compartir inicios de sesi\u00f3n.<\/li>\n    <li><strong>Controles de privacidad avanzados:<\/strong> Los creadores determinan qui\u00e9n ve o participa en el contenido de la p\u00e1gina, lo que garantiza un acceso personalizado.<grok-card data-id=\"46f56e\" data-type=\"citation_card\"><\/grok-card><\/li>\n    <li><strong>Integraci\u00f3n perfecta:<\/strong> Funciona con el n\u00facleo de PeepSo y otros addons, adem\u00e1s de l\u00edmites de usuario para controlar la creaci\u00f3n de p\u00e1ginas y likes.<grok-card data-id=\"9ab53a\" data-type=\"citation_card\"><\/grok-card><\/li>\n    <li><strong>Herramientas de compromiso:<\/strong> Comparta publicaciones, anuncios y medios de comunicaci\u00f3n para crear comunidades en torno a intereses espec\u00edficos.<\/li>\n<\/ul>\n\n<h3>Racionalizar el crecimiento comunitario<\/h3>\n<p>Este complemento simplifica la expansi\u00f3n de su red social, por ejemplo, proporcionando espacios dedicados para marketing o debates. Por lo tanto, mejora la experiencia del usuario al tiempo que se integra sin problemas con el ecosistema de PeepSo, impulsando en \u00faltima instancia una mayor participaci\u00f3n y retenci\u00f3n.<grok-card data-id=\"f25fb3\" data-type=\"citation_card\"><\/grok-card><\/p>\n\n<h3>Actualice hoy su sitio PeepSo<\/h3>\n<p>Capacite a su comunidad con <strong>Complemento PeepSo Pages<\/strong>. Al habilitar P\u00e1ginas personalizadas, ofrecer\u00e1 a los usuarios herramientas para conectarse y compartir de forma eficaz. Inst\u00e1lalo ahora para aumentar el compromiso y la funcionalidad.<\/p>\n\t\t\t\t\t<\/div>\n\t\t\t\t\t\t<\/div>\n\t\t\t\t<\/div>\n\t\t\t\t<\/div>\n\t\t\t\t<\/div>","protected":false},"excerpt":{"rendered":"<p>PeepSo Pages Addon: Build Dedicated Spaces for Your Community The PeepSo Pages Addon extends your PeepSo social network by letting<\/p>","protected":false},"featured_media":9496,"comment_status":"open","ping_status":"closed","template":"","meta":{"_acf_changed":false},"product_brand":[],"product_cat":[49],"product_tag":[],"class_list":{"0":"post-9495","1":"product","2":"type-product","3":"status-publish","4":"has-post-thumbnail","6":"product_cat-plugins","8":"first","9":"instock","10":"sale","11":"downloadable","12":"shipping-taxable","13":"purchasable","14":"product-type-simple"},"acf":[],"yoast_head":"<!-- This site is optimized with the Yoast SEO Premium plugin v25.6 (Yoast SEO v27.1.1) - https:\/\/yoast.com\/product\/yoast-seo-premium-wordpress\/ -->\n<title>PeepSo Pages Addon - AllWin Theme \u2013 Free WordPress Themes Download<\/title>\n<meta name=\"description\" content=\"Create and manage Pages in your PeepSo community with this addon. Represent brands, causes, or businesses while boosting engagement and interaction.\" \/>\n<meta name=\"robots\" content=\"index, follow, max-snippet:-1, max-image-preview:large, max-video-preview:-1\" \/>\n<link rel=\"canonical\" href=\"https:\/\/allwintheme.com\/es\/producto\/addon-peepso-pages\/\" \/>\n<meta property=\"og:locale\" content=\"es_ES\" \/>\n<meta property=\"og:type\" content=\"article\" \/>\n<meta property=\"og:title\" content=\"PeepSo Pages Addon\" \/>\n<meta property=\"og:description\" content=\"Create and manage Pages in your PeepSo community with this addon. Represent brands, causes, or businesses while boosting engagement and interaction.\" \/>\n<meta property=\"og:url\" content=\"https:\/\/allwintheme.com\/es\/producto\/addon-peepso-pages\/\" \/>\n<meta property=\"og:site_name\" content=\"AllWin Theme \u2013 Free WordPress Themes Download\" \/>\n<meta property=\"article:modified_time\" content=\"2025-10-06T10:22:13+00:00\" \/>\n<meta property=\"og:image\" content=\"https:\/\/allwintheme.com\/wp-content\/uploads\/2025\/10\/PeepSo-Pages-Addon.png\" \/>\n\t<meta property=\"og:image:width\" content=\"590\" \/>\n\t<meta property=\"og:image:height\" content=\"300\" \/>\n\t<meta property=\"og:image:type\" content=\"image\/png\" \/>\n<meta name=\"twitter:card\" content=\"summary_large_image\" \/>\n<meta name=\"twitter:label1\" content=\"Tiempo estimado de lectura\" \/>\n\t<meta name=\"twitter:data1\" content=\"2 minutos\" \/>\n<script type=\"application\/ld+json\" class=\"yoast-schema-graph\">{\"@context\":\"https:\/\/schema.org\",\"@graph\":[{\"@type\":\"WebPage\",\"@id\":\"https:\/\/allwintheme.com\/product\/peepso-pages-addon\/\",\"url\":\"https:\/\/allwintheme.com\/product\/peepso-pages-addon\/\",\"name\":\"PeepSo Pages Addon - AllWin Theme \u2013 Free WordPress Themes Download\",\"isPartOf\":{\"@id\":\"https:\/\/allwintheme.com\/#website\"},\"primaryImageOfPage\":{\"@id\":\"https:\/\/allwintheme.com\/product\/peepso-pages-addon\/#primaryimage\"},\"image\":{\"@id\":\"https:\/\/allwintheme.com\/product\/peepso-pages-addon\/#primaryimage\"},\"thumbnailUrl\":\"https:\/\/allwintheme.com\/wp-content\/uploads\/2025\/10\/PeepSo-Pages-Addon.png\",\"datePublished\":\"2025-10-06T10:17:23+00:00\",\"dateModified\":\"2025-10-06T10:22:13+00:00\",\"description\":\"Create and manage Pages in your PeepSo community with this addon. Represent brands, causes, or businesses while boosting engagement and interaction.\",\"breadcrumb\":{\"@id\":\"https:\/\/allwintheme.com\/product\/peepso-pages-addon\/#breadcrumb\"},\"inLanguage\":\"es-CL\",\"potentialAction\":[{\"@type\":\"ReadAction\",\"target\":[\"https:\/\/allwintheme.com\/product\/peepso-pages-addon\/\"]}]},{\"@type\":\"ImageObject\",\"inLanguage\":\"es-CL\",\"@id\":\"https:\/\/allwintheme.com\/product\/peepso-pages-addon\/#primaryimage\",\"url\":\"https:\/\/allwintheme.com\/wp-content\/uploads\/2025\/10\/PeepSo-Pages-Addon.png\",\"contentUrl\":\"https:\/\/allwintheme.com\/wp-content\/uploads\/2025\/10\/PeepSo-Pages-Addon.png\",\"width\":590,\"height\":300,\"caption\":\"PeepSo Pages Addon\"},{\"@type\":\"BreadcrumbList\",\"@id\":\"https:\/\/allwintheme.com\/product\/peepso-pages-addon\/#breadcrumb\",\"itemListElement\":[{\"@type\":\"ListItem\",\"position\":1,\"name\":\"Home\",\"item\":\"https:\/\/allwintheme.com\/\"},{\"@type\":\"ListItem\",\"position\":2,\"name\":\"Shop\",\"item\":\"https:\/\/allwintheme.com\/shop\/\"},{\"@type\":\"ListItem\",\"position\":3,\"name\":\"PeepSo Pages Addon\"}]},{\"@type\":\"WebSite\",\"@id\":\"https:\/\/allwintheme.com\/#website\",\"url\":\"https:\/\/allwintheme.com\/\",\"name\":\"Allwintheme\",\"description\":\"Download free WordPress themes for every niche. Blogs, business, eCommerce, portfolio, restaurant and more. All themes are GPL licensed and mobile-ready.\",\"potentialAction\":[{\"@type\":\"SearchAction\",\"target\":{\"@type\":\"EntryPoint\",\"urlTemplate\":\"https:\/\/allwintheme.com\/?s={search_term_string}\"},\"query-input\":{\"@type\":\"PropertyValueSpecification\",\"valueRequired\":true,\"valueName\":\"search_term_string\"}}],\"inLanguage\":\"es-CL\"}]}<\/script>\n<!-- \/ Yoast SEO Premium plugin. -->","yoast_head_json":{"title":"PeepSo Pages Addon - AllWin Theme \u2013 Free WordPress Themes Download","description":"Crea y gestiona p\u00e1ginas en tu comunidad PeepSo con este complemento. Represente marcas, causas o negocios mientras impulsa el compromiso y la interacci\u00f3n.","robots":{"index":"index","follow":"follow","max-snippet":"max-snippet:-1","max-image-preview":"max-image-preview:large","max-video-preview":"max-video-preview:-1"},"canonical":"https:\/\/allwintheme.com\/es\/producto\/addon-peepso-pages\/","og_locale":"es_ES","og_type":"article","og_title":"PeepSo Pages Addon","og_description":"Create and manage Pages in your PeepSo community with this addon. Represent brands, causes, or businesses while boosting engagement and interaction.","og_url":"https:\/\/allwintheme.com\/es\/producto\/addon-peepso-pages\/","og_site_name":"AllWin Theme \u2013 Free WordPress Themes Download","article_modified_time":"2025-10-06T10:22:13+00:00","og_image":[{"width":590,"height":300,"url":"https:\/\/allwintheme.com\/wp-content\/uploads\/2025\/10\/PeepSo-Pages-Addon.png","type":"image\/png"}],"twitter_card":"summary_large_image","twitter_misc":{"Tiempo estimado de lectura":"2 minutos"},"schema":{"@context":"https:\/\/schema.org","@graph":[{"@type":"WebPage","@id":"https:\/\/allwintheme.com\/product\/peepso-pages-addon\/","url":"https:\/\/allwintheme.com\/product\/peepso-pages-addon\/","name":"PeepSo Pages Addon - AllWin Theme \u2013 Free WordPress Themes Download","isPartOf":{"@id":"https:\/\/allwintheme.com\/#website"},"primaryImageOfPage":{"@id":"https:\/\/allwintheme.com\/product\/peepso-pages-addon\/#primaryimage"},"image":{"@id":"https:\/\/allwintheme.com\/product\/peepso-pages-addon\/#primaryimage"},"thumbnailUrl":"https:\/\/allwintheme.com\/wp-content\/uploads\/2025\/10\/PeepSo-Pages-Addon.png","datePublished":"2025-10-06T10:17:23+00:00","dateModified":"2025-10-06T10:22:13+00:00","description":"Crea y gestiona p\u00e1ginas en tu comunidad PeepSo con este complemento. Represente marcas, causas o negocios mientras impulsa el compromiso y la interacci\u00f3n.","breadcrumb":{"@id":"https:\/\/allwintheme.com\/product\/peepso-pages-addon\/#breadcrumb"},"inLanguage":"es-CL","potentialAction":[{"@type":"ReadAction","target":["https:\/\/allwintheme.com\/product\/peepso-pages-addon\/"]}]},{"@type":"ImageObject","inLanguage":"es-CL","@id":"https:\/\/allwintheme.com\/product\/peepso-pages-addon\/#primaryimage","url":"https:\/\/allwintheme.com\/wp-content\/uploads\/2025\/10\/PeepSo-Pages-Addon.png","contentUrl":"https:\/\/allwintheme.com\/wp-content\/uploads\/2025\/10\/PeepSo-Pages-Addon.png","width":590,"height":300,"caption":"PeepSo Pages Addon"},{"@type":"BreadcrumbList","@id":"https:\/\/allwintheme.com\/product\/peepso-pages-addon\/#breadcrumb","itemListElement":[{"@type":"ListItem","position":1,"name":"Home","item":"https:\/\/allwintheme.com\/"},{"@type":"ListItem","position":2,"name":"Shop","item":"https:\/\/allwintheme.com\/shop\/"},{"@type":"ListItem","position":3,"name":"PeepSo Pages Addon"}]},{"@type":"WebSite","@id":"https:\/\/allwintheme.com\/#website","url":"https:\/\/allwintheme.com\/","name":"Allwintheme","description":"Descarga gratis temas de WordPress para todos los nichos. Blogs, negocios, comercio electr\u00f3nico, portafolio, restaurante y m\u00e1s. Todos los temas tienen licencia GPL y est\u00e1n preparados para dispositivos m\u00f3viles.","potentialAction":[{"@type":"SearchAction","target":{"@type":"EntryPoint","urlTemplate":"https:\/\/allwintheme.com\/?s={search_term_string}"},"query-input":{"@type":"PropertyValueSpecification","valueRequired":true,"valueName":"search_term_string"}}],"inLanguage":"es-CL"}]}},"_links":{"self":[{"href":"https:\/\/allwintheme.com\/es\/wp-json\/wp\/v2\/product\/9495","targetHints":{"allow":["GET"]}}],"collection":[{"href":"https:\/\/allwintheme.com\/es\/wp-json\/wp\/v2\/product"}],"about":[{"href":"https:\/\/allwintheme.com\/es\/wp-json\/wp\/v2\/types\/product"}],"replies":[{"embeddable":true,"href":"https:\/\/allwintheme.com\/es\/wp-json\/wp\/v2\/comments?post=9495"}],"version-history":[{"count":5,"href":"https:\/\/allwintheme.com\/es\/wp-json\/wp\/v2\/product\/9495\/revisions"}],"predecessor-version":[{"id":9501,"href":"https:\/\/allwintheme.com\/es\/wp-json\/wp\/v2\/product\/9495\/revisions\/9501"}],"wp:featuredmedia":[{"embeddable":true,"href":"https:\/\/allwintheme.com\/es\/wp-json\/wp\/v2\/media\/9496"}],"wp:attachment":[{"href":"https:\/\/allwintheme.com\/es\/wp-json\/wp\/v2\/media?parent=9495"}],"wp:term":[{"taxonomy":"product_brand","embeddable":true,"href":"https:\/\/allwintheme.com\/es\/wp-json\/wp\/v2\/product_brand?post=9495"},{"taxonomy":"product_cat","embeddable":true,"href":"https:\/\/allwintheme.com\/es\/wp-json\/wp\/v2\/product_cat?post=9495"},{"taxonomy":"product_tag","embeddable":true,"href":"https:\/\/allwintheme.com\/es\/wp-json\/wp\/v2\/product_tag?post=9495"}],"curies":[{"name":"wp","href":"https:\/\/api.w.org\/{rel}","templated":true}]}}