{"id":9502,"date":"2025-10-06T10:25:04","date_gmt":"2025-10-06T10:25:04","guid":{"rendered":"https:\/\/allwintheme.com\/?post_type=product&#038;p=9502"},"modified":"2025-10-06T10:28:33","modified_gmt":"2025-10-06T10:28:33","slug":"beaver-builder-mega-menu","status":"publish","type":"product","link":"https:\/\/allwintheme.com\/es\/producto\/beaver-builder-mega-menu\/","title":{"rendered":"Beaver Builder Mega Men\u00fa"},"content":{"rendered":"<div data-elementor-type=\"wp-post\" data-elementor-id=\"9502\" class=\"elementor elementor-9502\" data-elementor-settings=\"{&quot;element_pack_global_tooltip_width&quot;:{&quot;unit&quot;:&quot;px&quot;,&quot;size&quot;:&quot;&quot;,&quot;sizes&quot;:[]},&quot;element_pack_global_tooltip_width_tablet&quot;:{&quot;unit&quot;:&quot;px&quot;,&quot;size&quot;:&quot;&quot;,&quot;sizes&quot;:[]},&quot;element_pack_global_tooltip_width_mobile&quot;:{&quot;unit&quot;:&quot;px&quot;,&quot;size&quot;:&quot;&quot;,&quot;sizes&quot;:[]},&quot;element_pack_global_tooltip_padding&quot;:{&quot;unit&quot;:&quot;px&quot;,&quot;top&quot;:&quot;&quot;,&quot;right&quot;:&quot;&quot;,&quot;bottom&quot;:&quot;&quot;,&quot;left&quot;:&quot;&quot;,&quot;isLinked&quot;:true},&quot;element_pack_global_tooltip_padding_tablet&quot;:{&quot;unit&quot;:&quot;px&quot;,&quot;top&quot;:&quot;&quot;,&quot;right&quot;:&quot;&quot;,&quot;bottom&quot;:&quot;&quot;,&quot;left&quot;:&quot;&quot;,&quot;isLinked&quot;:true},&quot;element_pack_global_tooltip_padding_mobile&quot;:{&quot;unit&quot;:&quot;px&quot;,&quot;top&quot;:&quot;&quot;,&quot;right&quot;:&quot;&quot;,&quot;bottom&quot;:&quot;&quot;,&quot;left&quot;:&quot;&quot;,&quot;isLinked&quot;:true},&quot;element_pack_global_tooltip_border_radius&quot;:{&quot;unit&quot;:&quot;px&quot;,&quot;top&quot;:&quot;&quot;,&quot;right&quot;:&quot;&quot;,&quot;bottom&quot;:&quot;&quot;,&quot;left&quot;:&quot;&quot;,&quot;isLinked&quot;:true},&quot;element_pack_global_tooltip_border_radius_tablet&quot;:{&quot;unit&quot;:&quot;px&quot;,&quot;top&quot;:&quot;&quot;,&quot;right&quot;:&quot;&quot;,&quot;bottom&quot;:&quot;&quot;,&quot;left&quot;:&quot;&quot;,&quot;isLinked&quot;:true},&quot;element_pack_global_tooltip_border_radius_mobile&quot;:{&quot;unit&quot;:&quot;px&quot;,&quot;top&quot;:&quot;&quot;,&quot;right&quot;:&quot;&quot;,&quot;bottom&quot;:&quot;&quot;,&quot;left&quot;:&quot;&quot;,&quot;isLinked&quot;:true}}\" data-elementor-post-type=\"product\">\n\t\t\t\t<div class=\"elementor-element elementor-element-93aa4a8 e-con-full e-flex e-con e-parent\" data-id=\"93aa4a8\" data-element_type=\"container\" data-e-type=\"container\">\n\t\t\t\t<div class=\"elementor-element elementor-element-2c3f760 miaoshu elementor-widget elementor-widget-wd_text_block\" data-id=\"2c3f760\" data-element_type=\"widget\" data-e-type=\"widget\" data-widget_type=\"wd_text_block.default\">\n\t\t\t\t<div class=\"elementor-widget-container\">\n\t\t\t\t\t\t\t<div class=\"wd-text-block reset-last-child text-left\">\n\t\t\t\n\t\t\t<h2>Beaver Builder Mega Menu: Construye una navegaci\u00f3n avanzada sin esfuerzo<\/h2>\n<p>En <strong>Beaver Builder Mega Men\u00fa<\/strong> mejora tu sitio WordPress integr\u00e1ndose perfectamente con Beaver Themer. Por ejemplo, puedes arrastrar y soltar el m\u00f3dulo dedicado Mega Menu en tu dise\u00f1o de cabecera, lo que te permite crear men\u00fas complejos y personalizables que mejoran la navegaci\u00f3n. De este modo, los visitantes encuentran el contenido m\u00e1s r\u00e1pidamente, lo que aumenta el compromiso general del usuario.<grok-card data-id=\"551ad1\" data-type=\"citation_card\"><\/grok-card><grok-card data-id=\"0aceb6\" data-type=\"citation_card\"><\/grok-card><\/p>\n\n<h3>Desbloquea la potente personalizaci\u00f3n de men\u00fas<\/h3>\n<p>Los propietarios de sitios instalan activamente el addon junto con los plugins Beaver Builder y Beaver Themer. A continuaci\u00f3n, acceden al editor y a\u00f1aden el m\u00f3dulo Mega Menu a trav\u00e9s del icono m\u00e1s. Como resultado, esta configuraci\u00f3n transforma los men\u00fas est\u00e1ndar en amplios mega men\u00fas con columnas, im\u00e1genes y enlaces, todo sin codificaci\u00f3n.<grok-card data-id=\"224809\" data-type=\"citation_card\"><\/grok-card><\/p>\n\n<h3>Principales caracter\u00edsticas y ventajas<\/h3>\n<ul>\n    <li><strong>Integraci\u00f3n perfecta:<\/strong> Funciona directamente con Beaver Themer para facilitar la creaci\u00f3n del men\u00fa de cabecera y opciones avanzadas de estilo.<\/li>\n    <li><strong>Dise\u00f1o totalmente adaptable:<\/strong> Garantiza que los men\u00fas se adapten perfectamente a ordenadores de sobremesa, tabletas y m\u00f3viles, optimizando la experiencia del usuario en todos los dispositivos.<grok-card data-id=\"65349a\" data-type=\"citation_card\"><\/grok-card><\/li>\n    <li><strong>M\u00f3dulo de arrastrar y soltar:<\/strong> Basta con iniciar el editor y a\u00f1adir el m\u00f3dulo para crear dise\u00f1os personalizados con columnas y contenido.<\/li>\n    <li><strong>Soporte de importaci\u00f3n\/exportaci\u00f3n:<\/strong> Transfiera megamen\u00fas entre sitios o comp\u00e1rtalos con equipos para una gesti\u00f3n eficaz del flujo de trabajo.<grok-card data-id=\"f01005\" data-type=\"citation_card\"><\/grok-card><\/li>\n<\/ul>\n\n<h3>Mejore la navegaci\u00f3n de su sitio web<\/h3>\n<p>Este complemento simplifica la creaci\u00f3n de mega men\u00fas profesionales para sitios de comercio electr\u00f3nico o p\u00e1ginas con mucho contenido. Por ejemplo, puede organizar los subelementos en columnas para mejorar la visibilidad. Adem\u00e1s, el estilo avanzado te permite personalizar la apariencia para que coincida con tu marca y, en \u00faltima instancia, aumentar la satisfacci\u00f3n y retenci\u00f3n de los usuarios.<grok-card data-id=\"7799cb\" data-type=\"citation_card\"><\/grok-card><\/p>\n\n<h3>Empiece a crear mega men\u00fas hoy mismo<\/h3>\n<p>Eleve su sitio Beaver Builder con el <strong>Beaver Builder Mega Men\u00fa<\/strong> addon. Por lo tanto, inst\u00e1lelo ahora para ofrecer una navegaci\u00f3n intuitiva que mantenga el inter\u00e9s de los visitantes y ayude a mejorar el rendimiento de su sitio web.<\/p>\n\t\t\t\t\t<\/div>\n\t\t\t\t\t\t<\/div>\n\t\t\t\t<\/div>\n\t\t\t\t<\/div>\n\t\t\t\t<\/div>","protected":false},"excerpt":{"rendered":"<p>Beaver Builder Mega Menu: Build Advanced Navigation Effortlessly The Beaver Builder Mega Menu addon supercharges your WordPress site by integrating<\/p>","protected":false},"featured_media":9503,"comment_status":"open","ping_status":"closed","template":"","meta":{"_acf_changed":false},"product_brand":[],"product_cat":[49],"product_tag":[],"class_list":{"0":"post-9502","1":"product","2":"type-product","3":"status-publish","4":"has-post-thumbnail","6":"product_cat-plugins","8":"first","9":"instock","10":"sale","11":"downloadable","12":"shipping-taxable","13":"purchasable","14":"product-type-simple"},"acf":[],"yoast_head":"<!-- This site is optimized with the Yoast SEO Premium plugin v25.6 (Yoast SEO v27.1.1) - https:\/\/yoast.com\/product\/yoast-seo-premium-wordpress\/ -->\n<title>Beaver Builder Mega Menu - AllWin Theme \u2013 Free WordPress Themes Download<\/title>\n<meta name=\"description\" content=\"Create stunning mega menus with Beaver Builder Mega Menu addon. Easily customize navigation using Beaver Themer for enhanced user experience.\" \/>\n<meta name=\"robots\" content=\"index, follow, max-snippet:-1, max-image-preview:large, max-video-preview:-1\" \/>\n<link rel=\"canonical\" href=\"https:\/\/allwintheme.com\/es\/producto\/beaver-builder-mega-menu\/\" \/>\n<meta property=\"og:locale\" content=\"es_ES\" \/>\n<meta property=\"og:type\" content=\"article\" \/>\n<meta property=\"og:title\" content=\"Beaver Builder Mega Menu\" \/>\n<meta property=\"og:description\" content=\"Create stunning mega menus with Beaver Builder Mega Menu addon. Easily customize navigation using Beaver Themer for enhanced user experience.\" \/>\n<meta property=\"og:url\" content=\"https:\/\/allwintheme.com\/es\/producto\/beaver-builder-mega-menu\/\" \/>\n<meta property=\"og:site_name\" content=\"AllWin Theme \u2013 Free WordPress Themes Download\" \/>\n<meta property=\"article:modified_time\" content=\"2025-10-06T10:28:33+00:00\" \/>\n<meta property=\"og:image\" content=\"https:\/\/allwintheme.com\/wp-content\/uploads\/2025\/10\/t3gohaxn.png\" \/>\n\t<meta property=\"og:image:width\" content=\"590\" \/>\n\t<meta property=\"og:image:height\" content=\"300\" \/>\n\t<meta property=\"og:image:type\" content=\"image\/png\" \/>\n<meta name=\"twitter:card\" content=\"summary_large_image\" \/>\n<meta name=\"twitter:label1\" content=\"Tiempo estimado de lectura\" \/>\n\t<meta name=\"twitter:data1\" content=\"2 minutos\" \/>\n<script type=\"application\/ld+json\" class=\"yoast-schema-graph\">{\"@context\":\"https:\/\/schema.org\",\"@graph\":[{\"@type\":\"WebPage\",\"@id\":\"https:\/\/allwintheme.com\/product\/beaver-builder-mega-menu\/\",\"url\":\"https:\/\/allwintheme.com\/product\/beaver-builder-mega-menu\/\",\"name\":\"Beaver Builder Mega Menu - AllWin Theme \u2013 Free WordPress Themes Download\",\"isPartOf\":{\"@id\":\"https:\/\/allwintheme.com\/#website\"},\"primaryImageOfPage\":{\"@id\":\"https:\/\/allwintheme.com\/product\/beaver-builder-mega-menu\/#primaryimage\"},\"image\":{\"@id\":\"https:\/\/allwintheme.com\/product\/beaver-builder-mega-menu\/#primaryimage\"},\"thumbnailUrl\":\"https:\/\/allwintheme.com\/wp-content\/uploads\/2025\/10\/t3gohaxn.png\",\"datePublished\":\"2025-10-06T10:25:04+00:00\",\"dateModified\":\"2025-10-06T10:28:33+00:00\",\"description\":\"Create stunning mega menus with Beaver Builder Mega Menu addon. Easily customize navigation using Beaver Themer for enhanced user experience.\",\"breadcrumb\":{\"@id\":\"https:\/\/allwintheme.com\/product\/beaver-builder-mega-menu\/#breadcrumb\"},\"inLanguage\":\"es-CL\",\"potentialAction\":[{\"@type\":\"ReadAction\",\"target\":[\"https:\/\/allwintheme.com\/product\/beaver-builder-mega-menu\/\"]}]},{\"@type\":\"ImageObject\",\"inLanguage\":\"es-CL\",\"@id\":\"https:\/\/allwintheme.com\/product\/beaver-builder-mega-menu\/#primaryimage\",\"url\":\"https:\/\/allwintheme.com\/wp-content\/uploads\/2025\/10\/t3gohaxn.png\",\"contentUrl\":\"https:\/\/allwintheme.com\/wp-content\/uploads\/2025\/10\/t3gohaxn.png\",\"width\":590,\"height\":300,\"caption\":\"Beaver Builder Mega Menu\"},{\"@type\":\"BreadcrumbList\",\"@id\":\"https:\/\/allwintheme.com\/product\/beaver-builder-mega-menu\/#breadcrumb\",\"itemListElement\":[{\"@type\":\"ListItem\",\"position\":1,\"name\":\"Home\",\"item\":\"https:\/\/allwintheme.com\/\"},{\"@type\":\"ListItem\",\"position\":2,\"name\":\"Shop\",\"item\":\"https:\/\/allwintheme.com\/shop\/\"},{\"@type\":\"ListItem\",\"position\":3,\"name\":\"Beaver Builder Mega Menu\"}]},{\"@type\":\"WebSite\",\"@id\":\"https:\/\/allwintheme.com\/#website\",\"url\":\"https:\/\/allwintheme.com\/\",\"name\":\"Allwintheme\",\"description\":\"Download free WordPress themes for every niche. Blogs, business, eCommerce, portfolio, restaurant and more. All themes are GPL licensed and mobile-ready.\",\"potentialAction\":[{\"@type\":\"SearchAction\",\"target\":{\"@type\":\"EntryPoint\",\"urlTemplate\":\"https:\/\/allwintheme.com\/?s={search_term_string}\"},\"query-input\":{\"@type\":\"PropertyValueSpecification\",\"valueRequired\":true,\"valueName\":\"search_term_string\"}}],\"inLanguage\":\"es-CL\"}]}<\/script>\n<!-- \/ Yoast SEO Premium plugin. -->","yoast_head_json":{"title":"Beaver Builder Mega Menu - AllWin Theme \u2013 Free WordPress Themes Download","description":"Crear impresionantes mega men\u00fas con Beaver Builder Mega Menu addon. Personaliza f\u00e1cilmente la navegaci\u00f3n con Beaver Themer para mejorar la experiencia del usuario.","robots":{"index":"index","follow":"follow","max-snippet":"max-snippet:-1","max-image-preview":"max-image-preview:large","max-video-preview":"max-video-preview:-1"},"canonical":"https:\/\/allwintheme.com\/es\/producto\/beaver-builder-mega-menu\/","og_locale":"es_ES","og_type":"article","og_title":"Beaver Builder Mega Menu","og_description":"Create stunning mega menus with Beaver Builder Mega Menu addon. Easily customize navigation using Beaver Themer for enhanced user experience.","og_url":"https:\/\/allwintheme.com\/es\/producto\/beaver-builder-mega-menu\/","og_site_name":"AllWin Theme \u2013 Free WordPress Themes Download","article_modified_time":"2025-10-06T10:28:33+00:00","og_image":[{"width":590,"height":300,"url":"https:\/\/allwintheme.com\/wp-content\/uploads\/2025\/10\/t3gohaxn.png","type":"image\/png"}],"twitter_card":"summary_large_image","twitter_misc":{"Tiempo estimado de lectura":"2 minutos"},"schema":{"@context":"https:\/\/schema.org","@graph":[{"@type":"WebPage","@id":"https:\/\/allwintheme.com\/product\/beaver-builder-mega-menu\/","url":"https:\/\/allwintheme.com\/product\/beaver-builder-mega-menu\/","name":"Beaver Builder Mega Menu - AllWin Theme \u2013 Free WordPress Themes Download","isPartOf":{"@id":"https:\/\/allwintheme.com\/#website"},"primaryImageOfPage":{"@id":"https:\/\/allwintheme.com\/product\/beaver-builder-mega-menu\/#primaryimage"},"image":{"@id":"https:\/\/allwintheme.com\/product\/beaver-builder-mega-menu\/#primaryimage"},"thumbnailUrl":"https:\/\/allwintheme.com\/wp-content\/uploads\/2025\/10\/t3gohaxn.png","datePublished":"2025-10-06T10:25:04+00:00","dateModified":"2025-10-06T10:28:33+00:00","description":"Crear impresionantes mega men\u00fas con Beaver Builder Mega Menu addon. Personaliza f\u00e1cilmente la navegaci\u00f3n con Beaver Themer para mejorar la experiencia del usuario.","breadcrumb":{"@id":"https:\/\/allwintheme.com\/product\/beaver-builder-mega-menu\/#breadcrumb"},"inLanguage":"es-CL","potentialAction":[{"@type":"ReadAction","target":["https:\/\/allwintheme.com\/product\/beaver-builder-mega-menu\/"]}]},{"@type":"ImageObject","inLanguage":"es-CL","@id":"https:\/\/allwintheme.com\/product\/beaver-builder-mega-menu\/#primaryimage","url":"https:\/\/allwintheme.com\/wp-content\/uploads\/2025\/10\/t3gohaxn.png","contentUrl":"https:\/\/allwintheme.com\/wp-content\/uploads\/2025\/10\/t3gohaxn.png","width":590,"height":300,"caption":"Beaver Builder Mega Menu"},{"@type":"BreadcrumbList","@id":"https:\/\/allwintheme.com\/product\/beaver-builder-mega-menu\/#breadcrumb","itemListElement":[{"@type":"ListItem","position":1,"name":"Home","item":"https:\/\/allwintheme.com\/"},{"@type":"ListItem","position":2,"name":"Shop","item":"https:\/\/allwintheme.com\/shop\/"},{"@type":"ListItem","position":3,"name":"Beaver Builder Mega Menu"}]},{"@type":"WebSite","@id":"https:\/\/allwintheme.com\/#website","url":"https:\/\/allwintheme.com\/","name":"Allwintheme","description":"Descarga gratis temas de WordPress para todos los nichos. Blogs, negocios, comercio electr\u00f3nico, portafolio, restaurante y m\u00e1s. Todos los temas tienen licencia GPL y est\u00e1n preparados para dispositivos m\u00f3viles.","potentialAction":[{"@type":"SearchAction","target":{"@type":"EntryPoint","urlTemplate":"https:\/\/allwintheme.com\/?s={search_term_string}"},"query-input":{"@type":"PropertyValueSpecification","valueRequired":true,"valueName":"search_term_string"}}],"inLanguage":"es-CL"}]}},"_links":{"self":[{"href":"https:\/\/allwintheme.com\/es\/wp-json\/wp\/v2\/product\/9502","targetHints":{"allow":["GET"]}}],"collection":[{"href":"https:\/\/allwintheme.com\/es\/wp-json\/wp\/v2\/product"}],"about":[{"href":"https:\/\/allwintheme.com\/es\/wp-json\/wp\/v2\/types\/product"}],"replies":[{"embeddable":true,"href":"https:\/\/allwintheme.com\/es\/wp-json\/wp\/v2\/comments?post=9502"}],"version-history":[{"count":5,"href":"https:\/\/allwintheme.com\/es\/wp-json\/wp\/v2\/product\/9502\/revisions"}],"predecessor-version":[{"id":9508,"href":"https:\/\/allwintheme.com\/es\/wp-json\/wp\/v2\/product\/9502\/revisions\/9508"}],"wp:featuredmedia":[{"embeddable":true,"href":"https:\/\/allwintheme.com\/es\/wp-json\/wp\/v2\/media\/9503"}],"wp:attachment":[{"href":"https:\/\/allwintheme.com\/es\/wp-json\/wp\/v2\/media?parent=9502"}],"wp:term":[{"taxonomy":"product_brand","embeddable":true,"href":"https:\/\/allwintheme.com\/es\/wp-json\/wp\/v2\/product_brand?post=9502"},{"taxonomy":"product_cat","embeddable":true,"href":"https:\/\/allwintheme.com\/es\/wp-json\/wp\/v2\/product_cat?post=9502"},{"taxonomy":"product_tag","embeddable":true,"href":"https:\/\/allwintheme.com\/es\/wp-json\/wp\/v2\/product_tag?post=9502"}],"curies":[{"name":"wp","href":"https:\/\/api.w.org\/{rel}","templated":true}]}}