{"id":9523,"date":"2025-10-06T10:47:27","date_gmt":"2025-10-06T10:47:27","guid":{"rendered":"https:\/\/allwintheme.com\/?post_type=product&#038;p=9523"},"modified":"2025-10-06T10:53:22","modified_gmt":"2025-10-06T10:53:22","slug":"motor-social-pro","status":"publish","type":"product","link":"https:\/\/allwintheme.com\/es\/producto\/motor-social-pro\/","title":{"rendered":"Motor Social Pro"},"content":{"rendered":"<div data-elementor-type=\"wp-post\" data-elementor-id=\"9523\" class=\"elementor elementor-9523\" data-elementor-settings=\"{&quot;element_pack_global_tooltip_width&quot;:{&quot;unit&quot;:&quot;px&quot;,&quot;size&quot;:&quot;&quot;,&quot;sizes&quot;:[]},&quot;element_pack_global_tooltip_width_tablet&quot;:{&quot;unit&quot;:&quot;px&quot;,&quot;size&quot;:&quot;&quot;,&quot;sizes&quot;:[]},&quot;element_pack_global_tooltip_width_mobile&quot;:{&quot;unit&quot;:&quot;px&quot;,&quot;size&quot;:&quot;&quot;,&quot;sizes&quot;:[]},&quot;element_pack_global_tooltip_padding&quot;:{&quot;unit&quot;:&quot;px&quot;,&quot;top&quot;:&quot;&quot;,&quot;right&quot;:&quot;&quot;,&quot;bottom&quot;:&quot;&quot;,&quot;left&quot;:&quot;&quot;,&quot;isLinked&quot;:true},&quot;element_pack_global_tooltip_padding_tablet&quot;:{&quot;unit&quot;:&quot;px&quot;,&quot;top&quot;:&quot;&quot;,&quot;right&quot;:&quot;&quot;,&quot;bottom&quot;:&quot;&quot;,&quot;left&quot;:&quot;&quot;,&quot;isLinked&quot;:true},&quot;element_pack_global_tooltip_padding_mobile&quot;:{&quot;unit&quot;:&quot;px&quot;,&quot;top&quot;:&quot;&quot;,&quot;right&quot;:&quot;&quot;,&quot;bottom&quot;:&quot;&quot;,&quot;left&quot;:&quot;&quot;,&quot;isLinked&quot;:true},&quot;element_pack_global_tooltip_border_radius&quot;:{&quot;unit&quot;:&quot;px&quot;,&quot;top&quot;:&quot;&quot;,&quot;right&quot;:&quot;&quot;,&quot;bottom&quot;:&quot;&quot;,&quot;left&quot;:&quot;&quot;,&quot;isLinked&quot;:true},&quot;element_pack_global_tooltip_border_radius_tablet&quot;:{&quot;unit&quot;:&quot;px&quot;,&quot;top&quot;:&quot;&quot;,&quot;right&quot;:&quot;&quot;,&quot;bottom&quot;:&quot;&quot;,&quot;left&quot;:&quot;&quot;,&quot;isLinked&quot;:true},&quot;element_pack_global_tooltip_border_radius_mobile&quot;:{&quot;unit&quot;:&quot;px&quot;,&quot;top&quot;:&quot;&quot;,&quot;right&quot;:&quot;&quot;,&quot;bottom&quot;:&quot;&quot;,&quot;left&quot;:&quot;&quot;,&quot;isLinked&quot;:true}}\" data-elementor-post-type=\"product\">\n\t\t\t\t<div class=\"elementor-element elementor-element-93aa4a8 e-con-full e-flex e-con e-parent\" data-id=\"93aa4a8\" data-element_type=\"container\" data-e-type=\"container\">\n\t\t\t\t<div class=\"elementor-element elementor-element-2c3f760 miaoshu elementor-widget elementor-widget-wd_text_block\" data-id=\"2c3f760\" data-element_type=\"widget\" data-e-type=\"widget\" data-widget_type=\"wd_text_block.default\">\n\t\t\t\t<div class=\"elementor-widget-container\">\n\t\t\t\t\t\t\t<div class=\"wd-text-block reset-last-child text-left\">\n\t\t\t\n\t\t\t<h2>Motor Social Pro: Domina la programaci\u00f3n de tus redes sociales<\/h2>\n<p><strong>Motor Social Pro<\/strong> te permite organizar, programar y automatizar la publicaci\u00f3n de contenidos en tus redes sociales directamente desde WordPress. Por ejemplo, este plugin te permite planificar publicaciones sin depender de servicios de terceros como TweetDeck o Buffer. En consecuencia, usted adquiere la plena propiedad del sistema, eliminando limitaciones y cuotas de suscripci\u00f3n.<grok-card data-id=\"5e36f7\" data-type=\"citation_card\"><\/grok-card><grok-card data-id=\"87a656\" data-type=\"citation_card\"><\/grok-card><\/p>\n\n<h3>Automatizaci\u00f3n y control sin esfuerzo<\/h3>\n<p>Con Social Engine Pro, puedes conectar activamente varias cuentas sociales y poner en cola publicaciones, fotos o medios para su publicaci\u00f3n autom\u00e1tica. Adem\u00e1s, la versi\u00f3n Pro a\u00f1ade soporte para LinkedIn y Pinterest, incluyendo modos de borrador para revisar antes de publicar. Como resultado, se agiliza el flujo de trabajo y se aumenta la participaci\u00f3n sin un esfuerzo manual constante.<grok-card data-id=\"290ee2\" data-type=\"citation_card\"><\/grok-card><\/p>\n\n<h3>Principales caracter\u00edsticas y ventajas<\/h3>\n<ul>\n    <li><strong>Programaci\u00f3n ilimitada:<\/strong> Planifique los env\u00edos con a\u00f1os de antelaci\u00f3n sin l\u00edmites de volumen o frecuencia, lo que le ofrece una flexibilidad total.<grok-card data-id=\"0bc326\" data-type=\"citation_card\"><\/grok-card><\/li>\n    <li><strong>Soporte multiplataforma:<\/strong> Publica en X, Facebook, Instagram y m\u00e1s, con mejoras Pro para redes avanzadas.<\/li>\n    <li><strong>Libertad de personalizaci\u00f3n:<\/strong> Realice todo el autoalojamiento en WordPress, para personalizar el c\u00f3digo f\u00e1cilmente y mantener los datos seguros.<grok-card data-id=\"2aa1ae\" data-type=\"citation_card\"><\/grok-card><\/li>\n    <li><strong>Reviva contenidos antiguos:<\/strong> Vuelve a compartir autom\u00e1ticamente art\u00edculos antiguos para mantener tus perfiles frescos y visibles.<grok-card data-id=\"f8e6ef\" data-type=\"citation_card\"><\/grok-card><\/li>\n    <li><strong>Herramientas Pro-Exclusive:<\/strong> Disfrute de asistencia personalizada y flujos de trabajo de validaci\u00f3n para una gesti\u00f3n de nivel profesional.<\/li>\n<\/ul>\n\n<h3>Transforme su estrategia social<\/h3>\n<p>Social Engine Pro simplifica la gesti\u00f3n de las redes sociales para blogueros, agencias y empresas. Por ejemplo, se evitan costes ocultos y cuadros de mando complejos al ser propietario de la herramienta. Por lo tanto, centrarse en la creaci\u00f3n de contenidos, mientras que el plugin se encarga de la distribuci\u00f3n, en \u00faltima instancia, conducir m\u00e1s tr\u00e1fico y las interacciones a su sitio.<grok-card data-id=\"7d368a\" data-type=\"citation_card\"><\/grok-card><\/p>\n\n<h3>Actualice a Social Engine Pro hoy mismo<\/h3>\n<p>Tome el control de su presencia social con <strong>Motor Social Pro<\/strong>. Al automatizar las publicaciones y ampliar su alcance, ahorrar\u00e1 tiempo y mejorar\u00e1 su visibilidad. Inst\u00e1lalo ahora y revoluciona tu forma de llegar al p\u00fablico en todas las plataformas.<\/p>\n\t\t\t\t\t<\/div>\n\t\t\t\t\t\t<\/div>\n\t\t\t\t<\/div>\n\t\t\t\t<\/div>\n\t\t\t\t<\/div>","protected":false},"excerpt":{"rendered":"<p>Social Engine Pro: Master Your Social Media Scheduling Social Engine Pro empowers you to organize, schedule, and automate content publishing<\/p>","protected":false},"featured_media":9524,"comment_status":"open","ping_status":"closed","template":"","meta":{"_acf_changed":false},"product_brand":[],"product_cat":[49],"product_tag":[],"class_list":{"0":"post-9523","1":"product","2":"type-product","3":"status-publish","4":"has-post-thumbnail","6":"product_cat-plugins","8":"first","9":"instock","10":"sale","11":"downloadable","12":"shipping-taxable","13":"purchasable","14":"product-type-simple"},"acf":[],"yoast_head":"<!-- This site is optimized with the Yoast SEO Premium plugin v25.6 (Yoast SEO v27.1.1) - https:\/\/yoast.com\/product\/yoast-seo-premium-wordpress\/ -->\n<title>Social Engine Pro - AllWin Theme \u2013 Free WordPress Themes Download<\/title>\n<meta name=\"description\" content=\"Boost sales with WooCommerce Free Shipping Bar. Display progress bars and messages to motivate customers toward free shipping thresholds.\" \/>\n<meta name=\"robots\" content=\"index, follow, max-snippet:-1, max-image-preview:large, max-video-preview:-1\" \/>\n<link rel=\"canonical\" href=\"https:\/\/allwintheme.com\/es\/producto\/motor-social-pro\/\" \/>\n<meta property=\"og:locale\" content=\"es_ES\" \/>\n<meta property=\"og:type\" content=\"article\" \/>\n<meta property=\"og:title\" content=\"Social Engine Pro\" \/>\n<meta property=\"og:description\" content=\"Boost sales with WooCommerce Free Shipping Bar. Display progress bars and messages to motivate customers toward free shipping thresholds.\" \/>\n<meta property=\"og:url\" content=\"https:\/\/allwintheme.com\/es\/producto\/motor-social-pro\/\" \/>\n<meta property=\"og:site_name\" content=\"AllWin Theme \u2013 Free WordPress Themes Download\" \/>\n<meta property=\"article:modified_time\" content=\"2025-10-06T10:53:22+00:00\" \/>\n<meta property=\"og:image\" content=\"https:\/\/allwintheme.com\/wp-content\/uploads\/2025\/10\/zexq99jf.png\" \/>\n\t<meta property=\"og:image:width\" content=\"590\" \/>\n\t<meta property=\"og:image:height\" content=\"300\" \/>\n\t<meta property=\"og:image:type\" content=\"image\/png\" \/>\n<meta name=\"twitter:card\" content=\"summary_large_image\" \/>\n<meta name=\"twitter:label1\" content=\"Tiempo estimado de lectura\" \/>\n\t<meta name=\"twitter:data1\" content=\"2 minutos\" \/>\n<script type=\"application\/ld+json\" class=\"yoast-schema-graph\">{\"@context\":\"https:\/\/schema.org\",\"@graph\":[{\"@type\":\"WebPage\",\"@id\":\"https:\/\/allwintheme.com\/product\/social-engine-pro\/\",\"url\":\"https:\/\/allwintheme.com\/product\/social-engine-pro\/\",\"name\":\"Social Engine Pro - AllWin Theme \u2013 Free WordPress Themes Download\",\"isPartOf\":{\"@id\":\"https:\/\/allwintheme.com\/#website\"},\"primaryImageOfPage\":{\"@id\":\"https:\/\/allwintheme.com\/product\/social-engine-pro\/#primaryimage\"},\"image\":{\"@id\":\"https:\/\/allwintheme.com\/product\/social-engine-pro\/#primaryimage\"},\"thumbnailUrl\":\"https:\/\/allwintheme.com\/wp-content\/uploads\/2025\/10\/zexq99jf.png\",\"datePublished\":\"2025-10-06T10:47:27+00:00\",\"dateModified\":\"2025-10-06T10:53:22+00:00\",\"description\":\"Boost sales with WooCommerce Free Shipping Bar. Display progress bars and messages to motivate customers toward free shipping thresholds.\",\"breadcrumb\":{\"@id\":\"https:\/\/allwintheme.com\/product\/social-engine-pro\/#breadcrumb\"},\"inLanguage\":\"es-CL\",\"potentialAction\":[{\"@type\":\"ReadAction\",\"target\":[\"https:\/\/allwintheme.com\/product\/social-engine-pro\/\"]}]},{\"@type\":\"ImageObject\",\"inLanguage\":\"es-CL\",\"@id\":\"https:\/\/allwintheme.com\/product\/social-engine-pro\/#primaryimage\",\"url\":\"https:\/\/allwintheme.com\/wp-content\/uploads\/2025\/10\/zexq99jf.png\",\"contentUrl\":\"https:\/\/allwintheme.com\/wp-content\/uploads\/2025\/10\/zexq99jf.png\",\"width\":590,\"height\":300,\"caption\":\"Social Engine Pro\"},{\"@type\":\"BreadcrumbList\",\"@id\":\"https:\/\/allwintheme.com\/product\/social-engine-pro\/#breadcrumb\",\"itemListElement\":[{\"@type\":\"ListItem\",\"position\":1,\"name\":\"Home\",\"item\":\"https:\/\/allwintheme.com\/\"},{\"@type\":\"ListItem\",\"position\":2,\"name\":\"Shop\",\"item\":\"https:\/\/allwintheme.com\/shop\/\"},{\"@type\":\"ListItem\",\"position\":3,\"name\":\"Social Engine Pro\"}]},{\"@type\":\"WebSite\",\"@id\":\"https:\/\/allwintheme.com\/#website\",\"url\":\"https:\/\/allwintheme.com\/\",\"name\":\"Allwintheme\",\"description\":\"Download free WordPress themes for every niche. Blogs, business, eCommerce, portfolio, restaurant and more. All themes are GPL licensed and mobile-ready.\",\"potentialAction\":[{\"@type\":\"SearchAction\",\"target\":{\"@type\":\"EntryPoint\",\"urlTemplate\":\"https:\/\/allwintheme.com\/?s={search_term_string}\"},\"query-input\":{\"@type\":\"PropertyValueSpecification\",\"valueRequired\":true,\"valueName\":\"search_term_string\"}}],\"inLanguage\":\"es-CL\"}]}<\/script>\n<!-- \/ Yoast SEO Premium plugin. -->","yoast_head_json":{"title":"Social Engine Pro - AllWin Theme \u2013 Free WordPress Themes Download","description":"Aumente las ventas con la barra de env\u00edo gratuito de WooCommerce. Muestra barras de progreso y mensajes para motivar a los clientes hacia los umbrales de env\u00edo gratuito.","robots":{"index":"index","follow":"follow","max-snippet":"max-snippet:-1","max-image-preview":"max-image-preview:large","max-video-preview":"max-video-preview:-1"},"canonical":"https:\/\/allwintheme.com\/es\/producto\/motor-social-pro\/","og_locale":"es_ES","og_type":"article","og_title":"Social Engine Pro","og_description":"Boost sales with WooCommerce Free Shipping Bar. Display progress bars and messages to motivate customers toward free shipping thresholds.","og_url":"https:\/\/allwintheme.com\/es\/producto\/motor-social-pro\/","og_site_name":"AllWin Theme \u2013 Free WordPress Themes Download","article_modified_time":"2025-10-06T10:53:22+00:00","og_image":[{"width":590,"height":300,"url":"https:\/\/allwintheme.com\/wp-content\/uploads\/2025\/10\/zexq99jf.png","type":"image\/png"}],"twitter_card":"summary_large_image","twitter_misc":{"Tiempo estimado de lectura":"2 minutos"},"schema":{"@context":"https:\/\/schema.org","@graph":[{"@type":"WebPage","@id":"https:\/\/allwintheme.com\/product\/social-engine-pro\/","url":"https:\/\/allwintheme.com\/product\/social-engine-pro\/","name":"Social Engine Pro - AllWin Theme \u2013 Free WordPress Themes Download","isPartOf":{"@id":"https:\/\/allwintheme.com\/#website"},"primaryImageOfPage":{"@id":"https:\/\/allwintheme.com\/product\/social-engine-pro\/#primaryimage"},"image":{"@id":"https:\/\/allwintheme.com\/product\/social-engine-pro\/#primaryimage"},"thumbnailUrl":"https:\/\/allwintheme.com\/wp-content\/uploads\/2025\/10\/zexq99jf.png","datePublished":"2025-10-06T10:47:27+00:00","dateModified":"2025-10-06T10:53:22+00:00","description":"Aumente las ventas con la barra de env\u00edo gratuito de WooCommerce. Muestra barras de progreso y mensajes para motivar a los clientes hacia los umbrales de env\u00edo gratuito.","breadcrumb":{"@id":"https:\/\/allwintheme.com\/product\/social-engine-pro\/#breadcrumb"},"inLanguage":"es-CL","potentialAction":[{"@type":"ReadAction","target":["https:\/\/allwintheme.com\/product\/social-engine-pro\/"]}]},{"@type":"ImageObject","inLanguage":"es-CL","@id":"https:\/\/allwintheme.com\/product\/social-engine-pro\/#primaryimage","url":"https:\/\/allwintheme.com\/wp-content\/uploads\/2025\/10\/zexq99jf.png","contentUrl":"https:\/\/allwintheme.com\/wp-content\/uploads\/2025\/10\/zexq99jf.png","width":590,"height":300,"caption":"Social Engine Pro"},{"@type":"BreadcrumbList","@id":"https:\/\/allwintheme.com\/product\/social-engine-pro\/#breadcrumb","itemListElement":[{"@type":"ListItem","position":1,"name":"Home","item":"https:\/\/allwintheme.com\/"},{"@type":"ListItem","position":2,"name":"Shop","item":"https:\/\/allwintheme.com\/shop\/"},{"@type":"ListItem","position":3,"name":"Social Engine Pro"}]},{"@type":"WebSite","@id":"https:\/\/allwintheme.com\/#website","url":"https:\/\/allwintheme.com\/","name":"Allwintheme","description":"Descarga gratis temas de WordPress para todos los nichos. Blogs, negocios, comercio electr\u00f3nico, portafolio, restaurante y m\u00e1s. Todos los temas tienen licencia GPL y est\u00e1n preparados para dispositivos m\u00f3viles.","potentialAction":[{"@type":"SearchAction","target":{"@type":"EntryPoint","urlTemplate":"https:\/\/allwintheme.com\/?s={search_term_string}"},"query-input":{"@type":"PropertyValueSpecification","valueRequired":true,"valueName":"search_term_string"}}],"inLanguage":"es-CL"}]}},"_links":{"self":[{"href":"https:\/\/allwintheme.com\/es\/wp-json\/wp\/v2\/product\/9523","targetHints":{"allow":["GET"]}}],"collection":[{"href":"https:\/\/allwintheme.com\/es\/wp-json\/wp\/v2\/product"}],"about":[{"href":"https:\/\/allwintheme.com\/es\/wp-json\/wp\/v2\/types\/product"}],"replies":[{"embeddable":true,"href":"https:\/\/allwintheme.com\/es\/wp-json\/wp\/v2\/comments?post=9523"}],"version-history":[{"count":5,"href":"https:\/\/allwintheme.com\/es\/wp-json\/wp\/v2\/product\/9523\/revisions"}],"predecessor-version":[{"id":9529,"href":"https:\/\/allwintheme.com\/es\/wp-json\/wp\/v2\/product\/9523\/revisions\/9529"}],"wp:featuredmedia":[{"embeddable":true,"href":"https:\/\/allwintheme.com\/es\/wp-json\/wp\/v2\/media\/9524"}],"wp:attachment":[{"href":"https:\/\/allwintheme.com\/es\/wp-json\/wp\/v2\/media?parent=9523"}],"wp:term":[{"taxonomy":"product_brand","embeddable":true,"href":"https:\/\/allwintheme.com\/es\/wp-json\/wp\/v2\/product_brand?post=9523"},{"taxonomy":"product_cat","embeddable":true,"href":"https:\/\/allwintheme.com\/es\/wp-json\/wp\/v2\/product_cat?post=9523"},{"taxonomy":"product_tag","embeddable":true,"href":"https:\/\/allwintheme.com\/es\/wp-json\/wp\/v2\/product_tag?post=9523"}],"curies":[{"name":"wp","href":"https:\/\/api.w.org\/{rel}","templated":true}]}}