{"id":9530,"date":"2025-10-06T10:56:48","date_gmt":"2025-10-06T10:56:48","guid":{"rendered":"https:\/\/allwintheme.com\/?post_type=product&#038;p=9530"},"modified":"2025-10-06T11:02:16","modified_gmt":"2025-10-06T11:02:16","slug":"ladrillos-siguientes-ladrilloscore","status":"publish","type":"product","link":"https:\/\/allwintheme.com\/es\/producto\/ladrillos-siguientes-ladrilloscore\/","title":{"rendered":"Ladrillos siguientes (Brickscore)"},"content":{"rendered":"<div data-elementor-type=\"wp-post\" data-elementor-id=\"9530\" class=\"elementor elementor-9530\" data-elementor-settings=\"{&quot;element_pack_global_tooltip_width&quot;:{&quot;unit&quot;:&quot;px&quot;,&quot;size&quot;:&quot;&quot;,&quot;sizes&quot;:[]},&quot;element_pack_global_tooltip_width_tablet&quot;:{&quot;unit&quot;:&quot;px&quot;,&quot;size&quot;:&quot;&quot;,&quot;sizes&quot;:[]},&quot;element_pack_global_tooltip_width_mobile&quot;:{&quot;unit&quot;:&quot;px&quot;,&quot;size&quot;:&quot;&quot;,&quot;sizes&quot;:[]},&quot;element_pack_global_tooltip_padding&quot;:{&quot;unit&quot;:&quot;px&quot;,&quot;top&quot;:&quot;&quot;,&quot;right&quot;:&quot;&quot;,&quot;bottom&quot;:&quot;&quot;,&quot;left&quot;:&quot;&quot;,&quot;isLinked&quot;:true},&quot;element_pack_global_tooltip_padding_tablet&quot;:{&quot;unit&quot;:&quot;px&quot;,&quot;top&quot;:&quot;&quot;,&quot;right&quot;:&quot;&quot;,&quot;bottom&quot;:&quot;&quot;,&quot;left&quot;:&quot;&quot;,&quot;isLinked&quot;:true},&quot;element_pack_global_tooltip_padding_mobile&quot;:{&quot;unit&quot;:&quot;px&quot;,&quot;top&quot;:&quot;&quot;,&quot;right&quot;:&quot;&quot;,&quot;bottom&quot;:&quot;&quot;,&quot;left&quot;:&quot;&quot;,&quot;isLinked&quot;:true},&quot;element_pack_global_tooltip_border_radius&quot;:{&quot;unit&quot;:&quot;px&quot;,&quot;top&quot;:&quot;&quot;,&quot;right&quot;:&quot;&quot;,&quot;bottom&quot;:&quot;&quot;,&quot;left&quot;:&quot;&quot;,&quot;isLinked&quot;:true},&quot;element_pack_global_tooltip_border_radius_tablet&quot;:{&quot;unit&quot;:&quot;px&quot;,&quot;top&quot;:&quot;&quot;,&quot;right&quot;:&quot;&quot;,&quot;bottom&quot;:&quot;&quot;,&quot;left&quot;:&quot;&quot;,&quot;isLinked&quot;:true},&quot;element_pack_global_tooltip_border_radius_mobile&quot;:{&quot;unit&quot;:&quot;px&quot;,&quot;top&quot;:&quot;&quot;,&quot;right&quot;:&quot;&quot;,&quot;bottom&quot;:&quot;&quot;,&quot;left&quot;:&quot;&quot;,&quot;isLinked&quot;:true}}\" data-elementor-post-type=\"product\">\n\t\t\t\t<div class=\"elementor-element elementor-element-93aa4a8 e-con-full e-flex e-con e-parent\" data-id=\"93aa4a8\" data-element_type=\"container\" data-e-type=\"container\">\n\t\t\t\t<div class=\"elementor-element elementor-element-2c3f760 miaoshu elementor-widget elementor-widget-wd_text_block\" data-id=\"2c3f760\" data-element_type=\"widget\" data-e-type=\"widget\" data-widget_type=\"wd_text_block.default\">\n\t\t\t\t<div class=\"elementor-widget-container\">\n\t\t\t\t\t\t\t<div class=\"wd-text-block reset-last-child text-left\">\n\t\t\t\n\t\t\t<h2>Next Bricks (Brickscore): Mejora tu flujo de trabajo con Bricks Builder<\/h2>\n<p><strong>Ladrillos siguientes<\/strong>Brickscore, antes conocido como Brickscore, permite a los dise\u00f1adores y desarrolladores crear sitios de WordPress excepcionales utilizando Bricks Builder. Por ejemplo, este complemento premium introduce elementos \u00fanicos y funciones inteligentes que agilizan el proceso, para que puedas crear sitios web atractivos y de alto rendimiento r\u00e1pidamente. De este modo, obtendr\u00e1 resultados profesionales sin semanas de trabajo manual.<grok-card data-id=\"47ffa4\" data-type=\"citation_card\"><\/grok-card><grok-card data-id=\"66b6df\" data-type=\"citation_card\"><\/grok-card><\/p>\n\n<h3>Desbloquear elementos y funciones avanzadas<\/h3>\n<p>Con Next Bricks, tendr\u00e1 acceso a una amplia biblioteca de componentes personalizables, como controles deslizantes, men\u00fas, botones y efectos de fondo, todos ellos creados con controles nativos de Bricks. Adem\u00e1s, el plugin ofrece estilos din\u00e1micos, interacciones con el usuario y bucles de consulta para dise\u00f1os flexibles. Como resultado, sus sitios ganan en compromiso y velocidad \u00f3ptima.<grok-card data-id=\"3bedd7\" data-type=\"citation_card\"><\/grok-card><grok-card data-id=\"352c21\" data-type=\"citation_card\"><\/grok-card><\/p>\n\n<h3>Principales caracter\u00edsticas y ventajas<\/h3>\n<ul>\n    <li><strong>79+ Elementos Premium:<\/strong> Explore dise\u00f1os de primer nivel que incluyen desplegables inteligentes, l\u00edneas de tiempo y animaciones para organizar y visualizar sus construcciones de forma eficaz.<\/li>\n    <li><strong>Integraci\u00f3n perfecta:<\/strong> Los elementos se integran perfectamente con Bricks Builder, manteniendo un c\u00f3digo limpio y una carga r\u00e1pida para un rendimiento superior.<\/li>\n    <li><strong>Gesti\u00f3n de cuadros de mando:<\/strong> Gestione f\u00e1cilmente elementos y funciones desde su panel de control de WordPress, simplificando las actualizaciones y personalizaciones.<\/li>\n    <li><strong>Herramientas interactivas:<\/strong> Utilice Animator para l\u00edneas de tiempo infinitas y animaciones GSAP, adem\u00e1s de cambio de temas en directo para la creaci\u00f3n r\u00e1pida de prototipos.<\/li>\n<\/ul>\n\n<h3>Agilice el desarrollo e impulse la creatividad<\/h3>\n<p>Next Bricks transforma Bricks Builder en un completo conjunto de herramientas para la creaci\u00f3n r\u00e1pida de sitios web. Por ejemplo, los desarrolladores aprovechan los componentes pixel-perfect y la salida de c\u00f3digo m\u00ednimo para manejar proyectos complejos sin esfuerzo. Por lo tanto, usted se centra en la innovaci\u00f3n al tiempo que garantiza sitios web accesibles y con capacidad de respuesta que cautivan a los usuarios.<grok-card data-id=\"350372\" data-type=\"citation_card\"><\/grok-card><grok-card data-id=\"b5ffb7\" data-type=\"citation_card\"><\/grok-card><\/p>\n\n<h3>Eleve sus proyectos hoy mismo<\/h3>\n<p>Instale <strong>Ladrillos siguientes (Brickscore)<\/strong> ahora para liberar un potencial creativo sin fin en Bricks Builder. Al a\u00f1adir estas potentes herramientas, crear\u00e1s sitios din\u00e1micos de WordPress que destacar\u00e1n. \u00a1Empieza y revoluciona tu experiencia de construcci\u00f3n!<\/p>\n\t\t\t\t\t<\/div>\n\t\t\t\t\t\t<\/div>\n\t\t\t\t<\/div>\n\t\t\t\t<\/div>\n\t\t\t\t<\/div>","protected":false},"excerpt":{"rendered":"<p>Next Bricks (Brickscore): Supercharge Your Bricks Builder Workflow Next Bricks, formerly known as Brickscore, empowers designers and developers to create<\/p>","protected":false},"featured_media":9531,"comment_status":"open","ping_status":"closed","template":"","meta":{"_acf_changed":false},"product_brand":[],"product_cat":[49],"product_tag":[],"class_list":{"0":"post-9530","1":"product","2":"type-product","3":"status-publish","4":"has-post-thumbnail","6":"product_cat-plugins","8":"first","9":"instock","10":"downloadable","11":"shipping-taxable","12":"purchasable","13":"product-type-simple"},"acf":[],"yoast_head":"<!-- This site is optimized with the Yoast SEO Premium plugin v25.6 (Yoast SEO v27.1.1) - https:\/\/yoast.com\/product\/yoast-seo-premium-wordpress\/ -->\n<title>Next Bricks (Brickscore) - AllWin Theme \u2013 Free WordPress Themes Download<\/title>\n<meta name=\"description\" content=\"Enhance Bricks Builder with Next Bricks premium elements. Build stunning WordPress sites faster using smart features and customizable components.\" \/>\n<meta name=\"robots\" content=\"index, follow, max-snippet:-1, max-image-preview:large, max-video-preview:-1\" \/>\n<link rel=\"canonical\" href=\"https:\/\/allwintheme.com\/es\/producto\/ladrillos-siguientes-ladrilloscore\/\" \/>\n<meta property=\"og:locale\" content=\"es_ES\" \/>\n<meta property=\"og:type\" content=\"article\" \/>\n<meta property=\"og:title\" content=\"Next Bricks (Brickscore)\" \/>\n<meta property=\"og:description\" content=\"Enhance Bricks Builder with Next Bricks premium elements. Build stunning WordPress sites faster using smart features and customizable components.\" \/>\n<meta property=\"og:url\" content=\"https:\/\/allwintheme.com\/es\/producto\/ladrillos-siguientes-ladrilloscore\/\" \/>\n<meta property=\"og:site_name\" content=\"AllWin Theme \u2013 Free WordPress Themes Download\" \/>\n<meta property=\"article:modified_time\" content=\"2025-10-06T11:02:16+00:00\" \/>\n<meta property=\"og:image\" content=\"https:\/\/allwintheme.com\/wp-content\/uploads\/2025\/10\/f0uiizx6.png\" \/>\n\t<meta property=\"og:image:width\" content=\"590\" \/>\n\t<meta property=\"og:image:height\" content=\"300\" \/>\n\t<meta property=\"og:image:type\" content=\"image\/png\" \/>\n<meta name=\"twitter:card\" content=\"summary_large_image\" \/>\n<meta name=\"twitter:label1\" content=\"Tiempo estimado de lectura\" \/>\n\t<meta name=\"twitter:data1\" content=\"2 minutos\" \/>\n<script type=\"application\/ld+json\" class=\"yoast-schema-graph\">{\"@context\":\"https:\/\/schema.org\",\"@graph\":[{\"@type\":\"WebPage\",\"@id\":\"https:\/\/allwintheme.com\/product\/next-bricks-brickscore\/\",\"url\":\"https:\/\/allwintheme.com\/product\/next-bricks-brickscore\/\",\"name\":\"Next Bricks (Brickscore) - AllWin Theme \u2013 Free WordPress Themes Download\",\"isPartOf\":{\"@id\":\"https:\/\/allwintheme.com\/#website\"},\"primaryImageOfPage\":{\"@id\":\"https:\/\/allwintheme.com\/product\/next-bricks-brickscore\/#primaryimage\"},\"image\":{\"@id\":\"https:\/\/allwintheme.com\/product\/next-bricks-brickscore\/#primaryimage\"},\"thumbnailUrl\":\"https:\/\/allwintheme.com\/wp-content\/uploads\/2025\/10\/f0uiizx6.png\",\"datePublished\":\"2025-10-06T10:56:48+00:00\",\"dateModified\":\"2025-10-06T11:02:16+00:00\",\"description\":\"Enhance Bricks Builder with Next Bricks premium elements. Build stunning WordPress sites faster using smart features and customizable components.\",\"breadcrumb\":{\"@id\":\"https:\/\/allwintheme.com\/product\/next-bricks-brickscore\/#breadcrumb\"},\"inLanguage\":\"es-CL\",\"potentialAction\":[{\"@type\":\"ReadAction\",\"target\":[\"https:\/\/allwintheme.com\/product\/next-bricks-brickscore\/\"]}]},{\"@type\":\"ImageObject\",\"inLanguage\":\"es-CL\",\"@id\":\"https:\/\/allwintheme.com\/product\/next-bricks-brickscore\/#primaryimage\",\"url\":\"https:\/\/allwintheme.com\/wp-content\/uploads\/2025\/10\/f0uiizx6.png\",\"contentUrl\":\"https:\/\/allwintheme.com\/wp-content\/uploads\/2025\/10\/f0uiizx6.png\",\"width\":590,\"height\":300,\"caption\":\"Next Bricks (Brickscore)\"},{\"@type\":\"BreadcrumbList\",\"@id\":\"https:\/\/allwintheme.com\/product\/next-bricks-brickscore\/#breadcrumb\",\"itemListElement\":[{\"@type\":\"ListItem\",\"position\":1,\"name\":\"Home\",\"item\":\"https:\/\/allwintheme.com\/\"},{\"@type\":\"ListItem\",\"position\":2,\"name\":\"Shop\",\"item\":\"https:\/\/allwintheme.com\/shop\/\"},{\"@type\":\"ListItem\",\"position\":3,\"name\":\"Next Bricks (Brickscore)\"}]},{\"@type\":\"WebSite\",\"@id\":\"https:\/\/allwintheme.com\/#website\",\"url\":\"https:\/\/allwintheme.com\/\",\"name\":\"Allwintheme\",\"description\":\"Download free WordPress themes for every niche. Blogs, business, eCommerce, portfolio, restaurant and more. All themes are GPL licensed and mobile-ready.\",\"potentialAction\":[{\"@type\":\"SearchAction\",\"target\":{\"@type\":\"EntryPoint\",\"urlTemplate\":\"https:\/\/allwintheme.com\/?s={search_term_string}\"},\"query-input\":{\"@type\":\"PropertyValueSpecification\",\"valueRequired\":true,\"valueName\":\"search_term_string\"}}],\"inLanguage\":\"es-CL\"}]}<\/script>\n<!-- \/ Yoast SEO Premium plugin. -->","yoast_head_json":{"title":"Next Bricks (Brickscore) - AllWin Theme \u2013 Free WordPress Themes Download","description":"Mejora Bricks Builder con los elementos premium de Next Bricks. Construye impresionantes sitios de WordPress m\u00e1s r\u00e1pido utilizando funciones inteligentes y componentes personalizables.","robots":{"index":"index","follow":"follow","max-snippet":"max-snippet:-1","max-image-preview":"max-image-preview:large","max-video-preview":"max-video-preview:-1"},"canonical":"https:\/\/allwintheme.com\/es\/producto\/ladrillos-siguientes-ladrilloscore\/","og_locale":"es_ES","og_type":"article","og_title":"Next Bricks (Brickscore)","og_description":"Enhance Bricks Builder with Next Bricks premium elements. Build stunning WordPress sites faster using smart features and customizable components.","og_url":"https:\/\/allwintheme.com\/es\/producto\/ladrillos-siguientes-ladrilloscore\/","og_site_name":"AllWin Theme \u2013 Free WordPress Themes Download","article_modified_time":"2025-10-06T11:02:16+00:00","og_image":[{"width":590,"height":300,"url":"https:\/\/allwintheme.com\/wp-content\/uploads\/2025\/10\/f0uiizx6.png","type":"image\/png"}],"twitter_card":"summary_large_image","twitter_misc":{"Tiempo estimado de lectura":"2 minutos"},"schema":{"@context":"https:\/\/schema.org","@graph":[{"@type":"WebPage","@id":"https:\/\/allwintheme.com\/product\/next-bricks-brickscore\/","url":"https:\/\/allwintheme.com\/product\/next-bricks-brickscore\/","name":"Next Bricks (Brickscore) - AllWin Theme \u2013 Free WordPress Themes Download","isPartOf":{"@id":"https:\/\/allwintheme.com\/#website"},"primaryImageOfPage":{"@id":"https:\/\/allwintheme.com\/product\/next-bricks-brickscore\/#primaryimage"},"image":{"@id":"https:\/\/allwintheme.com\/product\/next-bricks-brickscore\/#primaryimage"},"thumbnailUrl":"https:\/\/allwintheme.com\/wp-content\/uploads\/2025\/10\/f0uiizx6.png","datePublished":"2025-10-06T10:56:48+00:00","dateModified":"2025-10-06T11:02:16+00:00","description":"Mejora Bricks Builder con los elementos premium de Next Bricks. Construye impresionantes sitios de WordPress m\u00e1s r\u00e1pido utilizando funciones inteligentes y componentes personalizables.","breadcrumb":{"@id":"https:\/\/allwintheme.com\/product\/next-bricks-brickscore\/#breadcrumb"},"inLanguage":"es-CL","potentialAction":[{"@type":"ReadAction","target":["https:\/\/allwintheme.com\/product\/next-bricks-brickscore\/"]}]},{"@type":"ImageObject","inLanguage":"es-CL","@id":"https:\/\/allwintheme.com\/product\/next-bricks-brickscore\/#primaryimage","url":"https:\/\/allwintheme.com\/wp-content\/uploads\/2025\/10\/f0uiizx6.png","contentUrl":"https:\/\/allwintheme.com\/wp-content\/uploads\/2025\/10\/f0uiizx6.png","width":590,"height":300,"caption":"Next Bricks (Brickscore)"},{"@type":"BreadcrumbList","@id":"https:\/\/allwintheme.com\/product\/next-bricks-brickscore\/#breadcrumb","itemListElement":[{"@type":"ListItem","position":1,"name":"Home","item":"https:\/\/allwintheme.com\/"},{"@type":"ListItem","position":2,"name":"Shop","item":"https:\/\/allwintheme.com\/shop\/"},{"@type":"ListItem","position":3,"name":"Next Bricks (Brickscore)"}]},{"@type":"WebSite","@id":"https:\/\/allwintheme.com\/#website","url":"https:\/\/allwintheme.com\/","name":"Allwintheme","description":"Descarga gratis temas de WordPress para todos los nichos. Blogs, negocios, comercio electr\u00f3nico, portafolio, restaurante y m\u00e1s. Todos los temas tienen licencia GPL y est\u00e1n preparados para dispositivos m\u00f3viles.","potentialAction":[{"@type":"SearchAction","target":{"@type":"EntryPoint","urlTemplate":"https:\/\/allwintheme.com\/?s={search_term_string}"},"query-input":{"@type":"PropertyValueSpecification","valueRequired":true,"valueName":"search_term_string"}}],"inLanguage":"es-CL"}]}},"_links":{"self":[{"href":"https:\/\/allwintheme.com\/es\/wp-json\/wp\/v2\/product\/9530","targetHints":{"allow":["GET"]}}],"collection":[{"href":"https:\/\/allwintheme.com\/es\/wp-json\/wp\/v2\/product"}],"about":[{"href":"https:\/\/allwintheme.com\/es\/wp-json\/wp\/v2\/types\/product"}],"replies":[{"embeddable":true,"href":"https:\/\/allwintheme.com\/es\/wp-json\/wp\/v2\/comments?post=9530"}],"version-history":[{"count":6,"href":"https:\/\/allwintheme.com\/es\/wp-json\/wp\/v2\/product\/9530\/revisions"}],"predecessor-version":[{"id":9537,"href":"https:\/\/allwintheme.com\/es\/wp-json\/wp\/v2\/product\/9530\/revisions\/9537"}],"wp:featuredmedia":[{"embeddable":true,"href":"https:\/\/allwintheme.com\/es\/wp-json\/wp\/v2\/media\/9531"}],"wp:attachment":[{"href":"https:\/\/allwintheme.com\/es\/wp-json\/wp\/v2\/media?parent=9530"}],"wp:term":[{"taxonomy":"product_brand","embeddable":true,"href":"https:\/\/allwintheme.com\/es\/wp-json\/wp\/v2\/product_brand?post=9530"},{"taxonomy":"product_cat","embeddable":true,"href":"https:\/\/allwintheme.com\/es\/wp-json\/wp\/v2\/product_cat?post=9530"},{"taxonomy":"product_tag","embeddable":true,"href":"https:\/\/allwintheme.com\/es\/wp-json\/wp\/v2\/product_tag?post=9530"}],"curies":[{"name":"wp","href":"https:\/\/api.w.org\/{rel}","templated":true}]}}