{"id":9538,"date":"2025-10-06T11:02:41","date_gmt":"2025-10-06T11:02:41","guid":{"rendered":"https:\/\/allwintheme.com\/?post_type=product&#038;p=9538"},"modified":"2025-10-06T11:06:42","modified_gmt":"2025-10-06T11:06:42","slug":"gutenkit-bloques-pro","status":"publish","type":"product","link":"https:\/\/allwintheme.com\/es\/producto\/gutenkit-bloques-pro\/","title":{"rendered":"GutenKit Bloques Pro"},"content":{"rendered":"<div data-elementor-type=\"wp-post\" data-elementor-id=\"9538\" class=\"elementor elementor-9538\" data-elementor-settings=\"{&quot;element_pack_global_tooltip_width&quot;:{&quot;unit&quot;:&quot;px&quot;,&quot;size&quot;:&quot;&quot;,&quot;sizes&quot;:[]},&quot;element_pack_global_tooltip_width_tablet&quot;:{&quot;unit&quot;:&quot;px&quot;,&quot;size&quot;:&quot;&quot;,&quot;sizes&quot;:[]},&quot;element_pack_global_tooltip_width_mobile&quot;:{&quot;unit&quot;:&quot;px&quot;,&quot;size&quot;:&quot;&quot;,&quot;sizes&quot;:[]},&quot;element_pack_global_tooltip_padding&quot;:{&quot;unit&quot;:&quot;px&quot;,&quot;top&quot;:&quot;&quot;,&quot;right&quot;:&quot;&quot;,&quot;bottom&quot;:&quot;&quot;,&quot;left&quot;:&quot;&quot;,&quot;isLinked&quot;:true},&quot;element_pack_global_tooltip_padding_tablet&quot;:{&quot;unit&quot;:&quot;px&quot;,&quot;top&quot;:&quot;&quot;,&quot;right&quot;:&quot;&quot;,&quot;bottom&quot;:&quot;&quot;,&quot;left&quot;:&quot;&quot;,&quot;isLinked&quot;:true},&quot;element_pack_global_tooltip_padding_mobile&quot;:{&quot;unit&quot;:&quot;px&quot;,&quot;top&quot;:&quot;&quot;,&quot;right&quot;:&quot;&quot;,&quot;bottom&quot;:&quot;&quot;,&quot;left&quot;:&quot;&quot;,&quot;isLinked&quot;:true},&quot;element_pack_global_tooltip_border_radius&quot;:{&quot;unit&quot;:&quot;px&quot;,&quot;top&quot;:&quot;&quot;,&quot;right&quot;:&quot;&quot;,&quot;bottom&quot;:&quot;&quot;,&quot;left&quot;:&quot;&quot;,&quot;isLinked&quot;:true},&quot;element_pack_global_tooltip_border_radius_tablet&quot;:{&quot;unit&quot;:&quot;px&quot;,&quot;top&quot;:&quot;&quot;,&quot;right&quot;:&quot;&quot;,&quot;bottom&quot;:&quot;&quot;,&quot;left&quot;:&quot;&quot;,&quot;isLinked&quot;:true},&quot;element_pack_global_tooltip_border_radius_mobile&quot;:{&quot;unit&quot;:&quot;px&quot;,&quot;top&quot;:&quot;&quot;,&quot;right&quot;:&quot;&quot;,&quot;bottom&quot;:&quot;&quot;,&quot;left&quot;:&quot;&quot;,&quot;isLinked&quot;:true}}\" data-elementor-post-type=\"product\">\n\t\t\t\t<div class=\"elementor-element elementor-element-93aa4a8 e-con-full e-flex e-con e-parent\" data-id=\"93aa4a8\" data-element_type=\"container\" data-e-type=\"container\">\n\t\t\t\t<div class=\"elementor-element elementor-element-2c3f760 miaoshu elementor-widget elementor-widget-wd_text_block\" data-id=\"2c3f760\" data-element_type=\"widget\" data-e-type=\"widget\" data-widget_type=\"wd_text_block.default\">\n\t\t\t\t<div class=\"elementor-widget-container\">\n\t\t\t\t\t\t\t<div class=\"wd-text-block reset-last-child text-left\">\n\t\t\t\n\t\t\t<h2>GutenKit Bloques Pro: Revoluciona tu edici\u00f3n en Gutenberg<\/h2>\n<p><strong>GutenKit Bloques Pro<\/strong> sobrecarga el editor Gutenberg de WordPress con m\u00f3dulos y bloques profesionales avanzados para que puedas crear sitios web profesionales sin necesidad de programar. Por ejemplo, los desarrolladores y dise\u00f1adores aprovechan activamente funciones como los mega men\u00fas y los constructores de consultas para crear dise\u00f1os din\u00e1micos y adaptables. En consecuencia, este plugin transforma la edici\u00f3n b\u00e1sica de bloques en una potente experiencia de creaci\u00f3n de p\u00e1ginas.<grok-card data-id=\"d5693f\" data-type=\"citation_card\"><\/grok-card><grok-card data-id=\"fd23b3\" data-type=\"citation_card\"><\/grok-card><\/p>\n\n<h3>Personalizaci\u00f3n avanzada de bloques<\/h3>\n<p>Con GutenKit Blocks Pro, tendr\u00e1s acceso a m\u00e1s de 18 bloques profesionales, incluidos deslizadores interactivos, tablas de precios y acordeones avanzados, que permiten crear contenidos sin interrupciones. Adem\u00e1s, el constructor de bucle de consulta le permite mostrar visualmente entradas o p\u00e1ginas en cuadr\u00edculas o deslizadores, ordenados por taxonom\u00eda o meta campos. Como resultado, podr\u00e1 crear sitios ricos en funciones que se cargan m\u00e1s r\u00e1pido y se posicionan mejor en los motores de b\u00fasqueda.<grok-card data-id=\"287328\" data-type=\"citation_card\"><\/grok-card><grok-card data-id=\"fe4486\" data-type=\"citation_card\"><\/grok-card><\/p>\n\n<h3>Principales caracter\u00edsticas y ventajas<\/h3>\n<ul>\n    <li><strong>Biblioteca Pro Blocks:<\/strong> Utilice elementos avanzados como contenido din\u00e1mico, efectos de paralaje y animaciones en movimiento para mejorar el atractivo visual.<\/li>\n    <li><strong>Mega Menu Builder:<\/strong> Integre bloques como carruseles o pesta\u00f1as directamente en la navegaci\u00f3n para ofrecer experiencias de usuario intuitivas.<grok-card data-id=\"be7b1b\" data-type=\"citation_card\"><\/grok-card><\/li>\n    <li><strong>Puntos de interrupci\u00f3n personalizados:<\/strong> A\u00f1ada controles adaptables para m\u00f3viles, tabletas y ordenadores de sobremesa, garantizando una perfecta adaptabilidad en todos los dispositivos.<\/li>\n    <li><strong>M\u00e1s de 900 plantillas:<\/strong> Empiece a dise\u00f1ar con patrones predefinidos compatibles con la edici\u00f3n completa del sitio (FSE) para cabeceras, pies de p\u00e1gina y mucho m\u00e1s.<\/li>\n    <li><strong>Optimizaci\u00f3n del rendimiento:<\/strong> Habilita s\u00f3lo los bloques necesarios para minimizar los tiempos de carga y potenciar el SEO con la compatibilidad Yoast.<\/li>\n<\/ul>\n\n<h3>Agilice la creaci\u00f3n de su sitio web<\/h3>\n<p>GutenKit Blocks Pro elimina las tareas repetitivas ofreciendo flexibilidad de arrastrar y soltar e integraci\u00f3n total con el editor del sitio. Por ejemplo, los profesionales del marketing pueden configurar r\u00e1pidamente tablas de precios o testimonios para impulsar las conversiones. Por lo tanto, usted se centra en la creatividad, mientras que el plugin se encarga de los detalles t\u00e9cnicos, en \u00faltima instancia, la entrega de sitios ligeros y de alto rendimiento.<grok-card data-id=\"ea2f61\" data-type=\"citation_card\"><\/grok-card><grok-card data-id=\"021f77\" data-type=\"citation_card\"><\/grok-card><\/p>\n\n<h3>Actualice a GutenKit Blocks Pro hoy mismo<\/h3>\n<p>Eleve sus proyectos de WordPress con <strong>GutenKit Bloques Pro<\/strong>. Al desbloquear funciones profesionales como la inserci\u00f3n din\u00e1mica de datos de entrada y el posicionamiento personalizado, crear\u00e1 sitios web cautivadores y f\u00e1ciles de usar. Inst\u00e1lelo ahora y disfrute de una creaci\u00f3n m\u00e1s r\u00e1pida y sin c\u00f3digo.<grok-card data-id=\"3fd412\" data-type=\"citation_card\"><\/grok-card><\/p>\n\t\t\t\t\t<\/div>\n\t\t\t\t\t\t<\/div>\n\t\t\t\t<\/div>\n\t\t\t\t<\/div>\n\t\t\t\t<\/div>","protected":false},"excerpt":{"rendered":"<p>GutenKit Blocks Pro: Revolutionize Your Gutenberg Editing GutenKit Blocks Pro supercharges the WordPress Gutenberg editor with advanced pro blocks and<\/p>","protected":false},"featured_media":9539,"comment_status":"open","ping_status":"closed","template":"","meta":{"_acf_changed":false},"product_brand":[],"product_cat":[49],"product_tag":[],"class_list":{"0":"post-9538","1":"product","2":"type-product","3":"status-publish","4":"has-post-thumbnail","6":"product_cat-plugins","8":"first","9":"instock","10":"sale","11":"downloadable","12":"shipping-taxable","13":"purchasable","14":"product-type-simple"},"acf":[],"yoast_head":"<!-- This site is optimized with the Yoast SEO Premium plugin v25.6 (Yoast SEO v27.1.1) - https:\/\/yoast.com\/product\/yoast-seo-premium-wordpress\/ -->\n<title>GutenKit Blocks Pro - AllWin Theme \u2013 Free WordPress Themes Download<\/title>\n<meta name=\"description\" content=\"Build stunning WordPress sites 10x faster with GutenKit Blocks Pro. Unlock pro Gutenberg blocks, dynamic content, and templates for zero-coding design.\" \/>\n<meta name=\"robots\" content=\"index, follow, max-snippet:-1, max-image-preview:large, max-video-preview:-1\" \/>\n<link rel=\"canonical\" href=\"https:\/\/allwintheme.com\/es\/producto\/gutenkit-bloques-pro\/\" \/>\n<meta property=\"og:locale\" content=\"es_ES\" \/>\n<meta property=\"og:type\" content=\"article\" \/>\n<meta property=\"og:title\" content=\"GutenKit Blocks Pro\" \/>\n<meta property=\"og:description\" content=\"Build stunning WordPress sites 10x faster with GutenKit Blocks Pro. Unlock pro Gutenberg blocks, dynamic content, and templates for zero-coding design.\" \/>\n<meta property=\"og:url\" content=\"https:\/\/allwintheme.com\/es\/producto\/gutenkit-bloques-pro\/\" \/>\n<meta property=\"og:site_name\" content=\"AllWin Theme \u2013 Free WordPress Themes Download\" \/>\n<meta property=\"article:modified_time\" content=\"2025-10-06T11:06:42+00:00\" \/>\n<meta property=\"og:image\" content=\"https:\/\/allwintheme.com\/wp-content\/uploads\/2025\/10\/cpb50own.png\" \/>\n\t<meta property=\"og:image:width\" content=\"590\" \/>\n\t<meta property=\"og:image:height\" content=\"300\" \/>\n\t<meta property=\"og:image:type\" content=\"image\/png\" \/>\n<meta name=\"twitter:card\" content=\"summary_large_image\" \/>\n<meta name=\"twitter:label1\" content=\"Tiempo estimado de lectura\" \/>\n\t<meta name=\"twitter:data1\" content=\"2 minutos\" \/>\n<script type=\"application\/ld+json\" class=\"yoast-schema-graph\">{\"@context\":\"https:\/\/schema.org\",\"@graph\":[{\"@type\":\"WebPage\",\"@id\":\"https:\/\/allwintheme.com\/product\/gutenkit-blocks-pro\/\",\"url\":\"https:\/\/allwintheme.com\/product\/gutenkit-blocks-pro\/\",\"name\":\"GutenKit Blocks Pro - AllWin Theme \u2013 Free WordPress Themes Download\",\"isPartOf\":{\"@id\":\"https:\/\/allwintheme.com\/#website\"},\"primaryImageOfPage\":{\"@id\":\"https:\/\/allwintheme.com\/product\/gutenkit-blocks-pro\/#primaryimage\"},\"image\":{\"@id\":\"https:\/\/allwintheme.com\/product\/gutenkit-blocks-pro\/#primaryimage\"},\"thumbnailUrl\":\"https:\/\/allwintheme.com\/wp-content\/uploads\/2025\/10\/cpb50own.png\",\"datePublished\":\"2025-10-06T11:02:41+00:00\",\"dateModified\":\"2025-10-06T11:06:42+00:00\",\"description\":\"Build stunning WordPress sites 10x faster with GutenKit Blocks Pro. Unlock pro Gutenberg blocks, dynamic content, and templates for zero-coding design.\",\"breadcrumb\":{\"@id\":\"https:\/\/allwintheme.com\/product\/gutenkit-blocks-pro\/#breadcrumb\"},\"inLanguage\":\"es-CL\",\"potentialAction\":[{\"@type\":\"ReadAction\",\"target\":[\"https:\/\/allwintheme.com\/product\/gutenkit-blocks-pro\/\"]}]},{\"@type\":\"ImageObject\",\"inLanguage\":\"es-CL\",\"@id\":\"https:\/\/allwintheme.com\/product\/gutenkit-blocks-pro\/#primaryimage\",\"url\":\"https:\/\/allwintheme.com\/wp-content\/uploads\/2025\/10\/cpb50own.png\",\"contentUrl\":\"https:\/\/allwintheme.com\/wp-content\/uploads\/2025\/10\/cpb50own.png\",\"width\":590,\"height\":300,\"caption\":\"GutenKit Blocks Pro\"},{\"@type\":\"BreadcrumbList\",\"@id\":\"https:\/\/allwintheme.com\/product\/gutenkit-blocks-pro\/#breadcrumb\",\"itemListElement\":[{\"@type\":\"ListItem\",\"position\":1,\"name\":\"Home\",\"item\":\"https:\/\/allwintheme.com\/\"},{\"@type\":\"ListItem\",\"position\":2,\"name\":\"Shop\",\"item\":\"https:\/\/allwintheme.com\/shop\/\"},{\"@type\":\"ListItem\",\"position\":3,\"name\":\"GutenKit Blocks Pro\"}]},{\"@type\":\"WebSite\",\"@id\":\"https:\/\/allwintheme.com\/#website\",\"url\":\"https:\/\/allwintheme.com\/\",\"name\":\"Allwintheme\",\"description\":\"Download free WordPress themes for every niche. Blogs, business, eCommerce, portfolio, restaurant and more. All themes are GPL licensed and mobile-ready.\",\"potentialAction\":[{\"@type\":\"SearchAction\",\"target\":{\"@type\":\"EntryPoint\",\"urlTemplate\":\"https:\/\/allwintheme.com\/?s={search_term_string}\"},\"query-input\":{\"@type\":\"PropertyValueSpecification\",\"valueRequired\":true,\"valueName\":\"search_term_string\"}}],\"inLanguage\":\"es-CL\"}]}<\/script>\n<!-- \/ Yoast SEO Premium plugin. -->","yoast_head_json":{"title":"GutenKit Blocks Pro - AllWin Theme - Free WordPress Themes Download","description":"Construye impresionantes sitios de WordPress 10 veces m\u00e1s r\u00e1pido con GutenKit Blocks Pro. Desbloquea bloques pro Gutenberg, contenido din\u00e1mico y plantillas para un dise\u00f1o sin c\u00f3digo.","robots":{"index":"index","follow":"follow","max-snippet":"max-snippet:-1","max-image-preview":"max-image-preview:large","max-video-preview":"max-video-preview:-1"},"canonical":"https:\/\/allwintheme.com\/es\/producto\/gutenkit-bloques-pro\/","og_locale":"es_ES","og_type":"article","og_title":"GutenKit Blocks Pro","og_description":"Build stunning WordPress sites 10x faster with GutenKit Blocks Pro. Unlock pro Gutenberg blocks, dynamic content, and templates for zero-coding design.","og_url":"https:\/\/allwintheme.com\/es\/producto\/gutenkit-bloques-pro\/","og_site_name":"AllWin Theme \u2013 Free WordPress Themes Download","article_modified_time":"2025-10-06T11:06:42+00:00","og_image":[{"width":590,"height":300,"url":"https:\/\/allwintheme.com\/wp-content\/uploads\/2025\/10\/cpb50own.png","type":"image\/png"}],"twitter_card":"summary_large_image","twitter_misc":{"Tiempo estimado de lectura":"2 minutos"},"schema":{"@context":"https:\/\/schema.org","@graph":[{"@type":"WebPage","@id":"https:\/\/allwintheme.com\/product\/gutenkit-blocks-pro\/","url":"https:\/\/allwintheme.com\/product\/gutenkit-blocks-pro\/","name":"GutenKit Blocks Pro - AllWin Theme - Free WordPress Themes Download","isPartOf":{"@id":"https:\/\/allwintheme.com\/#website"},"primaryImageOfPage":{"@id":"https:\/\/allwintheme.com\/product\/gutenkit-blocks-pro\/#primaryimage"},"image":{"@id":"https:\/\/allwintheme.com\/product\/gutenkit-blocks-pro\/#primaryimage"},"thumbnailUrl":"https:\/\/allwintheme.com\/wp-content\/uploads\/2025\/10\/cpb50own.png","datePublished":"2025-10-06T11:02:41+00:00","dateModified":"2025-10-06T11:06:42+00:00","description":"Construye impresionantes sitios de WordPress 10 veces m\u00e1s r\u00e1pido con GutenKit Blocks Pro. Desbloquea bloques pro Gutenberg, contenido din\u00e1mico y plantillas para un dise\u00f1o sin c\u00f3digo.","breadcrumb":{"@id":"https:\/\/allwintheme.com\/product\/gutenkit-blocks-pro\/#breadcrumb"},"inLanguage":"es-CL","potentialAction":[{"@type":"ReadAction","target":["https:\/\/allwintheme.com\/product\/gutenkit-blocks-pro\/"]}]},{"@type":"ImageObject","inLanguage":"es-CL","@id":"https:\/\/allwintheme.com\/product\/gutenkit-blocks-pro\/#primaryimage","url":"https:\/\/allwintheme.com\/wp-content\/uploads\/2025\/10\/cpb50own.png","contentUrl":"https:\/\/allwintheme.com\/wp-content\/uploads\/2025\/10\/cpb50own.png","width":590,"height":300,"caption":"GutenKit Blocks Pro"},{"@type":"BreadcrumbList","@id":"https:\/\/allwintheme.com\/product\/gutenkit-blocks-pro\/#breadcrumb","itemListElement":[{"@type":"ListItem","position":1,"name":"Home","item":"https:\/\/allwintheme.com\/"},{"@type":"ListItem","position":2,"name":"Shop","item":"https:\/\/allwintheme.com\/shop\/"},{"@type":"ListItem","position":3,"name":"GutenKit Blocks Pro"}]},{"@type":"WebSite","@id":"https:\/\/allwintheme.com\/#website","url":"https:\/\/allwintheme.com\/","name":"Allwintheme","description":"Descarga gratis temas de WordPress para todos los nichos. Blogs, negocios, comercio electr\u00f3nico, portafolio, restaurante y m\u00e1s. Todos los temas tienen licencia GPL y est\u00e1n preparados para dispositivos m\u00f3viles.","potentialAction":[{"@type":"SearchAction","target":{"@type":"EntryPoint","urlTemplate":"https:\/\/allwintheme.com\/?s={search_term_string}"},"query-input":{"@type":"PropertyValueSpecification","valueRequired":true,"valueName":"search_term_string"}}],"inLanguage":"es-CL"}]}},"_links":{"self":[{"href":"https:\/\/allwintheme.com\/es\/wp-json\/wp\/v2\/product\/9538","targetHints":{"allow":["GET"]}}],"collection":[{"href":"https:\/\/allwintheme.com\/es\/wp-json\/wp\/v2\/product"}],"about":[{"href":"https:\/\/allwintheme.com\/es\/wp-json\/wp\/v2\/types\/product"}],"replies":[{"embeddable":true,"href":"https:\/\/allwintheme.com\/es\/wp-json\/wp\/v2\/comments?post=9538"}],"version-history":[{"count":5,"href":"https:\/\/allwintheme.com\/es\/wp-json\/wp\/v2\/product\/9538\/revisions"}],"predecessor-version":[{"id":9544,"href":"https:\/\/allwintheme.com\/es\/wp-json\/wp\/v2\/product\/9538\/revisions\/9544"}],"wp:featuredmedia":[{"embeddable":true,"href":"https:\/\/allwintheme.com\/es\/wp-json\/wp\/v2\/media\/9539"}],"wp:attachment":[{"href":"https:\/\/allwintheme.com\/es\/wp-json\/wp\/v2\/media?parent=9538"}],"wp:term":[{"taxonomy":"product_brand","embeddable":true,"href":"https:\/\/allwintheme.com\/es\/wp-json\/wp\/v2\/product_brand?post=9538"},{"taxonomy":"product_cat","embeddable":true,"href":"https:\/\/allwintheme.com\/es\/wp-json\/wp\/v2\/product_cat?post=9538"},{"taxonomy":"product_tag","embeddable":true,"href":"https:\/\/allwintheme.com\/es\/wp-json\/wp\/v2\/product_tag?post=9538"}],"curies":[{"name":"wp","href":"https:\/\/api.w.org\/{rel}","templated":true}]}}