{"id":9573,"date":"2025-10-06T11:32:41","date_gmt":"2025-10-06T11:32:41","guid":{"rendered":"https:\/\/allwintheme.com\/?post_type=product&#038;p=9573"},"modified":"2025-10-06T11:36:22","modified_gmt":"2025-10-06T11:36:22","slug":"boletin-matasellos-entrega-addon","status":"publish","type":"product","link":"https:\/\/allwintheme.com\/es\/producto\/boletin-matasellos-entrega-addon\/","title":{"rendered":"Bolet\u00edn de noticias PostMark Delivery Addon"},"content":{"rendered":"<div data-elementor-type=\"wp-post\" data-elementor-id=\"9573\" class=\"elementor elementor-9573\" data-elementor-settings=\"{&quot;element_pack_global_tooltip_width&quot;:{&quot;unit&quot;:&quot;px&quot;,&quot;size&quot;:&quot;&quot;,&quot;sizes&quot;:[]},&quot;element_pack_global_tooltip_width_tablet&quot;:{&quot;unit&quot;:&quot;px&quot;,&quot;size&quot;:&quot;&quot;,&quot;sizes&quot;:[]},&quot;element_pack_global_tooltip_width_mobile&quot;:{&quot;unit&quot;:&quot;px&quot;,&quot;size&quot;:&quot;&quot;,&quot;sizes&quot;:[]},&quot;element_pack_global_tooltip_padding&quot;:{&quot;unit&quot;:&quot;px&quot;,&quot;top&quot;:&quot;&quot;,&quot;right&quot;:&quot;&quot;,&quot;bottom&quot;:&quot;&quot;,&quot;left&quot;:&quot;&quot;,&quot;isLinked&quot;:true},&quot;element_pack_global_tooltip_padding_tablet&quot;:{&quot;unit&quot;:&quot;px&quot;,&quot;top&quot;:&quot;&quot;,&quot;right&quot;:&quot;&quot;,&quot;bottom&quot;:&quot;&quot;,&quot;left&quot;:&quot;&quot;,&quot;isLinked&quot;:true},&quot;element_pack_global_tooltip_padding_mobile&quot;:{&quot;unit&quot;:&quot;px&quot;,&quot;top&quot;:&quot;&quot;,&quot;right&quot;:&quot;&quot;,&quot;bottom&quot;:&quot;&quot;,&quot;left&quot;:&quot;&quot;,&quot;isLinked&quot;:true},&quot;element_pack_global_tooltip_border_radius&quot;:{&quot;unit&quot;:&quot;px&quot;,&quot;top&quot;:&quot;&quot;,&quot;right&quot;:&quot;&quot;,&quot;bottom&quot;:&quot;&quot;,&quot;left&quot;:&quot;&quot;,&quot;isLinked&quot;:true},&quot;element_pack_global_tooltip_border_radius_tablet&quot;:{&quot;unit&quot;:&quot;px&quot;,&quot;top&quot;:&quot;&quot;,&quot;right&quot;:&quot;&quot;,&quot;bottom&quot;:&quot;&quot;,&quot;left&quot;:&quot;&quot;,&quot;isLinked&quot;:true},&quot;element_pack_global_tooltip_border_radius_mobile&quot;:{&quot;unit&quot;:&quot;px&quot;,&quot;top&quot;:&quot;&quot;,&quot;right&quot;:&quot;&quot;,&quot;bottom&quot;:&quot;&quot;,&quot;left&quot;:&quot;&quot;,&quot;isLinked&quot;:true}}\" data-elementor-post-type=\"product\">\n\t\t\t\t<div class=\"elementor-element elementor-element-93aa4a8 e-con-full e-flex e-con e-parent\" data-id=\"93aa4a8\" data-element_type=\"container\" data-e-type=\"container\">\n\t\t\t\t<div class=\"elementor-element elementor-element-2c3f760 miaoshu elementor-widget elementor-widget-wd_text_block\" data-id=\"2c3f760\" data-element_type=\"widget\" data-e-type=\"widget\" data-widget_type=\"wd_text_block.default\">\n\t\t\t\t<div class=\"elementor-widget-container\">\n\t\t\t\t\t\t\t<div class=\"wd-text-block reset-last-child text-left\">\n\t\t\t\n\t\t\t<h2>Bolet\u00edn PostMark Delivery Addon: Entrega fiable de correo electr\u00f3nico para sus campa\u00f1as<\/h2>\n<p>En <strong>Bolet\u00edn de noticias PostMark Delivery Addon<\/strong> se integra a la perfecci\u00f3n con el plugin Newsletter y el servicio de entrega de correo de Postmark. Por ejemplo, los propietarios de sitios se conectan a trav\u00e9s de un simple token API desde su consola Postmark, sustituyendo la funci\u00f3n de correo est\u00e1ndar de WordPress para un rendimiento superior.<grok-card data-id=\"b4fdb9\" data-type=\"citation_card\"><\/grok-card> De este modo, sus boletines, correos de bienvenida y comunicaciones llegan a los suscriptores de forma fiable, mejorando la capacidad de entrega y protegiendo su reputaci\u00f3n de remitente.<grok-card data-id=\"89c779\" data-type=\"citation_card\"><\/grok-card><\/p>\n\n<h3>Instalaci\u00f3n e integraci\u00f3n sin esfuerzo<\/h3>\n<p>Los usuarios se registran activamente en Postmark, validan su correo electr\u00f3nico o dominio e introducen el token de la API en la configuraci\u00f3n del complemento. Adem\u00e1s, el complemento configura autom\u00e1ticamente webhooks para notificaciones sobre rebotes, quejas de spam o cancelaciones de suscripci\u00f3n, lo que garantiza una gesti\u00f3n proactiva.<grok-card data-id=\"45829f\" data-type=\"citation_card\"><\/grok-card> Como resultado, podr\u00e1 controlar y responder a los problemas directamente desde el panel de control de WordPress sin intervenci\u00f3n manual.<\/p>\n\n<h3>Principales caracter\u00edsticas y ventajas<\/h3>\n<ul>\n    <li><strong>Conexi\u00f3n API segura:<\/strong> Vincula su plugin de boletines informativos a Postmark para un intercambio de datos autenticado y protegido.<\/li>\n    <li><strong>Notificaciones autom\u00e1ticas:<\/strong> Gestiona rebotes y reclamaciones a trav\u00e9s de webhooks, manteniendo la salud de la lista.<\/li>\n    <li><strong>Opci\u00f3n de env\u00edo turbo:<\/strong> Permite el procesamiento simult\u00e1neo con 2-10 procesadores de correo para una entrega hasta 10 veces m\u00e1s r\u00e1pida, respetando los l\u00edmites horarios.<\/li>\n    <li><strong>Mayor capacidad de entrega:<\/strong> Enruta los correos electr\u00f3nicos a trav\u00e9s de la infraestructura de Postmark, evitando los l\u00edmites del servidor y los problemas de spam.<\/li>\n    <li><strong>Pruebas sencillas:<\/strong> Realice pruebas para verificar la configuraci\u00f3n, especialmente en el modo de prueba de Postmark para dominios validados.<\/li>\n<\/ul>\n\n<h3>Optimice su flujo de trabajo de correo electr\u00f3nico<\/h3>\n<p>Este complemento agiliza el env\u00edo de grandes vol\u00famenes de boletines y correos electr\u00f3nicos transaccionales. Por ejemplo, si el alojamiento compartido limita la velocidad, prueba la funci\u00f3n turbo con cuidado para conseguir resultados \u00f3ptimos.<grok-card data-id=\"c358e7\" data-type=\"citation_card\"><\/grok-card> Por lo tanto, usted se centra en la creaci\u00f3n de contenidos, mientras que Postmark se asegura de que los correos electr\u00f3nicos lleguen a las bandejas de entrada, impulsando la participaci\u00f3n y el crecimiento.<\/p>\n\n<h3>Empiece a entregar con confianza<\/h3>\n<p>Mejore su estrategia de correo electr\u00f3nico en WordPress con <strong>Bolet\u00edn de noticias PostMark Delivery Addon<\/strong>. Al aprovechar el fiable servicio de Postmark, podr\u00e1 enviar campa\u00f1as de forma eficiente y realizar un seguimiento eficaz del rendimiento. Inst\u00e1lelo hoy mismo y transforme el env\u00edo de sus boletines.<\/p>\n\t\t\t\t\t<\/div>\n\t\t\t\t\t\t<\/div>\n\t\t\t\t<\/div>\n\t\t\t\t<\/div>\n\t\t\t\t<\/div>","protected":false},"excerpt":{"rendered":"<p>Newsletter PostMark Delivery Addon: Reliable Email Delivery for Your Campaigns The Newsletter PostMark Delivery Addon integrates seamlessly with the Newsletter<\/p>","protected":false},"featured_media":9574,"comment_status":"open","ping_status":"closed","template":"","meta":{"_acf_changed":false},"product_brand":[],"product_cat":[49],"product_tag":[],"class_list":{"0":"post-9573","1":"product","2":"type-product","3":"status-publish","4":"has-post-thumbnail","6":"product_cat-plugins","8":"first","9":"instock","10":"sale","11":"downloadable","12":"shipping-taxable","13":"purchasable","14":"product-type-simple"},"acf":[],"yoast_head":"<!-- This site is optimized with the Yoast SEO Premium plugin v25.6 (Yoast SEO v27.1.1) - https:\/\/yoast.com\/product\/yoast-seo-premium-wordpress\/ -->\n<title>Newsletter PostMark Delivery Addon - AllWin Theme \u2013 Free WordPress Themes Download<\/title>\n<meta name=\"description\" content=\"Boost email delivery with Newsletter PostMark Delivery Addon. Integrate Postmark for reliable newsletters, automatic bounce handling, and faster sending.\" \/>\n<meta name=\"robots\" content=\"index, follow, max-snippet:-1, max-image-preview:large, max-video-preview:-1\" \/>\n<link rel=\"canonical\" href=\"https:\/\/allwintheme.com\/es\/producto\/boletin-matasellos-entrega-addon\/\" \/>\n<meta property=\"og:locale\" content=\"es_ES\" \/>\n<meta property=\"og:type\" content=\"article\" \/>\n<meta property=\"og:title\" content=\"Newsletter PostMark Delivery Addon\" \/>\n<meta property=\"og:description\" content=\"Boost email delivery with Newsletter PostMark Delivery Addon. Integrate Postmark for reliable newsletters, automatic bounce handling, and faster sending.\" \/>\n<meta property=\"og:url\" content=\"https:\/\/allwintheme.com\/es\/producto\/boletin-matasellos-entrega-addon\/\" \/>\n<meta property=\"og:site_name\" content=\"AllWin Theme \u2013 Free WordPress Themes Download\" \/>\n<meta property=\"article:modified_time\" content=\"2025-10-06T11:36:22+00:00\" \/>\n<meta property=\"og:image\" content=\"https:\/\/allwintheme.com\/wp-content\/uploads\/2025\/10\/fx457xbe.png\" \/>\n\t<meta property=\"og:image:width\" content=\"590\" \/>\n\t<meta property=\"og:image:height\" content=\"300\" \/>\n\t<meta property=\"og:image:type\" content=\"image\/png\" \/>\n<meta name=\"twitter:card\" content=\"summary_large_image\" \/>\n<meta name=\"twitter:label1\" content=\"Tiempo estimado de lectura\" \/>\n\t<meta name=\"twitter:data1\" content=\"2 minutos\" \/>\n<script type=\"application\/ld+json\" class=\"yoast-schema-graph\">{\"@context\":\"https:\/\/schema.org\",\"@graph\":[{\"@type\":\"WebPage\",\"@id\":\"https:\/\/allwintheme.com\/product\/newsletter-postmark-delivery-addon\/\",\"url\":\"https:\/\/allwintheme.com\/product\/newsletter-postmark-delivery-addon\/\",\"name\":\"Newsletter PostMark Delivery Addon - AllWin Theme \u2013 Free WordPress Themes Download\",\"isPartOf\":{\"@id\":\"https:\/\/allwintheme.com\/#website\"},\"primaryImageOfPage\":{\"@id\":\"https:\/\/allwintheme.com\/product\/newsletter-postmark-delivery-addon\/#primaryimage\"},\"image\":{\"@id\":\"https:\/\/allwintheme.com\/product\/newsletter-postmark-delivery-addon\/#primaryimage\"},\"thumbnailUrl\":\"https:\/\/allwintheme.com\/wp-content\/uploads\/2025\/10\/fx457xbe.png\",\"datePublished\":\"2025-10-06T11:32:41+00:00\",\"dateModified\":\"2025-10-06T11:36:22+00:00\",\"description\":\"Boost email delivery with Newsletter PostMark Delivery Addon. Integrate Postmark for reliable newsletters, automatic bounce handling, and faster sending.\",\"breadcrumb\":{\"@id\":\"https:\/\/allwintheme.com\/product\/newsletter-postmark-delivery-addon\/#breadcrumb\"},\"inLanguage\":\"es-CL\",\"potentialAction\":[{\"@type\":\"ReadAction\",\"target\":[\"https:\/\/allwintheme.com\/product\/newsletter-postmark-delivery-addon\/\"]}]},{\"@type\":\"ImageObject\",\"inLanguage\":\"es-CL\",\"@id\":\"https:\/\/allwintheme.com\/product\/newsletter-postmark-delivery-addon\/#primaryimage\",\"url\":\"https:\/\/allwintheme.com\/wp-content\/uploads\/2025\/10\/fx457xbe.png\",\"contentUrl\":\"https:\/\/allwintheme.com\/wp-content\/uploads\/2025\/10\/fx457xbe.png\",\"width\":590,\"height\":300,\"caption\":\"Newsletter PostMark Delivery Addon\"},{\"@type\":\"BreadcrumbList\",\"@id\":\"https:\/\/allwintheme.com\/product\/newsletter-postmark-delivery-addon\/#breadcrumb\",\"itemListElement\":[{\"@type\":\"ListItem\",\"position\":1,\"name\":\"Home\",\"item\":\"https:\/\/allwintheme.com\/\"},{\"@type\":\"ListItem\",\"position\":2,\"name\":\"Shop\",\"item\":\"https:\/\/allwintheme.com\/shop\/\"},{\"@type\":\"ListItem\",\"position\":3,\"name\":\"Newsletter PostMark Delivery Addon\"}]},{\"@type\":\"WebSite\",\"@id\":\"https:\/\/allwintheme.com\/#website\",\"url\":\"https:\/\/allwintheme.com\/\",\"name\":\"Allwintheme\",\"description\":\"Download free WordPress themes for every niche. Blogs, business, eCommerce, portfolio, restaurant and more. All themes are GPL licensed and mobile-ready.\",\"potentialAction\":[{\"@type\":\"SearchAction\",\"target\":{\"@type\":\"EntryPoint\",\"urlTemplate\":\"https:\/\/allwintheme.com\/?s={search_term_string}\"},\"query-input\":{\"@type\":\"PropertyValueSpecification\",\"valueRequired\":true,\"valueName\":\"search_term_string\"}}],\"inLanguage\":\"es-CL\"}]}<\/script>\n<!-- \/ Yoast SEO Premium plugin. -->","yoast_head_json":{"title":"Newsletter PostMark Delivery Addon - AllWin Theme \u2013 Free WordPress Themes Download","description":"Impulse la entrega de correo electr\u00f3nico con el complemento de entrega de boletines PostMark. Integre Postmark para boletines fiables, gesti\u00f3n autom\u00e1tica de rebotes y env\u00edos m\u00e1s r\u00e1pidos.","robots":{"index":"index","follow":"follow","max-snippet":"max-snippet:-1","max-image-preview":"max-image-preview:large","max-video-preview":"max-video-preview:-1"},"canonical":"https:\/\/allwintheme.com\/es\/producto\/boletin-matasellos-entrega-addon\/","og_locale":"es_ES","og_type":"article","og_title":"Newsletter PostMark Delivery Addon","og_description":"Boost email delivery with Newsletter PostMark Delivery Addon. Integrate Postmark for reliable newsletters, automatic bounce handling, and faster sending.","og_url":"https:\/\/allwintheme.com\/es\/producto\/boletin-matasellos-entrega-addon\/","og_site_name":"AllWin Theme \u2013 Free WordPress Themes Download","article_modified_time":"2025-10-06T11:36:22+00:00","og_image":[{"width":590,"height":300,"url":"https:\/\/allwintheme.com\/wp-content\/uploads\/2025\/10\/fx457xbe.png","type":"image\/png"}],"twitter_card":"summary_large_image","twitter_misc":{"Tiempo estimado de lectura":"2 minutos"},"schema":{"@context":"https:\/\/schema.org","@graph":[{"@type":"WebPage","@id":"https:\/\/allwintheme.com\/product\/newsletter-postmark-delivery-addon\/","url":"https:\/\/allwintheme.com\/product\/newsletter-postmark-delivery-addon\/","name":"Newsletter PostMark Delivery Addon - AllWin Theme \u2013 Free WordPress Themes Download","isPartOf":{"@id":"https:\/\/allwintheme.com\/#website"},"primaryImageOfPage":{"@id":"https:\/\/allwintheme.com\/product\/newsletter-postmark-delivery-addon\/#primaryimage"},"image":{"@id":"https:\/\/allwintheme.com\/product\/newsletter-postmark-delivery-addon\/#primaryimage"},"thumbnailUrl":"https:\/\/allwintheme.com\/wp-content\/uploads\/2025\/10\/fx457xbe.png","datePublished":"2025-10-06T11:32:41+00:00","dateModified":"2025-10-06T11:36:22+00:00","description":"Impulse la entrega de correo electr\u00f3nico con el complemento de entrega de boletines PostMark. Integre Postmark para boletines fiables, gesti\u00f3n autom\u00e1tica de rebotes y env\u00edos m\u00e1s r\u00e1pidos.","breadcrumb":{"@id":"https:\/\/allwintheme.com\/product\/newsletter-postmark-delivery-addon\/#breadcrumb"},"inLanguage":"es-CL","potentialAction":[{"@type":"ReadAction","target":["https:\/\/allwintheme.com\/product\/newsletter-postmark-delivery-addon\/"]}]},{"@type":"ImageObject","inLanguage":"es-CL","@id":"https:\/\/allwintheme.com\/product\/newsletter-postmark-delivery-addon\/#primaryimage","url":"https:\/\/allwintheme.com\/wp-content\/uploads\/2025\/10\/fx457xbe.png","contentUrl":"https:\/\/allwintheme.com\/wp-content\/uploads\/2025\/10\/fx457xbe.png","width":590,"height":300,"caption":"Newsletter PostMark Delivery Addon"},{"@type":"BreadcrumbList","@id":"https:\/\/allwintheme.com\/product\/newsletter-postmark-delivery-addon\/#breadcrumb","itemListElement":[{"@type":"ListItem","position":1,"name":"Home","item":"https:\/\/allwintheme.com\/"},{"@type":"ListItem","position":2,"name":"Shop","item":"https:\/\/allwintheme.com\/shop\/"},{"@type":"ListItem","position":3,"name":"Newsletter PostMark Delivery Addon"}]},{"@type":"WebSite","@id":"https:\/\/allwintheme.com\/#website","url":"https:\/\/allwintheme.com\/","name":"Allwintheme","description":"Descarga gratis temas de WordPress para todos los nichos. Blogs, negocios, comercio electr\u00f3nico, portafolio, restaurante y m\u00e1s. Todos los temas tienen licencia GPL y est\u00e1n preparados para dispositivos m\u00f3viles.","potentialAction":[{"@type":"SearchAction","target":{"@type":"EntryPoint","urlTemplate":"https:\/\/allwintheme.com\/?s={search_term_string}"},"query-input":{"@type":"PropertyValueSpecification","valueRequired":true,"valueName":"search_term_string"}}],"inLanguage":"es-CL"}]}},"_links":{"self":[{"href":"https:\/\/allwintheme.com\/es\/wp-json\/wp\/v2\/product\/9573","targetHints":{"allow":["GET"]}}],"collection":[{"href":"https:\/\/allwintheme.com\/es\/wp-json\/wp\/v2\/product"}],"about":[{"href":"https:\/\/allwintheme.com\/es\/wp-json\/wp\/v2\/types\/product"}],"replies":[{"embeddable":true,"href":"https:\/\/allwintheme.com\/es\/wp-json\/wp\/v2\/comments?post=9573"}],"version-history":[{"count":5,"href":"https:\/\/allwintheme.com\/es\/wp-json\/wp\/v2\/product\/9573\/revisions"}],"predecessor-version":[{"id":9579,"href":"https:\/\/allwintheme.com\/es\/wp-json\/wp\/v2\/product\/9573\/revisions\/9579"}],"wp:featuredmedia":[{"embeddable":true,"href":"https:\/\/allwintheme.com\/es\/wp-json\/wp\/v2\/media\/9574"}],"wp:attachment":[{"href":"https:\/\/allwintheme.com\/es\/wp-json\/wp\/v2\/media?parent=9573"}],"wp:term":[{"taxonomy":"product_brand","embeddable":true,"href":"https:\/\/allwintheme.com\/es\/wp-json\/wp\/v2\/product_brand?post=9573"},{"taxonomy":"product_cat","embeddable":true,"href":"https:\/\/allwintheme.com\/es\/wp-json\/wp\/v2\/product_cat?post=9573"},{"taxonomy":"product_tag","embeddable":true,"href":"https:\/\/allwintheme.com\/es\/wp-json\/wp\/v2\/product_tag?post=9573"}],"curies":[{"name":"wp","href":"https:\/\/api.w.org\/{rel}","templated":true}]}}