{"id":9580,"date":"2025-10-06T11:36:56","date_gmt":"2025-10-06T11:36:56","guid":{"rendered":"https:\/\/allwintheme.com\/?post_type=product&#038;p=9580"},"modified":"2025-10-06T11:44:52","modified_gmt":"2025-10-06T11:44:52","slug":"mega-addons-para-wpbakery-page-builder","status":"publish","type":"product","link":"https:\/\/allwintheme.com\/es\/producto\/mega-addons-para-wpbakery-page-builder\/","title":{"rendered":"Mega Addons Para WPBakery Page Builder"},"content":{"rendered":"<div data-elementor-type=\"wp-post\" data-elementor-id=\"9580\" class=\"elementor elementor-9580\" data-elementor-settings=\"{&quot;element_pack_global_tooltip_width&quot;:{&quot;unit&quot;:&quot;px&quot;,&quot;size&quot;:&quot;&quot;,&quot;sizes&quot;:[]},&quot;element_pack_global_tooltip_width_tablet&quot;:{&quot;unit&quot;:&quot;px&quot;,&quot;size&quot;:&quot;&quot;,&quot;sizes&quot;:[]},&quot;element_pack_global_tooltip_width_mobile&quot;:{&quot;unit&quot;:&quot;px&quot;,&quot;size&quot;:&quot;&quot;,&quot;sizes&quot;:[]},&quot;element_pack_global_tooltip_padding&quot;:{&quot;unit&quot;:&quot;px&quot;,&quot;top&quot;:&quot;&quot;,&quot;right&quot;:&quot;&quot;,&quot;bottom&quot;:&quot;&quot;,&quot;left&quot;:&quot;&quot;,&quot;isLinked&quot;:true},&quot;element_pack_global_tooltip_padding_tablet&quot;:{&quot;unit&quot;:&quot;px&quot;,&quot;top&quot;:&quot;&quot;,&quot;right&quot;:&quot;&quot;,&quot;bottom&quot;:&quot;&quot;,&quot;left&quot;:&quot;&quot;,&quot;isLinked&quot;:true},&quot;element_pack_global_tooltip_padding_mobile&quot;:{&quot;unit&quot;:&quot;px&quot;,&quot;top&quot;:&quot;&quot;,&quot;right&quot;:&quot;&quot;,&quot;bottom&quot;:&quot;&quot;,&quot;left&quot;:&quot;&quot;,&quot;isLinked&quot;:true},&quot;element_pack_global_tooltip_border_radius&quot;:{&quot;unit&quot;:&quot;px&quot;,&quot;top&quot;:&quot;&quot;,&quot;right&quot;:&quot;&quot;,&quot;bottom&quot;:&quot;&quot;,&quot;left&quot;:&quot;&quot;,&quot;isLinked&quot;:true},&quot;element_pack_global_tooltip_border_radius_tablet&quot;:{&quot;unit&quot;:&quot;px&quot;,&quot;top&quot;:&quot;&quot;,&quot;right&quot;:&quot;&quot;,&quot;bottom&quot;:&quot;&quot;,&quot;left&quot;:&quot;&quot;,&quot;isLinked&quot;:true},&quot;element_pack_global_tooltip_border_radius_mobile&quot;:{&quot;unit&quot;:&quot;px&quot;,&quot;top&quot;:&quot;&quot;,&quot;right&quot;:&quot;&quot;,&quot;bottom&quot;:&quot;&quot;,&quot;left&quot;:&quot;&quot;,&quot;isLinked&quot;:true}}\" data-elementor-post-type=\"product\">\n\t\t\t\t<div class=\"elementor-element elementor-element-93aa4a8 e-con-full e-flex e-con e-parent\" data-id=\"93aa4a8\" data-element_type=\"container\" data-e-type=\"container\">\n\t\t\t\t<div class=\"elementor-element elementor-element-2c3f760 miaoshu elementor-widget elementor-widget-wd_text_block\" data-id=\"2c3f760\" data-element_type=\"widget\" data-e-type=\"widget\" data-widget_type=\"wd_text_block.default\">\n\t\t\t\t<div class=\"elementor-widget-container\">\n\t\t\t\t\t\t\t<div class=\"wd-text-block reset-last-child text-left\">\n\t\t\t\n\t\t\t<h2>Mega Addons Para WPBakery Page Builder: Desbloquea Potentes Extensiones<\/h2>\n<p><strong>Mega Addons Para WPBakery Page Builder<\/strong> ofrece el paquete definitivo de extensiones para su configuraci\u00f3n de WPBakery. Por ejemplo, los desarrolladores y dise\u00f1adores ampl\u00edan activamente su conjunto de herramientas con m\u00e1s de 32 elementos altamente personalizables, creando dise\u00f1os impresionantes y profesionales sin esfuerzo. En consecuencia, este complemento mejora su experiencia de creaci\u00f3n de p\u00e1ginas al tiempo que garantiza un rendimiento perfecto en todos los dispositivos.<grok-card data-id=\"dd2c47\" data-type=\"citation_card\"><\/grok-card><grok-card data-id=\"3e373e\" data-type=\"citation_card\"><\/grok-card><\/p>\n\n<h3>Aumente su capacidad de dise\u00f1o<\/h3>\n<p>Con Mega Addons, tendr\u00e1s acceso a elementos de aspecto profesional como carruseles avanzados, escaparates de miembros del equipo y enlaces creativos. Adem\u00e1s, puedes personalizar las fuentes con la integraci\u00f3n de Google Fonts y a\u00f1adir clases CSS para conseguir un estilo preciso. Como resultado, puede crear sitios web con capacidad de respuesta que se cargan r\u00e1pidamente y se ven muy bien en los navegadores modernos y dispositivos m\u00f3viles.<grok-card data-id=\"0aaa41\" data-type=\"citation_card\"><\/grok-card><\/p>\n\n<h3>Principales caracter\u00edsticas y ventajas<\/h3>\n<ul>\n    <li><strong>M\u00e1s de 32 elementos personalizables:<\/strong> Elija entre complementos exclusivos como cuadros de informaci\u00f3n, ventanas emergentes modales y encabezados que se adapten a sus necesidades.<\/li>\n    <li><strong>Optimizaci\u00f3n del rendimiento:<\/strong> Desactive los elementos no utilizados en el panel de control para acelerar los tiempos de carga de la p\u00e1gina.<\/li>\n    <li><strong>Dise\u00f1o totalmente adaptable:<\/strong> Pruebe en dispositivos reales la compatibilidad con m\u00f3viles, tabletas y ordenadores de sobremesa.<\/li>\n    <li><strong>F\u00e1cil integraci\u00f3n:<\/strong> Funciona directamente con WPBakery; simplemente active e importe dise\u00f1os con un clic.<\/li>\n    <li><strong>Personalizaci\u00f3n avanzada:<\/strong> A\u00f1ada animaciones, sombras y comportamientos t\u00e1ctiles para ofrecer experiencias de usuario atractivas.<\/li>\n<\/ul>\n\n<h3>Racionalice su flujo de trabajo<\/h3>\n<p>Este complemento simplifica los dise\u00f1os complejos proporcionando controles intuitivos y opciones de edici\u00f3n a mano alzada. Por ejemplo, si necesitas mostrar contenido de forma din\u00e1mica, elementos como los carruseles avanzados se encargan de ello sin problemas. Por lo tanto, usted se centra en la creatividad en lugar de codificaci\u00f3n, en \u00faltima instancia, la entrega de sitios de alta calidad m\u00e1s r\u00e1pido.<grok-card data-id=\"40c225\" data-type=\"citation_card\"><\/grok-card><\/p>\n\n<h3>Eleve sus proyectos WPBakery hoy<\/h3>\n<p>Transforme sus sitios WordPress con <strong>Mega Addons Para WPBakery Page Builder<\/strong>. Al ofrecer infinitas posibilidades de dise\u00f1o, le permite crear p\u00e1ginas destacadas. Inst\u00e1lelo ahora y experimente la diferencia en su proceso de creaci\u00f3n.<grok-card data-id=\"167e8a\" data-type=\"citation_card\"><\/grok-card><\/p>\n\t\t\t\t\t<\/div>\n\t\t\t\t\t\t<\/div>\n\t\t\t\t<\/div>\n\t\t\t\t<\/div>\n\t\t\t\t<\/div>","protected":false},"excerpt":{"rendered":"<p>Mega Addons For WPBakery Page Builder: Unlock Powerful Extensions Mega Addons For WPBakery Page Builder delivers the ultimate bundle of<\/p>","protected":false},"featured_media":9590,"comment_status":"open","ping_status":"closed","template":"","meta":{"_acf_changed":false},"product_brand":[],"product_cat":[49],"product_tag":[],"class_list":{"0":"post-9580","1":"product","2":"type-product","3":"status-publish","4":"has-post-thumbnail","6":"product_cat-plugins","8":"first","9":"instock","10":"sale","11":"downloadable","12":"shipping-taxable","13":"purchasable","14":"product-type-simple"},"acf":[],"yoast_head":"<!-- This site is optimized with the Yoast SEO Premium plugin v25.6 (Yoast SEO v27.1.1) - https:\/\/yoast.com\/product\/yoast-seo-premium-wordpress\/ -->\n<title>Mega Addons For WPBakery Page Builder - AllWin Theme \u2013 Free WordPress Themes Download<\/title>\n<meta name=\"description\" content=\"Supercharge WPBakery with Mega Addons. Access 32+ customizable elements for professional layouts, responsive designs, and faster page building.\" \/>\n<meta name=\"robots\" content=\"index, follow, max-snippet:-1, max-image-preview:large, max-video-preview:-1\" \/>\n<link rel=\"canonical\" href=\"https:\/\/allwintheme.com\/es\/producto\/mega-addons-para-wpbakery-page-builder\/\" \/>\n<meta property=\"og:locale\" content=\"es_ES\" \/>\n<meta property=\"og:type\" content=\"article\" \/>\n<meta property=\"og:title\" content=\"Mega Addons For WPBakery Page Builder\" \/>\n<meta property=\"og:description\" content=\"Supercharge WPBakery with Mega Addons. Access 32+ customizable elements for professional layouts, responsive designs, and faster page building.\" \/>\n<meta property=\"og:url\" content=\"https:\/\/allwintheme.com\/es\/producto\/mega-addons-para-wpbakery-page-builder\/\" \/>\n<meta property=\"og:site_name\" content=\"AllWin Theme \u2013 Free WordPress Themes Download\" \/>\n<meta property=\"article:modified_time\" content=\"2025-10-06T11:44:52+00:00\" \/>\n<meta property=\"og:image\" content=\"https:\/\/allwintheme.com\/wp-content\/uploads\/2025\/10\/y6jt7fri.png\" \/>\n\t<meta property=\"og:image:width\" content=\"590\" \/>\n\t<meta property=\"og:image:height\" content=\"300\" \/>\n\t<meta property=\"og:image:type\" content=\"image\/png\" \/>\n<meta name=\"twitter:card\" content=\"summary_large_image\" \/>\n<meta name=\"twitter:label1\" content=\"Tiempo estimado de lectura\" \/>\n\t<meta name=\"twitter:data1\" content=\"2 minutos\" \/>\n<script type=\"application\/ld+json\" class=\"yoast-schema-graph\">{\"@context\":\"https:\/\/schema.org\",\"@graph\":[{\"@type\":\"WebPage\",\"@id\":\"https:\/\/allwintheme.com\/product\/mega-addons-for-wpbakery-page-builder\/\",\"url\":\"https:\/\/allwintheme.com\/product\/mega-addons-for-wpbakery-page-builder\/\",\"name\":\"Mega Addons For WPBakery Page Builder - AllWin Theme \u2013 Free WordPress Themes Download\",\"isPartOf\":{\"@id\":\"https:\/\/allwintheme.com\/#website\"},\"primaryImageOfPage\":{\"@id\":\"https:\/\/allwintheme.com\/product\/mega-addons-for-wpbakery-page-builder\/#primaryimage\"},\"image\":{\"@id\":\"https:\/\/allwintheme.com\/product\/mega-addons-for-wpbakery-page-builder\/#primaryimage\"},\"thumbnailUrl\":\"https:\/\/allwintheme.com\/wp-content\/uploads\/2025\/10\/y6jt7fri.png\",\"datePublished\":\"2025-10-06T11:36:56+00:00\",\"dateModified\":\"2025-10-06T11:44:52+00:00\",\"description\":\"Supercharge WPBakery with Mega Addons. Access 32+ customizable elements for professional layouts, responsive designs, and faster page building.\",\"breadcrumb\":{\"@id\":\"https:\/\/allwintheme.com\/product\/mega-addons-for-wpbakery-page-builder\/#breadcrumb\"},\"inLanguage\":\"es-CL\",\"potentialAction\":[{\"@type\":\"ReadAction\",\"target\":[\"https:\/\/allwintheme.com\/product\/mega-addons-for-wpbakery-page-builder\/\"]}]},{\"@type\":\"ImageObject\",\"inLanguage\":\"es-CL\",\"@id\":\"https:\/\/allwintheme.com\/product\/mega-addons-for-wpbakery-page-builder\/#primaryimage\",\"url\":\"https:\/\/allwintheme.com\/wp-content\/uploads\/2025\/10\/y6jt7fri.png\",\"contentUrl\":\"https:\/\/allwintheme.com\/wp-content\/uploads\/2025\/10\/y6jt7fri.png\",\"width\":590,\"height\":300,\"caption\":\"Mega Addons For WPBakery Page Builder\"},{\"@type\":\"BreadcrumbList\",\"@id\":\"https:\/\/allwintheme.com\/product\/mega-addons-for-wpbakery-page-builder\/#breadcrumb\",\"itemListElement\":[{\"@type\":\"ListItem\",\"position\":1,\"name\":\"Home\",\"item\":\"https:\/\/allwintheme.com\/\"},{\"@type\":\"ListItem\",\"position\":2,\"name\":\"Shop\",\"item\":\"https:\/\/allwintheme.com\/shop\/\"},{\"@type\":\"ListItem\",\"position\":3,\"name\":\"Mega Addons For WPBakery Page Builder\"}]},{\"@type\":\"WebSite\",\"@id\":\"https:\/\/allwintheme.com\/#website\",\"url\":\"https:\/\/allwintheme.com\/\",\"name\":\"Allwintheme\",\"description\":\"Download free WordPress themes for every niche. Blogs, business, eCommerce, portfolio, restaurant and more. All themes are GPL licensed and mobile-ready.\",\"potentialAction\":[{\"@type\":\"SearchAction\",\"target\":{\"@type\":\"EntryPoint\",\"urlTemplate\":\"https:\/\/allwintheme.com\/?s={search_term_string}\"},\"query-input\":{\"@type\":\"PropertyValueSpecification\",\"valueRequired\":true,\"valueName\":\"search_term_string\"}}],\"inLanguage\":\"es-CL\"}]}<\/script>\n<!-- \/ Yoast SEO Premium plugin. -->","yoast_head_json":{"title":"Mega Addons For WPBakery Page Builder - AllWin Theme \u2013 Free WordPress Themes Download","description":"Mejora WPBakery con Mega Addons. Acceda a m\u00e1s de 32 elementos personalizables para obtener dise\u00f1os profesionales, dise\u00f1os adaptables y una creaci\u00f3n de p\u00e1ginas m\u00e1s r\u00e1pida.","robots":{"index":"index","follow":"follow","max-snippet":"max-snippet:-1","max-image-preview":"max-image-preview:large","max-video-preview":"max-video-preview:-1"},"canonical":"https:\/\/allwintheme.com\/es\/producto\/mega-addons-para-wpbakery-page-builder\/","og_locale":"es_ES","og_type":"article","og_title":"Mega Addons For WPBakery Page Builder","og_description":"Supercharge WPBakery with Mega Addons. Access 32+ customizable elements for professional layouts, responsive designs, and faster page building.","og_url":"https:\/\/allwintheme.com\/es\/producto\/mega-addons-para-wpbakery-page-builder\/","og_site_name":"AllWin Theme \u2013 Free WordPress Themes Download","article_modified_time":"2025-10-06T11:44:52+00:00","og_image":[{"width":590,"height":300,"url":"https:\/\/allwintheme.com\/wp-content\/uploads\/2025\/10\/y6jt7fri.png","type":"image\/png"}],"twitter_card":"summary_large_image","twitter_misc":{"Tiempo estimado de lectura":"2 minutos"},"schema":{"@context":"https:\/\/schema.org","@graph":[{"@type":"WebPage","@id":"https:\/\/allwintheme.com\/product\/mega-addons-for-wpbakery-page-builder\/","url":"https:\/\/allwintheme.com\/product\/mega-addons-for-wpbakery-page-builder\/","name":"Mega Addons For WPBakery Page Builder - AllWin Theme \u2013 Free WordPress Themes Download","isPartOf":{"@id":"https:\/\/allwintheme.com\/#website"},"primaryImageOfPage":{"@id":"https:\/\/allwintheme.com\/product\/mega-addons-for-wpbakery-page-builder\/#primaryimage"},"image":{"@id":"https:\/\/allwintheme.com\/product\/mega-addons-for-wpbakery-page-builder\/#primaryimage"},"thumbnailUrl":"https:\/\/allwintheme.com\/wp-content\/uploads\/2025\/10\/y6jt7fri.png","datePublished":"2025-10-06T11:36:56+00:00","dateModified":"2025-10-06T11:44:52+00:00","description":"Mejora WPBakery con Mega Addons. Acceda a m\u00e1s de 32 elementos personalizables para obtener dise\u00f1os profesionales, dise\u00f1os adaptables y una creaci\u00f3n de p\u00e1ginas m\u00e1s r\u00e1pida.","breadcrumb":{"@id":"https:\/\/allwintheme.com\/product\/mega-addons-for-wpbakery-page-builder\/#breadcrumb"},"inLanguage":"es-CL","potentialAction":[{"@type":"ReadAction","target":["https:\/\/allwintheme.com\/product\/mega-addons-for-wpbakery-page-builder\/"]}]},{"@type":"ImageObject","inLanguage":"es-CL","@id":"https:\/\/allwintheme.com\/product\/mega-addons-for-wpbakery-page-builder\/#primaryimage","url":"https:\/\/allwintheme.com\/wp-content\/uploads\/2025\/10\/y6jt7fri.png","contentUrl":"https:\/\/allwintheme.com\/wp-content\/uploads\/2025\/10\/y6jt7fri.png","width":590,"height":300,"caption":"Mega Addons For WPBakery Page Builder"},{"@type":"BreadcrumbList","@id":"https:\/\/allwintheme.com\/product\/mega-addons-for-wpbakery-page-builder\/#breadcrumb","itemListElement":[{"@type":"ListItem","position":1,"name":"Home","item":"https:\/\/allwintheme.com\/"},{"@type":"ListItem","position":2,"name":"Shop","item":"https:\/\/allwintheme.com\/shop\/"},{"@type":"ListItem","position":3,"name":"Mega Addons For WPBakery Page Builder"}]},{"@type":"WebSite","@id":"https:\/\/allwintheme.com\/#website","url":"https:\/\/allwintheme.com\/","name":"Allwintheme","description":"Descarga gratis temas de WordPress para todos los nichos. Blogs, negocios, comercio electr\u00f3nico, portafolio, restaurante y m\u00e1s. Todos los temas tienen licencia GPL y est\u00e1n preparados para dispositivos m\u00f3viles.","potentialAction":[{"@type":"SearchAction","target":{"@type":"EntryPoint","urlTemplate":"https:\/\/allwintheme.com\/?s={search_term_string}"},"query-input":{"@type":"PropertyValueSpecification","valueRequired":true,"valueName":"search_term_string"}}],"inLanguage":"es-CL"}]}},"_links":{"self":[{"href":"https:\/\/allwintheme.com\/es\/wp-json\/wp\/v2\/product\/9580","targetHints":{"allow":["GET"]}}],"collection":[{"href":"https:\/\/allwintheme.com\/es\/wp-json\/wp\/v2\/product"}],"about":[{"href":"https:\/\/allwintheme.com\/es\/wp-json\/wp\/v2\/types\/product"}],"replies":[{"embeddable":true,"href":"https:\/\/allwintheme.com\/es\/wp-json\/wp\/v2\/comments?post=9580"}],"version-history":[{"count":14,"href":"https:\/\/allwintheme.com\/es\/wp-json\/wp\/v2\/product\/9580\/revisions"}],"predecessor-version":[{"id":9597,"href":"https:\/\/allwintheme.com\/es\/wp-json\/wp\/v2\/product\/9580\/revisions\/9597"}],"wp:featuredmedia":[{"embeddable":true,"href":"https:\/\/allwintheme.com\/es\/wp-json\/wp\/v2\/media\/9590"}],"wp:attachment":[{"href":"https:\/\/allwintheme.com\/es\/wp-json\/wp\/v2\/media?parent=9580"}],"wp:term":[{"taxonomy":"product_brand","embeddable":true,"href":"https:\/\/allwintheme.com\/es\/wp-json\/wp\/v2\/product_brand?post=9580"},{"taxonomy":"product_cat","embeddable":true,"href":"https:\/\/allwintheme.com\/es\/wp-json\/wp\/v2\/product_cat?post=9580"},{"taxonomy":"product_tag","embeddable":true,"href":"https:\/\/allwintheme.com\/es\/wp-json\/wp\/v2\/product_tag?post=9580"}],"curies":[{"name":"wp","href":"https:\/\/api.w.org\/{rel}","templated":true}]}}