{"id":9598,"date":"2025-10-06T11:45:11","date_gmt":"2025-10-06T11:45:11","guid":{"rendered":"https:\/\/allwintheme.com\/?post_type=product&#038;p=9598"},"modified":"2025-10-06T11:50:16","modified_gmt":"2025-10-06T11:50:16","slug":"magic-login-pro","status":"publish","type":"product","link":"https:\/\/allwintheme.com\/es\/producto\/magic-login-pro\/","title":{"rendered":"Magic Login Pro"},"content":{"rendered":"<div data-elementor-type=\"wp-post\" data-elementor-id=\"9598\" class=\"elementor elementor-9598\" data-elementor-settings=\"{&quot;element_pack_global_tooltip_width&quot;:{&quot;unit&quot;:&quot;px&quot;,&quot;size&quot;:&quot;&quot;,&quot;sizes&quot;:[]},&quot;element_pack_global_tooltip_width_tablet&quot;:{&quot;unit&quot;:&quot;px&quot;,&quot;size&quot;:&quot;&quot;,&quot;sizes&quot;:[]},&quot;element_pack_global_tooltip_width_mobile&quot;:{&quot;unit&quot;:&quot;px&quot;,&quot;size&quot;:&quot;&quot;,&quot;sizes&quot;:[]},&quot;element_pack_global_tooltip_padding&quot;:{&quot;unit&quot;:&quot;px&quot;,&quot;top&quot;:&quot;&quot;,&quot;right&quot;:&quot;&quot;,&quot;bottom&quot;:&quot;&quot;,&quot;left&quot;:&quot;&quot;,&quot;isLinked&quot;:true},&quot;element_pack_global_tooltip_padding_tablet&quot;:{&quot;unit&quot;:&quot;px&quot;,&quot;top&quot;:&quot;&quot;,&quot;right&quot;:&quot;&quot;,&quot;bottom&quot;:&quot;&quot;,&quot;left&quot;:&quot;&quot;,&quot;isLinked&quot;:true},&quot;element_pack_global_tooltip_padding_mobile&quot;:{&quot;unit&quot;:&quot;px&quot;,&quot;top&quot;:&quot;&quot;,&quot;right&quot;:&quot;&quot;,&quot;bottom&quot;:&quot;&quot;,&quot;left&quot;:&quot;&quot;,&quot;isLinked&quot;:true},&quot;element_pack_global_tooltip_border_radius&quot;:{&quot;unit&quot;:&quot;px&quot;,&quot;top&quot;:&quot;&quot;,&quot;right&quot;:&quot;&quot;,&quot;bottom&quot;:&quot;&quot;,&quot;left&quot;:&quot;&quot;,&quot;isLinked&quot;:true},&quot;element_pack_global_tooltip_border_radius_tablet&quot;:{&quot;unit&quot;:&quot;px&quot;,&quot;top&quot;:&quot;&quot;,&quot;right&quot;:&quot;&quot;,&quot;bottom&quot;:&quot;&quot;,&quot;left&quot;:&quot;&quot;,&quot;isLinked&quot;:true},&quot;element_pack_global_tooltip_border_radius_mobile&quot;:{&quot;unit&quot;:&quot;px&quot;,&quot;top&quot;:&quot;&quot;,&quot;right&quot;:&quot;&quot;,&quot;bottom&quot;:&quot;&quot;,&quot;left&quot;:&quot;&quot;,&quot;isLinked&quot;:true}}\" data-elementor-post-type=\"product\">\n\t\t\t\t<div class=\"elementor-element elementor-element-93aa4a8 e-con-full e-flex e-con e-parent\" data-id=\"93aa4a8\" data-element_type=\"container\" data-e-type=\"container\">\n\t\t\t\t<div class=\"elementor-element elementor-element-2c3f760 miaoshu elementor-widget elementor-widget-wd_text_block\" data-id=\"2c3f760\" data-element_type=\"widget\" data-e-type=\"widget\" data-widget_type=\"wd_text_block.default\">\n\t\t\t\t<div class=\"elementor-widget-container\">\n\t\t\t\t\t\t\t<div class=\"wd-text-block reset-last-child text-left\">\n\t\t\t\n\t\t\t<h2>Magic Login Pro: Revolucione la autenticaci\u00f3n sin contrase\u00f1a<\/h2>\n<p><strong>Magic Login Pro<\/strong> ofrece inicios de sesi\u00f3n seguros y sin esfuerzo para su sitio de WordPress mediante el env\u00edo de enlaces m\u00e1gicos \u00fanicos directamente a los correos electr\u00f3nicos de los usuarios. Por ejemplo, los usuarios introducen su correo electr\u00f3nico, hacen clic en el enlace recibido y acceden a sus cuentas al instante sin contrase\u00f1as.<grok-card data-id=\"73680f\" data-type=\"citation_card\"><\/grok-card> De este modo, se eliminan las contrase\u00f1as olvidadas y se reducen los riesgos de seguridad derivados de credenciales d\u00e9biles, lo que aumenta la satisfacci\u00f3n general de los usuarios.<grok-card data-id=\"3ea304\" data-type=\"citation_card\"><\/grok-card><\/p>\n\n<h3>Instalaci\u00f3n sencilla y funciones b\u00e1sicas<\/h3>\n<p>Los propietarios de sitios web instalan y configuran Magic Login Pro r\u00e1pidamente a trav\u00e9s del panel de administraci\u00f3n de WordPress. Adem\u00e1s, el plugin se integra sin problemas con WooCommerce y otras herramientas, lo que permite enlaces de inicio de sesi\u00f3n autom\u00e1tico en correos electr\u00f3nicos transaccionales como confirmaciones de pedidos.<grok-card data-id=\"628d4c\" data-type=\"citation_card\"><\/grok-card> Como resultado, los usuarios disfrutan de una experiencia sin fricciones, mientras que los administradores obtienen herramientas para exportar, importar y restablecer la configuraci\u00f3n a trav\u00e9s de WP-CLI.<grok-card data-id=\"9ab19b\" data-type=\"citation_card\"><\/grok-card><\/p>\n\n<h3>Principales caracter\u00edsticas y mejoras de seguridad<\/h3>\n<ul>\n    <li><strong>Protecci\u00f3n por fuerza bruta:<\/strong> El complemento limita los intentos de inicio de sesi\u00f3n y bloquea temporalmente las IP sospechosas para evitar ataques.<grok-card data-id=\"ac1395\" data-type=\"citation_card\"><\/grok-card><\/li>\n    <li><strong>Controles de IP y dominios:<\/strong> Restrinja los inicios de sesi\u00f3n a IP o dominios espec\u00edficos para a\u00f1adir capas de seguridad.<grok-card data-id=\"a42e7f\" data-type=\"citation_card\"><\/grok-card><\/li>\n    <li><strong>Correos electr\u00f3nicos y redireccionamientos personalizables:<\/strong> Personalice los correos electr\u00f3nicos de inicio de sesi\u00f3n y establezca redireccionamientos posteriores al inicio de sesi\u00f3n que se adapten al flujo de su sitio.<grok-card data-id=\"0ded28\" data-type=\"citation_card\"><\/grok-card><\/li>\n    <li><strong>Opciones avanzadas:<\/strong> Habilite el inicio de sesi\u00f3n por SMS, los c\u00f3digos QR o los controles de token por usuario para una autenticaci\u00f3n flexible.<grok-card data-id=\"31813c\" data-type=\"citation_card\"><\/grok-card><\/li>\n    <li><strong>Integraci\u00f3n con Elementor:<\/strong> A\u00f1ada formularios de inicio de sesi\u00f3n como widgets con vistas previas en directo para una f\u00e1cil personalizaci\u00f3n.<grok-card data-id=\"cf2527\" data-type=\"citation_card\"><\/grok-card><\/li>\n<\/ul>\n\n<h3>\u00bfPor qu\u00e9 actualizar a Magic Login Pro?<\/h3>\n<p>Este plugin premium supera a las versiones b\u00e1sicas a\u00f1adiendo s\u00f3lidas protecciones e integraciones. Por ejemplo, los administradores gestionan activamente los tokens de usuario desde los perfiles, anulando los tiempos de caducidad para una seguridad personalizada.<grok-card data-id=\"a7ba82\" data-type=\"citation_card\"><\/grok-card> Por lo tanto, las empresas aumentan las conversiones y la retenci\u00f3n de usuarios sin comprometer la seguridad.<grok-card data-id=\"da4e64\" data-type=\"citation_card\"><\/grok-card><\/p>\n\n<h3>Transforme hoy mismo su proceso de inicio de sesi\u00f3n<\/h3>\n<p>Implementar <strong>Magic Login Pro<\/strong> para crear un sistema de autenticaci\u00f3n moderno y f\u00e1cil de usar. Al agilizar el acceso y reforzar las defensas, su sitio podr\u00e1 prosperar de forma segura. Empiece ahora y diga adi\u00f3s a los problemas de contrase\u00f1as.<grok-card data-id=\"36874f\" data-type=\"citation_card\"><\/grok-card><\/p>\n\t\t\t\t\t<\/div>\n\t\t\t\t\t\t<\/div>\n\t\t\t\t<\/div>\n\t\t\t\t<\/div>\n\t\t\t\t<\/div>","protected":false},"excerpt":{"rendered":"<p>Magic Login Pro: Revolutionize Passwordless Authentication Magic Login Pro delivers effortless, secure logins for your WordPress site by sending unique<\/p>","protected":false},"featured_media":9599,"comment_status":"open","ping_status":"closed","template":"","meta":{"_acf_changed":false},"product_brand":[],"product_cat":[49],"product_tag":[],"class_list":{"0":"post-9598","1":"product","2":"type-product","3":"status-publish","4":"has-post-thumbnail","6":"product_cat-plugins","8":"first","9":"instock","10":"sale","11":"downloadable","12":"shipping-taxable","13":"purchasable","14":"product-type-simple"},"acf":[],"yoast_head":"<!-- This site is optimized with the Yoast SEO Premium plugin v25.6 (Yoast SEO v27.1.1) - https:\/\/yoast.com\/product\/yoast-seo-premium-wordpress\/ -->\n<title>Magic Login Pro - AllWin Theme \u2013 Free WordPress Themes Download<\/title>\n<meta name=\"description\" content=\"Magic Login Pro enables passwordless WordPress logins with secure magic links. Boost security, simplify access, and add features like brute force protection.\" \/>\n<meta name=\"robots\" content=\"index, follow, max-snippet:-1, max-image-preview:large, max-video-preview:-1\" \/>\n<link rel=\"canonical\" href=\"https:\/\/allwintheme.com\/es\/producto\/magic-login-pro\/\" \/>\n<meta property=\"og:locale\" content=\"es_ES\" \/>\n<meta property=\"og:type\" content=\"article\" \/>\n<meta property=\"og:title\" content=\"Magic Login Pro\" \/>\n<meta property=\"og:description\" content=\"Magic Login Pro enables passwordless WordPress logins with secure magic links. Boost security, simplify access, and add features like brute force protection.\" \/>\n<meta property=\"og:url\" content=\"https:\/\/allwintheme.com\/es\/producto\/magic-login-pro\/\" \/>\n<meta property=\"og:site_name\" content=\"AllWin Theme \u2013 Free WordPress Themes Download\" \/>\n<meta property=\"article:modified_time\" content=\"2025-10-06T11:50:16+00:00\" \/>\n<meta property=\"og:image\" content=\"https:\/\/allwintheme.com\/wp-content\/uploads\/2025\/10\/m9atwx1f.png\" \/>\n\t<meta property=\"og:image:width\" content=\"590\" \/>\n\t<meta property=\"og:image:height\" content=\"300\" \/>\n\t<meta property=\"og:image:type\" content=\"image\/png\" \/>\n<meta name=\"twitter:card\" content=\"summary_large_image\" \/>\n<meta name=\"twitter:label1\" content=\"Tiempo estimado de lectura\" \/>\n\t<meta name=\"twitter:data1\" content=\"2 minutos\" \/>\n<script type=\"application\/ld+json\" class=\"yoast-schema-graph\">{\"@context\":\"https:\/\/schema.org\",\"@graph\":[{\"@type\":\"WebPage\",\"@id\":\"https:\/\/allwintheme.com\/product\/magic-login-pro\/\",\"url\":\"https:\/\/allwintheme.com\/product\/magic-login-pro\/\",\"name\":\"Magic Login Pro - AllWin Theme \u2013 Free WordPress Themes Download\",\"isPartOf\":{\"@id\":\"https:\/\/allwintheme.com\/#website\"},\"primaryImageOfPage\":{\"@id\":\"https:\/\/allwintheme.com\/product\/magic-login-pro\/#primaryimage\"},\"image\":{\"@id\":\"https:\/\/allwintheme.com\/product\/magic-login-pro\/#primaryimage\"},\"thumbnailUrl\":\"https:\/\/allwintheme.com\/wp-content\/uploads\/2025\/10\/m9atwx1f.png\",\"datePublished\":\"2025-10-06T11:45:11+00:00\",\"dateModified\":\"2025-10-06T11:50:16+00:00\",\"description\":\"Magic Login Pro enables passwordless WordPress logins with secure magic links. Boost security, simplify access, and add features like brute force protection.\",\"breadcrumb\":{\"@id\":\"https:\/\/allwintheme.com\/product\/magic-login-pro\/#breadcrumb\"},\"inLanguage\":\"es-CL\",\"potentialAction\":[{\"@type\":\"ReadAction\",\"target\":[\"https:\/\/allwintheme.com\/product\/magic-login-pro\/\"]}]},{\"@type\":\"ImageObject\",\"inLanguage\":\"es-CL\",\"@id\":\"https:\/\/allwintheme.com\/product\/magic-login-pro\/#primaryimage\",\"url\":\"https:\/\/allwintheme.com\/wp-content\/uploads\/2025\/10\/m9atwx1f.png\",\"contentUrl\":\"https:\/\/allwintheme.com\/wp-content\/uploads\/2025\/10\/m9atwx1f.png\",\"width\":590,\"height\":300,\"caption\":\"Magic Login Pro\"},{\"@type\":\"BreadcrumbList\",\"@id\":\"https:\/\/allwintheme.com\/product\/magic-login-pro\/#breadcrumb\",\"itemListElement\":[{\"@type\":\"ListItem\",\"position\":1,\"name\":\"Home\",\"item\":\"https:\/\/allwintheme.com\/\"},{\"@type\":\"ListItem\",\"position\":2,\"name\":\"Shop\",\"item\":\"https:\/\/allwintheme.com\/shop\/\"},{\"@type\":\"ListItem\",\"position\":3,\"name\":\"Magic Login Pro\"}]},{\"@type\":\"WebSite\",\"@id\":\"https:\/\/allwintheme.com\/#website\",\"url\":\"https:\/\/allwintheme.com\/\",\"name\":\"Allwintheme\",\"description\":\"Download free WordPress themes for every niche. Blogs, business, eCommerce, portfolio, restaurant and more. All themes are GPL licensed and mobile-ready.\",\"potentialAction\":[{\"@type\":\"SearchAction\",\"target\":{\"@type\":\"EntryPoint\",\"urlTemplate\":\"https:\/\/allwintheme.com\/?s={search_term_string}\"},\"query-input\":{\"@type\":\"PropertyValueSpecification\",\"valueRequired\":true,\"valueName\":\"search_term_string\"}}],\"inLanguage\":\"es-CL\"}]}<\/script>\n<!-- \/ Yoast SEO Premium plugin. -->","yoast_head_json":{"title":"Magic Login Pro - AllWin Theme \u2013 Free WordPress Themes Download","description":"Magic Login Pro permite inicios de sesi\u00f3n WordPress sin contrase\u00f1a con enlaces m\u00e1gicos seguros. Aumenta la seguridad, simplifica el acceso y a\u00f1ade funciones como la protecci\u00f3n contra la fuerza bruta.","robots":{"index":"index","follow":"follow","max-snippet":"max-snippet:-1","max-image-preview":"max-image-preview:large","max-video-preview":"max-video-preview:-1"},"canonical":"https:\/\/allwintheme.com\/es\/producto\/magic-login-pro\/","og_locale":"es_ES","og_type":"article","og_title":"Magic Login Pro","og_description":"Magic Login Pro enables passwordless WordPress logins with secure magic links. Boost security, simplify access, and add features like brute force protection.","og_url":"https:\/\/allwintheme.com\/es\/producto\/magic-login-pro\/","og_site_name":"AllWin Theme \u2013 Free WordPress Themes Download","article_modified_time":"2025-10-06T11:50:16+00:00","og_image":[{"width":590,"height":300,"url":"https:\/\/allwintheme.com\/wp-content\/uploads\/2025\/10\/m9atwx1f.png","type":"image\/png"}],"twitter_card":"summary_large_image","twitter_misc":{"Tiempo estimado de lectura":"2 minutos"},"schema":{"@context":"https:\/\/schema.org","@graph":[{"@type":"WebPage","@id":"https:\/\/allwintheme.com\/product\/magic-login-pro\/","url":"https:\/\/allwintheme.com\/product\/magic-login-pro\/","name":"Magic Login Pro - AllWin Theme \u2013 Free WordPress Themes Download","isPartOf":{"@id":"https:\/\/allwintheme.com\/#website"},"primaryImageOfPage":{"@id":"https:\/\/allwintheme.com\/product\/magic-login-pro\/#primaryimage"},"image":{"@id":"https:\/\/allwintheme.com\/product\/magic-login-pro\/#primaryimage"},"thumbnailUrl":"https:\/\/allwintheme.com\/wp-content\/uploads\/2025\/10\/m9atwx1f.png","datePublished":"2025-10-06T11:45:11+00:00","dateModified":"2025-10-06T11:50:16+00:00","description":"Magic Login Pro permite inicios de sesi\u00f3n WordPress sin contrase\u00f1a con enlaces m\u00e1gicos seguros. Aumenta la seguridad, simplifica el acceso y a\u00f1ade funciones como la protecci\u00f3n contra la fuerza bruta.","breadcrumb":{"@id":"https:\/\/allwintheme.com\/product\/magic-login-pro\/#breadcrumb"},"inLanguage":"es-CL","potentialAction":[{"@type":"ReadAction","target":["https:\/\/allwintheme.com\/product\/magic-login-pro\/"]}]},{"@type":"ImageObject","inLanguage":"es-CL","@id":"https:\/\/allwintheme.com\/product\/magic-login-pro\/#primaryimage","url":"https:\/\/allwintheme.com\/wp-content\/uploads\/2025\/10\/m9atwx1f.png","contentUrl":"https:\/\/allwintheme.com\/wp-content\/uploads\/2025\/10\/m9atwx1f.png","width":590,"height":300,"caption":"Magic Login Pro"},{"@type":"BreadcrumbList","@id":"https:\/\/allwintheme.com\/product\/magic-login-pro\/#breadcrumb","itemListElement":[{"@type":"ListItem","position":1,"name":"Home","item":"https:\/\/allwintheme.com\/"},{"@type":"ListItem","position":2,"name":"Shop","item":"https:\/\/allwintheme.com\/shop\/"},{"@type":"ListItem","position":3,"name":"Magic Login Pro"}]},{"@type":"WebSite","@id":"https:\/\/allwintheme.com\/#website","url":"https:\/\/allwintheme.com\/","name":"Allwintheme","description":"Descarga gratis temas de WordPress para todos los nichos. Blogs, negocios, comercio electr\u00f3nico, portafolio, restaurante y m\u00e1s. Todos los temas tienen licencia GPL y est\u00e1n preparados para dispositivos m\u00f3viles.","potentialAction":[{"@type":"SearchAction","target":{"@type":"EntryPoint","urlTemplate":"https:\/\/allwintheme.com\/?s={search_term_string}"},"query-input":{"@type":"PropertyValueSpecification","valueRequired":true,"valueName":"search_term_string"}}],"inLanguage":"es-CL"}]}},"_links":{"self":[{"href":"https:\/\/allwintheme.com\/es\/wp-json\/wp\/v2\/product\/9598","targetHints":{"allow":["GET"]}}],"collection":[{"href":"https:\/\/allwintheme.com\/es\/wp-json\/wp\/v2\/product"}],"about":[{"href":"https:\/\/allwintheme.com\/es\/wp-json\/wp\/v2\/types\/product"}],"replies":[{"embeddable":true,"href":"https:\/\/allwintheme.com\/es\/wp-json\/wp\/v2\/comments?post=9598"}],"version-history":[{"count":6,"href":"https:\/\/allwintheme.com\/es\/wp-json\/wp\/v2\/product\/9598\/revisions"}],"predecessor-version":[{"id":9605,"href":"https:\/\/allwintheme.com\/es\/wp-json\/wp\/v2\/product\/9598\/revisions\/9605"}],"wp:featuredmedia":[{"embeddable":true,"href":"https:\/\/allwintheme.com\/es\/wp-json\/wp\/v2\/media\/9599"}],"wp:attachment":[{"href":"https:\/\/allwintheme.com\/es\/wp-json\/wp\/v2\/media?parent=9598"}],"wp:term":[{"taxonomy":"product_brand","embeddable":true,"href":"https:\/\/allwintheme.com\/es\/wp-json\/wp\/v2\/product_brand?post=9598"},{"taxonomy":"product_cat","embeddable":true,"href":"https:\/\/allwintheme.com\/es\/wp-json\/wp\/v2\/product_cat?post=9598"},{"taxonomy":"product_tag","embeddable":true,"href":"https:\/\/allwintheme.com\/es\/wp-json\/wp\/v2\/product_tag?post=9598"}],"curies":[{"name":"wp","href":"https:\/\/api.w.org\/{rel}","templated":true}]}}