{"id":9613,"date":"2025-10-06T11:56:52","date_gmt":"2025-10-06T11:56:52","guid":{"rendered":"https:\/\/allwintheme.com\/?post_type=product&#038;p=9613"},"modified":"2025-10-06T12:00:21","modified_gmt":"2025-10-06T12:00:21","slug":"google-merchant-center-opiniones-de-clientes","status":"publish","type":"product","link":"https:\/\/allwintheme.com\/es\/producto\/google-merchant-center-opiniones-de-clientes\/","title":{"rendered":"Opiniones de clientes de Google Merchant Center"},"content":{"rendered":"<div data-elementor-type=\"wp-post\" data-elementor-id=\"9613\" class=\"elementor elementor-9613\" data-elementor-settings=\"{&quot;element_pack_global_tooltip_width&quot;:{&quot;unit&quot;:&quot;px&quot;,&quot;size&quot;:&quot;&quot;,&quot;sizes&quot;:[]},&quot;element_pack_global_tooltip_width_tablet&quot;:{&quot;unit&quot;:&quot;px&quot;,&quot;size&quot;:&quot;&quot;,&quot;sizes&quot;:[]},&quot;element_pack_global_tooltip_width_mobile&quot;:{&quot;unit&quot;:&quot;px&quot;,&quot;size&quot;:&quot;&quot;,&quot;sizes&quot;:[]},&quot;element_pack_global_tooltip_padding&quot;:{&quot;unit&quot;:&quot;px&quot;,&quot;top&quot;:&quot;&quot;,&quot;right&quot;:&quot;&quot;,&quot;bottom&quot;:&quot;&quot;,&quot;left&quot;:&quot;&quot;,&quot;isLinked&quot;:true},&quot;element_pack_global_tooltip_padding_tablet&quot;:{&quot;unit&quot;:&quot;px&quot;,&quot;top&quot;:&quot;&quot;,&quot;right&quot;:&quot;&quot;,&quot;bottom&quot;:&quot;&quot;,&quot;left&quot;:&quot;&quot;,&quot;isLinked&quot;:true},&quot;element_pack_global_tooltip_padding_mobile&quot;:{&quot;unit&quot;:&quot;px&quot;,&quot;top&quot;:&quot;&quot;,&quot;right&quot;:&quot;&quot;,&quot;bottom&quot;:&quot;&quot;,&quot;left&quot;:&quot;&quot;,&quot;isLinked&quot;:true},&quot;element_pack_global_tooltip_border_radius&quot;:{&quot;unit&quot;:&quot;px&quot;,&quot;top&quot;:&quot;&quot;,&quot;right&quot;:&quot;&quot;,&quot;bottom&quot;:&quot;&quot;,&quot;left&quot;:&quot;&quot;,&quot;isLinked&quot;:true},&quot;element_pack_global_tooltip_border_radius_tablet&quot;:{&quot;unit&quot;:&quot;px&quot;,&quot;top&quot;:&quot;&quot;,&quot;right&quot;:&quot;&quot;,&quot;bottom&quot;:&quot;&quot;,&quot;left&quot;:&quot;&quot;,&quot;isLinked&quot;:true},&quot;element_pack_global_tooltip_border_radius_mobile&quot;:{&quot;unit&quot;:&quot;px&quot;,&quot;top&quot;:&quot;&quot;,&quot;right&quot;:&quot;&quot;,&quot;bottom&quot;:&quot;&quot;,&quot;left&quot;:&quot;&quot;,&quot;isLinked&quot;:true}}\" data-elementor-post-type=\"product\">\n\t\t\t\t<div class=\"elementor-element elementor-element-93aa4a8 e-con-full e-flex e-con e-parent\" data-id=\"93aa4a8\" data-element_type=\"container\" data-e-type=\"container\">\n\t\t\t\t<div class=\"elementor-element elementor-element-2c3f760 miaoshu elementor-widget elementor-widget-wd_text_block\" data-id=\"2c3f760\" data-element_type=\"widget\" data-e-type=\"widget\" data-widget_type=\"wd_text_block.default\">\n\t\t\t\t<div class=\"elementor-widget-container\">\n\t\t\t\t\t\t\t<div class=\"wd-text-block reset-last-child text-left\">\n\t\t\t\n\t\t\t<h2>Opiniones de clientes de Google Merchant Center: Genere confianza con una integraci\u00f3n perfecta<\/h2>\n<p>En <strong>Opiniones de clientes de Google Merchant Center<\/strong> permite a los propietarios de tiendas WooCommerce conectar directamente con el sistema de opiniones de Google. Por ejemplo, puedes habilitar la encuesta opt-in en tu p\u00e1gina de pago, para que los clientes puedan proporcionar comentarios f\u00e1cilmente despu\u00e9s de las compras. En consecuencia, esto le ayuda a recopilar valiosas opiniones y mostrar las valoraciones de los vendedores en su sitio y en los anuncios de Google.<grok-card data-id=\"ecec1a\" data-type=\"citation_card\"><\/grok-card><grok-card data-id=\"72a679\" data-type=\"citation_card\"><\/grok-card><\/p>\n\n<h3>Configuraci\u00f3n y automatizaci\u00f3n sin esfuerzo<\/h3>\n<p>Con este plugin, puedes configurarlo todo a trav\u00e9s de los ajustes de WooCommerce introduciendo tu ID de Google Merchant. Adem\u00e1s, a\u00f1ade autom\u00e1ticamente el formulario de opini\u00f3n al proceso de pago y coloca la insignia donde t\u00fa elijas, como en la parte inferior izquierda o en l\u00ednea. Como resultado, Google env\u00eda encuestas despu\u00e9s de la entrega, lo que agiliza la recopilaci\u00f3n de opiniones sin esfuerzo manual.<grok-card data-id=\"cf19b0\" data-type=\"citation_card\"><\/grok-card><grok-card data-id=\"7e1c3f\" data-type=\"citation_card\"><\/grok-card><\/p>\n\n<h3>Principales caracter\u00edsticas y ventajas<\/h3>\n<ul>\n    <li><strong>Integraci\u00f3n de encuestas Opt-In:<\/strong> Los clientes se inscriben al pagar; Google se encarga de los correos electr\u00f3nicos de encuesta para obtener opiniones aut\u00e9nticas.<\/li>\n    <li><strong>Expositor de insignias personalizable:<\/strong> Muestre la insignia de valoraciones en varias posiciones para aumentar la confianza y la participaci\u00f3n en el sitio.<\/li>\n    <li><strong>Soporte multiling\u00fce:<\/strong> Se adapta autom\u00e1ticamente al idioma de su sitio web para audiencias internacionales.<\/li>\n    <li><strong>Seguimiento y tratamiento de datos de GTM:<\/strong> Admite Google Tag Manager, correos electr\u00f3nicos con hash y entrega estimada para invitaciones precisas.<\/li>\n    <li><strong>No requiere codificaci\u00f3n:<\/strong> La sencilla configuraci\u00f3n de administraci\u00f3n se conecta a su cuenta Merchant Center aprobada.<\/li>\n<\/ul>\n\n<h3>Aumente la credibilidad de su tienda<\/h3>\n<p>Este complemento transforma la forma de aprovechar las opiniones de los clientes. Por ejemplo, una vez que acumula suficientes opiniones, Google muestra las valoraciones con estrellas en los anuncios de b\u00fasqueda y de compras, lo que genera m\u00e1s tr\u00e1fico. Por lo tanto, mejora el porcentaje de clics y la confianza de los clientes mientras se centra en el crecimiento de su negocio.<grok-card data-id=\"ee9c0e\" data-type=\"citation_card\"><\/grok-card><\/p>\n\n<h3>Comience a recopilar opiniones hoy mismo<\/h3>\n<p>Activar <strong>Opiniones de clientes de Google Merchant Center<\/strong> para integrar potentes se\u00f1ales de confianza en tu tienda WooCommerce. Mediante la automatizaci\u00f3n del proceso de revisi\u00f3n, se obtiene un mayor compromiso y una mejor visibilidad en Google. Instala el plugin y mejora el rendimiento de tu comercio electr\u00f3nico.<\/p>\n\t\t\t\t\t<\/div>\n\t\t\t\t\t\t<\/div>\n\t\t\t\t<\/div>\n\t\t\t\t<\/div>\n\t\t\t\t<\/div>","protected":false},"excerpt":{"rendered":"<p>Opiniones de clientes de Google Merchant Center: Genere confianza con una integraci\u00f3n perfecta El plugin Google Merchant Center Customer Reviews permite a la tienda WooCommerce<\/p>","protected":false},"featured_media":9614,"comment_status":"open","ping_status":"closed","template":"","meta":{"_acf_changed":false},"product_brand":[],"product_cat":[49],"product_tag":[],"class_list":{"0":"post-9613","1":"product","2":"type-product","3":"status-publish","4":"has-post-thumbnail","6":"product_cat-plugins","8":"first","9":"instock","10":"sale","11":"downloadable","12":"shipping-taxable","13":"purchasable","14":"product-type-simple"},"acf":[],"yoast_head":"<!-- This site is optimized with the Yoast SEO Premium plugin v25.6 (Yoast SEO v27.1.1) - https:\/\/yoast.com\/product\/yoast-seo-premium-wordpress\/ -->\n<title>Google Merchant Center Customer Reviews - AllWin Theme \u2013 Free WordPress Themes Download<\/title>\n<meta name=\"description\" content=\"Empower customers to track WooCommerce orders effortlessly. Add tracking details, share updates, and enhance the post-purchase experience.\" \/>\n<meta name=\"robots\" content=\"index, follow, max-snippet:-1, max-image-preview:large, max-video-preview:-1\" \/>\n<link rel=\"canonical\" href=\"https:\/\/allwintheme.com\/es\/producto\/google-merchant-center-opiniones-de-clientes\/\" \/>\n<meta property=\"og:locale\" content=\"es_ES\" \/>\n<meta property=\"og:type\" content=\"article\" \/>\n<meta property=\"og:title\" content=\"Google Merchant Center Customer Reviews\" \/>\n<meta property=\"og:description\" content=\"Empower customers to track WooCommerce orders effortlessly. Add tracking details, share updates, and enhance the post-purchase experience.\" \/>\n<meta property=\"og:url\" content=\"https:\/\/allwintheme.com\/es\/producto\/google-merchant-center-opiniones-de-clientes\/\" \/>\n<meta property=\"og:site_name\" content=\"AllWin Theme \u2013 Free WordPress Themes Download\" \/>\n<meta property=\"article:modified_time\" content=\"2025-10-06T12:00:21+00:00\" \/>\n<meta property=\"og:image\" content=\"https:\/\/allwintheme.com\/wp-content\/uploads\/2025\/10\/Google-Merchant-Center-Customer-Reviews.png\" \/>\n\t<meta property=\"og:image:width\" content=\"590\" \/>\n\t<meta property=\"og:image:height\" content=\"300\" \/>\n\t<meta property=\"og:image:type\" content=\"image\/png\" \/>\n<meta name=\"twitter:card\" content=\"summary_large_image\" \/>\n<meta name=\"twitter:label1\" content=\"Tiempo estimado de lectura\" \/>\n\t<meta name=\"twitter:data1\" content=\"2 minutos\" \/>\n<script type=\"application\/ld+json\" class=\"yoast-schema-graph\">{\"@context\":\"https:\/\/schema.org\",\"@graph\":[{\"@type\":\"WebPage\",\"@id\":\"https:\/\/allwintheme.com\/product\/google-merchant-center-customer-reviews\/\",\"url\":\"https:\/\/allwintheme.com\/product\/google-merchant-center-customer-reviews\/\",\"name\":\"Google Merchant Center Customer Reviews - AllWin Theme \u2013 Free WordPress Themes Download\",\"isPartOf\":{\"@id\":\"https:\/\/allwintheme.com\/#website\"},\"primaryImageOfPage\":{\"@id\":\"https:\/\/allwintheme.com\/product\/google-merchant-center-customer-reviews\/#primaryimage\"},\"image\":{\"@id\":\"https:\/\/allwintheme.com\/product\/google-merchant-center-customer-reviews\/#primaryimage\"},\"thumbnailUrl\":\"https:\/\/allwintheme.com\/wp-content\/uploads\/2025\/10\/Google-Merchant-Center-Customer-Reviews.png\",\"datePublished\":\"2025-10-06T11:56:52+00:00\",\"dateModified\":\"2025-10-06T12:00:21+00:00\",\"description\":\"Empower customers to track WooCommerce orders effortlessly. Add tracking details, share updates, and enhance the post-purchase experience.\",\"breadcrumb\":{\"@id\":\"https:\/\/allwintheme.com\/product\/google-merchant-center-customer-reviews\/#breadcrumb\"},\"inLanguage\":\"es-CL\",\"potentialAction\":[{\"@type\":\"ReadAction\",\"target\":[\"https:\/\/allwintheme.com\/product\/google-merchant-center-customer-reviews\/\"]}]},{\"@type\":\"ImageObject\",\"inLanguage\":\"es-CL\",\"@id\":\"https:\/\/allwintheme.com\/product\/google-merchant-center-customer-reviews\/#primaryimage\",\"url\":\"https:\/\/allwintheme.com\/wp-content\/uploads\/2025\/10\/Google-Merchant-Center-Customer-Reviews.png\",\"contentUrl\":\"https:\/\/allwintheme.com\/wp-content\/uploads\/2025\/10\/Google-Merchant-Center-Customer-Reviews.png\",\"width\":590,\"height\":300,\"caption\":\"Google Merchant Center Customer Reviews\"},{\"@type\":\"BreadcrumbList\",\"@id\":\"https:\/\/allwintheme.com\/product\/google-merchant-center-customer-reviews\/#breadcrumb\",\"itemListElement\":[{\"@type\":\"ListItem\",\"position\":1,\"name\":\"Home\",\"item\":\"https:\/\/allwintheme.com\/\"},{\"@type\":\"ListItem\",\"position\":2,\"name\":\"Shop\",\"item\":\"https:\/\/allwintheme.com\/shop\/\"},{\"@type\":\"ListItem\",\"position\":3,\"name\":\"Google Merchant Center Customer Reviews\"}]},{\"@type\":\"WebSite\",\"@id\":\"https:\/\/allwintheme.com\/#website\",\"url\":\"https:\/\/allwintheme.com\/\",\"name\":\"Allwintheme\",\"description\":\"Download free WordPress themes for every niche. Blogs, business, eCommerce, portfolio, restaurant and more. All themes are GPL licensed and mobile-ready.\",\"potentialAction\":[{\"@type\":\"SearchAction\",\"target\":{\"@type\":\"EntryPoint\",\"urlTemplate\":\"https:\/\/allwintheme.com\/?s={search_term_string}\"},\"query-input\":{\"@type\":\"PropertyValueSpecification\",\"valueRequired\":true,\"valueName\":\"search_term_string\"}}],\"inLanguage\":\"es-CL\"}]}<\/script>\n<!-- \/ Yoast SEO Premium plugin. -->","yoast_head_json":{"title":"Google Merchant Center Customer Reviews - AllWin Theme - Free WordPress Themes Download","description":"Permite a los clientes realizar el seguimiento de los pedidos de WooCommerce sin esfuerzo. A\u00f1ade detalles de seguimiento, comparte actualizaciones y mejora la experiencia posterior a la compra.","robots":{"index":"index","follow":"follow","max-snippet":"max-snippet:-1","max-image-preview":"max-image-preview:large","max-video-preview":"max-video-preview:-1"},"canonical":"https:\/\/allwintheme.com\/es\/producto\/google-merchant-center-opiniones-de-clientes\/","og_locale":"es_ES","og_type":"article","og_title":"Google Merchant Center Customer Reviews","og_description":"Empower customers to track WooCommerce orders effortlessly. Add tracking details, share updates, and enhance the post-purchase experience.","og_url":"https:\/\/allwintheme.com\/es\/producto\/google-merchant-center-opiniones-de-clientes\/","og_site_name":"AllWin Theme \u2013 Free WordPress Themes Download","article_modified_time":"2025-10-06T12:00:21+00:00","og_image":[{"width":590,"height":300,"url":"https:\/\/allwintheme.com\/wp-content\/uploads\/2025\/10\/Google-Merchant-Center-Customer-Reviews.png","type":"image\/png"}],"twitter_card":"summary_large_image","twitter_misc":{"Tiempo estimado de lectura":"2 minutos"},"schema":{"@context":"https:\/\/schema.org","@graph":[{"@type":"WebPage","@id":"https:\/\/allwintheme.com\/product\/google-merchant-center-customer-reviews\/","url":"https:\/\/allwintheme.com\/product\/google-merchant-center-customer-reviews\/","name":"Google Merchant Center Customer Reviews - AllWin Theme - Free WordPress Themes Download","isPartOf":{"@id":"https:\/\/allwintheme.com\/#website"},"primaryImageOfPage":{"@id":"https:\/\/allwintheme.com\/product\/google-merchant-center-customer-reviews\/#primaryimage"},"image":{"@id":"https:\/\/allwintheme.com\/product\/google-merchant-center-customer-reviews\/#primaryimage"},"thumbnailUrl":"https:\/\/allwintheme.com\/wp-content\/uploads\/2025\/10\/Google-Merchant-Center-Customer-Reviews.png","datePublished":"2025-10-06T11:56:52+00:00","dateModified":"2025-10-06T12:00:21+00:00","description":"Permite a los clientes realizar el seguimiento de los pedidos de WooCommerce sin esfuerzo. A\u00f1ade detalles de seguimiento, comparte actualizaciones y mejora la experiencia posterior a la compra.","breadcrumb":{"@id":"https:\/\/allwintheme.com\/product\/google-merchant-center-customer-reviews\/#breadcrumb"},"inLanguage":"es-CL","potentialAction":[{"@type":"ReadAction","target":["https:\/\/allwintheme.com\/product\/google-merchant-center-customer-reviews\/"]}]},{"@type":"ImageObject","inLanguage":"es-CL","@id":"https:\/\/allwintheme.com\/product\/google-merchant-center-customer-reviews\/#primaryimage","url":"https:\/\/allwintheme.com\/wp-content\/uploads\/2025\/10\/Google-Merchant-Center-Customer-Reviews.png","contentUrl":"https:\/\/allwintheme.com\/wp-content\/uploads\/2025\/10\/Google-Merchant-Center-Customer-Reviews.png","width":590,"height":300,"caption":"Google Merchant Center Customer Reviews"},{"@type":"BreadcrumbList","@id":"https:\/\/allwintheme.com\/product\/google-merchant-center-customer-reviews\/#breadcrumb","itemListElement":[{"@type":"ListItem","position":1,"name":"Home","item":"https:\/\/allwintheme.com\/"},{"@type":"ListItem","position":2,"name":"Shop","item":"https:\/\/allwintheme.com\/shop\/"},{"@type":"ListItem","position":3,"name":"Google Merchant Center Customer Reviews"}]},{"@type":"WebSite","@id":"https:\/\/allwintheme.com\/#website","url":"https:\/\/allwintheme.com\/","name":"Allwintheme","description":"Descarga gratis temas de WordPress para todos los nichos. Blogs, negocios, comercio electr\u00f3nico, portafolio, restaurante y m\u00e1s. Todos los temas tienen licencia GPL y est\u00e1n preparados para dispositivos m\u00f3viles.","potentialAction":[{"@type":"SearchAction","target":{"@type":"EntryPoint","urlTemplate":"https:\/\/allwintheme.com\/?s={search_term_string}"},"query-input":{"@type":"PropertyValueSpecification","valueRequired":true,"valueName":"search_term_string"}}],"inLanguage":"es-CL"}]}},"_links":{"self":[{"href":"https:\/\/allwintheme.com\/es\/wp-json\/wp\/v2\/product\/9613","targetHints":{"allow":["GET"]}}],"collection":[{"href":"https:\/\/allwintheme.com\/es\/wp-json\/wp\/v2\/product"}],"about":[{"href":"https:\/\/allwintheme.com\/es\/wp-json\/wp\/v2\/types\/product"}],"replies":[{"embeddable":true,"href":"https:\/\/allwintheme.com\/es\/wp-json\/wp\/v2\/comments?post=9613"}],"version-history":[{"count":5,"href":"https:\/\/allwintheme.com\/es\/wp-json\/wp\/v2\/product\/9613\/revisions"}],"predecessor-version":[{"id":9619,"href":"https:\/\/allwintheme.com\/es\/wp-json\/wp\/v2\/product\/9613\/revisions\/9619"}],"wp:featuredmedia":[{"embeddable":true,"href":"https:\/\/allwintheme.com\/es\/wp-json\/wp\/v2\/media\/9614"}],"wp:attachment":[{"href":"https:\/\/allwintheme.com\/es\/wp-json\/wp\/v2\/media?parent=9613"}],"wp:term":[{"taxonomy":"product_brand","embeddable":true,"href":"https:\/\/allwintheme.com\/es\/wp-json\/wp\/v2\/product_brand?post=9613"},{"taxonomy":"product_cat","embeddable":true,"href":"https:\/\/allwintheme.com\/es\/wp-json\/wp\/v2\/product_cat?post=9613"},{"taxonomy":"product_tag","embeddable":true,"href":"https:\/\/allwintheme.com\/es\/wp-json\/wp\/v2\/product_tag?post=9613"}],"curies":[{"name":"wp","href":"https:\/\/api.w.org\/{rel}","templated":true}]}}