{"id":9662,"date":"2025-10-07T09:41:18","date_gmt":"2025-10-07T09:41:18","guid":{"rendered":"https:\/\/allwintheme.com\/?post_type=product&#038;p=9662"},"modified":"2025-10-07T09:49:05","modified_gmt":"2025-10-07T09:49:05","slug":"shoplentor-pro-antes-woolentor","status":"publish","type":"product","link":"https:\/\/allwintheme.com\/es\/producto\/shoplentor-pro-antes-woolentor\/","title":{"rendered":"ShopLentor Pro (Antes WooLentor)"},"content":{"rendered":"<div data-elementor-type=\"wp-post\" data-elementor-id=\"9662\" class=\"elementor elementor-9662\" data-elementor-settings=\"{&quot;element_pack_global_tooltip_width&quot;:{&quot;unit&quot;:&quot;px&quot;,&quot;size&quot;:&quot;&quot;,&quot;sizes&quot;:[]},&quot;element_pack_global_tooltip_width_tablet&quot;:{&quot;unit&quot;:&quot;px&quot;,&quot;size&quot;:&quot;&quot;,&quot;sizes&quot;:[]},&quot;element_pack_global_tooltip_width_mobile&quot;:{&quot;unit&quot;:&quot;px&quot;,&quot;size&quot;:&quot;&quot;,&quot;sizes&quot;:[]},&quot;element_pack_global_tooltip_padding&quot;:{&quot;unit&quot;:&quot;px&quot;,&quot;top&quot;:&quot;&quot;,&quot;right&quot;:&quot;&quot;,&quot;bottom&quot;:&quot;&quot;,&quot;left&quot;:&quot;&quot;,&quot;isLinked&quot;:true},&quot;element_pack_global_tooltip_padding_tablet&quot;:{&quot;unit&quot;:&quot;px&quot;,&quot;top&quot;:&quot;&quot;,&quot;right&quot;:&quot;&quot;,&quot;bottom&quot;:&quot;&quot;,&quot;left&quot;:&quot;&quot;,&quot;isLinked&quot;:true},&quot;element_pack_global_tooltip_padding_mobile&quot;:{&quot;unit&quot;:&quot;px&quot;,&quot;top&quot;:&quot;&quot;,&quot;right&quot;:&quot;&quot;,&quot;bottom&quot;:&quot;&quot;,&quot;left&quot;:&quot;&quot;,&quot;isLinked&quot;:true},&quot;element_pack_global_tooltip_border_radius&quot;:{&quot;unit&quot;:&quot;px&quot;,&quot;top&quot;:&quot;&quot;,&quot;right&quot;:&quot;&quot;,&quot;bottom&quot;:&quot;&quot;,&quot;left&quot;:&quot;&quot;,&quot;isLinked&quot;:true},&quot;element_pack_global_tooltip_border_radius_tablet&quot;:{&quot;unit&quot;:&quot;px&quot;,&quot;top&quot;:&quot;&quot;,&quot;right&quot;:&quot;&quot;,&quot;bottom&quot;:&quot;&quot;,&quot;left&quot;:&quot;&quot;,&quot;isLinked&quot;:true},&quot;element_pack_global_tooltip_border_radius_mobile&quot;:{&quot;unit&quot;:&quot;px&quot;,&quot;top&quot;:&quot;&quot;,&quot;right&quot;:&quot;&quot;,&quot;bottom&quot;:&quot;&quot;,&quot;left&quot;:&quot;&quot;,&quot;isLinked&quot;:true}}\" data-elementor-post-type=\"product\">\n\t\t\t\t<div class=\"elementor-element elementor-element-93aa4a8 e-con-full e-flex e-con e-parent\" data-id=\"93aa4a8\" data-element_type=\"container\" data-e-type=\"container\">\n\t\t\t\t<div class=\"elementor-element elementor-element-2c3f760 miaoshu elementor-widget elementor-widget-wd_text_block\" data-id=\"2c3f760\" data-element_type=\"widget\" data-e-type=\"widget\" data-widget_type=\"wd_text_block.default\">\n\t\t\t\t<div class=\"elementor-widget-container\">\n\t\t\t\t\t\t\t<div class=\"wd-text-block reset-last-child text-left\">\n\t\t\t\n\t\t\t<h2>ShopLentor Pro: Transforma tu tienda WooCommerce sin esfuerzo<\/h2>\n<p><strong>ShopLentor Pro<\/strong> (antes WooLentor) permite a los usuarios de WooCommerce dise\u00f1ar tiendas online impresionantes y de alta conversi\u00f3n. Por ejemplo, este plugin todo en uno se integra a la perfecci\u00f3n con Elementor y Gutenberg, para que puedas crear p\u00e1ginas personalizadas de tienda, producto, carrito y pago sin codificar. En consecuencia, obtienes un control total sobre el dise\u00f1o de tu comercio electr\u00f3nico mientras optimizas la velocidad y la experiencia del usuario.<grok-card data-id=\"b98d09\" data-type=\"citation_card\"><\/grok-card><grok-card data-id=\"558bcb\" data-type=\"citation_card\"><\/grok-card><\/p>\n\n<h3>Potente creaci\u00f3n y personalizaci\u00f3n de p\u00e1ginas<\/h3>\n<p>ShopLentor Pro te equipa con constructores avanzados de WooCommerce que te permiten crear plantillas \u00fanicas desde cero o utilizar plantillas predise\u00f1adas. Adem\u00e1s, tendr\u00e1s acceso a m\u00e1s de 40 widgets especializados, como cuadr\u00edculas de productos, deslizadores y pesta\u00f1as, para mostrar de forma din\u00e1mica los art\u00edculos destacados, m\u00e1s vendidos o en oferta. Como resultado, los visitantes navegan por tu tienda de forma intuitiva, lo que aumenta la participaci\u00f3n y las ventas.<grok-card data-id=\"2da13c\" data-type=\"citation_card\"><\/grok-card><grok-card data-id=\"6e845f\" data-type=\"citation_card\"><\/grok-card><\/p>\n\n<h3>Funciones clave para mejorar la funcionalidad<\/h3>\n<ul>\n    <li><strong>Plantillas y widgets personalizados:<\/strong> Dise\u00f1e archivos de tienda, productos individuales y p\u00e1ginas de pago con la facilidad de arrastrar y soltar, adem\u00e1s de vistas r\u00e1pidas y muestras de variaciones para mejorar la experiencia del usuario.<grok-card data-id=\"78c8c4\" data-type=\"citation_card\"><\/grok-card><\/li>\n    <li><strong>Herramientas de conversi\u00f3n:<\/strong> Implemente listas de deseos, comparaciones de productos, notificaciones de ventas y cuentas atr\u00e1s de ventas flash para impulsar la urgencia y la repetici\u00f3n de las visitas.<grok-card data-id=\"b7351a\" data-type=\"citation_card\"><\/grok-card><\/li>\n    <li><strong>Filtros y automatizaci\u00f3n:<\/strong> Establezca filtros horizontales\/verticales de productos por atributos como el color o el precio, y automatice los correos electr\u00f3nicos para una experiencia de compra personalizada.<grok-card data-id=\"7dad8c\" data-type=\"citation_card\"><\/grok-card><\/li>\n    <li><strong>Opciones avanzadas:<\/strong> Habilite funciones como pagos parciales, sugerencia de precios y c\u00f3digos QR, todo ello compatible con configuraciones multiling\u00fces y RTL.<grok-card data-id=\"d4e1ff\" data-type=\"citation_card\"><\/grok-card><\/li>\n<\/ul>\n\n<h3>Optimizar el rendimiento y la asistencia<\/h3>\n<p>Este plugin ofrece c\u00f3digo eficiente y carga selectiva para sitios m\u00e1s r\u00e1pidos, garantizando la compatibilidad con las \u00faltimas versiones de WordPress y WooCommerce. Por ejemplo, si tienes una tienda de suscripciones, ShopLentor Pro gestiona dise\u00f1os complejos sin afectar al rendimiento. Por lo tanto, usted se centra en el crecimiento en lugar de los obst\u00e1culos t\u00e9cnicos, respaldado por el apoyo de expertos y asistencia de configuraci\u00f3n gratuita.<grok-card data-id=\"368bde\" data-type=\"citation_card\"><\/grok-card><grok-card data-id=\"e17b66\" data-type=\"citation_card\"><\/grok-card><\/p>\n\n<h3>Mejore su comercio electr\u00f3nico hoy mismo<\/h3>\n<p>Actualizar a <strong>ShopLentor Pro<\/strong> y desbloquea un sinf\u00edn de posibilidades para tu sitio WooCommerce. Combinando flexibilidad con potentes herramientas, crea tiendas que cautivan a los clientes y maximizan los ingresos. \u00a1Instale ahora y vea la diferencia en sus conversiones!<grok-card data-id=\"ae5996\" data-type=\"citation_card\"><\/grok-card><\/p>\n\t\t\t\t\t<\/div>\n\t\t\t\t\t\t<\/div>\n\t\t\t\t<\/div>\n\t\t\t\t<\/div>\n\t\t\t\t<\/div>","protected":false},"excerpt":{"rendered":"<p>ShopLentor Pro: Transform Your WooCommerce Store Effortlessly ShopLentor Pro (formerly WooLentor) empowers WooCommerce users to design stunning, high-converting online stores.<\/p>","protected":false},"featured_media":9663,"comment_status":"open","ping_status":"closed","template":"","meta":{"_acf_changed":false},"product_brand":[],"product_cat":[49],"product_tag":[],"class_list":{"0":"post-9662","1":"product","2":"type-product","3":"status-publish","4":"has-post-thumbnail","6":"product_cat-plugins","8":"first","9":"instock","10":"sale","11":"downloadable","12":"shipping-taxable","13":"purchasable","14":"product-type-simple"},"acf":[],"yoast_head":"<!-- This site is optimized with the Yoast SEO Premium plugin v25.6 (Yoast SEO v27.1.1) - https:\/\/yoast.com\/product\/yoast-seo-premium-wordpress\/ -->\n<title>ShopLentor Pro (Antes WooLentor) - AllWin Theme \u2013 Free WordPress Themes Download<\/title>\n<meta name=\"description\" content=\"Enhance your WooCommerce store with ShopLentor Pro. Build custom pages, add widgets, and boost conversions using Elementor and Gutenberg integration.\" \/>\n<meta name=\"robots\" content=\"index, follow, max-snippet:-1, max-image-preview:large, max-video-preview:-1\" \/>\n<link rel=\"canonical\" href=\"https:\/\/allwintheme.com\/es\/producto\/shoplentor-pro-antes-woolentor\/\" \/>\n<meta property=\"og:locale\" content=\"es_ES\" \/>\n<meta property=\"og:type\" content=\"article\" \/>\n<meta property=\"og:title\" content=\"ShopLentor Pro (Antes WooLentor)\" \/>\n<meta property=\"og:description\" content=\"Enhance your WooCommerce store with ShopLentor Pro. Build custom pages, add widgets, and boost conversions using Elementor and Gutenberg integration.\" \/>\n<meta property=\"og:url\" content=\"https:\/\/allwintheme.com\/es\/producto\/shoplentor-pro-antes-woolentor\/\" \/>\n<meta property=\"og:site_name\" content=\"AllWin Theme \u2013 Free WordPress Themes Download\" \/>\n<meta property=\"article:modified_time\" content=\"2025-10-07T09:49:05+00:00\" \/>\n<meta property=\"og:image\" content=\"https:\/\/allwintheme.com\/wp-content\/uploads\/2025\/10\/ll7y94mb.png\" \/>\n\t<meta property=\"og:image:width\" content=\"590\" \/>\n\t<meta property=\"og:image:height\" content=\"300\" \/>\n\t<meta property=\"og:image:type\" content=\"image\/png\" \/>\n<meta name=\"twitter:card\" content=\"summary_large_image\" \/>\n<meta name=\"twitter:label1\" content=\"Tiempo estimado de lectura\" \/>\n\t<meta name=\"twitter:data1\" content=\"2 minutos\" \/>\n<script type=\"application\/ld+json\" class=\"yoast-schema-graph\">{\"@context\":\"https:\/\/schema.org\",\"@graph\":[{\"@type\":\"WebPage\",\"@id\":\"https:\/\/allwintheme.com\/product\/shoplentor-pro-antes-woolentor\/\",\"url\":\"https:\/\/allwintheme.com\/product\/shoplentor-pro-antes-woolentor\/\",\"name\":\"ShopLentor Pro (Antes WooLentor) - AllWin Theme \u2013 Free WordPress Themes Download\",\"isPartOf\":{\"@id\":\"https:\/\/allwintheme.com\/#website\"},\"primaryImageOfPage\":{\"@id\":\"https:\/\/allwintheme.com\/product\/shoplentor-pro-antes-woolentor\/#primaryimage\"},\"image\":{\"@id\":\"https:\/\/allwintheme.com\/product\/shoplentor-pro-antes-woolentor\/#primaryimage\"},\"thumbnailUrl\":\"https:\/\/allwintheme.com\/wp-content\/uploads\/2025\/10\/ll7y94mb.png\",\"datePublished\":\"2025-10-07T09:41:18+00:00\",\"dateModified\":\"2025-10-07T09:49:05+00:00\",\"description\":\"Enhance your WooCommerce store with ShopLentor Pro. Build custom pages, add widgets, and boost conversions using Elementor and Gutenberg integration.\",\"breadcrumb\":{\"@id\":\"https:\/\/allwintheme.com\/product\/shoplentor-pro-antes-woolentor\/#breadcrumb\"},\"inLanguage\":\"es-CL\",\"potentialAction\":[{\"@type\":\"ReadAction\",\"target\":[\"https:\/\/allwintheme.com\/product\/shoplentor-pro-antes-woolentor\/\"]}]},{\"@type\":\"ImageObject\",\"inLanguage\":\"es-CL\",\"@id\":\"https:\/\/allwintheme.com\/product\/shoplentor-pro-antes-woolentor\/#primaryimage\",\"url\":\"https:\/\/allwintheme.com\/wp-content\/uploads\/2025\/10\/ll7y94mb.png\",\"contentUrl\":\"https:\/\/allwintheme.com\/wp-content\/uploads\/2025\/10\/ll7y94mb.png\",\"width\":590,\"height\":300,\"caption\":\"ShopLentor Pro (Antes WooLentor)\"},{\"@type\":\"BreadcrumbList\",\"@id\":\"https:\/\/allwintheme.com\/product\/shoplentor-pro-antes-woolentor\/#breadcrumb\",\"itemListElement\":[{\"@type\":\"ListItem\",\"position\":1,\"name\":\"Home\",\"item\":\"https:\/\/allwintheme.com\/\"},{\"@type\":\"ListItem\",\"position\":2,\"name\":\"Shop\",\"item\":\"https:\/\/allwintheme.com\/shop\/\"},{\"@type\":\"ListItem\",\"position\":3,\"name\":\"ShopLentor Pro (Antes WooLentor)\"}]},{\"@type\":\"WebSite\",\"@id\":\"https:\/\/allwintheme.com\/#website\",\"url\":\"https:\/\/allwintheme.com\/\",\"name\":\"Allwintheme\",\"description\":\"Download free WordPress themes for every niche. Blogs, business, eCommerce, portfolio, restaurant and more. All themes are GPL licensed and mobile-ready.\",\"potentialAction\":[{\"@type\":\"SearchAction\",\"target\":{\"@type\":\"EntryPoint\",\"urlTemplate\":\"https:\/\/allwintheme.com\/?s={search_term_string}\"},\"query-input\":{\"@type\":\"PropertyValueSpecification\",\"valueRequired\":true,\"valueName\":\"search_term_string\"}}],\"inLanguage\":\"es-CL\"}]}<\/script>\n<!-- \/ Yoast SEO Premium plugin. -->","yoast_head_json":{"title":"ShopLentor Pro (Antes WooLentor) - AllWin Theme - Free WordPress Themes Download","description":"Mejora tu tienda WooCommerce con ShopLentor Pro. Crea p\u00e1ginas personalizadas, a\u00f1ade widgets y aumenta las conversiones con Elementor y la integraci\u00f3n con Gutenberg.","robots":{"index":"index","follow":"follow","max-snippet":"max-snippet:-1","max-image-preview":"max-image-preview:large","max-video-preview":"max-video-preview:-1"},"canonical":"https:\/\/allwintheme.com\/es\/producto\/shoplentor-pro-antes-woolentor\/","og_locale":"es_ES","og_type":"article","og_title":"ShopLentor Pro (Antes WooLentor)","og_description":"Enhance your WooCommerce store with ShopLentor Pro. Build custom pages, add widgets, and boost conversions using Elementor and Gutenberg integration.","og_url":"https:\/\/allwintheme.com\/es\/producto\/shoplentor-pro-antes-woolentor\/","og_site_name":"AllWin Theme \u2013 Free WordPress Themes Download","article_modified_time":"2025-10-07T09:49:05+00:00","og_image":[{"width":590,"height":300,"url":"https:\/\/allwintheme.com\/wp-content\/uploads\/2025\/10\/ll7y94mb.png","type":"image\/png"}],"twitter_card":"summary_large_image","twitter_misc":{"Tiempo estimado de lectura":"2 minutos"},"schema":{"@context":"https:\/\/schema.org","@graph":[{"@type":"WebPage","@id":"https:\/\/allwintheme.com\/product\/shoplentor-pro-antes-woolentor\/","url":"https:\/\/allwintheme.com\/product\/shoplentor-pro-antes-woolentor\/","name":"ShopLentor Pro (Antes WooLentor) - AllWin Theme - Free WordPress Themes Download","isPartOf":{"@id":"https:\/\/allwintheme.com\/#website"},"primaryImageOfPage":{"@id":"https:\/\/allwintheme.com\/product\/shoplentor-pro-antes-woolentor\/#primaryimage"},"image":{"@id":"https:\/\/allwintheme.com\/product\/shoplentor-pro-antes-woolentor\/#primaryimage"},"thumbnailUrl":"https:\/\/allwintheme.com\/wp-content\/uploads\/2025\/10\/ll7y94mb.png","datePublished":"2025-10-07T09:41:18+00:00","dateModified":"2025-10-07T09:49:05+00:00","description":"Mejora tu tienda WooCommerce con ShopLentor Pro. Crea p\u00e1ginas personalizadas, a\u00f1ade widgets y aumenta las conversiones con Elementor y la integraci\u00f3n con Gutenberg.","breadcrumb":{"@id":"https:\/\/allwintheme.com\/product\/shoplentor-pro-antes-woolentor\/#breadcrumb"},"inLanguage":"es-CL","potentialAction":[{"@type":"ReadAction","target":["https:\/\/allwintheme.com\/product\/shoplentor-pro-antes-woolentor\/"]}]},{"@type":"ImageObject","inLanguage":"es-CL","@id":"https:\/\/allwintheme.com\/product\/shoplentor-pro-antes-woolentor\/#primaryimage","url":"https:\/\/allwintheme.com\/wp-content\/uploads\/2025\/10\/ll7y94mb.png","contentUrl":"https:\/\/allwintheme.com\/wp-content\/uploads\/2025\/10\/ll7y94mb.png","width":590,"height":300,"caption":"ShopLentor Pro (Antes WooLentor)"},{"@type":"BreadcrumbList","@id":"https:\/\/allwintheme.com\/product\/shoplentor-pro-antes-woolentor\/#breadcrumb","itemListElement":[{"@type":"ListItem","position":1,"name":"Home","item":"https:\/\/allwintheme.com\/"},{"@type":"ListItem","position":2,"name":"Shop","item":"https:\/\/allwintheme.com\/shop\/"},{"@type":"ListItem","position":3,"name":"ShopLentor Pro (Antes WooLentor)"}]},{"@type":"WebSite","@id":"https:\/\/allwintheme.com\/#website","url":"https:\/\/allwintheme.com\/","name":"Allwintheme","description":"Descarga gratis temas de WordPress para todos los nichos. Blogs, negocios, comercio electr\u00f3nico, portafolio, restaurante y m\u00e1s. Todos los temas tienen licencia GPL y est\u00e1n preparados para dispositivos m\u00f3viles.","potentialAction":[{"@type":"SearchAction","target":{"@type":"EntryPoint","urlTemplate":"https:\/\/allwintheme.com\/?s={search_term_string}"},"query-input":{"@type":"PropertyValueSpecification","valueRequired":true,"valueName":"search_term_string"}}],"inLanguage":"es-CL"}]}},"_links":{"self":[{"href":"https:\/\/allwintheme.com\/es\/wp-json\/wp\/v2\/product\/9662","targetHints":{"allow":["GET"]}}],"collection":[{"href":"https:\/\/allwintheme.com\/es\/wp-json\/wp\/v2\/product"}],"about":[{"href":"https:\/\/allwintheme.com\/es\/wp-json\/wp\/v2\/types\/product"}],"replies":[{"embeddable":true,"href":"https:\/\/allwintheme.com\/es\/wp-json\/wp\/v2\/comments?post=9662"}],"version-history":[{"count":7,"href":"https:\/\/allwintheme.com\/es\/wp-json\/wp\/v2\/product\/9662\/revisions"}],"predecessor-version":[{"id":9671,"href":"https:\/\/allwintheme.com\/es\/wp-json\/wp\/v2\/product\/9662\/revisions\/9671"}],"wp:featuredmedia":[{"embeddable":true,"href":"https:\/\/allwintheme.com\/es\/wp-json\/wp\/v2\/media\/9663"}],"wp:attachment":[{"href":"https:\/\/allwintheme.com\/es\/wp-json\/wp\/v2\/media?parent=9662"}],"wp:term":[{"taxonomy":"product_brand","embeddable":true,"href":"https:\/\/allwintheme.com\/es\/wp-json\/wp\/v2\/product_brand?post=9662"},{"taxonomy":"product_cat","embeddable":true,"href":"https:\/\/allwintheme.com\/es\/wp-json\/wp\/v2\/product_cat?post=9662"},{"taxonomy":"product_tag","embeddable":true,"href":"https:\/\/allwintheme.com\/es\/wp-json\/wp\/v2\/product_tag?post=9662"}],"curies":[{"name":"wp","href":"https:\/\/api.w.org\/{rel}","templated":true}]}}