{"id":9672,"date":"2025-10-07T09:50:17","date_gmt":"2025-10-07T09:50:17","guid":{"rendered":"https:\/\/allwintheme.com\/?post_type=product&#038;p=9672"},"modified":"2025-10-07T09:52:56","modified_gmt":"2025-10-07T09:52:56","slug":"contenido-dinamico-para-elementor-2","status":"publish","type":"product","link":"https:\/\/allwintheme.com\/es\/producto\/contenido-dinamico-para-elementor-2\/","title":{"rendered":"Contenido din\u00e1mico para Elementor"},"content":{"rendered":"<div data-elementor-type=\"wp-post\" data-elementor-id=\"9672\" class=\"elementor elementor-9672\" data-elementor-settings=\"{&quot;element_pack_global_tooltip_width&quot;:{&quot;unit&quot;:&quot;px&quot;,&quot;size&quot;:&quot;&quot;,&quot;sizes&quot;:[]},&quot;element_pack_global_tooltip_width_tablet&quot;:{&quot;unit&quot;:&quot;px&quot;,&quot;size&quot;:&quot;&quot;,&quot;sizes&quot;:[]},&quot;element_pack_global_tooltip_width_mobile&quot;:{&quot;unit&quot;:&quot;px&quot;,&quot;size&quot;:&quot;&quot;,&quot;sizes&quot;:[]},&quot;element_pack_global_tooltip_padding&quot;:{&quot;unit&quot;:&quot;px&quot;,&quot;top&quot;:&quot;&quot;,&quot;right&quot;:&quot;&quot;,&quot;bottom&quot;:&quot;&quot;,&quot;left&quot;:&quot;&quot;,&quot;isLinked&quot;:true},&quot;element_pack_global_tooltip_padding_tablet&quot;:{&quot;unit&quot;:&quot;px&quot;,&quot;top&quot;:&quot;&quot;,&quot;right&quot;:&quot;&quot;,&quot;bottom&quot;:&quot;&quot;,&quot;left&quot;:&quot;&quot;,&quot;isLinked&quot;:true},&quot;element_pack_global_tooltip_padding_mobile&quot;:{&quot;unit&quot;:&quot;px&quot;,&quot;top&quot;:&quot;&quot;,&quot;right&quot;:&quot;&quot;,&quot;bottom&quot;:&quot;&quot;,&quot;left&quot;:&quot;&quot;,&quot;isLinked&quot;:true},&quot;element_pack_global_tooltip_border_radius&quot;:{&quot;unit&quot;:&quot;px&quot;,&quot;top&quot;:&quot;&quot;,&quot;right&quot;:&quot;&quot;,&quot;bottom&quot;:&quot;&quot;,&quot;left&quot;:&quot;&quot;,&quot;isLinked&quot;:true},&quot;element_pack_global_tooltip_border_radius_tablet&quot;:{&quot;unit&quot;:&quot;px&quot;,&quot;top&quot;:&quot;&quot;,&quot;right&quot;:&quot;&quot;,&quot;bottom&quot;:&quot;&quot;,&quot;left&quot;:&quot;&quot;,&quot;isLinked&quot;:true},&quot;element_pack_global_tooltip_border_radius_mobile&quot;:{&quot;unit&quot;:&quot;px&quot;,&quot;top&quot;:&quot;&quot;,&quot;right&quot;:&quot;&quot;,&quot;bottom&quot;:&quot;&quot;,&quot;left&quot;:&quot;&quot;,&quot;isLinked&quot;:true}}\" data-elementor-post-type=\"product\">\n\t\t\t\t<div class=\"elementor-element elementor-element-93aa4a8 e-con-full e-flex e-con e-parent\" data-id=\"93aa4a8\" data-element_type=\"container\" data-e-type=\"container\">\n\t\t\t\t<div class=\"elementor-element elementor-element-2c3f760 miaoshu elementor-widget elementor-widget-wd_text_block\" data-id=\"2c3f760\" data-element_type=\"widget\" data-e-type=\"widget\" data-widget_type=\"wd_text_block.default\">\n\t\t\t\t<div class=\"elementor-widget-container\">\n\t\t\t\t\t\t\t<div class=\"wd-text-block reset-last-child text-left\">\n\t\t\t\n\t\t\t<h2>Contenido din\u00e1mico para Elementor: Construya sitios web m\u00e1s inteligentes y personalizados<\/h2>\n<p><strong>Contenido din\u00e1mico para Elementor<\/strong> transforma tu experiencia con Elementor permiti\u00e9ndote crear f\u00e1cilmente sitios web din\u00e1micos basados en datos. Por ejemplo, este potente complemento te equipa con widgets avanzados y herramientas para integrar contenido din\u00e1mico a la perfecci\u00f3n. Como resultado, podr\u00e1 crear experiencias de usuario personalizadas y aumentar la participaci\u00f3n en su sitio de WordPress.<\/p>\n\n<h3>Cree sitios web din\u00e1micos con facilidad<\/h3>\n<p>Con Contenido din\u00e1mico para Elementor, podr\u00e1s dise\u00f1ar p\u00e1ginas que se adapten a los datos, preferencias o fuentes externas del usuario. Por ejemplo, puedes conectar widgets a campos personalizados, bases de datos o API de terceros sin esfuerzo. De este modo, su sitio ofrece contenido personalizado, como ofertas espec\u00edficas para el usuario o galer\u00edas din\u00e1micas, sin necesidad de codificaci\u00f3n compleja.<\/p>\n\n<h3>\u00bfPor qu\u00e9 elegir contenido din\u00e1mico para Elementor?<\/h3>\n<ul>\n    <li><strong>Widgets din\u00e1micos avanzados:<\/strong> Acceda a una amplia gama de widgets para mostrar campos personalizados, entradas o datos externos de forma din\u00e1mica.<\/li>\n    <li><strong>Integraci\u00f3n perfecta:<\/strong> Se conecta sin esfuerzo con Elementor, garantizando una compatibilidad fluida y controles intuitivos.<\/li>\n    <li><strong>Experiencia de usuario personalizada:<\/strong> Ofrezca contenidos personalizados basados en los datos o el comportamiento de los usuarios, mejorando as\u00ed su participaci\u00f3n.<\/li>\n    <li><strong>Fuentes de datos flexibles:<\/strong> Extraiga contenido de campos personalizados, ACF o API para crear dise\u00f1os din\u00e1micos.<\/li>\n    <li><strong>No requiere codificaci\u00f3n:<\/strong> Cree sitios sofisticados y din\u00e1micos con la interfaz de arrastrar y soltar de Elementor.<\/li>\n<\/ul>\n\n<h3>Mejore su flujo de trabajo con flexibilidad<\/h3>\n<p>Este complemento simplifica la creaci\u00f3n de sitios web din\u00e1micos tanto para desarrolladores como para principiantes. Adem\u00e1s, admite casos de uso complejos, como p\u00e1ginas de productos de comercio electr\u00f3nico o portales de socios, al integrarse con plugins populares. Por lo tanto, usted ahorra tiempo mientras construye sitios profesionales e interactivos que destacan.<\/p>\n\n<h3>Mejore sus proyectos Elementor hoy mismo<\/h3>\n<p>Lleva tus dise\u00f1os Elementor al siguiente nivel con <strong>Contenido din\u00e1mico para Elementor<\/strong>. Al aprovechar los datos din\u00e1micos, puedes crear sitios web atractivos y personalizados que cautiven a tu audiencia. Instala este complemento ahora y abre un sinf\u00edn de posibilidades para tu sitio de WordPress.<\/p>\n\t\t\t\t\t<\/div>\n\t\t\t\t\t\t<\/div>\n\t\t\t\t<\/div>\n\t\t\t\t<\/div>\n\t\t\t\t<\/div>","protected":false},"excerpt":{"rendered":"<p>Dynamic Content for Elementor: Build Smarter, Personalized Websites Dynamic Content for Elementor transforms your Elementor experience by enabling you to<\/p>","protected":false},"featured_media":9670,"comment_status":"open","ping_status":"closed","template":"","meta":{"_acf_changed":false},"product_brand":[],"product_cat":[49],"product_tag":[],"class_list":{"0":"post-9672","1":"product","2":"type-product","3":"status-publish","4":"has-post-thumbnail","6":"product_cat-plugins","8":"first","9":"instock","10":"sale","11":"downloadable","12":"shipping-taxable","13":"purchasable","14":"product-type-simple"},"acf":[],"yoast_head":"<!-- This site is optimized with the Yoast SEO Premium plugin v25.6 (Yoast SEO v27.1.1) - https:\/\/yoast.com\/product\/yoast-seo-premium-wordpress\/ -->\n<title>Dynamic Content for Elementor - AllWin Theme \u2013 Free WordPress Themes Download<\/title>\n<meta name=\"description\" content=\"Supercharge Elementor with Dynamic Content. Create dynamic, personalized websites with flexible widgets and seamless data integration.\" \/>\n<meta name=\"robots\" content=\"index, follow, max-snippet:-1, max-image-preview:large, max-video-preview:-1\" \/>\n<link rel=\"canonical\" href=\"https:\/\/allwintheme.com\/es\/producto\/contenido-dinamico-para-elementor-2\/\" \/>\n<meta property=\"og:locale\" content=\"es_ES\" \/>\n<meta property=\"og:type\" content=\"article\" \/>\n<meta property=\"og:title\" content=\"Dynamic Content for Elementor\" \/>\n<meta property=\"og:description\" content=\"Supercharge Elementor with Dynamic Content. Create dynamic, personalized websites with flexible widgets and seamless data integration.\" \/>\n<meta property=\"og:url\" content=\"https:\/\/allwintheme.com\/es\/producto\/contenido-dinamico-para-elementor-2\/\" \/>\n<meta property=\"og:site_name\" content=\"AllWin Theme \u2013 Free WordPress Themes Download\" \/>\n<meta property=\"article:modified_time\" content=\"2025-10-07T09:52:56+00:00\" \/>\n<meta property=\"og:image\" content=\"https:\/\/allwintheme.com\/wp-content\/uploads\/2025\/10\/ocbuxz1s.png\" \/>\n\t<meta property=\"og:image:width\" content=\"590\" \/>\n\t<meta property=\"og:image:height\" content=\"300\" \/>\n\t<meta property=\"og:image:type\" content=\"image\/png\" \/>\n<meta name=\"twitter:card\" content=\"summary_large_image\" \/>\n<meta name=\"twitter:label1\" content=\"Tiempo estimado de lectura\" \/>\n\t<meta name=\"twitter:data1\" content=\"2 minutos\" \/>\n<script type=\"application\/ld+json\" class=\"yoast-schema-graph\">{\"@context\":\"https:\/\/schema.org\",\"@graph\":[{\"@type\":\"WebPage\",\"@id\":\"https:\/\/allwintheme.com\/product\/dynamic-content-for-elementor-2\/\",\"url\":\"https:\/\/allwintheme.com\/product\/dynamic-content-for-elementor-2\/\",\"name\":\"Dynamic Content for Elementor - AllWin Theme \u2013 Free WordPress Themes Download\",\"isPartOf\":{\"@id\":\"https:\/\/allwintheme.com\/#website\"},\"primaryImageOfPage\":{\"@id\":\"https:\/\/allwintheme.com\/product\/dynamic-content-for-elementor-2\/#primaryimage\"},\"image\":{\"@id\":\"https:\/\/allwintheme.com\/product\/dynamic-content-for-elementor-2\/#primaryimage\"},\"thumbnailUrl\":\"https:\/\/allwintheme.com\/wp-content\/uploads\/2025\/10\/ocbuxz1s.png\",\"datePublished\":\"2025-10-07T09:50:17+00:00\",\"dateModified\":\"2025-10-07T09:52:56+00:00\",\"description\":\"Supercharge Elementor with Dynamic Content. Create dynamic, personalized websites with flexible widgets and seamless data integration.\",\"breadcrumb\":{\"@id\":\"https:\/\/allwintheme.com\/product\/dynamic-content-for-elementor-2\/#breadcrumb\"},\"inLanguage\":\"es-CL\",\"potentialAction\":[{\"@type\":\"ReadAction\",\"target\":[\"https:\/\/allwintheme.com\/product\/dynamic-content-for-elementor-2\/\"]}]},{\"@type\":\"ImageObject\",\"inLanguage\":\"es-CL\",\"@id\":\"https:\/\/allwintheme.com\/product\/dynamic-content-for-elementor-2\/#primaryimage\",\"url\":\"https:\/\/allwintheme.com\/wp-content\/uploads\/2025\/10\/ocbuxz1s.png\",\"contentUrl\":\"https:\/\/allwintheme.com\/wp-content\/uploads\/2025\/10\/ocbuxz1s.png\",\"width\":590,\"height\":300,\"caption\":\"Dynamic Content for Elementor\"},{\"@type\":\"BreadcrumbList\",\"@id\":\"https:\/\/allwintheme.com\/product\/dynamic-content-for-elementor-2\/#breadcrumb\",\"itemListElement\":[{\"@type\":\"ListItem\",\"position\":1,\"name\":\"Home\",\"item\":\"https:\/\/allwintheme.com\/\"},{\"@type\":\"ListItem\",\"position\":2,\"name\":\"Shop\",\"item\":\"https:\/\/allwintheme.com\/shop\/\"},{\"@type\":\"ListItem\",\"position\":3,\"name\":\"Dynamic Content for Elementor\"}]},{\"@type\":\"WebSite\",\"@id\":\"https:\/\/allwintheme.com\/#website\",\"url\":\"https:\/\/allwintheme.com\/\",\"name\":\"Allwintheme\",\"description\":\"Download free WordPress themes for every niche. Blogs, business, eCommerce, portfolio, restaurant and more. All themes are GPL licensed and mobile-ready.\",\"potentialAction\":[{\"@type\":\"SearchAction\",\"target\":{\"@type\":\"EntryPoint\",\"urlTemplate\":\"https:\/\/allwintheme.com\/?s={search_term_string}\"},\"query-input\":{\"@type\":\"PropertyValueSpecification\",\"valueRequired\":true,\"valueName\":\"search_term_string\"}}],\"inLanguage\":\"es-CL\"}]}<\/script>\n<!-- \/ Yoast SEO Premium plugin. -->","yoast_head_json":{"title":"Contenido din\u00e1mico para Elementor - AllWin Theme - Free WordPress Themes Download","description":"Potencie Elementor con contenido din\u00e1mico. Crea sitios web din\u00e1micos y personalizados con widgets flexibles y una integraci\u00f3n de datos perfecta.","robots":{"index":"index","follow":"follow","max-snippet":"max-snippet:-1","max-image-preview":"max-image-preview:large","max-video-preview":"max-video-preview:-1"},"canonical":"https:\/\/allwintheme.com\/es\/producto\/contenido-dinamico-para-elementor-2\/","og_locale":"es_ES","og_type":"article","og_title":"Dynamic Content for Elementor","og_description":"Supercharge Elementor with Dynamic Content. Create dynamic, personalized websites with flexible widgets and seamless data integration.","og_url":"https:\/\/allwintheme.com\/es\/producto\/contenido-dinamico-para-elementor-2\/","og_site_name":"AllWin Theme \u2013 Free WordPress Themes Download","article_modified_time":"2025-10-07T09:52:56+00:00","og_image":[{"width":590,"height":300,"url":"https:\/\/allwintheme.com\/wp-content\/uploads\/2025\/10\/ocbuxz1s.png","type":"image\/png"}],"twitter_card":"summary_large_image","twitter_misc":{"Tiempo estimado de lectura":"2 minutos"},"schema":{"@context":"https:\/\/schema.org","@graph":[{"@type":"WebPage","@id":"https:\/\/allwintheme.com\/product\/dynamic-content-for-elementor-2\/","url":"https:\/\/allwintheme.com\/product\/dynamic-content-for-elementor-2\/","name":"Contenido din\u00e1mico para Elementor - AllWin Theme - Free WordPress Themes Download","isPartOf":{"@id":"https:\/\/allwintheme.com\/#website"},"primaryImageOfPage":{"@id":"https:\/\/allwintheme.com\/product\/dynamic-content-for-elementor-2\/#primaryimage"},"image":{"@id":"https:\/\/allwintheme.com\/product\/dynamic-content-for-elementor-2\/#primaryimage"},"thumbnailUrl":"https:\/\/allwintheme.com\/wp-content\/uploads\/2025\/10\/ocbuxz1s.png","datePublished":"2025-10-07T09:50:17+00:00","dateModified":"2025-10-07T09:52:56+00:00","description":"Potencie Elementor con contenido din\u00e1mico. Crea sitios web din\u00e1micos y personalizados con widgets flexibles y una integraci\u00f3n de datos perfecta.","breadcrumb":{"@id":"https:\/\/allwintheme.com\/product\/dynamic-content-for-elementor-2\/#breadcrumb"},"inLanguage":"es-CL","potentialAction":[{"@type":"ReadAction","target":["https:\/\/allwintheme.com\/product\/dynamic-content-for-elementor-2\/"]}]},{"@type":"ImageObject","inLanguage":"es-CL","@id":"https:\/\/allwintheme.com\/product\/dynamic-content-for-elementor-2\/#primaryimage","url":"https:\/\/allwintheme.com\/wp-content\/uploads\/2025\/10\/ocbuxz1s.png","contentUrl":"https:\/\/allwintheme.com\/wp-content\/uploads\/2025\/10\/ocbuxz1s.png","width":590,"height":300,"caption":"Dynamic Content for Elementor"},{"@type":"BreadcrumbList","@id":"https:\/\/allwintheme.com\/product\/dynamic-content-for-elementor-2\/#breadcrumb","itemListElement":[{"@type":"ListItem","position":1,"name":"Home","item":"https:\/\/allwintheme.com\/"},{"@type":"ListItem","position":2,"name":"Shop","item":"https:\/\/allwintheme.com\/shop\/"},{"@type":"ListItem","position":3,"name":"Dynamic Content for Elementor"}]},{"@type":"WebSite","@id":"https:\/\/allwintheme.com\/#website","url":"https:\/\/allwintheme.com\/","name":"Allwintheme","description":"Descarga gratis temas de WordPress para todos los nichos. Blogs, negocios, comercio electr\u00f3nico, portafolio, restaurante y m\u00e1s. Todos los temas tienen licencia GPL y est\u00e1n preparados para dispositivos m\u00f3viles.","potentialAction":[{"@type":"SearchAction","target":{"@type":"EntryPoint","urlTemplate":"https:\/\/allwintheme.com\/?s={search_term_string}"},"query-input":{"@type":"PropertyValueSpecification","valueRequired":true,"valueName":"search_term_string"}}],"inLanguage":"es-CL"}]}},"_links":{"self":[{"href":"https:\/\/allwintheme.com\/es\/wp-json\/wp\/v2\/product\/9672","targetHints":{"allow":["GET"]}}],"collection":[{"href":"https:\/\/allwintheme.com\/es\/wp-json\/wp\/v2\/product"}],"about":[{"href":"https:\/\/allwintheme.com\/es\/wp-json\/wp\/v2\/types\/product"}],"replies":[{"embeddable":true,"href":"https:\/\/allwintheme.com\/es\/wp-json\/wp\/v2\/comments?post=9672"}],"version-history":[{"count":8,"href":"https:\/\/allwintheme.com\/es\/wp-json\/wp\/v2\/product\/9672\/revisions"}],"predecessor-version":[{"id":9680,"href":"https:\/\/allwintheme.com\/es\/wp-json\/wp\/v2\/product\/9672\/revisions\/9680"}],"wp:featuredmedia":[{"embeddable":true,"href":"https:\/\/allwintheme.com\/es\/wp-json\/wp\/v2\/media\/9670"}],"wp:attachment":[{"href":"https:\/\/allwintheme.com\/es\/wp-json\/wp\/v2\/media?parent=9672"}],"wp:term":[{"taxonomy":"product_brand","embeddable":true,"href":"https:\/\/allwintheme.com\/es\/wp-json\/wp\/v2\/product_brand?post=9672"},{"taxonomy":"product_cat","embeddable":true,"href":"https:\/\/allwintheme.com\/es\/wp-json\/wp\/v2\/product_cat?post=9672"},{"taxonomy":"product_tag","embeddable":true,"href":"https:\/\/allwintheme.com\/es\/wp-json\/wp\/v2\/product_tag?post=9672"}],"curies":[{"name":"wp","href":"https:\/\/api.w.org\/{rel}","templated":true}]}}