{"id":9681,"date":"2025-10-07T09:53:04","date_gmt":"2025-10-07T09:53:04","guid":{"rendered":"https:\/\/allwintheme.com\/?post_type=product&#038;p=9681"},"modified":"2025-10-07T09:58:16","modified_gmt":"2025-10-07T09:58:16","slug":"happy-elementor-addons-pro","status":"publish","type":"product","link":"https:\/\/allwintheme.com\/es\/producto\/happy-elementor-addons-pro\/","title":{"rendered":"Happy Elementor Addons Pro"},"content":{"rendered":"<div data-elementor-type=\"wp-post\" data-elementor-id=\"9681\" class=\"elementor elementor-9681\" data-elementor-settings=\"{&quot;element_pack_global_tooltip_width&quot;:{&quot;unit&quot;:&quot;px&quot;,&quot;size&quot;:&quot;&quot;,&quot;sizes&quot;:[]},&quot;element_pack_global_tooltip_width_tablet&quot;:{&quot;unit&quot;:&quot;px&quot;,&quot;size&quot;:&quot;&quot;,&quot;sizes&quot;:[]},&quot;element_pack_global_tooltip_width_mobile&quot;:{&quot;unit&quot;:&quot;px&quot;,&quot;size&quot;:&quot;&quot;,&quot;sizes&quot;:[]},&quot;element_pack_global_tooltip_padding&quot;:{&quot;unit&quot;:&quot;px&quot;,&quot;top&quot;:&quot;&quot;,&quot;right&quot;:&quot;&quot;,&quot;bottom&quot;:&quot;&quot;,&quot;left&quot;:&quot;&quot;,&quot;isLinked&quot;:true},&quot;element_pack_global_tooltip_padding_tablet&quot;:{&quot;unit&quot;:&quot;px&quot;,&quot;top&quot;:&quot;&quot;,&quot;right&quot;:&quot;&quot;,&quot;bottom&quot;:&quot;&quot;,&quot;left&quot;:&quot;&quot;,&quot;isLinked&quot;:true},&quot;element_pack_global_tooltip_padding_mobile&quot;:{&quot;unit&quot;:&quot;px&quot;,&quot;top&quot;:&quot;&quot;,&quot;right&quot;:&quot;&quot;,&quot;bottom&quot;:&quot;&quot;,&quot;left&quot;:&quot;&quot;,&quot;isLinked&quot;:true},&quot;element_pack_global_tooltip_border_radius&quot;:{&quot;unit&quot;:&quot;px&quot;,&quot;top&quot;:&quot;&quot;,&quot;right&quot;:&quot;&quot;,&quot;bottom&quot;:&quot;&quot;,&quot;left&quot;:&quot;&quot;,&quot;isLinked&quot;:true},&quot;element_pack_global_tooltip_border_radius_tablet&quot;:{&quot;unit&quot;:&quot;px&quot;,&quot;top&quot;:&quot;&quot;,&quot;right&quot;:&quot;&quot;,&quot;bottom&quot;:&quot;&quot;,&quot;left&quot;:&quot;&quot;,&quot;isLinked&quot;:true},&quot;element_pack_global_tooltip_border_radius_mobile&quot;:{&quot;unit&quot;:&quot;px&quot;,&quot;top&quot;:&quot;&quot;,&quot;right&quot;:&quot;&quot;,&quot;bottom&quot;:&quot;&quot;,&quot;left&quot;:&quot;&quot;,&quot;isLinked&quot;:true}}\" data-elementor-post-type=\"product\">\n\t\t\t\t<div class=\"elementor-element elementor-element-93aa4a8 e-con-full e-flex e-con e-parent\" data-id=\"93aa4a8\" data-element_type=\"container\" data-e-type=\"container\">\n\t\t\t\t<div class=\"elementor-element elementor-element-2c3f760 miaoshu elementor-widget elementor-widget-wd_text_block\" data-id=\"2c3f760\" data-element_type=\"widget\" data-e-type=\"widget\" data-widget_type=\"wd_text_block.default\">\n\t\t\t\t<div class=\"elementor-widget-container\">\n\t\t\t\t\t\t\t<div class=\"wd-text-block reset-last-child text-left\">\n\t\t\t\n\t\t\t<h2>Happy Elementor Addons Pro: Mejore el dise\u00f1o de su sitio web<\/h2>\n<p><strong>Happy Elementor Addons Pro<\/strong> transforma tu experiencia con Elementor ofreci\u00e9ndote una s\u00f3lida colecci\u00f3n de widgets, plantillas y funciones premium. Por ejemplo, puedes crear sitios web visualmente impresionantes y altamente funcionales con facilidad, gracias a sus herramientas intuitivas. Como resultado, este complemento permite tanto a principiantes como a profesionales crear p\u00e1ginas \u00fanicas que cautivan al p\u00fablico.<\/p>\n\n<h3>Funciones potentes para la libertad creativa<\/h3>\n<p>Con Happy Addons Pro, puedes dise\u00f1ar activamente dise\u00f1os personalizados utilizando widgets avanzados adaptados a Elementor. Adem\u00e1s, las plantillas y bloques predise\u00f1ados aceleran el flujo de trabajo, mientras que la funci\u00f3n de copiar y pegar entre dominios ahorra tiempo. De este modo, podr\u00e1 crear sitios web profesionales sin necesidad de conocimientos de programaci\u00f3n.<\/p>\n\n<h3>\u00bfPor qu\u00e9 elegir Happy Elementor Addons Pro?<\/h3>\n<ul>\n    <li><strong>Widgets premium:<\/strong> Acceda a una amplia gama de widgets creativos para mejorar la funcionalidad y el dise\u00f1o.<\/li>\n    <li><strong>Plantillas preparadas:<\/strong> Utilice plantillas de dise\u00f1o profesional para poner en marcha sus proyectos r\u00e1pidamente.<\/li>\n    <li><strong>Copiar y pegar entre dominios:<\/strong> Transfiera sin problemas dise\u00f1os entre centros para lograr flujos de trabajo eficientes.<\/li>\n    <li><strong>Totalmente adaptable:<\/strong> Aseg\u00farese de que sus dise\u00f1os se ven impecables en ordenadores de sobremesa, tabletas y dispositivos m\u00f3viles.<\/li>\n    <li><strong>Interfaz f\u00e1cil de usar:<\/strong> Personaliza sin esfuerzo con el constructor de arrastrar y soltar de Elementor.<\/li>\n<\/ul>\n\n<h3>Agilice su proceso de dise\u00f1o<\/h3>\n<p>Happy Addons Pro simplifica la creaci\u00f3n de sitios web proporcionando herramientas que potencian la creatividad y la eficacia. Por ejemplo, puede a\u00f1adir efectos din\u00e1micos, formularios avanzados o elementos interactivos para atraer a los visitantes. Por lo tanto, este complemento te ayuda a destacar en un panorama digital competitivo manteniendo la sencillez.<\/p>\n\n<h3>Cree mejores sitios web hoy mismo<\/h3>\n<p>Lleve sus proyectos Elementor al siguiente nivel con <strong>Happy Elementor Addons Pro<\/strong>. Mediante la integraci\u00f3n de potentes funciones y opciones flexibles, podr\u00e1 crear sitios web atractivos y funcionales. Instale el complemento ahora y descubra infinitas posibilidades de dise\u00f1o.<\/p>\n\t\t\t\t\t<\/div>\n\t\t\t\t\t\t<\/div>\n\t\t\t\t<\/div>\n\t\t\t\t<\/div>\n\t\t\t\t<\/div>","protected":false},"excerpt":{"rendered":"<p>Happy Elementor Addons Pro: Elevate Your Website Design Happy Elementor Addons Pro transforms your Elementor experience by offering a robust<\/p>","protected":false},"featured_media":9682,"comment_status":"open","ping_status":"closed","template":"","meta":{"_acf_changed":false},"product_brand":[],"product_cat":[49],"product_tag":[],"class_list":{"0":"post-9681","1":"product","2":"type-product","3":"status-publish","4":"has-post-thumbnail","6":"product_cat-plugins","8":"first","9":"instock","10":"sale","11":"downloadable","12":"shipping-taxable","13":"purchasable","14":"product-type-simple"},"acf":[],"yoast_head":"<!-- This site is optimized with the Yoast SEO Premium plugin v25.6 (Yoast SEO v27.1.1) - https:\/\/yoast.com\/product\/yoast-seo-premium-wordpress\/ -->\n<title>Happy Elementor Addons Pro - AllWin Theme \u2013 Free WordPress Themes Download<\/title>\n<meta name=\"description\" content=\"Supercharge Elementor with Happy Addons Pro. Access premium widgets, templates, and features to create stunning, customized websites effortlessly.\" \/>\n<meta name=\"robots\" content=\"index, follow, max-snippet:-1, max-image-preview:large, max-video-preview:-1\" \/>\n<link rel=\"canonical\" href=\"https:\/\/allwintheme.com\/es\/producto\/happy-elementor-addons-pro\/\" \/>\n<meta property=\"og:locale\" content=\"es_ES\" \/>\n<meta property=\"og:type\" content=\"article\" \/>\n<meta property=\"og:title\" content=\"Happy Elementor Addons Pro\" \/>\n<meta property=\"og:description\" content=\"Supercharge Elementor with Happy Addons Pro. Access premium widgets, templates, and features to create stunning, customized websites effortlessly.\" \/>\n<meta property=\"og:url\" content=\"https:\/\/allwintheme.com\/es\/producto\/happy-elementor-addons-pro\/\" \/>\n<meta property=\"og:site_name\" content=\"AllWin Theme \u2013 Free WordPress Themes Download\" \/>\n<meta property=\"article:modified_time\" content=\"2025-10-07T09:58:16+00:00\" \/>\n<meta property=\"og:image\" content=\"https:\/\/allwintheme.com\/wp-content\/uploads\/2025\/10\/Happy-Elementor-Addons-Pro.png\" \/>\n\t<meta property=\"og:image:width\" content=\"768\" \/>\n\t<meta property=\"og:image:height\" content=\"444\" \/>\n\t<meta property=\"og:image:type\" content=\"image\/png\" \/>\n<meta name=\"twitter:card\" content=\"summary_large_image\" \/>\n<meta name=\"twitter:label1\" content=\"Tiempo estimado de lectura\" \/>\n\t<meta name=\"twitter:data1\" content=\"2 minutos\" \/>\n<script type=\"application\/ld+json\" class=\"yoast-schema-graph\">{\"@context\":\"https:\/\/schema.org\",\"@graph\":[{\"@type\":\"WebPage\",\"@id\":\"https:\/\/allwintheme.com\/product\/happy-elementor-addons-pro\/\",\"url\":\"https:\/\/allwintheme.com\/product\/happy-elementor-addons-pro\/\",\"name\":\"Happy Elementor Addons Pro - AllWin Theme \u2013 Free WordPress Themes Download\",\"isPartOf\":{\"@id\":\"https:\/\/allwintheme.com\/#website\"},\"primaryImageOfPage\":{\"@id\":\"https:\/\/allwintheme.com\/product\/happy-elementor-addons-pro\/#primaryimage\"},\"image\":{\"@id\":\"https:\/\/allwintheme.com\/product\/happy-elementor-addons-pro\/#primaryimage\"},\"thumbnailUrl\":\"https:\/\/allwintheme.com\/wp-content\/uploads\/2025\/10\/Happy-Elementor-Addons-Pro.png\",\"datePublished\":\"2025-10-07T09:53:04+00:00\",\"dateModified\":\"2025-10-07T09:58:16+00:00\",\"description\":\"Supercharge Elementor with Happy Addons Pro. Access premium widgets, templates, and features to create stunning, customized websites effortlessly.\",\"breadcrumb\":{\"@id\":\"https:\/\/allwintheme.com\/product\/happy-elementor-addons-pro\/#breadcrumb\"},\"inLanguage\":\"es-CL\",\"potentialAction\":[{\"@type\":\"ReadAction\",\"target\":[\"https:\/\/allwintheme.com\/product\/happy-elementor-addons-pro\/\"]}]},{\"@type\":\"ImageObject\",\"inLanguage\":\"es-CL\",\"@id\":\"https:\/\/allwintheme.com\/product\/happy-elementor-addons-pro\/#primaryimage\",\"url\":\"https:\/\/allwintheme.com\/wp-content\/uploads\/2025\/10\/Happy-Elementor-Addons-Pro.png\",\"contentUrl\":\"https:\/\/allwintheme.com\/wp-content\/uploads\/2025\/10\/Happy-Elementor-Addons-Pro.png\",\"width\":768,\"height\":444,\"caption\":\"Happy Elementor Addons Pro\"},{\"@type\":\"BreadcrumbList\",\"@id\":\"https:\/\/allwintheme.com\/product\/happy-elementor-addons-pro\/#breadcrumb\",\"itemListElement\":[{\"@type\":\"ListItem\",\"position\":1,\"name\":\"Home\",\"item\":\"https:\/\/allwintheme.com\/\"},{\"@type\":\"ListItem\",\"position\":2,\"name\":\"Shop\",\"item\":\"https:\/\/allwintheme.com\/shop\/\"},{\"@type\":\"ListItem\",\"position\":3,\"name\":\"Happy Elementor Addons Pro\"}]},{\"@type\":\"WebSite\",\"@id\":\"https:\/\/allwintheme.com\/#website\",\"url\":\"https:\/\/allwintheme.com\/\",\"name\":\"Allwintheme\",\"description\":\"Download free WordPress themes for every niche. Blogs, business, eCommerce, portfolio, restaurant and more. All themes are GPL licensed and mobile-ready.\",\"potentialAction\":[{\"@type\":\"SearchAction\",\"target\":{\"@type\":\"EntryPoint\",\"urlTemplate\":\"https:\/\/allwintheme.com\/?s={search_term_string}\"},\"query-input\":{\"@type\":\"PropertyValueSpecification\",\"valueRequired\":true,\"valueName\":\"search_term_string\"}}],\"inLanguage\":\"es-CL\"}]}<\/script>\n<!-- \/ Yoast SEO Premium plugin. -->","yoast_head_json":{"title":"Happy Elementor Addons Pro - AllWin Theme \u2013 Free WordPress Themes Download","description":"Mejora Elementor con Happy Addons Pro. Accede a widgets, plantillas y funciones premium para crear impresionantes sitios web personalizados sin esfuerzo.","robots":{"index":"index","follow":"follow","max-snippet":"max-snippet:-1","max-image-preview":"max-image-preview:large","max-video-preview":"max-video-preview:-1"},"canonical":"https:\/\/allwintheme.com\/es\/producto\/happy-elementor-addons-pro\/","og_locale":"es_ES","og_type":"article","og_title":"Happy Elementor Addons Pro","og_description":"Supercharge Elementor with Happy Addons Pro. Access premium widgets, templates, and features to create stunning, customized websites effortlessly.","og_url":"https:\/\/allwintheme.com\/es\/producto\/happy-elementor-addons-pro\/","og_site_name":"AllWin Theme \u2013 Free WordPress Themes Download","article_modified_time":"2025-10-07T09:58:16+00:00","og_image":[{"width":768,"height":444,"url":"https:\/\/allwintheme.com\/wp-content\/uploads\/2025\/10\/Happy-Elementor-Addons-Pro.png","type":"image\/png"}],"twitter_card":"summary_large_image","twitter_misc":{"Tiempo estimado de lectura":"2 minutos"},"schema":{"@context":"https:\/\/schema.org","@graph":[{"@type":"WebPage","@id":"https:\/\/allwintheme.com\/product\/happy-elementor-addons-pro\/","url":"https:\/\/allwintheme.com\/product\/happy-elementor-addons-pro\/","name":"Happy Elementor Addons Pro - AllWin Theme \u2013 Free WordPress Themes Download","isPartOf":{"@id":"https:\/\/allwintheme.com\/#website"},"primaryImageOfPage":{"@id":"https:\/\/allwintheme.com\/product\/happy-elementor-addons-pro\/#primaryimage"},"image":{"@id":"https:\/\/allwintheme.com\/product\/happy-elementor-addons-pro\/#primaryimage"},"thumbnailUrl":"https:\/\/allwintheme.com\/wp-content\/uploads\/2025\/10\/Happy-Elementor-Addons-Pro.png","datePublished":"2025-10-07T09:53:04+00:00","dateModified":"2025-10-07T09:58:16+00:00","description":"Mejora Elementor con Happy Addons Pro. Accede a widgets, plantillas y funciones premium para crear impresionantes sitios web personalizados sin esfuerzo.","breadcrumb":{"@id":"https:\/\/allwintheme.com\/product\/happy-elementor-addons-pro\/#breadcrumb"},"inLanguage":"es-CL","potentialAction":[{"@type":"ReadAction","target":["https:\/\/allwintheme.com\/product\/happy-elementor-addons-pro\/"]}]},{"@type":"ImageObject","inLanguage":"es-CL","@id":"https:\/\/allwintheme.com\/product\/happy-elementor-addons-pro\/#primaryimage","url":"https:\/\/allwintheme.com\/wp-content\/uploads\/2025\/10\/Happy-Elementor-Addons-Pro.png","contentUrl":"https:\/\/allwintheme.com\/wp-content\/uploads\/2025\/10\/Happy-Elementor-Addons-Pro.png","width":768,"height":444,"caption":"Happy Elementor Addons Pro"},{"@type":"BreadcrumbList","@id":"https:\/\/allwintheme.com\/product\/happy-elementor-addons-pro\/#breadcrumb","itemListElement":[{"@type":"ListItem","position":1,"name":"Home","item":"https:\/\/allwintheme.com\/"},{"@type":"ListItem","position":2,"name":"Shop","item":"https:\/\/allwintheme.com\/shop\/"},{"@type":"ListItem","position":3,"name":"Happy Elementor Addons Pro"}]},{"@type":"WebSite","@id":"https:\/\/allwintheme.com\/#website","url":"https:\/\/allwintheme.com\/","name":"Allwintheme","description":"Descarga gratis temas de WordPress para todos los nichos. Blogs, negocios, comercio electr\u00f3nico, portafolio, restaurante y m\u00e1s. Todos los temas tienen licencia GPL y est\u00e1n preparados para dispositivos m\u00f3viles.","potentialAction":[{"@type":"SearchAction","target":{"@type":"EntryPoint","urlTemplate":"https:\/\/allwintheme.com\/?s={search_term_string}"},"query-input":{"@type":"PropertyValueSpecification","valueRequired":true,"valueName":"search_term_string"}}],"inLanguage":"es-CL"}]}},"_links":{"self":[{"href":"https:\/\/allwintheme.com\/es\/wp-json\/wp\/v2\/product\/9681","targetHints":{"allow":["GET"]}}],"collection":[{"href":"https:\/\/allwintheme.com\/es\/wp-json\/wp\/v2\/product"}],"about":[{"href":"https:\/\/allwintheme.com\/es\/wp-json\/wp\/v2\/types\/product"}],"replies":[{"embeddable":true,"href":"https:\/\/allwintheme.com\/es\/wp-json\/wp\/v2\/comments?post=9681"}],"version-history":[{"count":5,"href":"https:\/\/allwintheme.com\/es\/wp-json\/wp\/v2\/product\/9681\/revisions"}],"predecessor-version":[{"id":9687,"href":"https:\/\/allwintheme.com\/es\/wp-json\/wp\/v2\/product\/9681\/revisions\/9687"}],"wp:featuredmedia":[{"embeddable":true,"href":"https:\/\/allwintheme.com\/es\/wp-json\/wp\/v2\/media\/9682"}],"wp:attachment":[{"href":"https:\/\/allwintheme.com\/es\/wp-json\/wp\/v2\/media?parent=9681"}],"wp:term":[{"taxonomy":"product_brand","embeddable":true,"href":"https:\/\/allwintheme.com\/es\/wp-json\/wp\/v2\/product_brand?post=9681"},{"taxonomy":"product_cat","embeddable":true,"href":"https:\/\/allwintheme.com\/es\/wp-json\/wp\/v2\/product_cat?post=9681"},{"taxonomy":"product_tag","embeddable":true,"href":"https:\/\/allwintheme.com\/es\/wp-json\/wp\/v2\/product_tag?post=9681"}],"curies":[{"name":"wp","href":"https:\/\/api.w.org\/{rel}","templated":true}]}}