{"id":9725,"date":"2025-10-07T16:30:49","date_gmt":"2025-10-07T16:30:49","guid":{"rendered":"https:\/\/allwintheme.com\/?post_type=product&#038;p=9725"},"modified":"2025-10-07T16:35:08","modified_gmt":"2025-10-07T16:35:08","slug":"jetcomparewishlist-para-elementor","status":"publish","type":"product","link":"https:\/\/allwintheme.com\/es\/producto\/jetcomparewishlist-para-elementor\/","title":{"rendered":"JetCompareWishlist para Elementor"},"content":{"rendered":"<div data-elementor-type=\"wp-post\" data-elementor-id=\"9725\" class=\"elementor elementor-9725\" data-elementor-settings=\"{&quot;element_pack_global_tooltip_width&quot;:{&quot;unit&quot;:&quot;px&quot;,&quot;size&quot;:&quot;&quot;,&quot;sizes&quot;:[]},&quot;element_pack_global_tooltip_width_tablet&quot;:{&quot;unit&quot;:&quot;px&quot;,&quot;size&quot;:&quot;&quot;,&quot;sizes&quot;:[]},&quot;element_pack_global_tooltip_width_mobile&quot;:{&quot;unit&quot;:&quot;px&quot;,&quot;size&quot;:&quot;&quot;,&quot;sizes&quot;:[]},&quot;element_pack_global_tooltip_padding&quot;:{&quot;unit&quot;:&quot;px&quot;,&quot;top&quot;:&quot;&quot;,&quot;right&quot;:&quot;&quot;,&quot;bottom&quot;:&quot;&quot;,&quot;left&quot;:&quot;&quot;,&quot;isLinked&quot;:true},&quot;element_pack_global_tooltip_padding_tablet&quot;:{&quot;unit&quot;:&quot;px&quot;,&quot;top&quot;:&quot;&quot;,&quot;right&quot;:&quot;&quot;,&quot;bottom&quot;:&quot;&quot;,&quot;left&quot;:&quot;&quot;,&quot;isLinked&quot;:true},&quot;element_pack_global_tooltip_padding_mobile&quot;:{&quot;unit&quot;:&quot;px&quot;,&quot;top&quot;:&quot;&quot;,&quot;right&quot;:&quot;&quot;,&quot;bottom&quot;:&quot;&quot;,&quot;left&quot;:&quot;&quot;,&quot;isLinked&quot;:true},&quot;element_pack_global_tooltip_border_radius&quot;:{&quot;unit&quot;:&quot;px&quot;,&quot;top&quot;:&quot;&quot;,&quot;right&quot;:&quot;&quot;,&quot;bottom&quot;:&quot;&quot;,&quot;left&quot;:&quot;&quot;,&quot;isLinked&quot;:true},&quot;element_pack_global_tooltip_border_radius_tablet&quot;:{&quot;unit&quot;:&quot;px&quot;,&quot;top&quot;:&quot;&quot;,&quot;right&quot;:&quot;&quot;,&quot;bottom&quot;:&quot;&quot;,&quot;left&quot;:&quot;&quot;,&quot;isLinked&quot;:true},&quot;element_pack_global_tooltip_border_radius_mobile&quot;:{&quot;unit&quot;:&quot;px&quot;,&quot;top&quot;:&quot;&quot;,&quot;right&quot;:&quot;&quot;,&quot;bottom&quot;:&quot;&quot;,&quot;left&quot;:&quot;&quot;,&quot;isLinked&quot;:true}}\" data-elementor-post-type=\"product\">\n\t\t\t\t<div class=\"elementor-element elementor-element-93aa4a8 e-con-full e-flex e-con e-parent\" data-id=\"93aa4a8\" data-element_type=\"container\" data-e-type=\"container\">\n\t\t\t\t<div class=\"elementor-element elementor-element-2c3f760 miaoshu elementor-widget elementor-widget-wd_text_block\" data-id=\"2c3f760\" data-element_type=\"widget\" data-e-type=\"widget\" data-widget_type=\"wd_text_block.default\">\n\t\t\t\t<div class=\"elementor-widget-container\">\n\t\t\t\t\t\t\t<div class=\"wd-text-block reset-last-child text-left\">\n\t\t\t\n\t\t\t<h2>JetCompareWishlist para Elementor: Potencie su tienda online<\/h2>\n<p><strong>JetCompareWishlist para Elementor<\/strong> ofrece potentes funciones de comparaci\u00f3n y listas de deseos para sitios de WooCommerce creados con Elementor. Por ejemplo, los clientes a\u00f1aden activamente productos a las listas de deseos o a las listas comparativas para tomar decisiones informadas sin esfuerzo. En consecuencia, este plugin eleva su experiencia de comercio electr\u00f3nico mediante la integraci\u00f3n perfecta con los widgets de Elementor.<grok-card data-id=\"6cf59a\" data-type=\"citation_card\"><\/grok-card><grok-card data-id=\"821a64\" data-type=\"citation_card\"><\/grok-card><\/p>\n\n<h3>Desbloquea las herramientas de comparaci\u00f3n y lista de deseos<\/h3>\n<p>Los propietarios de sitios habilitan estas funciones r\u00e1pidamente a trav\u00e9s de los ajustes de JetPlugins en el panel de control de WordPress. Adem\u00e1s, tiene acceso a seis widgets dedicados, como el bot\u00f3n de comparaci\u00f3n, el widget de lista de deseos y los botones de recuento, para mostrar comparaciones de productos lado a lado o listas de deseos organizadas. Como resultado, los visitantes ven las caracter\u00edsticas de los productos en tablas y guardan sus favoritos sin problemas.<grok-card data-id=\"1d2fda\" data-type=\"citation_card\"><\/grok-card><grok-card data-id=\"61e2bb\" data-type=\"citation_card\"><\/grok-card><\/p>\n\n<h3>Principales caracter\u00edsticas y ventajas<\/h3>\n<ul>\n    <li><strong>Comparar widgets:<\/strong> Los usuarios seleccionan los productos para obtener cuadros detallados, en los que se destacan las diferencias para facilitar las compras.<grok-card data-id=\"cdb1ee\" data-type=\"citation_card\"><\/grok-card><\/li>\n    <li><strong>Gesti\u00f3n de listas de deseos:<\/strong> Los clientes crean colecciones personales y acceden a ellas en cualquier momento mediante botones intuitivos.<grok-card data-id=\"44ce12\" data-type=\"citation_card\"><\/grok-card><\/li>\n    <li><strong>Opciones de personalizaci\u00f3n:<\/strong> Ajusta estilos, contadores y dise\u00f1os para adaptarlos a tu marca directamente en Elementor.<grok-card data-id=\"dbe919\" data-type=\"citation_card\"><\/grok-card><\/li>\n    <li><strong>F\u00e1cil integraci\u00f3n:<\/strong> Funciona con WooCommerce; habilitar la funcionalidad para las p\u00e1ginas de productos y archivos sin codificaci\u00f3n.<grok-card data-id=\"c66d26\" data-type=\"citation_card\"><\/grok-card><\/li>\n<\/ul>\n\n<h3>Aumentar el compromiso y las ventas<\/h3>\n<p>JetCompareWishlist simplifica las compras permitiendo a los usuarios comparar art\u00edculos uno al lado del otro y guardar los productos deseados. Por ejemplo, a\u00f1ada botones a las plantillas de productos para fomentar las interacciones. Por lo tanto, aumentar\u00e1 las conversiones a medida que los clientes vuelvan a sus listas, lo que en \u00faltima instancia impulsar\u00e1 m\u00e1s ventas en su sitio.<grok-card data-id=\"534179\" data-type=\"citation_card\"><\/grok-card><\/p>\n\n<h3>Empiece hoy mismo a mejorar su tienda<\/h3>\n<p>Transforme su sitio de comercio electr\u00f3nico basado en Elementor con <strong>JetCompareWishlist para Elementor<\/strong>. Al proporcionar estas herramientas esenciales, creas una plataforma m\u00e1s atractiva. Instala el plugin ahora y ver\u00e1s c\u00f3mo aumenta la satisfacci\u00f3n de tus usuarios.<grok-card data-id=\"fa504c\" data-type=\"citation_card\"><\/grok-card><\/p>\n\t\t\t\t\t<\/div>\n\t\t\t\t\t\t<\/div>\n\t\t\t\t<\/div>\n\t\t\t\t<\/div>\n\t\t\t\t<\/div>","protected":false},"excerpt":{"rendered":"<p>JetCompareWishlist para Elementor: Potencie su tienda online JetCompareWishlist para Elementor ofrece potentes funciones de comparaci\u00f3n y lista de deseos para sitios WooCommerce creados con Elementor.<\/p>","protected":false},"featured_media":9730,"comment_status":"open","ping_status":"closed","template":"","meta":{"_acf_changed":false},"product_brand":[],"product_cat":[49],"product_tag":[],"class_list":{"0":"post-9725","1":"product","2":"type-product","3":"status-publish","4":"has-post-thumbnail","6":"product_cat-plugins","8":"first","9":"instock","10":"sale","11":"downloadable","12":"shipping-taxable","13":"purchasable","14":"product-type-simple"},"acf":[],"yoast_head":"<!-- This site is optimized with the Yoast SEO Premium plugin v25.6 (Yoast SEO v27.1.1) - https:\/\/yoast.com\/product\/yoast-seo-premium-wordpress\/ -->\n<title>JetCompareWishlist For Elementor - AllWin Theme \u2013 Free WordPress Themes Download<\/title>\n<meta name=\"description\" content=\"Enhance Elementor stores with JetCompareWishlist. Add compare tables and wishlists easily, boosting user shopping experience with custom widgets.\" \/>\n<meta name=\"robots\" content=\"index, follow, max-snippet:-1, max-image-preview:large, max-video-preview:-1\" \/>\n<link rel=\"canonical\" href=\"https:\/\/allwintheme.com\/es\/producto\/jetcomparewishlist-para-elementor\/\" \/>\n<meta property=\"og:locale\" content=\"es_ES\" \/>\n<meta property=\"og:type\" content=\"article\" \/>\n<meta property=\"og:title\" content=\"JetCompareWishlist For Elementor\" \/>\n<meta property=\"og:description\" content=\"Enhance Elementor stores with JetCompareWishlist. Add compare tables and wishlists easily, boosting user shopping experience with custom widgets.\" \/>\n<meta property=\"og:url\" content=\"https:\/\/allwintheme.com\/es\/producto\/jetcomparewishlist-para-elementor\/\" \/>\n<meta property=\"og:site_name\" content=\"AllWin Theme \u2013 Free WordPress Themes Download\" \/>\n<meta property=\"article:modified_time\" content=\"2025-10-07T16:35:08+00:00\" \/>\n<meta property=\"og:image\" content=\"https:\/\/allwintheme.com\/wp-content\/uploads\/2025\/10\/hf5r5cqn.png\" \/>\n\t<meta property=\"og:image:width\" content=\"1080\" \/>\n\t<meta property=\"og:image:height\" content=\"562\" \/>\n\t<meta property=\"og:image:type\" content=\"image\/png\" \/>\n<meta name=\"twitter:card\" content=\"summary_large_image\" \/>\n<meta name=\"twitter:label1\" content=\"Tiempo estimado de lectura\" \/>\n\t<meta name=\"twitter:data1\" content=\"2 minutos\" \/>\n<script type=\"application\/ld+json\" class=\"yoast-schema-graph\">{\"@context\":\"https:\/\/schema.org\",\"@graph\":[{\"@type\":\"WebPage\",\"@id\":\"https:\/\/allwintheme.com\/product\/jetcomparewishlist-for-elementor\/\",\"url\":\"https:\/\/allwintheme.com\/product\/jetcomparewishlist-for-elementor\/\",\"name\":\"JetCompareWishlist For Elementor - AllWin Theme \u2013 Free WordPress Themes Download\",\"isPartOf\":{\"@id\":\"https:\/\/allwintheme.com\/#website\"},\"primaryImageOfPage\":{\"@id\":\"https:\/\/allwintheme.com\/product\/jetcomparewishlist-for-elementor\/#primaryimage\"},\"image\":{\"@id\":\"https:\/\/allwintheme.com\/product\/jetcomparewishlist-for-elementor\/#primaryimage\"},\"thumbnailUrl\":\"https:\/\/allwintheme.com\/wp-content\/uploads\/2025\/10\/hf5r5cqn.png\",\"datePublished\":\"2025-10-07T16:30:49+00:00\",\"dateModified\":\"2025-10-07T16:35:08+00:00\",\"description\":\"Enhance Elementor stores with JetCompareWishlist. Add compare tables and wishlists easily, boosting user shopping experience with custom widgets.\",\"breadcrumb\":{\"@id\":\"https:\/\/allwintheme.com\/product\/jetcomparewishlist-for-elementor\/#breadcrumb\"},\"inLanguage\":\"es-CL\",\"potentialAction\":[{\"@type\":\"ReadAction\",\"target\":[\"https:\/\/allwintheme.com\/product\/jetcomparewishlist-for-elementor\/\"]}]},{\"@type\":\"ImageObject\",\"inLanguage\":\"es-CL\",\"@id\":\"https:\/\/allwintheme.com\/product\/jetcomparewishlist-for-elementor\/#primaryimage\",\"url\":\"https:\/\/allwintheme.com\/wp-content\/uploads\/2025\/10\/hf5r5cqn.png\",\"contentUrl\":\"https:\/\/allwintheme.com\/wp-content\/uploads\/2025\/10\/hf5r5cqn.png\",\"width\":1080,\"height\":562,\"caption\":\"JetCompareWishlist For Elementor\"},{\"@type\":\"BreadcrumbList\",\"@id\":\"https:\/\/allwintheme.com\/product\/jetcomparewishlist-for-elementor\/#breadcrumb\",\"itemListElement\":[{\"@type\":\"ListItem\",\"position\":1,\"name\":\"Home\",\"item\":\"https:\/\/allwintheme.com\/\"},{\"@type\":\"ListItem\",\"position\":2,\"name\":\"Shop\",\"item\":\"https:\/\/allwintheme.com\/shop\/\"},{\"@type\":\"ListItem\",\"position\":3,\"name\":\"JetCompareWishlist For Elementor\"}]},{\"@type\":\"WebSite\",\"@id\":\"https:\/\/allwintheme.com\/#website\",\"url\":\"https:\/\/allwintheme.com\/\",\"name\":\"Allwintheme\",\"description\":\"Download free WordPress themes for every niche. Blogs, business, eCommerce, portfolio, restaurant and more. All themes are GPL licensed and mobile-ready.\",\"potentialAction\":[{\"@type\":\"SearchAction\",\"target\":{\"@type\":\"EntryPoint\",\"urlTemplate\":\"https:\/\/allwintheme.com\/?s={search_term_string}\"},\"query-input\":{\"@type\":\"PropertyValueSpecification\",\"valueRequired\":true,\"valueName\":\"search_term_string\"}}],\"inLanguage\":\"es-CL\"}]}<\/script>\n<!-- \/ Yoast SEO Premium plugin. -->","yoast_head_json":{"title":"JetCompareWishlist For Elementor - AllWin Theme - Free WordPress Themes Download","description":"Mejore las tiendas Elementor con JetCompareWishlist. A\u00f1ade tablas de comparaci\u00f3n y listas de deseos f\u00e1cilmente, mejorando la experiencia de compra del usuario con widgets personalizados.","robots":{"index":"index","follow":"follow","max-snippet":"max-snippet:-1","max-image-preview":"max-image-preview:large","max-video-preview":"max-video-preview:-1"},"canonical":"https:\/\/allwintheme.com\/es\/producto\/jetcomparewishlist-para-elementor\/","og_locale":"es_ES","og_type":"article","og_title":"JetCompareWishlist For Elementor","og_description":"Enhance Elementor stores with JetCompareWishlist. Add compare tables and wishlists easily, boosting user shopping experience with custom widgets.","og_url":"https:\/\/allwintheme.com\/es\/producto\/jetcomparewishlist-para-elementor\/","og_site_name":"AllWin Theme \u2013 Free WordPress Themes Download","article_modified_time":"2025-10-07T16:35:08+00:00","og_image":[{"width":1080,"height":562,"url":"https:\/\/allwintheme.com\/wp-content\/uploads\/2025\/10\/hf5r5cqn.png","type":"image\/png"}],"twitter_card":"summary_large_image","twitter_misc":{"Tiempo estimado de lectura":"2 minutos"},"schema":{"@context":"https:\/\/schema.org","@graph":[{"@type":"WebPage","@id":"https:\/\/allwintheme.com\/product\/jetcomparewishlist-for-elementor\/","url":"https:\/\/allwintheme.com\/product\/jetcomparewishlist-for-elementor\/","name":"JetCompareWishlist For Elementor - AllWin Theme - Free WordPress Themes Download","isPartOf":{"@id":"https:\/\/allwintheme.com\/#website"},"primaryImageOfPage":{"@id":"https:\/\/allwintheme.com\/product\/jetcomparewishlist-for-elementor\/#primaryimage"},"image":{"@id":"https:\/\/allwintheme.com\/product\/jetcomparewishlist-for-elementor\/#primaryimage"},"thumbnailUrl":"https:\/\/allwintheme.com\/wp-content\/uploads\/2025\/10\/hf5r5cqn.png","datePublished":"2025-10-07T16:30:49+00:00","dateModified":"2025-10-07T16:35:08+00:00","description":"Mejore las tiendas Elementor con JetCompareWishlist. A\u00f1ade tablas de comparaci\u00f3n y listas de deseos f\u00e1cilmente, mejorando la experiencia de compra del usuario con widgets personalizados.","breadcrumb":{"@id":"https:\/\/allwintheme.com\/product\/jetcomparewishlist-for-elementor\/#breadcrumb"},"inLanguage":"es-CL","potentialAction":[{"@type":"ReadAction","target":["https:\/\/allwintheme.com\/product\/jetcomparewishlist-for-elementor\/"]}]},{"@type":"ImageObject","inLanguage":"es-CL","@id":"https:\/\/allwintheme.com\/product\/jetcomparewishlist-for-elementor\/#primaryimage","url":"https:\/\/allwintheme.com\/wp-content\/uploads\/2025\/10\/hf5r5cqn.png","contentUrl":"https:\/\/allwintheme.com\/wp-content\/uploads\/2025\/10\/hf5r5cqn.png","width":1080,"height":562,"caption":"JetCompareWishlist For Elementor"},{"@type":"BreadcrumbList","@id":"https:\/\/allwintheme.com\/product\/jetcomparewishlist-for-elementor\/#breadcrumb","itemListElement":[{"@type":"ListItem","position":1,"name":"Home","item":"https:\/\/allwintheme.com\/"},{"@type":"ListItem","position":2,"name":"Shop","item":"https:\/\/allwintheme.com\/shop\/"},{"@type":"ListItem","position":3,"name":"JetCompareWishlist For Elementor"}]},{"@type":"WebSite","@id":"https:\/\/allwintheme.com\/#website","url":"https:\/\/allwintheme.com\/","name":"Allwintheme","description":"Descarga gratis temas de WordPress para todos los nichos. Blogs, negocios, comercio electr\u00f3nico, portafolio, restaurante y m\u00e1s. Todos los temas tienen licencia GPL y est\u00e1n preparados para dispositivos m\u00f3viles.","potentialAction":[{"@type":"SearchAction","target":{"@type":"EntryPoint","urlTemplate":"https:\/\/allwintheme.com\/?s={search_term_string}"},"query-input":{"@type":"PropertyValueSpecification","valueRequired":true,"valueName":"search_term_string"}}],"inLanguage":"es-CL"}]}},"_links":{"self":[{"href":"https:\/\/allwintheme.com\/es\/wp-json\/wp\/v2\/product\/9725","targetHints":{"allow":["GET"]}}],"collection":[{"href":"https:\/\/allwintheme.com\/es\/wp-json\/wp\/v2\/product"}],"about":[{"href":"https:\/\/allwintheme.com\/es\/wp-json\/wp\/v2\/types\/product"}],"replies":[{"embeddable":true,"href":"https:\/\/allwintheme.com\/es\/wp-json\/wp\/v2\/comments?post=9725"}],"version-history":[{"count":5,"href":"https:\/\/allwintheme.com\/es\/wp-json\/wp\/v2\/product\/9725\/revisions"}],"predecessor-version":[{"id":9731,"href":"https:\/\/allwintheme.com\/es\/wp-json\/wp\/v2\/product\/9725\/revisions\/9731"}],"wp:featuredmedia":[{"embeddable":true,"href":"https:\/\/allwintheme.com\/es\/wp-json\/wp\/v2\/media\/9730"}],"wp:attachment":[{"href":"https:\/\/allwintheme.com\/es\/wp-json\/wp\/v2\/media?parent=9725"}],"wp:term":[{"taxonomy":"product_brand","embeddable":true,"href":"https:\/\/allwintheme.com\/es\/wp-json\/wp\/v2\/product_brand?post=9725"},{"taxonomy":"product_cat","embeddable":true,"href":"https:\/\/allwintheme.com\/es\/wp-json\/wp\/v2\/product_cat?post=9725"},{"taxonomy":"product_tag","embeddable":true,"href":"https:\/\/allwintheme.com\/es\/wp-json\/wp\/v2\/product_tag?post=9725"}],"curies":[{"name":"wp","href":"https:\/\/api.w.org\/{rel}","templated":true}]}}