{"id":9739,"date":"2025-10-07T16:43:19","date_gmt":"2025-10-07T16:43:19","guid":{"rendered":"https:\/\/allwintheme.com\/?post_type=product&#038;p=9739"},"modified":"2025-10-07T16:46:57","modified_gmt":"2025-10-07T16:46:57","slug":"ultimos-addons-para-elementor","status":"publish","type":"product","link":"https:\/\/allwintheme.com\/es\/producto\/ultimos-addons-para-elementor\/","title":{"rendered":"Lo \u00faltimo en complementos para Elementor"},"content":{"rendered":"<div data-elementor-type=\"wp-post\" data-elementor-id=\"9739\" class=\"elementor elementor-9739\" data-elementor-settings=\"{&quot;element_pack_global_tooltip_width&quot;:{&quot;unit&quot;:&quot;px&quot;,&quot;size&quot;:&quot;&quot;,&quot;sizes&quot;:[]},&quot;element_pack_global_tooltip_width_tablet&quot;:{&quot;unit&quot;:&quot;px&quot;,&quot;size&quot;:&quot;&quot;,&quot;sizes&quot;:[]},&quot;element_pack_global_tooltip_width_mobile&quot;:{&quot;unit&quot;:&quot;px&quot;,&quot;size&quot;:&quot;&quot;,&quot;sizes&quot;:[]},&quot;element_pack_global_tooltip_padding&quot;:{&quot;unit&quot;:&quot;px&quot;,&quot;top&quot;:&quot;&quot;,&quot;right&quot;:&quot;&quot;,&quot;bottom&quot;:&quot;&quot;,&quot;left&quot;:&quot;&quot;,&quot;isLinked&quot;:true},&quot;element_pack_global_tooltip_padding_tablet&quot;:{&quot;unit&quot;:&quot;px&quot;,&quot;top&quot;:&quot;&quot;,&quot;right&quot;:&quot;&quot;,&quot;bottom&quot;:&quot;&quot;,&quot;left&quot;:&quot;&quot;,&quot;isLinked&quot;:true},&quot;element_pack_global_tooltip_padding_mobile&quot;:{&quot;unit&quot;:&quot;px&quot;,&quot;top&quot;:&quot;&quot;,&quot;right&quot;:&quot;&quot;,&quot;bottom&quot;:&quot;&quot;,&quot;left&quot;:&quot;&quot;,&quot;isLinked&quot;:true},&quot;element_pack_global_tooltip_border_radius&quot;:{&quot;unit&quot;:&quot;px&quot;,&quot;top&quot;:&quot;&quot;,&quot;right&quot;:&quot;&quot;,&quot;bottom&quot;:&quot;&quot;,&quot;left&quot;:&quot;&quot;,&quot;isLinked&quot;:true},&quot;element_pack_global_tooltip_border_radius_tablet&quot;:{&quot;unit&quot;:&quot;px&quot;,&quot;top&quot;:&quot;&quot;,&quot;right&quot;:&quot;&quot;,&quot;bottom&quot;:&quot;&quot;,&quot;left&quot;:&quot;&quot;,&quot;isLinked&quot;:true},&quot;element_pack_global_tooltip_border_radius_mobile&quot;:{&quot;unit&quot;:&quot;px&quot;,&quot;top&quot;:&quot;&quot;,&quot;right&quot;:&quot;&quot;,&quot;bottom&quot;:&quot;&quot;,&quot;left&quot;:&quot;&quot;,&quot;isLinked&quot;:true}}\" data-elementor-post-type=\"product\">\n\t\t\t\t<div class=\"elementor-element elementor-element-93aa4a8 e-con-full e-flex e-con e-parent\" data-id=\"93aa4a8\" data-element_type=\"container\" data-e-type=\"container\">\n\t\t\t\t<div class=\"elementor-element elementor-element-2c3f760 miaoshu elementor-widget elementor-widget-wd_text_block\" data-id=\"2c3f760\" data-element_type=\"widget\" data-e-type=\"widget\" data-widget_type=\"wd_text_block.default\">\n\t\t\t\t<div class=\"elementor-widget-container\">\n\t\t\t\t\t\t\t<div class=\"wd-text-block reset-last-child text-left\">\n\t\t\t\n\t\t\t<h2>Lo \u00faltimo en complementos para Elementor: Mejore el dise\u00f1o de su sitio web<\/h2>\n<p>En <strong>Lo \u00faltimo en complementos para Elementor<\/strong> mejora tu experiencia Elementor a\u00f1adiendo una s\u00f3lida colecci\u00f3n de widgets y plantillas premium. Por ejemplo, puedes crear r\u00e1pidamente p\u00e1ginas visualmente impresionantes con elementos de dise\u00f1o avanzados adaptados a tus necesidades. Como resultado, este complemento permite tanto a principiantes como a profesionales crear sitios web profesionales sin esfuerzo.<\/p>\n\n<h3>Potentes widgets para la libertad creativa<\/h3>\n<p>Con Ultimate Addons, tendr\u00e1s acceso activo a una amplia gama de widgets, como deslizadores interactivos, bloques de contenido din\u00e1mico y formularios avanzados. Adem\u00e1s, estas herramientas se integran a la perfecci\u00f3n con la interfaz de arrastrar y soltar de Elementor. De este modo, podr\u00e1s crear dise\u00f1os \u00fanicos sin codificar, ahorrando tiempo y potenciando la creatividad.<\/p>\n\n<h3>\u00bfPor qu\u00e9 elegir Ultimate Addons para Elementor?<\/h3>\n<ul>\n    <li><strong>Widgets premium:<\/strong> Ampl\u00eda Elementor con widgets vers\u00e1tiles para mejorar la funcionalidad y el dise\u00f1o.<\/li>\n    <li><strong>Plantillas preparadas:<\/strong> Importe plantillas dise\u00f1adas por profesionales para poner en marcha sus proyectos.<\/li>\n    <li><strong>Totalmente adaptable:<\/strong> Aseg\u00farese de que sus dise\u00f1os se ven impecables en ordenadores de sobremesa, tabletas y dispositivos m\u00f3viles.<\/li>\n    <li><strong>Interfaz f\u00e1cil de usar:<\/strong> Personaliza sin esfuerzo con el intuitivo constructor de Elementor.<\/li>\n    <li><strong>Personalizaci\u00f3n infinita:<\/strong> Adapte cada elemento para que coincida con el estilo y la visi\u00f3n de su marca.<\/li>\n<\/ul>\n\n<h3>Racionalice su flujo de trabajo de dise\u00f1o<\/h3>\n<p>Ultimate Addons simplifica las tareas de dise\u00f1o complejas. Por ejemplo, si necesitas crear p\u00e1ginas de destino atractivas o portfolios din\u00e1micos, este plugin te proporciona las herramientas necesarias para lograr tus objetivos de forma eficiente. Por otra parte, su perfecta integraci\u00f3n con Elementor garantiza un flujo de trabajo sin problemas, lo que le permite centrarse en la creatividad en lugar de obst\u00e1culos t\u00e9cnicos.<\/p>\n\n<h3>Cree mejores sitios web hoy mismo<\/h3>\n<p>Transforme sus proyectos Elementor con <strong>Lo \u00faltimo en complementos para Elementor<\/strong>. Al a\u00f1adir potentes widgets y plantillas, desbloquear\u00e1s infinitas posibilidades de dise\u00f1o. Por lo tanto, instale este plugin ahora y lleve su juego de creaci\u00f3n de sitios web al siguiente nivel.<\/p>\n<\/xai>` y un nuevo UUID ya que se trata de un nuevo artefacto sin relaci\u00f3n con los anteriores.\n\n---\n\n### T\u00edtulo\nUltimate Addons para Elementor\n\n### Meta Descripci\u00f3n\nMejora Elementor con widgets y plantillas premium. Cree sitios web asombrosos y flexibles con facilidad usando Ultimate Addons para Elementor.\n\n<xaiartifact artifact_id=\"96207264-9087-4389-856f-0592b72cf778\" artifact_version_id=\"ccee2695-370c-464d-99ae-e6f02e0aeca6\" title=\"Ultimate Addons for Elementor Descripci\u00f3n.html\" contenttype=\"text\/html\">\n<h2>Lo \u00faltimo en complementos para Elementor: Mejore el dise\u00f1o de su sitio web<\/h2>\n<p><strong>Lo \u00faltimo en complementos para Elementor<\/strong> transforma tu experiencia Elementor ofreci\u00e9ndote un rico conjunto de widgets y plantillas premium. Por ejemplo, podr\u00e1s dise\u00f1ar activamente p\u00e1ginas llamativas con herramientas avanzadas adaptadas a tu visi\u00f3n. En consecuencia, este complemento permite tanto a novatos como a expertos crear sitios web profesionales con facilidad.<\/p>\n\n<h3>Potentes widgets para un control creativo<\/h3>\n<p>Con Ultimate Addons, podr\u00e1s explorar una amplia gama de widgets, como deslizadores interactivos, bloques de contenido din\u00e1mico y formularios avanzados. Adem\u00e1s, estas herramientas se integran a la perfecci\u00f3n con el constructor de arrastrar y soltar de Elementor. Como resultado, podr\u00e1s crear dise\u00f1os \u00fanicos sin codificar, aumentando la creatividad y ahorrando tiempo.<\/p>\n\n<h3>\u00bfPor qu\u00e9 elegir Ultimate Addons para Elementor?<\/h3>\n<ul>\n    <li><strong>Widgets premium:<\/strong> Mejore Elementor con widgets vers\u00e1tiles para una funcionalidad y un dise\u00f1o superiores.<\/li>\n    <li><strong>Plantillas predise\u00f1adas:<\/strong> Importe impresionantes plantillas para poner en marcha sus proyectos r\u00e1pidamente.<\/li>\n    <li><strong>Totalmente adaptable:<\/strong> Cree dise\u00f1os que brillen en ordenadores de sobremesa, tabletas y dispositivos m\u00f3viles.<\/li>\n    <li><strong>Personalizaci\u00f3n intuitiva:<\/strong> Personaliza cada elemento sin esfuerzo dentro del constructor de Elementor.<\/li>\n    <li><strong>Creatividad sin l\u00edmites:<\/strong> Adapte los dise\u00f1os para que se ajusten perfectamente a la identidad de su marca.<\/li>\n<\/ul>\n\n<h3>Agilice su proceso de dise\u00f1o<\/h3>\n<p>Ultimate Addons simplifica las tareas de dise\u00f1o complejas. Por ejemplo, a la hora de crear atractivas p\u00e1ginas de destino o portfolios din\u00e1micos, conf\u00eda en las s\u00f3lidas herramientas de este complemento para lograr resultados de forma eficiente. Adem\u00e1s, su estrecha integraci\u00f3n con Elementor garantiza un flujo de trabajo fluido, para que puedas centrarte en la creatividad en lugar de en los desaf\u00edos t\u00e9cnicos.<\/p>\n\n<h3>Cree sitios web excepcionales hoy mismo<\/h3>\n<p>Mejore sus proyectos Elementor con <strong>Lo \u00faltimo en complementos para Elementor<\/strong>. Al incorporar potentes widgets y plantillas, desbloquear\u00e1 infinitas posibilidades de dise\u00f1o. Por lo tanto, instale este plugin hoy mismo y lleve la creaci\u00f3n de su sitio web a nuevas cotas.<\/p>\n\t\t\t\t\t<\/div>\n\t\t\t\t\t\t<\/div>\n\t\t\t\t<\/div>\n\t\t\t\t<\/div>\n\t\t\t\t<\/div>","protected":false},"excerpt":{"rendered":"<p>Ultimate Addons para Elementor: Eleve el dise\u00f1o de su sitio web El plugin Ultimate Addons for Elementor mejora su experiencia con Elementor a\u00f1adiendo<\/p>","protected":false},"featured_media":9740,"comment_status":"open","ping_status":"closed","template":"","meta":{"_acf_changed":false},"product_brand":[],"product_cat":[49],"product_tag":[],"class_list":{"0":"post-9739","1":"product","2":"type-product","3":"status-publish","4":"has-post-thumbnail","6":"product_cat-plugins","8":"first","9":"instock","10":"sale","11":"downloadable","12":"shipping-taxable","13":"purchasable","14":"product-type-simple"},"acf":[],"yoast_head":"<!-- This site is optimized with the Yoast SEO Premium plugin v25.6 (Yoast SEO v27.1.1) - https:\/\/yoast.com\/product\/yoast-seo-premium-wordpress\/ -->\n<title>Ultimate Addons for Elementor - AllWin Theme \u2013 Free WordPress Themes Download<\/title>\n<meta name=\"description\" content=\"Supercharge Elementor with premium widgets and templates. Build stunning, flexible websites with ease using Ultimate Addons for Elementor.\" \/>\n<meta name=\"robots\" content=\"index, follow, max-snippet:-1, max-image-preview:large, max-video-preview:-1\" \/>\n<link rel=\"canonical\" href=\"https:\/\/allwintheme.com\/es\/producto\/ultimos-addons-para-elementor\/\" \/>\n<meta property=\"og:locale\" content=\"es_ES\" \/>\n<meta property=\"og:type\" content=\"article\" \/>\n<meta property=\"og:title\" content=\"Ultimate Addons for Elementor\" \/>\n<meta property=\"og:description\" content=\"Supercharge Elementor with premium widgets and templates. Build stunning, flexible websites with ease using Ultimate Addons for Elementor.\" \/>\n<meta property=\"og:url\" content=\"https:\/\/allwintheme.com\/es\/producto\/ultimos-addons-para-elementor\/\" \/>\n<meta property=\"og:site_name\" content=\"AllWin Theme \u2013 Free WordPress Themes Download\" \/>\n<meta property=\"article:modified_time\" content=\"2025-10-07T16:46:57+00:00\" \/>\n<meta property=\"og:image\" content=\"https:\/\/allwintheme.com\/wp-content\/uploads\/2025\/10\/vwubaatd.png\" \/>\n\t<meta property=\"og:image:width\" content=\"590\" \/>\n\t<meta property=\"og:image:height\" content=\"300\" \/>\n\t<meta property=\"og:image:type\" content=\"image\/png\" \/>\n<meta name=\"twitter:card\" content=\"summary_large_image\" \/>\n<meta name=\"twitter:label1\" content=\"Tiempo estimado de lectura\" \/>\n\t<meta name=\"twitter:data1\" content=\"3 minutos\" \/>\n<script type=\"application\/ld+json\" class=\"yoast-schema-graph\">{\"@context\":\"https:\/\/schema.org\",\"@graph\":[{\"@type\":\"WebPage\",\"@id\":\"https:\/\/allwintheme.com\/product\/ultimate-addons-for-elementor\/\",\"url\":\"https:\/\/allwintheme.com\/product\/ultimate-addons-for-elementor\/\",\"name\":\"Ultimate Addons for Elementor - AllWin Theme \u2013 Free WordPress Themes Download\",\"isPartOf\":{\"@id\":\"https:\/\/allwintheme.com\/#website\"},\"primaryImageOfPage\":{\"@id\":\"https:\/\/allwintheme.com\/product\/ultimate-addons-for-elementor\/#primaryimage\"},\"image\":{\"@id\":\"https:\/\/allwintheme.com\/product\/ultimate-addons-for-elementor\/#primaryimage\"},\"thumbnailUrl\":\"https:\/\/allwintheme.com\/wp-content\/uploads\/2025\/10\/vwubaatd.png\",\"datePublished\":\"2025-10-07T16:43:19+00:00\",\"dateModified\":\"2025-10-07T16:46:57+00:00\",\"description\":\"Supercharge Elementor with premium widgets and templates. Build stunning, flexible websites with ease using Ultimate Addons for Elementor.\",\"breadcrumb\":{\"@id\":\"https:\/\/allwintheme.com\/product\/ultimate-addons-for-elementor\/#breadcrumb\"},\"inLanguage\":\"es-CL\",\"potentialAction\":[{\"@type\":\"ReadAction\",\"target\":[\"https:\/\/allwintheme.com\/product\/ultimate-addons-for-elementor\/\"]}]},{\"@type\":\"ImageObject\",\"inLanguage\":\"es-CL\",\"@id\":\"https:\/\/allwintheme.com\/product\/ultimate-addons-for-elementor\/#primaryimage\",\"url\":\"https:\/\/allwintheme.com\/wp-content\/uploads\/2025\/10\/vwubaatd.png\",\"contentUrl\":\"https:\/\/allwintheme.com\/wp-content\/uploads\/2025\/10\/vwubaatd.png\",\"width\":590,\"height\":300,\"caption\":\"Ultimate Addons for Elementor\"},{\"@type\":\"BreadcrumbList\",\"@id\":\"https:\/\/allwintheme.com\/product\/ultimate-addons-for-elementor\/#breadcrumb\",\"itemListElement\":[{\"@type\":\"ListItem\",\"position\":1,\"name\":\"Home\",\"item\":\"https:\/\/allwintheme.com\/\"},{\"@type\":\"ListItem\",\"position\":2,\"name\":\"Shop\",\"item\":\"https:\/\/allwintheme.com\/shop\/\"},{\"@type\":\"ListItem\",\"position\":3,\"name\":\"Ultimate Addons for Elementor\"}]},{\"@type\":\"WebSite\",\"@id\":\"https:\/\/allwintheme.com\/#website\",\"url\":\"https:\/\/allwintheme.com\/\",\"name\":\"Allwintheme\",\"description\":\"Download free WordPress themes for every niche. Blogs, business, eCommerce, portfolio, restaurant and more. All themes are GPL licensed and mobile-ready.\",\"potentialAction\":[{\"@type\":\"SearchAction\",\"target\":{\"@type\":\"EntryPoint\",\"urlTemplate\":\"https:\/\/allwintheme.com\/?s={search_term_string}\"},\"query-input\":{\"@type\":\"PropertyValueSpecification\",\"valueRequired\":true,\"valueName\":\"search_term_string\"}}],\"inLanguage\":\"es-CL\"}]}<\/script>\n<!-- \/ Yoast SEO Premium plugin. -->","yoast_head_json":{"title":"Ultimate Addons for Elementor - AllWin Theme - Free WordPress Themes Download","description":"Mejora Elementor con widgets y plantillas premium. Construye sitios web impresionantes y flexibles con facilidad usando Ultimate Addons para Elementor.","robots":{"index":"index","follow":"follow","max-snippet":"max-snippet:-1","max-image-preview":"max-image-preview:large","max-video-preview":"max-video-preview:-1"},"canonical":"https:\/\/allwintheme.com\/es\/producto\/ultimos-addons-para-elementor\/","og_locale":"es_ES","og_type":"article","og_title":"Ultimate Addons for Elementor","og_description":"Supercharge Elementor with premium widgets and templates. Build stunning, flexible websites with ease using Ultimate Addons for Elementor.","og_url":"https:\/\/allwintheme.com\/es\/producto\/ultimos-addons-para-elementor\/","og_site_name":"AllWin Theme \u2013 Free WordPress Themes Download","article_modified_time":"2025-10-07T16:46:57+00:00","og_image":[{"width":590,"height":300,"url":"https:\/\/allwintheme.com\/wp-content\/uploads\/2025\/10\/vwubaatd.png","type":"image\/png"}],"twitter_card":"summary_large_image","twitter_misc":{"Tiempo estimado de lectura":"3 minutos"},"schema":{"@context":"https:\/\/schema.org","@graph":[{"@type":"WebPage","@id":"https:\/\/allwintheme.com\/product\/ultimate-addons-for-elementor\/","url":"https:\/\/allwintheme.com\/product\/ultimate-addons-for-elementor\/","name":"Ultimate Addons for Elementor - AllWin Theme - Free WordPress Themes Download","isPartOf":{"@id":"https:\/\/allwintheme.com\/#website"},"primaryImageOfPage":{"@id":"https:\/\/allwintheme.com\/product\/ultimate-addons-for-elementor\/#primaryimage"},"image":{"@id":"https:\/\/allwintheme.com\/product\/ultimate-addons-for-elementor\/#primaryimage"},"thumbnailUrl":"https:\/\/allwintheme.com\/wp-content\/uploads\/2025\/10\/vwubaatd.png","datePublished":"2025-10-07T16:43:19+00:00","dateModified":"2025-10-07T16:46:57+00:00","description":"Mejora Elementor con widgets y plantillas premium. Construye sitios web impresionantes y flexibles con facilidad usando Ultimate Addons para Elementor.","breadcrumb":{"@id":"https:\/\/allwintheme.com\/product\/ultimate-addons-for-elementor\/#breadcrumb"},"inLanguage":"es-CL","potentialAction":[{"@type":"ReadAction","target":["https:\/\/allwintheme.com\/product\/ultimate-addons-for-elementor\/"]}]},{"@type":"ImageObject","inLanguage":"es-CL","@id":"https:\/\/allwintheme.com\/product\/ultimate-addons-for-elementor\/#primaryimage","url":"https:\/\/allwintheme.com\/wp-content\/uploads\/2025\/10\/vwubaatd.png","contentUrl":"https:\/\/allwintheme.com\/wp-content\/uploads\/2025\/10\/vwubaatd.png","width":590,"height":300,"caption":"Ultimate Addons for Elementor"},{"@type":"BreadcrumbList","@id":"https:\/\/allwintheme.com\/product\/ultimate-addons-for-elementor\/#breadcrumb","itemListElement":[{"@type":"ListItem","position":1,"name":"Home","item":"https:\/\/allwintheme.com\/"},{"@type":"ListItem","position":2,"name":"Shop","item":"https:\/\/allwintheme.com\/shop\/"},{"@type":"ListItem","position":3,"name":"Ultimate Addons for Elementor"}]},{"@type":"WebSite","@id":"https:\/\/allwintheme.com\/#website","url":"https:\/\/allwintheme.com\/","name":"Allwintheme","description":"Descarga gratis temas de WordPress para todos los nichos. Blogs, negocios, comercio electr\u00f3nico, portafolio, restaurante y m\u00e1s. Todos los temas tienen licencia GPL y est\u00e1n preparados para dispositivos m\u00f3viles.","potentialAction":[{"@type":"SearchAction","target":{"@type":"EntryPoint","urlTemplate":"https:\/\/allwintheme.com\/?s={search_term_string}"},"query-input":{"@type":"PropertyValueSpecification","valueRequired":true,"valueName":"search_term_string"}}],"inLanguage":"es-CL"}]}},"_links":{"self":[{"href":"https:\/\/allwintheme.com\/es\/wp-json\/wp\/v2\/product\/9739","targetHints":{"allow":["GET"]}}],"collection":[{"href":"https:\/\/allwintheme.com\/es\/wp-json\/wp\/v2\/product"}],"about":[{"href":"https:\/\/allwintheme.com\/es\/wp-json\/wp\/v2\/types\/product"}],"replies":[{"embeddable":true,"href":"https:\/\/allwintheme.com\/es\/wp-json\/wp\/v2\/comments?post=9739"}],"version-history":[{"count":5,"href":"https:\/\/allwintheme.com\/es\/wp-json\/wp\/v2\/product\/9739\/revisions"}],"predecessor-version":[{"id":9745,"href":"https:\/\/allwintheme.com\/es\/wp-json\/wp\/v2\/product\/9739\/revisions\/9745"}],"wp:featuredmedia":[{"embeddable":true,"href":"https:\/\/allwintheme.com\/es\/wp-json\/wp\/v2\/media\/9740"}],"wp:attachment":[{"href":"https:\/\/allwintheme.com\/es\/wp-json\/wp\/v2\/media?parent=9739"}],"wp:term":[{"taxonomy":"product_brand","embeddable":true,"href":"https:\/\/allwintheme.com\/es\/wp-json\/wp\/v2\/product_brand?post=9739"},{"taxonomy":"product_cat","embeddable":true,"href":"https:\/\/allwintheme.com\/es\/wp-json\/wp\/v2\/product_cat?post=9739"},{"taxonomy":"product_tag","embeddable":true,"href":"https:\/\/allwintheme.com\/es\/wp-json\/wp\/v2\/product_tag?post=9739"}],"curies":[{"name":"wp","href":"https:\/\/api.w.org\/{rel}","templated":true}]}}