{"id":9768,"date":"2025-10-07T17:01:47","date_gmt":"2025-10-07T17:01:47","guid":{"rendered":"https:\/\/allwintheme.com\/?post_type=product&#038;p=9768"},"modified":"2025-10-07T17:06:55","modified_gmt":"2025-10-07T17:06:55","slug":"jettricks-para-elementor","status":"publish","type":"product","link":"https:\/\/allwintheme.com\/es\/producto\/jettricks-para-elementor\/","title":{"rendered":"JetTricks para Elementor"},"content":{"rendered":"<div data-elementor-type=\"wp-post\" data-elementor-id=\"9768\" class=\"elementor elementor-9768\" data-elementor-settings=\"{&quot;element_pack_global_tooltip_width&quot;:{&quot;unit&quot;:&quot;px&quot;,&quot;size&quot;:&quot;&quot;,&quot;sizes&quot;:[]},&quot;element_pack_global_tooltip_width_tablet&quot;:{&quot;unit&quot;:&quot;px&quot;,&quot;size&quot;:&quot;&quot;,&quot;sizes&quot;:[]},&quot;element_pack_global_tooltip_width_mobile&quot;:{&quot;unit&quot;:&quot;px&quot;,&quot;size&quot;:&quot;&quot;,&quot;sizes&quot;:[]},&quot;element_pack_global_tooltip_padding&quot;:{&quot;unit&quot;:&quot;px&quot;,&quot;top&quot;:&quot;&quot;,&quot;right&quot;:&quot;&quot;,&quot;bottom&quot;:&quot;&quot;,&quot;left&quot;:&quot;&quot;,&quot;isLinked&quot;:true},&quot;element_pack_global_tooltip_padding_tablet&quot;:{&quot;unit&quot;:&quot;px&quot;,&quot;top&quot;:&quot;&quot;,&quot;right&quot;:&quot;&quot;,&quot;bottom&quot;:&quot;&quot;,&quot;left&quot;:&quot;&quot;,&quot;isLinked&quot;:true},&quot;element_pack_global_tooltip_padding_mobile&quot;:{&quot;unit&quot;:&quot;px&quot;,&quot;top&quot;:&quot;&quot;,&quot;right&quot;:&quot;&quot;,&quot;bottom&quot;:&quot;&quot;,&quot;left&quot;:&quot;&quot;,&quot;isLinked&quot;:true},&quot;element_pack_global_tooltip_border_radius&quot;:{&quot;unit&quot;:&quot;px&quot;,&quot;top&quot;:&quot;&quot;,&quot;right&quot;:&quot;&quot;,&quot;bottom&quot;:&quot;&quot;,&quot;left&quot;:&quot;&quot;,&quot;isLinked&quot;:true},&quot;element_pack_global_tooltip_border_radius_tablet&quot;:{&quot;unit&quot;:&quot;px&quot;,&quot;top&quot;:&quot;&quot;,&quot;right&quot;:&quot;&quot;,&quot;bottom&quot;:&quot;&quot;,&quot;left&quot;:&quot;&quot;,&quot;isLinked&quot;:true},&quot;element_pack_global_tooltip_border_radius_mobile&quot;:{&quot;unit&quot;:&quot;px&quot;,&quot;top&quot;:&quot;&quot;,&quot;right&quot;:&quot;&quot;,&quot;bottom&quot;:&quot;&quot;,&quot;left&quot;:&quot;&quot;,&quot;isLinked&quot;:true}}\" data-elementor-post-type=\"product\">\n\t\t\t\t<div class=\"elementor-element elementor-element-93aa4a8 e-con-full e-flex e-con e-parent\" data-id=\"93aa4a8\" data-element_type=\"container\" data-e-type=\"container\">\n\t\t\t\t<div class=\"elementor-element elementor-element-2c3f760 miaoshu elementor-widget elementor-widget-wd_text_block\" data-id=\"2c3f760\" data-element_type=\"widget\" data-e-type=\"widget\" data-widget_type=\"wd_text_block.default\">\n\t\t\t\t<div class=\"elementor-widget-container\">\n\t\t\t\t\t\t\t<div class=\"wd-text-block reset-last-child text-left\">\n\t\t\t\n\t\t\t<h2>JetTricks para Elementor: Dale vida a tus p\u00e1ginas con efectos visuales<\/h2>\n<p><strong>JetTricks para Elementor<\/strong> te permite a\u00f1adir impresionantes animaciones y funciones interactivas a tu sitio de WordPress sin esfuerzo. Por ejemplo, los dise\u00f1adores integran de forma activa efectos como el paralaje y los hotspots directamente en el editor de Elementor, para que tu contenido resulte m\u00e1s atractivo y profesional. De este modo, podr\u00e1s crear p\u00e1ginas atractivas sin necesidad de escribir c\u00f3digo.<grok-card data-id=\"59fff7\" data-type=\"citation_card\"><\/grok-card><grok-card data-id=\"0cdfc9\" data-type=\"citation_card\"><\/grok-card><\/p>\n\n<h3>Desbloquear widgets y efectos interactivos<\/h3>\n<p>Con JetTricks, tendr\u00e1s acceso a ocho widgets especializados que ampl\u00edan las capacidades de Elementor. Adem\u00e1s, puedes aplicar parallax a secciones o columnas para conseguir animaciones de desplazamiento suaves, o utilizar hotspots para resaltar \u00e1reas de imagen clave con marcadores elegantes. Como resultado, los visitantes disfrutar\u00e1n de una experiencia m\u00e1s envolvente en su sitio web.<grok-card data-id=\"f6912f\" data-type=\"citation_card\"><\/grok-card><grok-card data-id=\"6ce4ae\" data-type=\"citation_card\"><\/grok-card><\/p>\n\n<h3>Principales caracter\u00edsticas y ventajas<\/h3>\n<ul>\n    <li><strong>Parallax y Part\u00edculas:<\/strong> Anime fondos y secciones din\u00e1micamente con el desplazamiento o el movimiento del rat\u00f3n para obtener efectos vivos.<\/li>\n    <li><strong>Elementos pegajosos:<\/strong> Haga que las columnas o el contenido se adhieran a la ventana gr\u00e1fica, mejorando la navegaci\u00f3n y el enfoque.<\/li>\n    <li><strong>Hotspots y Tooltips:<\/strong> A\u00f1ada marcadores interactivos e informaci\u00f3n emergente a im\u00e1genes y texto para orientar mejor al usuario.<\/li>\n    <li><strong>Sat\u00e9lite y Despliegue:<\/strong> Superponga elementos a la perfecci\u00f3n o despliegue secciones para revelar el contenido progresivamente.<\/li>\n    <li><strong>Widget Leer m\u00e1s:<\/strong> Controle la visibilidad con los botones personalizables \"Ver m\u00e1s\" para dise\u00f1os m\u00e1s limpios.<\/li>\n    <li><strong>No necesita codificaci\u00f3n:<\/strong> Todas las herramientas se integran intuitivamente con Elementor, permitiendo una r\u00e1pida personalizaci\u00f3n.<\/li>\n<\/ul>\n\n<h3>Agilice su proceso de dise\u00f1o<\/h3>\n<p>JetTricks simplifica la adici\u00f3n de efectos visuales avanzados a cualquier proyecto Elementor. Por ejemplo, si construyes portfolios o p\u00e1ginas de destino, estos efectos potencian la interactividad y la retenci\u00f3n. De este modo, ahorrar\u00e1s tiempo y crear\u00e1s sitios web pulidos y modernos que destaquen.<grok-card data-id=\"f21c75\" data-type=\"citation_card\"><\/grok-card><grok-card data-id=\"5f692e\" data-type=\"citation_card\"><\/grok-card><\/p>\n\n<h3>Empieza a mejorar tu sitio Elementor hoy mismo<\/h3>\n<p>Eleve sus dise\u00f1os con <strong>JetTricks para Elementor<\/strong>. Al incorporar estos efectos sin c\u00f3digo, transformar\u00e1 p\u00e1ginas est\u00e1ticas en experiencias din\u00e1micas. Instale JetTricks ahora y vea c\u00f3mo florece su creatividad.<grok-card data-id=\"ec8261\" data-type=\"citation_card\"><\/grok-card><\/p>\n\t\t\t\t\t<\/div>\n\t\t\t\t\t\t<\/div>\n\t\t\t\t<\/div>\n\t\t\t\t<\/div>\n\t\t\t\t<\/div>","protected":false},"excerpt":{"rendered":"<p>JetTricks para Elementor: Dale vida a tus p\u00e1ginas con efectos visuales JetTricks para Elementor te permite a\u00f1adir impresionantes animaciones<\/p>","protected":false},"featured_media":9769,"comment_status":"open","ping_status":"closed","template":"","meta":{"_acf_changed":false},"product_brand":[],"product_cat":[49],"product_tag":[],"class_list":{"0":"post-9768","1":"product","2":"type-product","3":"status-publish","4":"has-post-thumbnail","6":"product_cat-plugins","8":"first","9":"instock","10":"sale","11":"downloadable","12":"shipping-taxable","13":"purchasable","14":"product-type-simple"},"acf":[],"yoast_head":"<!-- This site is optimized with the Yoast SEO Premium plugin v25.6 (Yoast SEO v27.1.1) - https:\/\/yoast.com\/product\/yoast-seo-premium-wordpress\/ -->\n<title>JetTricks for Elementor - AllWin Theme \u2013 Free WordPress Themes Download<\/title>\n<meta name=\"description\" content=\"Enhance Elementor sites with JetTricks. Add parallax, sticky elements, hotspots, and animations without coding for dynamic visuals.\" \/>\n<meta name=\"robots\" content=\"index, follow, max-snippet:-1, max-image-preview:large, max-video-preview:-1\" \/>\n<link rel=\"canonical\" href=\"https:\/\/allwintheme.com\/es\/producto\/jettricks-para-elementor\/\" \/>\n<meta property=\"og:locale\" content=\"es_ES\" \/>\n<meta property=\"og:type\" content=\"article\" \/>\n<meta property=\"og:title\" content=\"JetTricks for Elementor\" \/>\n<meta property=\"og:description\" content=\"Enhance Elementor sites with JetTricks. Add parallax, sticky elements, hotspots, and animations without coding for dynamic visuals.\" \/>\n<meta property=\"og:url\" content=\"https:\/\/allwintheme.com\/es\/producto\/jettricks-para-elementor\/\" \/>\n<meta property=\"og:site_name\" content=\"AllWin Theme \u2013 Free WordPress Themes Download\" \/>\n<meta property=\"article:modified_time\" content=\"2025-10-07T17:06:55+00:00\" \/>\n<meta property=\"og:image\" content=\"https:\/\/allwintheme.com\/wp-content\/uploads\/2025\/10\/JetTricks-for-Elementor.png\" \/>\n\t<meta property=\"og:image:width\" content=\"1280\" \/>\n\t<meta property=\"og:image:height\" content=\"720\" \/>\n\t<meta property=\"og:image:type\" content=\"image\/png\" \/>\n<meta name=\"twitter:card\" content=\"summary_large_image\" \/>\n<meta name=\"twitter:label1\" content=\"Tiempo estimado de lectura\" \/>\n\t<meta name=\"twitter:data1\" content=\"2 minutos\" \/>\n<script type=\"application\/ld+json\" class=\"yoast-schema-graph\">{\"@context\":\"https:\/\/schema.org\",\"@graph\":[{\"@type\":\"WebPage\",\"@id\":\"https:\/\/allwintheme.com\/product\/jettricks-for-elementor\/\",\"url\":\"https:\/\/allwintheme.com\/product\/jettricks-for-elementor\/\",\"name\":\"JetTricks for Elementor - AllWin Theme \u2013 Free WordPress Themes Download\",\"isPartOf\":{\"@id\":\"https:\/\/allwintheme.com\/#website\"},\"primaryImageOfPage\":{\"@id\":\"https:\/\/allwintheme.com\/product\/jettricks-for-elementor\/#primaryimage\"},\"image\":{\"@id\":\"https:\/\/allwintheme.com\/product\/jettricks-for-elementor\/#primaryimage\"},\"thumbnailUrl\":\"https:\/\/allwintheme.com\/wp-content\/uploads\/2025\/10\/JetTricks-for-Elementor.png\",\"datePublished\":\"2025-10-07T17:01:47+00:00\",\"dateModified\":\"2025-10-07T17:06:55+00:00\",\"description\":\"Enhance Elementor sites with JetTricks. Add parallax, sticky elements, hotspots, and animations without coding for dynamic visuals.\",\"breadcrumb\":{\"@id\":\"https:\/\/allwintheme.com\/product\/jettricks-for-elementor\/#breadcrumb\"},\"inLanguage\":\"es-CL\",\"potentialAction\":[{\"@type\":\"ReadAction\",\"target\":[\"https:\/\/allwintheme.com\/product\/jettricks-for-elementor\/\"]}]},{\"@type\":\"ImageObject\",\"inLanguage\":\"es-CL\",\"@id\":\"https:\/\/allwintheme.com\/product\/jettricks-for-elementor\/#primaryimage\",\"url\":\"https:\/\/allwintheme.com\/wp-content\/uploads\/2025\/10\/JetTricks-for-Elementor.png\",\"contentUrl\":\"https:\/\/allwintheme.com\/wp-content\/uploads\/2025\/10\/JetTricks-for-Elementor.png\",\"width\":1280,\"height\":720,\"caption\":\"JetTricks for Elementor\"},{\"@type\":\"BreadcrumbList\",\"@id\":\"https:\/\/allwintheme.com\/product\/jettricks-for-elementor\/#breadcrumb\",\"itemListElement\":[{\"@type\":\"ListItem\",\"position\":1,\"name\":\"Home\",\"item\":\"https:\/\/allwintheme.com\/\"},{\"@type\":\"ListItem\",\"position\":2,\"name\":\"Shop\",\"item\":\"https:\/\/allwintheme.com\/shop\/\"},{\"@type\":\"ListItem\",\"position\":3,\"name\":\"JetTricks for Elementor\"}]},{\"@type\":\"WebSite\",\"@id\":\"https:\/\/allwintheme.com\/#website\",\"url\":\"https:\/\/allwintheme.com\/\",\"name\":\"Allwintheme\",\"description\":\"Download free WordPress themes for every niche. Blogs, business, eCommerce, portfolio, restaurant and more. All themes are GPL licensed and mobile-ready.\",\"potentialAction\":[{\"@type\":\"SearchAction\",\"target\":{\"@type\":\"EntryPoint\",\"urlTemplate\":\"https:\/\/allwintheme.com\/?s={search_term_string}\"},\"query-input\":{\"@type\":\"PropertyValueSpecification\",\"valueRequired\":true,\"valueName\":\"search_term_string\"}}],\"inLanguage\":\"es-CL\"}]}<\/script>\n<!-- \/ Yoast SEO Premium plugin. -->","yoast_head_json":{"title":"JetTricks for Elementor - AllWin Theme \u2013 Free WordPress Themes Download","description":"Mejore los sitios Elementor con JetTricks. A\u00f1ade efectos de paralaje, elementos adhesivos, zonas activas y animaciones sin codificar para conseguir efectos visuales din\u00e1micos.","robots":{"index":"index","follow":"follow","max-snippet":"max-snippet:-1","max-image-preview":"max-image-preview:large","max-video-preview":"max-video-preview:-1"},"canonical":"https:\/\/allwintheme.com\/es\/producto\/jettricks-para-elementor\/","og_locale":"es_ES","og_type":"article","og_title":"JetTricks for Elementor","og_description":"Enhance Elementor sites with JetTricks. Add parallax, sticky elements, hotspots, and animations without coding for dynamic visuals.","og_url":"https:\/\/allwintheme.com\/es\/producto\/jettricks-para-elementor\/","og_site_name":"AllWin Theme \u2013 Free WordPress Themes Download","article_modified_time":"2025-10-07T17:06:55+00:00","og_image":[{"width":1280,"height":720,"url":"https:\/\/allwintheme.com\/wp-content\/uploads\/2025\/10\/JetTricks-for-Elementor.png","type":"image\/png"}],"twitter_card":"summary_large_image","twitter_misc":{"Tiempo estimado de lectura":"2 minutos"},"schema":{"@context":"https:\/\/schema.org","@graph":[{"@type":"WebPage","@id":"https:\/\/allwintheme.com\/product\/jettricks-for-elementor\/","url":"https:\/\/allwintheme.com\/product\/jettricks-for-elementor\/","name":"JetTricks for Elementor - AllWin Theme \u2013 Free WordPress Themes Download","isPartOf":{"@id":"https:\/\/allwintheme.com\/#website"},"primaryImageOfPage":{"@id":"https:\/\/allwintheme.com\/product\/jettricks-for-elementor\/#primaryimage"},"image":{"@id":"https:\/\/allwintheme.com\/product\/jettricks-for-elementor\/#primaryimage"},"thumbnailUrl":"https:\/\/allwintheme.com\/wp-content\/uploads\/2025\/10\/JetTricks-for-Elementor.png","datePublished":"2025-10-07T17:01:47+00:00","dateModified":"2025-10-07T17:06:55+00:00","description":"Mejore los sitios Elementor con JetTricks. A\u00f1ade efectos de paralaje, elementos adhesivos, zonas activas y animaciones sin codificar para conseguir efectos visuales din\u00e1micos.","breadcrumb":{"@id":"https:\/\/allwintheme.com\/product\/jettricks-for-elementor\/#breadcrumb"},"inLanguage":"es-CL","potentialAction":[{"@type":"ReadAction","target":["https:\/\/allwintheme.com\/product\/jettricks-for-elementor\/"]}]},{"@type":"ImageObject","inLanguage":"es-CL","@id":"https:\/\/allwintheme.com\/product\/jettricks-for-elementor\/#primaryimage","url":"https:\/\/allwintheme.com\/wp-content\/uploads\/2025\/10\/JetTricks-for-Elementor.png","contentUrl":"https:\/\/allwintheme.com\/wp-content\/uploads\/2025\/10\/JetTricks-for-Elementor.png","width":1280,"height":720,"caption":"JetTricks for Elementor"},{"@type":"BreadcrumbList","@id":"https:\/\/allwintheme.com\/product\/jettricks-for-elementor\/#breadcrumb","itemListElement":[{"@type":"ListItem","position":1,"name":"Home","item":"https:\/\/allwintheme.com\/"},{"@type":"ListItem","position":2,"name":"Shop","item":"https:\/\/allwintheme.com\/shop\/"},{"@type":"ListItem","position":3,"name":"JetTricks for Elementor"}]},{"@type":"WebSite","@id":"https:\/\/allwintheme.com\/#website","url":"https:\/\/allwintheme.com\/","name":"Allwintheme","description":"Descarga gratis temas de WordPress para todos los nichos. Blogs, negocios, comercio electr\u00f3nico, portafolio, restaurante y m\u00e1s. Todos los temas tienen licencia GPL y est\u00e1n preparados para dispositivos m\u00f3viles.","potentialAction":[{"@type":"SearchAction","target":{"@type":"EntryPoint","urlTemplate":"https:\/\/allwintheme.com\/?s={search_term_string}"},"query-input":{"@type":"PropertyValueSpecification","valueRequired":true,"valueName":"search_term_string"}}],"inLanguage":"es-CL"}]}},"_links":{"self":[{"href":"https:\/\/allwintheme.com\/es\/wp-json\/wp\/v2\/product\/9768","targetHints":{"allow":["GET"]}}],"collection":[{"href":"https:\/\/allwintheme.com\/es\/wp-json\/wp\/v2\/product"}],"about":[{"href":"https:\/\/allwintheme.com\/es\/wp-json\/wp\/v2\/types\/product"}],"replies":[{"embeddable":true,"href":"https:\/\/allwintheme.com\/es\/wp-json\/wp\/v2\/comments?post=9768"}],"version-history":[{"count":5,"href":"https:\/\/allwintheme.com\/es\/wp-json\/wp\/v2\/product\/9768\/revisions"}],"predecessor-version":[{"id":9774,"href":"https:\/\/allwintheme.com\/es\/wp-json\/wp\/v2\/product\/9768\/revisions\/9774"}],"wp:featuredmedia":[{"embeddable":true,"href":"https:\/\/allwintheme.com\/es\/wp-json\/wp\/v2\/media\/9769"}],"wp:attachment":[{"href":"https:\/\/allwintheme.com\/es\/wp-json\/wp\/v2\/media?parent=9768"}],"wp:term":[{"taxonomy":"product_brand","embeddable":true,"href":"https:\/\/allwintheme.com\/es\/wp-json\/wp\/v2\/product_brand?post=9768"},{"taxonomy":"product_cat","embeddable":true,"href":"https:\/\/allwintheme.com\/es\/wp-json\/wp\/v2\/product_cat?post=9768"},{"taxonomy":"product_tag","embeddable":true,"href":"https:\/\/allwintheme.com\/es\/wp-json\/wp\/v2\/product_tag?post=9768"}],"curies":[{"name":"wp","href":"https:\/\/api.w.org\/{rel}","templated":true}]}}