{"id":9848,"date":"2025-10-08T22:32:17","date_gmt":"2025-10-08T22:32:17","guid":{"rendered":"https:\/\/allwintheme.com\/?post_type=product&#038;p=9848"},"modified":"2025-10-08T22:53:47","modified_gmt":"2025-10-08T22:53:47","slug":"saasweb-tema-wordpress-para-app-productos-saas","status":"publish","type":"product","link":"https:\/\/allwintheme.com\/es\/producto\/saasweb-tema-wordpress-para-app-productos-saas\/","title":{"rendered":"Saasweb - Tema de WordPress para aplicaciones y productos Saas"},"content":{"rendered":"<div data-elementor-type=\"wp-post\" data-elementor-id=\"9848\" class=\"elementor elementor-9848\" data-elementor-settings=\"{&quot;element_pack_global_tooltip_width&quot;:{&quot;unit&quot;:&quot;px&quot;,&quot;size&quot;:&quot;&quot;,&quot;sizes&quot;:[]},&quot;element_pack_global_tooltip_width_tablet&quot;:{&quot;unit&quot;:&quot;px&quot;,&quot;size&quot;:&quot;&quot;,&quot;sizes&quot;:[]},&quot;element_pack_global_tooltip_width_mobile&quot;:{&quot;unit&quot;:&quot;px&quot;,&quot;size&quot;:&quot;&quot;,&quot;sizes&quot;:[]},&quot;element_pack_global_tooltip_padding&quot;:{&quot;unit&quot;:&quot;px&quot;,&quot;top&quot;:&quot;&quot;,&quot;right&quot;:&quot;&quot;,&quot;bottom&quot;:&quot;&quot;,&quot;left&quot;:&quot;&quot;,&quot;isLinked&quot;:true},&quot;element_pack_global_tooltip_padding_tablet&quot;:{&quot;unit&quot;:&quot;px&quot;,&quot;top&quot;:&quot;&quot;,&quot;right&quot;:&quot;&quot;,&quot;bottom&quot;:&quot;&quot;,&quot;left&quot;:&quot;&quot;,&quot;isLinked&quot;:true},&quot;element_pack_global_tooltip_padding_mobile&quot;:{&quot;unit&quot;:&quot;px&quot;,&quot;top&quot;:&quot;&quot;,&quot;right&quot;:&quot;&quot;,&quot;bottom&quot;:&quot;&quot;,&quot;left&quot;:&quot;&quot;,&quot;isLinked&quot;:true},&quot;element_pack_global_tooltip_border_radius&quot;:{&quot;unit&quot;:&quot;px&quot;,&quot;top&quot;:&quot;&quot;,&quot;right&quot;:&quot;&quot;,&quot;bottom&quot;:&quot;&quot;,&quot;left&quot;:&quot;&quot;,&quot;isLinked&quot;:true},&quot;element_pack_global_tooltip_border_radius_tablet&quot;:{&quot;unit&quot;:&quot;px&quot;,&quot;top&quot;:&quot;&quot;,&quot;right&quot;:&quot;&quot;,&quot;bottom&quot;:&quot;&quot;,&quot;left&quot;:&quot;&quot;,&quot;isLinked&quot;:true},&quot;element_pack_global_tooltip_border_radius_mobile&quot;:{&quot;unit&quot;:&quot;px&quot;,&quot;top&quot;:&quot;&quot;,&quot;right&quot;:&quot;&quot;,&quot;bottom&quot;:&quot;&quot;,&quot;left&quot;:&quot;&quot;,&quot;isLinked&quot;:true}}\" data-elementor-post-type=\"product\">\n\t\t\t\t<div class=\"elementor-element elementor-element-93aa4a8 e-con-full e-flex e-con e-parent\" data-id=\"93aa4a8\" data-element_type=\"container\" data-e-type=\"container\">\n\t\t\t\t<div class=\"elementor-element elementor-element-2c3f760 miaoshu elementor-widget elementor-widget-wd_text_block\" data-id=\"2c3f760\" data-element_type=\"widget\" data-e-type=\"widget\" data-widget_type=\"wd_text_block.default\">\n\t\t\t\t<div class=\"elementor-widget-container\">\n\t\t\t\t\t\t\t<div class=\"wd-text-block reset-last-child text-left\">\n\t\t\t\n\t\t\t<h2>Saasweb: Potente tema de WordPress para SaaS y App Products<\/h2>\n<p><strong>Saasweb<\/strong> es un tema de WordPress vers\u00e1til, basado en Bootstrap y dise\u00f1ado para empresas de SaaS, desarrolladores de aplicaciones, agencias digitales y sitios multiuso. Por ejemplo, los desarrolladores crean activamente dise\u00f1os profesionales utilizando su dise\u00f1o responsivo y la integraci\u00f3n de Elementor de arrastrar y soltar, garantizando resultados de p\u00edxeles perfectos en todos los dispositivos. De este modo, podr\u00e1 lanzar r\u00e1pidamente sitios de alta conversi\u00f3n sin complicaciones de codificaci\u00f3n.<grok-card data-id=\"137b6b\" data-type=\"citation_card\"><\/grok-card><\/p>\n\n<h3>Destaque con funciones orientadas a un fin<\/h3>\n<p>Saasweb le proporciona herramientas especializadas como dos p\u00e1ginas de destino distintas, dise\u00f1os de blog, galer\u00edas, secciones de servicios y tablas de precios para mostrar sus productos de forma eficaz. Adem\u00e1s, su importaci\u00f3n de demos con un solo clic te permite configurar un sitio totalmente funcional en cuesti\u00f3n de minutos, para que puedas centrarte en el contenido y el crecimiento en lugar de en la configuraci\u00f3n.<grok-card data-id=\"fb7147\" data-type=\"citation_card\"><\/grok-card><\/p>\n\n<h3>Caracter\u00edsticas clave del \u00e9xito<\/h3>\n<ul>\n    <li><strong>Constructor de p\u00e1ginas Elementor:<\/strong> Arrastre y suelte elementos para una personalizaci\u00f3n r\u00e1pida e intuitiva: cree p\u00e1ginas \u00fanicas sin esfuerzo.<\/li>\n    <li><strong>Dise\u00f1o totalmente adaptable:<\/strong> Se adapta perfectamente a m\u00f3viles, ordenadores de sobremesa y pantallas retina para ofrecer una experiencia de usuario \u00f3ptima.<\/li>\n    <li><strong>Optimizado para SEO:<\/strong> Funciones integradas como c\u00f3digo limpio, metaetiquetas y compatibilidad con esquemas aumentan la visibilidad en las b\u00fasquedas.<\/li>\n    <li><strong>Soporte multiling\u00fce:<\/strong> La compatibilidad con WPML permite una f\u00e1cil traducci\u00f3n para llegar a audiencias globales.<\/li>\n    <li><strong>Personalizaci\u00f3n avanzada:<\/strong> Accede a m\u00e1s de 600 Google Fonts, barras laterales ilimitadas, CSS personalizado y el framework Redux para retoques alineados con la marca.<\/li>\n    <li><strong>Integraciones en abundancia:<\/strong> Funciona con Contact Form 7, WooCommerce para comercio electr\u00f3nico y sliders a pantalla completa para efectos visuales din\u00e1micos.<\/li>\n    <li><strong>Aumento del rendimiento:<\/strong> La estructura HTML5\/CSS3, las im\u00e1genes optimizadas y la compatibilidad entre navegadores garantizan cargas r\u00e1pidas.<\/li>\n<\/ul>\n\n<h3>Configuraci\u00f3n y flexibilidad sin esfuerzo<\/h3>\n<p>Para empezar, se instala mediante un importador de un solo clic y, a continuaci\u00f3n, se personaliza con secciones de contenido variable y widgets personalizados. Por ejemplo, las agencias utilizan sus dise\u00f1os flexibles para servicios SEO o sitios de marketing, mientras que los equipos de SaaS destacan los precios y los testimonios. Como resultado, Saasweb soporta p\u00e1ginas ilimitadas, varios formatos de post y enlaces sociales para atraer a los visitantes de manera efectiva. Tambi\u00e9n incluye documentaci\u00f3n detallada y gu\u00edas en v\u00eddeo, por lo que es accesible tanto para principiantes como para profesionales.<grok-card data-id=\"251e9d\" data-type=\"citation_card\"><\/grok-card><grok-card data-id=\"669853\" data-type=\"citation_card\"><\/grok-card><\/p>\n\n<h3>Mejore hoy su presencia en SaaS<\/h3>\n<p>Elija <strong>Saasweb<\/strong> para crear sitios web modernos y orientados a la conversi\u00f3n para aplicaciones y productos SaaS. Gracias a sus s\u00f3lidas funciones y a su f\u00e1cil escalabilidad, ofrecer\u00e1s experiencias destacadas que convertir\u00e1n clientes potenciales. Por lo tanto, \u00a1desc\u00e1rgalo ahora y transforma tu presencia online con este tema altamente personalizable!<\/p>\n\t\t\t\t\t<\/div>\n\t\t\t\t\t\t<\/div>\n\t\t\t\t<\/div>\n\t\t\t\t<\/div>\n\t\t\t\t<\/div>","protected":false},"excerpt":{"rendered":"<p>Saasweb: Powerful WordPress Theme for SaaS and App Products Saasweb delivers a versatile, Bootstrap-powered WordPress theme tailored for SaaS businesses,<\/p>","protected":false},"featured_media":9800,"comment_status":"open","ping_status":"closed","template":"","meta":{"_acf_changed":false},"product_brand":[],"product_cat":[48],"product_tag":[],"class_list":{"0":"post-9848","1":"product","2":"type-product","3":"status-publish","4":"has-post-thumbnail","6":"product_cat-themes","8":"first","9":"instock","10":"sale","11":"downloadable","12":"shipping-taxable","13":"purchasable","14":"product-type-simple"},"acf":[],"yoast_head":"<!-- This site is optimized with the Yoast SEO Premium plugin v25.6 (Yoast SEO v27.1.1) - https:\/\/yoast.com\/product\/yoast-seo-premium-wordpress\/ -->\n<title>Saasweb \u2013 WordPress Theme For App &amp; Saas Products - AllWin Theme \u2013 Free WordPress Themes Download<\/title>\n<meta name=\"description\" content=\"Build stunning SaaS and app websites with Saasweb. Responsive, Elementor-ready theme with landing pages, pricing tables, and easy customization.\" \/>\n<meta name=\"robots\" content=\"index, follow, max-snippet:-1, max-image-preview:large, max-video-preview:-1\" \/>\n<link rel=\"canonical\" href=\"https:\/\/allwintheme.com\/es\/producto\/saasweb-tema-wordpress-para-app-productos-saas\/\" \/>\n<meta property=\"og:locale\" content=\"es_ES\" \/>\n<meta property=\"og:type\" content=\"article\" \/>\n<meta property=\"og:title\" content=\"Saasweb \u2013 WordPress Theme For App &amp; Saas Products\" \/>\n<meta property=\"og:description\" content=\"Build stunning SaaS and app websites with Saasweb. Responsive, Elementor-ready theme with landing pages, pricing tables, and easy customization.\" \/>\n<meta property=\"og:url\" content=\"https:\/\/allwintheme.com\/es\/producto\/saasweb-tema-wordpress-para-app-productos-saas\/\" \/>\n<meta property=\"og:site_name\" content=\"AllWin Theme \u2013 Free WordPress Themes Download\" \/>\n<meta property=\"article:modified_time\" content=\"2025-10-08T22:53:47+00:00\" \/>\n<meta property=\"og:image\" content=\"https:\/\/allwintheme.com\/wp-content\/uploads\/2025\/10\/2hl4c9og.png\" \/>\n\t<meta property=\"og:image:width\" content=\"768\" \/>\n\t<meta property=\"og:image:height\" content=\"441\" \/>\n\t<meta property=\"og:image:type\" content=\"image\/png\" \/>\n<meta name=\"twitter:card\" content=\"summary_large_image\" \/>\n<meta name=\"twitter:label1\" content=\"Tiempo estimado de lectura\" \/>\n\t<meta name=\"twitter:data1\" content=\"2 minutos\" \/>\n<script type=\"application\/ld+json\" class=\"yoast-schema-graph\">{\"@context\":\"https:\/\/schema.org\",\"@graph\":[{\"@type\":\"WebPage\",\"@id\":\"https:\/\/allwintheme.com\/product\/saasweb-wordpress-theme-for-app-saas-products\/\",\"url\":\"https:\/\/allwintheme.com\/product\/saasweb-wordpress-theme-for-app-saas-products\/\",\"name\":\"Saasweb \u2013 WordPress Theme For App & Saas Products - AllWin Theme \u2013 Free WordPress Themes Download\",\"isPartOf\":{\"@id\":\"https:\/\/allwintheme.com\/#website\"},\"primaryImageOfPage\":{\"@id\":\"https:\/\/allwintheme.com\/product\/saasweb-wordpress-theme-for-app-saas-products\/#primaryimage\"},\"image\":{\"@id\":\"https:\/\/allwintheme.com\/product\/saasweb-wordpress-theme-for-app-saas-products\/#primaryimage\"},\"thumbnailUrl\":\"https:\/\/allwintheme.com\/wp-content\/uploads\/2025\/10\/2hl4c9og.png\",\"datePublished\":\"2025-10-08T22:32:17+00:00\",\"dateModified\":\"2025-10-08T22:53:47+00:00\",\"description\":\"Build stunning SaaS and app websites with Saasweb. Responsive, Elementor-ready theme with landing pages, pricing tables, and easy customization.\",\"breadcrumb\":{\"@id\":\"https:\/\/allwintheme.com\/product\/saasweb-wordpress-theme-for-app-saas-products\/#breadcrumb\"},\"inLanguage\":\"es-CL\",\"potentialAction\":[{\"@type\":\"ReadAction\",\"target\":[\"https:\/\/allwintheme.com\/product\/saasweb-wordpress-theme-for-app-saas-products\/\"]}]},{\"@type\":\"ImageObject\",\"inLanguage\":\"es-CL\",\"@id\":\"https:\/\/allwintheme.com\/product\/saasweb-wordpress-theme-for-app-saas-products\/#primaryimage\",\"url\":\"https:\/\/allwintheme.com\/wp-content\/uploads\/2025\/10\/2hl4c9og.png\",\"contentUrl\":\"https:\/\/allwintheme.com\/wp-content\/uploads\/2025\/10\/2hl4c9og.png\",\"width\":768,\"height\":441,\"caption\":\"Saasweb \u2013 WordPress Theme For App & Saas Products\"},{\"@type\":\"BreadcrumbList\",\"@id\":\"https:\/\/allwintheme.com\/product\/saasweb-wordpress-theme-for-app-saas-products\/#breadcrumb\",\"itemListElement\":[{\"@type\":\"ListItem\",\"position\":1,\"name\":\"Home\",\"item\":\"https:\/\/allwintheme.com\/\"},{\"@type\":\"ListItem\",\"position\":2,\"name\":\"Shop\",\"item\":\"https:\/\/allwintheme.com\/shop\/\"},{\"@type\":\"ListItem\",\"position\":3,\"name\":\"Saasweb \u2013 WordPress Theme For App &#038; Saas Products\"}]},{\"@type\":\"WebSite\",\"@id\":\"https:\/\/allwintheme.com\/#website\",\"url\":\"https:\/\/allwintheme.com\/\",\"name\":\"Allwintheme\",\"description\":\"Download free WordPress themes for every niche. Blogs, business, eCommerce, portfolio, restaurant and more. All themes are GPL licensed and mobile-ready.\",\"potentialAction\":[{\"@type\":\"SearchAction\",\"target\":{\"@type\":\"EntryPoint\",\"urlTemplate\":\"https:\/\/allwintheme.com\/?s={search_term_string}\"},\"query-input\":{\"@type\":\"PropertyValueSpecification\",\"valueRequired\":true,\"valueName\":\"search_term_string\"}}],\"inLanguage\":\"es-CL\"}]}<\/script>\n<!-- \/ Yoast SEO Premium plugin. -->","yoast_head_json":{"title":"Saasweb \u2013 WordPress Theme For App & Saas Products - AllWin Theme \u2013 Free WordPress Themes Download","description":"Construye impresionantes sitios web de SaaS y aplicaciones con Saasweb. Tema responsive preparado para Elementor con p\u00e1ginas de destino, tablas de precios y f\u00e1cil personalizaci\u00f3n.","robots":{"index":"index","follow":"follow","max-snippet":"max-snippet:-1","max-image-preview":"max-image-preview:large","max-video-preview":"max-video-preview:-1"},"canonical":"https:\/\/allwintheme.com\/es\/producto\/saasweb-tema-wordpress-para-app-productos-saas\/","og_locale":"es_ES","og_type":"article","og_title":"Saasweb \u2013 WordPress Theme For App & Saas Products","og_description":"Build stunning SaaS and app websites with Saasweb. Responsive, Elementor-ready theme with landing pages, pricing tables, and easy customization.","og_url":"https:\/\/allwintheme.com\/es\/producto\/saasweb-tema-wordpress-para-app-productos-saas\/","og_site_name":"AllWin Theme \u2013 Free WordPress Themes Download","article_modified_time":"2025-10-08T22:53:47+00:00","og_image":[{"width":768,"height":441,"url":"https:\/\/allwintheme.com\/wp-content\/uploads\/2025\/10\/2hl4c9og.png","type":"image\/png"}],"twitter_card":"summary_large_image","twitter_misc":{"Tiempo estimado de lectura":"2 minutos"},"schema":{"@context":"https:\/\/schema.org","@graph":[{"@type":"WebPage","@id":"https:\/\/allwintheme.com\/product\/saasweb-wordpress-theme-for-app-saas-products\/","url":"https:\/\/allwintheme.com\/product\/saasweb-wordpress-theme-for-app-saas-products\/","name":"Saasweb \u2013 WordPress Theme For App & Saas Products - AllWin Theme \u2013 Free WordPress Themes Download","isPartOf":{"@id":"https:\/\/allwintheme.com\/#website"},"primaryImageOfPage":{"@id":"https:\/\/allwintheme.com\/product\/saasweb-wordpress-theme-for-app-saas-products\/#primaryimage"},"image":{"@id":"https:\/\/allwintheme.com\/product\/saasweb-wordpress-theme-for-app-saas-products\/#primaryimage"},"thumbnailUrl":"https:\/\/allwintheme.com\/wp-content\/uploads\/2025\/10\/2hl4c9og.png","datePublished":"2025-10-08T22:32:17+00:00","dateModified":"2025-10-08T22:53:47+00:00","description":"Construye impresionantes sitios web de SaaS y aplicaciones con Saasweb. Tema responsive preparado para Elementor con p\u00e1ginas de destino, tablas de precios y f\u00e1cil personalizaci\u00f3n.","breadcrumb":{"@id":"https:\/\/allwintheme.com\/product\/saasweb-wordpress-theme-for-app-saas-products\/#breadcrumb"},"inLanguage":"es-CL","potentialAction":[{"@type":"ReadAction","target":["https:\/\/allwintheme.com\/product\/saasweb-wordpress-theme-for-app-saas-products\/"]}]},{"@type":"ImageObject","inLanguage":"es-CL","@id":"https:\/\/allwintheme.com\/product\/saasweb-wordpress-theme-for-app-saas-products\/#primaryimage","url":"https:\/\/allwintheme.com\/wp-content\/uploads\/2025\/10\/2hl4c9og.png","contentUrl":"https:\/\/allwintheme.com\/wp-content\/uploads\/2025\/10\/2hl4c9og.png","width":768,"height":441,"caption":"Saasweb \u2013 WordPress Theme For App & Saas Products"},{"@type":"BreadcrumbList","@id":"https:\/\/allwintheme.com\/product\/saasweb-wordpress-theme-for-app-saas-products\/#breadcrumb","itemListElement":[{"@type":"ListItem","position":1,"name":"Home","item":"https:\/\/allwintheme.com\/"},{"@type":"ListItem","position":2,"name":"Shop","item":"https:\/\/allwintheme.com\/shop\/"},{"@type":"ListItem","position":3,"name":"Saasweb \u2013 WordPress Theme For App &#038; Saas Products"}]},{"@type":"WebSite","@id":"https:\/\/allwintheme.com\/#website","url":"https:\/\/allwintheme.com\/","name":"Allwintheme","description":"Descarga gratis temas de WordPress para todos los nichos. Blogs, negocios, comercio electr\u00f3nico, portafolio, restaurante y m\u00e1s. Todos los temas tienen licencia GPL y est\u00e1n preparados para dispositivos m\u00f3viles.","potentialAction":[{"@type":"SearchAction","target":{"@type":"EntryPoint","urlTemplate":"https:\/\/allwintheme.com\/?s={search_term_string}"},"query-input":{"@type":"PropertyValueSpecification","valueRequired":true,"valueName":"search_term_string"}}],"inLanguage":"es-CL"}]}},"_links":{"self":[{"href":"https:\/\/allwintheme.com\/es\/wp-json\/wp\/v2\/product\/9848","targetHints":{"allow":["GET"]}}],"collection":[{"href":"https:\/\/allwintheme.com\/es\/wp-json\/wp\/v2\/product"}],"about":[{"href":"https:\/\/allwintheme.com\/es\/wp-json\/wp\/v2\/types\/product"}],"replies":[{"embeddable":true,"href":"https:\/\/allwintheme.com\/es\/wp-json\/wp\/v2\/comments?post=9848"}],"version-history":[{"count":5,"href":"https:\/\/allwintheme.com\/es\/wp-json\/wp\/v2\/product\/9848\/revisions"}],"predecessor-version":[{"id":9853,"href":"https:\/\/allwintheme.com\/es\/wp-json\/wp\/v2\/product\/9848\/revisions\/9853"}],"wp:featuredmedia":[{"embeddable":true,"href":"https:\/\/allwintheme.com\/es\/wp-json\/wp\/v2\/media\/9800"}],"wp:attachment":[{"href":"https:\/\/allwintheme.com\/es\/wp-json\/wp\/v2\/media?parent=9848"}],"wp:term":[{"taxonomy":"product_brand","embeddable":true,"href":"https:\/\/allwintheme.com\/es\/wp-json\/wp\/v2\/product_brand?post=9848"},{"taxonomy":"product_cat","embeddable":true,"href":"https:\/\/allwintheme.com\/es\/wp-json\/wp\/v2\/product_cat?post=9848"},{"taxonomy":"product_tag","embeddable":true,"href":"https:\/\/allwintheme.com\/es\/wp-json\/wp\/v2\/product_tag?post=9848"}],"curies":[{"name":"wp","href":"https:\/\/api.w.org\/{rel}","templated":true}]}}