{"id":9854,"date":"2025-10-08T22:54:01","date_gmt":"2025-10-08T22:54:01","guid":{"rendered":"https:\/\/allwintheme.com\/?post_type=product&#038;p=9854"},"modified":"2025-10-08T23:03:26","modified_gmt":"2025-10-08T23:03:26","slug":"appilo-landing-page-theme","status":"publish","type":"product","link":"https:\/\/allwintheme.com\/es\/producto\/appilo-landing-page-theme\/","title":{"rendered":"Appilo Landing Page Theme"},"content":{"rendered":"<div data-elementor-type=\"wp-post\" data-elementor-id=\"9854\" class=\"elementor elementor-9854\" data-elementor-settings=\"{&quot;element_pack_global_tooltip_width&quot;:{&quot;unit&quot;:&quot;px&quot;,&quot;size&quot;:&quot;&quot;,&quot;sizes&quot;:[]},&quot;element_pack_global_tooltip_width_tablet&quot;:{&quot;unit&quot;:&quot;px&quot;,&quot;size&quot;:&quot;&quot;,&quot;sizes&quot;:[]},&quot;element_pack_global_tooltip_width_mobile&quot;:{&quot;unit&quot;:&quot;px&quot;,&quot;size&quot;:&quot;&quot;,&quot;sizes&quot;:[]},&quot;element_pack_global_tooltip_padding&quot;:{&quot;unit&quot;:&quot;px&quot;,&quot;top&quot;:&quot;&quot;,&quot;right&quot;:&quot;&quot;,&quot;bottom&quot;:&quot;&quot;,&quot;left&quot;:&quot;&quot;,&quot;isLinked&quot;:true},&quot;element_pack_global_tooltip_padding_tablet&quot;:{&quot;unit&quot;:&quot;px&quot;,&quot;top&quot;:&quot;&quot;,&quot;right&quot;:&quot;&quot;,&quot;bottom&quot;:&quot;&quot;,&quot;left&quot;:&quot;&quot;,&quot;isLinked&quot;:true},&quot;element_pack_global_tooltip_padding_mobile&quot;:{&quot;unit&quot;:&quot;px&quot;,&quot;top&quot;:&quot;&quot;,&quot;right&quot;:&quot;&quot;,&quot;bottom&quot;:&quot;&quot;,&quot;left&quot;:&quot;&quot;,&quot;isLinked&quot;:true},&quot;element_pack_global_tooltip_border_radius&quot;:{&quot;unit&quot;:&quot;px&quot;,&quot;top&quot;:&quot;&quot;,&quot;right&quot;:&quot;&quot;,&quot;bottom&quot;:&quot;&quot;,&quot;left&quot;:&quot;&quot;,&quot;isLinked&quot;:true},&quot;element_pack_global_tooltip_border_radius_tablet&quot;:{&quot;unit&quot;:&quot;px&quot;,&quot;top&quot;:&quot;&quot;,&quot;right&quot;:&quot;&quot;,&quot;bottom&quot;:&quot;&quot;,&quot;left&quot;:&quot;&quot;,&quot;isLinked&quot;:true},&quot;element_pack_global_tooltip_border_radius_mobile&quot;:{&quot;unit&quot;:&quot;px&quot;,&quot;top&quot;:&quot;&quot;,&quot;right&quot;:&quot;&quot;,&quot;bottom&quot;:&quot;&quot;,&quot;left&quot;:&quot;&quot;,&quot;isLinked&quot;:true}}\" data-elementor-post-type=\"product\">\n\t\t\t\t<div class=\"elementor-element elementor-element-93aa4a8 e-con-full e-flex e-con e-parent\" data-id=\"93aa4a8\" data-element_type=\"container\" data-e-type=\"container\">\n\t\t\t\t<div class=\"elementor-element elementor-element-2c3f760 miaoshu elementor-widget elementor-widget-wd_text_block\" data-id=\"2c3f760\" data-element_type=\"widget\" data-e-type=\"widget\" data-widget_type=\"wd_text_block.default\">\n\t\t\t\t<div class=\"elementor-widget-container\">\n\t\t\t\t\t\t\t<div class=\"wd-text-block reset-last-child text-left\">\n\t\t\t\n\t\t\t<h2>Appilo Landing Page Theme: Muestra tu aplicaci\u00f3n con estilo<\/h2>\n<p><strong>Appilo Landing Page Theme<\/strong> ofrece una soluci\u00f3n de WordPress creativa y moderna para promocionar aplicaciones m\u00f3viles, productos SaaS y startups. Los desarrolladores y vendedores eligen este tema para crear p\u00e1ginas de destino atractivas que conviertan a los visitantes en usuarios. Por ejemplo, su dise\u00f1o limpio y minimalista garantiza que tu aplicaci\u00f3n destaque, mientras que las funciones integradas agilizan todo el proceso de presentaci\u00f3n.<\/p>\n\n<h3>Personalizaci\u00f3n y configuraci\u00f3n sin esfuerzo<\/h3>\n<p>Con Appilo, puedes crear r\u00e1pidamente p\u00e1ginas de destino profesionales mediante la importaci\u00f3n de demos con un solo clic. Adem\u00e1s, el constructor de arrastrar y soltar de Elementor te permite personalizar los dise\u00f1os sin codificar, para que puedas centrarte en la historia de tu aplicaci\u00f3n en lugar de en los obst\u00e1culos t\u00e9cnicos. Como resultado, podr\u00e1s crear p\u00e1ginas \u00fanicas adaptadas a tu marca en cuesti\u00f3n de minutos.<\/p>\n\n<h3>Principales caracter\u00edsticas y ventajas<\/h3>\n<ul>\n    <li><strong>Dise\u00f1o receptivo:<\/strong> Appilo se adapta perfectamente a ordenadores de sobremesa, tabletas y m\u00f3viles, garantizando una visualizaci\u00f3n \u00f3ptima para todos los usuarios.<\/li>\n    <li><strong>Demostraciones preconstruidas:<\/strong> Seleccione entre varios dise\u00f1os para aplicaciones, software o productos, e imp\u00f3rtelos al instante para empezar a trabajar r\u00e1pidamente.<\/li>\n    <li><strong>Integraci\u00f3n con WooCommerce:<\/strong> Venda aplicaciones o productos digitales directamente en su p\u00e1gina de destino con la ayuda del comercio electr\u00f3nico.<\/li>\n    <li><strong>Optimizaci\u00f3n SEO:<\/strong> Las mejores pr\u00e1cticas integradas ayudan a tus p\u00e1ginas a posicionarse mejor, conduciendo m\u00e1s tr\u00e1fico a tu aplicaci\u00f3n.<\/li>\n    <li><strong>Opciones avanzadas:<\/strong> Utilice el personalizador de WordPress para ajustar el tema, incluidos los colores, las fuentes y los degradados.<\/li>\n    <li><strong>Compatibilidad de plugins:<\/strong> Funciona perfectamente con Contact Form 7, Slider Revolution, y m\u00e1s para una funcionalidad mejorada.<\/li>\n<\/ul>\n\n<h3>Aumente la visibilidad de su aplicaci\u00f3n<\/h3>\n<p>Appilo te permite destacar caracter\u00edsticas, testimonios y llamadas a la acci\u00f3n de forma eficaz. Por ejemplo, si promocionas una aplicaci\u00f3n m\u00f3vil o un servicio web, los elementos degradados y las secciones interactivas del tema atraer\u00e1n a los visitantes de inmediato. De este modo, aumentar\u00e1 las descargas y las inscripciones sin perder profesionalidad.<\/p>\n\n<h3>Lance hoy mismo su p\u00e1gina de destino<\/h3>\n<p>Mejore la promoci\u00f3n de su aplicaci\u00f3n con <strong>Appilo Landing Page Theme<\/strong>. Combinando versatilidad y facilidad, construir\u00e1s sitios de alta conversi\u00f3n que resonar\u00e1n con tu audiencia. Por lo tanto, obtenga Appilo ahora y transforme sus ideas en experiencias en l\u00ednea impactantes.\n\t\t\t\t\t<\/div>\n\t\t\t\t\t\t<\/div>\n\t\t\t\t<\/div>\n\t\t\t\t<\/div>\n\t\t\t\t<\/div>","protected":false},"excerpt":{"rendered":"<p>Appilo Landing Page Theme: Showcase Your App with Style Appilo Landing Page Theme delivers a creative and modern WordPress solution<\/p>","protected":false},"featured_media":9801,"comment_status":"open","ping_status":"closed","template":"","meta":{"_acf_changed":false},"product_brand":[],"product_cat":[48],"product_tag":[],"class_list":{"0":"post-9854","1":"product","2":"type-product","3":"status-publish","4":"has-post-thumbnail","6":"product_cat-themes","8":"first","9":"instock","10":"sale","11":"downloadable","12":"shipping-taxable","13":"purchasable","14":"product-type-simple"},"acf":[],"yoast_head":"<!-- This site is optimized with the Yoast SEO Premium plugin v25.6 (Yoast SEO v27.4) - https:\/\/yoast.com\/product\/yoast-seo-premium-wordpress\/ -->\n<title>Appilo Landing Page Theme - AllWin Theme \u2013 Free WordPress Themes Download<\/title>\n<meta name=\"description\" content=\"Build stunning app landing pages with Appilo, a responsive WordPress theme. Drag-and-drop customization via Elementor for mobile apps and SaaS.\" \/>\n<meta name=\"robots\" content=\"index, follow, max-snippet:-1, max-image-preview:large, max-video-preview:-1\" \/>\n<link rel=\"canonical\" href=\"https:\/\/allwintheme.com\/es\/producto\/appilo-landing-page-theme\/\" \/>\n<meta property=\"og:locale\" content=\"es_ES\" \/>\n<meta property=\"og:type\" content=\"article\" \/>\n<meta property=\"og:title\" content=\"Appilo Landing Page Theme\" \/>\n<meta property=\"og:description\" content=\"Build stunning app landing pages with Appilo, a responsive WordPress theme. Drag-and-drop customization via Elementor for mobile apps and SaaS.\" \/>\n<meta property=\"og:url\" content=\"https:\/\/allwintheme.com\/es\/producto\/appilo-landing-page-theme\/\" \/>\n<meta property=\"og:site_name\" content=\"AllWin Theme \u2013 Free WordPress Themes Download\" \/>\n<meta property=\"article:modified_time\" content=\"2025-10-08T23:03:26+00:00\" \/>\n<meta property=\"og:image\" content=\"https:\/\/allwintheme.com\/wp-content\/uploads\/2025\/10\/4vsw3crp.png\" \/>\n\t<meta property=\"og:image:width\" content=\"590\" \/>\n\t<meta property=\"og:image:height\" content=\"300\" \/>\n\t<meta property=\"og:image:type\" content=\"image\/png\" \/>\n<meta name=\"twitter:card\" content=\"summary_large_image\" \/>\n<meta name=\"twitter:label1\" content=\"Tiempo estimado de lectura\" \/>\n\t<meta name=\"twitter:data1\" content=\"2 minutos\" \/>\n<script type=\"application\/ld+json\" class=\"yoast-schema-graph\">{\"@context\":\"https:\\\/\\\/schema.org\",\"@graph\":[{\"@type\":\"WebPage\",\"@id\":\"https:\\\/\\\/allwintheme.com\\\/product\\\/appilo-landing-page-theme\\\/\",\"url\":\"https:\\\/\\\/allwintheme.com\\\/product\\\/appilo-landing-page-theme\\\/\",\"name\":\"Appilo Landing Page Theme - AllWin Theme \u2013 Free WordPress Themes Download\",\"isPartOf\":{\"@id\":\"https:\\\/\\\/allwintheme.com\\\/#website\"},\"primaryImageOfPage\":{\"@id\":\"https:\\\/\\\/allwintheme.com\\\/product\\\/appilo-landing-page-theme\\\/#primaryimage\"},\"image\":{\"@id\":\"https:\\\/\\\/allwintheme.com\\\/product\\\/appilo-landing-page-theme\\\/#primaryimage\"},\"thumbnailUrl\":\"https:\\\/\\\/allwintheme.com\\\/wp-content\\\/uploads\\\/2025\\\/10\\\/4vsw3crp.png\",\"datePublished\":\"2025-10-08T22:54:01+00:00\",\"dateModified\":\"2025-10-08T23:03:26+00:00\",\"description\":\"Build stunning app landing pages with Appilo, a responsive WordPress theme. Drag-and-drop customization via Elementor for mobile apps and SaaS.\",\"breadcrumb\":{\"@id\":\"https:\\\/\\\/allwintheme.com\\\/product\\\/appilo-landing-page-theme\\\/#breadcrumb\"},\"inLanguage\":\"es-CL\",\"potentialAction\":[{\"@type\":\"ReadAction\",\"target\":[\"https:\\\/\\\/allwintheme.com\\\/product\\\/appilo-landing-page-theme\\\/\"]}]},{\"@type\":\"ImageObject\",\"inLanguage\":\"es-CL\",\"@id\":\"https:\\\/\\\/allwintheme.com\\\/product\\\/appilo-landing-page-theme\\\/#primaryimage\",\"url\":\"https:\\\/\\\/allwintheme.com\\\/wp-content\\\/uploads\\\/2025\\\/10\\\/4vsw3crp.png\",\"contentUrl\":\"https:\\\/\\\/allwintheme.com\\\/wp-content\\\/uploads\\\/2025\\\/10\\\/4vsw3crp.png\",\"width\":590,\"height\":300,\"caption\":\"Appilo Landing Page Theme\"},{\"@type\":\"BreadcrumbList\",\"@id\":\"https:\\\/\\\/allwintheme.com\\\/product\\\/appilo-landing-page-theme\\\/#breadcrumb\",\"itemListElement\":[{\"@type\":\"ListItem\",\"position\":1,\"name\":\"Home\",\"item\":\"https:\\\/\\\/allwintheme.com\\\/\"},{\"@type\":\"ListItem\",\"position\":2,\"name\":\"Shop\",\"item\":\"https:\\\/\\\/allwintheme.com\\\/shop\\\/\"},{\"@type\":\"ListItem\",\"position\":3,\"name\":\"Appilo Landing Page Theme\"}]},{\"@type\":\"WebSite\",\"@id\":\"https:\\\/\\\/allwintheme.com\\\/#website\",\"url\":\"https:\\\/\\\/allwintheme.com\\\/\",\"name\":\"Allwintheme\",\"description\":\"Download free WordPress themes for every niche. Blogs, business, eCommerce, portfolio, restaurant and more. All themes are GPL licensed and mobile-ready.\",\"potentialAction\":[{\"@type\":\"SearchAction\",\"target\":{\"@type\":\"EntryPoint\",\"urlTemplate\":\"https:\\\/\\\/allwintheme.com\\\/?s={search_term_string}\"},\"query-input\":{\"@type\":\"PropertyValueSpecification\",\"valueRequired\":true,\"valueName\":\"search_term_string\"}}],\"inLanguage\":\"es-CL\"}]}<\/script>\n<!-- \/ Yoast SEO Premium plugin. -->","yoast_head_json":{"title":"Appilo Landing Page Theme - AllWin Theme - Free WordPress Themes Download","description":"Crea impresionantes p\u00e1ginas de aterrizaje de aplicaciones con Appilo, un tema de WordPress adaptable. Personalizaci\u00f3n mediante arrastrar y soltar a trav\u00e9s de Elementor para aplicaciones m\u00f3viles y SaaS.","robots":{"index":"index","follow":"follow","max-snippet":"max-snippet:-1","max-image-preview":"max-image-preview:large","max-video-preview":"max-video-preview:-1"},"canonical":"https:\/\/allwintheme.com\/es\/producto\/appilo-landing-page-theme\/","og_locale":"es_ES","og_type":"article","og_title":"Appilo Landing Page Theme","og_description":"Build stunning app landing pages with Appilo, a responsive WordPress theme. Drag-and-drop customization via Elementor for mobile apps and SaaS.","og_url":"https:\/\/allwintheme.com\/es\/producto\/appilo-landing-page-theme\/","og_site_name":"AllWin Theme \u2013 Free WordPress Themes Download","article_modified_time":"2025-10-08T23:03:26+00:00","og_image":[{"width":590,"height":300,"url":"https:\/\/allwintheme.com\/wp-content\/uploads\/2025\/10\/4vsw3crp.png","type":"image\/png"}],"twitter_card":"summary_large_image","twitter_misc":{"Tiempo estimado de lectura":"2 minutos"},"schema":{"@context":"https:\/\/schema.org","@graph":[{"@type":"WebPage","@id":"https:\/\/allwintheme.com\/product\/appilo-landing-page-theme\/","url":"https:\/\/allwintheme.com\/product\/appilo-landing-page-theme\/","name":"Appilo Landing Page Theme - AllWin Theme - Free WordPress Themes Download","isPartOf":{"@id":"https:\/\/allwintheme.com\/#website"},"primaryImageOfPage":{"@id":"https:\/\/allwintheme.com\/product\/appilo-landing-page-theme\/#primaryimage"},"image":{"@id":"https:\/\/allwintheme.com\/product\/appilo-landing-page-theme\/#primaryimage"},"thumbnailUrl":"https:\/\/allwintheme.com\/wp-content\/uploads\/2025\/10\/4vsw3crp.png","datePublished":"2025-10-08T22:54:01+00:00","dateModified":"2025-10-08T23:03:26+00:00","description":"Crea impresionantes p\u00e1ginas de aterrizaje de aplicaciones con Appilo, un tema de WordPress adaptable. Personalizaci\u00f3n mediante arrastrar y soltar a trav\u00e9s de Elementor para aplicaciones m\u00f3viles y SaaS.","breadcrumb":{"@id":"https:\/\/allwintheme.com\/product\/appilo-landing-page-theme\/#breadcrumb"},"inLanguage":"es-CL","potentialAction":[{"@type":"ReadAction","target":["https:\/\/allwintheme.com\/product\/appilo-landing-page-theme\/"]}]},{"@type":"ImageObject","inLanguage":"es-CL","@id":"https:\/\/allwintheme.com\/product\/appilo-landing-page-theme\/#primaryimage","url":"https:\/\/allwintheme.com\/wp-content\/uploads\/2025\/10\/4vsw3crp.png","contentUrl":"https:\/\/allwintheme.com\/wp-content\/uploads\/2025\/10\/4vsw3crp.png","width":590,"height":300,"caption":"Appilo Landing Page Theme"},{"@type":"BreadcrumbList","@id":"https:\/\/allwintheme.com\/product\/appilo-landing-page-theme\/#breadcrumb","itemListElement":[{"@type":"ListItem","position":1,"name":"Home","item":"https:\/\/allwintheme.com\/"},{"@type":"ListItem","position":2,"name":"Shop","item":"https:\/\/allwintheme.com\/shop\/"},{"@type":"ListItem","position":3,"name":"Appilo Landing Page Theme"}]},{"@type":"WebSite","@id":"https:\/\/allwintheme.com\/#website","url":"https:\/\/allwintheme.com\/","name":"Allwintheme","description":"Descarga gratis temas de WordPress para todos los nichos. Blogs, negocios, comercio electr\u00f3nico, portafolio, restaurante y m\u00e1s. Todos los temas tienen licencia GPL y est\u00e1n preparados para dispositivos m\u00f3viles.","potentialAction":[{"@type":"SearchAction","target":{"@type":"EntryPoint","urlTemplate":"https:\/\/allwintheme.com\/?s={search_term_string}"},"query-input":{"@type":"PropertyValueSpecification","valueRequired":true,"valueName":"search_term_string"}}],"inLanguage":"es-CL"}]}},"_links":{"self":[{"href":"https:\/\/allwintheme.com\/es\/wp-json\/wp\/v2\/product\/9854","targetHints":{"allow":["GET"]}}],"collection":[{"href":"https:\/\/allwintheme.com\/es\/wp-json\/wp\/v2\/product"}],"about":[{"href":"https:\/\/allwintheme.com\/es\/wp-json\/wp\/v2\/types\/product"}],"replies":[{"embeddable":true,"href":"https:\/\/allwintheme.com\/es\/wp-json\/wp\/v2\/comments?post=9854"}],"version-history":[{"count":5,"href":"https:\/\/allwintheme.com\/es\/wp-json\/wp\/v2\/product\/9854\/revisions"}],"predecessor-version":[{"id":9859,"href":"https:\/\/allwintheme.com\/es\/wp-json\/wp\/v2\/product\/9854\/revisions\/9859"}],"wp:featuredmedia":[{"embeddable":true,"href":"https:\/\/allwintheme.com\/es\/wp-json\/wp\/v2\/media\/9801"}],"wp:attachment":[{"href":"https:\/\/allwintheme.com\/es\/wp-json\/wp\/v2\/media?parent=9854"}],"wp:term":[{"taxonomy":"product_brand","embeddable":true,"href":"https:\/\/allwintheme.com\/es\/wp-json\/wp\/v2\/product_brand?post=9854"},{"taxonomy":"product_cat","embeddable":true,"href":"https:\/\/allwintheme.com\/es\/wp-json\/wp\/v2\/product_cat?post=9854"},{"taxonomy":"product_tag","embeddable":true,"href":"https:\/\/allwintheme.com\/es\/wp-json\/wp\/v2\/product_tag?post=9854"}],"curies":[{"name":"wp","href":"https:\/\/api.w.org\/{rel}","templated":true}]}}