{"id":9866,"date":"2025-10-08T23:29:12","date_gmt":"2025-10-08T23:29:12","guid":{"rendered":"https:\/\/allwintheme.com\/?post_type=product&#038;p=9866"},"modified":"2025-10-08T23:33:29","modified_gmt":"2025-10-08T23:33:29","slug":"frappe-smoothie-juice-bar-y-tema-de-comida-organica","status":"publish","type":"product","link":"https:\/\/allwintheme.com\/es\/producto\/frappe-smoothie-juice-bar-y-tema-de-comida-organica\/","title":{"rendered":"Frapp\u00e9 - Tema de bar de zumos y comida ecol\u00f3gica"},"content":{"rendered":"<div data-elementor-type=\"wp-post\" data-elementor-id=\"9866\" class=\"elementor elementor-9866\" data-elementor-settings=\"{&quot;element_pack_global_tooltip_width&quot;:{&quot;unit&quot;:&quot;px&quot;,&quot;size&quot;:&quot;&quot;,&quot;sizes&quot;:[]},&quot;element_pack_global_tooltip_width_tablet&quot;:{&quot;unit&quot;:&quot;px&quot;,&quot;size&quot;:&quot;&quot;,&quot;sizes&quot;:[]},&quot;element_pack_global_tooltip_width_mobile&quot;:{&quot;unit&quot;:&quot;px&quot;,&quot;size&quot;:&quot;&quot;,&quot;sizes&quot;:[]},&quot;element_pack_global_tooltip_padding&quot;:{&quot;unit&quot;:&quot;px&quot;,&quot;top&quot;:&quot;&quot;,&quot;right&quot;:&quot;&quot;,&quot;bottom&quot;:&quot;&quot;,&quot;left&quot;:&quot;&quot;,&quot;isLinked&quot;:true},&quot;element_pack_global_tooltip_padding_tablet&quot;:{&quot;unit&quot;:&quot;px&quot;,&quot;top&quot;:&quot;&quot;,&quot;right&quot;:&quot;&quot;,&quot;bottom&quot;:&quot;&quot;,&quot;left&quot;:&quot;&quot;,&quot;isLinked&quot;:true},&quot;element_pack_global_tooltip_padding_mobile&quot;:{&quot;unit&quot;:&quot;px&quot;,&quot;top&quot;:&quot;&quot;,&quot;right&quot;:&quot;&quot;,&quot;bottom&quot;:&quot;&quot;,&quot;left&quot;:&quot;&quot;,&quot;isLinked&quot;:true},&quot;element_pack_global_tooltip_border_radius&quot;:{&quot;unit&quot;:&quot;px&quot;,&quot;top&quot;:&quot;&quot;,&quot;right&quot;:&quot;&quot;,&quot;bottom&quot;:&quot;&quot;,&quot;left&quot;:&quot;&quot;,&quot;isLinked&quot;:true},&quot;element_pack_global_tooltip_border_radius_tablet&quot;:{&quot;unit&quot;:&quot;px&quot;,&quot;top&quot;:&quot;&quot;,&quot;right&quot;:&quot;&quot;,&quot;bottom&quot;:&quot;&quot;,&quot;left&quot;:&quot;&quot;,&quot;isLinked&quot;:true},&quot;element_pack_global_tooltip_border_radius_mobile&quot;:{&quot;unit&quot;:&quot;px&quot;,&quot;top&quot;:&quot;&quot;,&quot;right&quot;:&quot;&quot;,&quot;bottom&quot;:&quot;&quot;,&quot;left&quot;:&quot;&quot;,&quot;isLinked&quot;:true}}\" data-elementor-post-type=\"product\">\n\t\t\t\t<div class=\"elementor-element elementor-element-93aa4a8 e-con-full e-flex e-con e-parent\" data-id=\"93aa4a8\" data-element_type=\"container\" data-e-type=\"container\">\n\t\t\t\t<div class=\"elementor-element elementor-element-2c3f760 miaoshu elementor-widget elementor-widget-wd_text_block\" data-id=\"2c3f760\" data-element_type=\"widget\" data-e-type=\"widget\" data-widget_type=\"wd_text_block.default\">\n\t\t\t\t<div class=\"elementor-widget-container\">\n\t\t\t\t\t\t\t<div class=\"wd-text-block reset-last-child text-left\">\n\t\t\t\n\t\t\t<h2>Frapp\u00e9: Refresque su presencia en l\u00ednea con un tema de WordPress vibrante<\/h2>\n<p><strong>Frapp\u00e9<\/strong> ofrece una deliciosa mezcla de dise\u00f1os modernos y herramientas pr\u00e1cticas adaptadas a bares de batidos, tiendas de zumos, tiendas de alimentos ecol\u00f3gicos y blogs de vida sana. Por ejemplo, los propietarios de cafeter\u00edas muestran activamente sus men\u00fas, bebidas y ofertas de superalimentos a trav\u00e9s de impresionantes elementos visuales e interactivos. En consecuencia, este tema le ayuda a cautivar a los visitantes y a impulsar el compromiso en su sitio de WordPress.<grok-card data-id=\"1f6eb6\" data-type=\"citation_card\"><\/grok-card><grok-card data-id=\"9fae1c\" data-type=\"citation_card\"><\/grok-card><\/p>\n\n<h3>Dise\u00f1o sin esfuerzo para los entusiastas de la comida y la bebida<\/h3>\n<p>Con Frapp\u00e9, puedes crear p\u00e1ginas llamativas que destaquen el ambiente de tu cafeter\u00eda, desde coloridos expositores de fruta hasta contenido centrado en la nutrici\u00f3n. Adem\u00e1s, el tema incluye dise\u00f1os espec\u00edficos para men\u00fas, galer\u00edas y secciones de tienda, para que puedas crear una historia de marca coherente sin complicaciones. Como resultado, los clientes explorar\u00e1n f\u00e1cilmente tus ofertas y se sentir\u00e1n inspirados para visitarte.<grok-card data-id=\"5ac010\" data-type=\"citation_card\"><\/grok-card><\/p>\n\n<h3>Caracter\u00edsticas principales de Frapp\u00e9<\/h3>\n<ul>\n    <li><strong>Dise\u00f1os modernos y coloridos:<\/strong> Elija entre divertidos dise\u00f1os inspirados en tonos pastel, perfectos para bares de zumos y establecimientos ecol\u00f3gicos, que garantizan un aspecto fresco y acogedor.<\/li>\n    <li><strong>Men\u00fa incorporado y herramientas de tienda:<\/strong> Muestra listas de bebidas, precios y tiendas potenciadas por WooCommerce para vender batidos o superalimentos directamente.<\/li>\n    <li><strong>Galer\u00edas interactivas y deslizadores:<\/strong> Muestre im\u00e1genes de alta resoluci\u00f3n de sus creaciones con Revolution Slider para obtener efectos din\u00e1micos a pantalla completa.<\/li>\n    <li><strong>Totalmente adaptable y preparado para m\u00f3viles:<\/strong> Su sitio se adapta sin problemas a cualquier dispositivo, manteniendo a los usuarios ocupados sobre la marcha.<\/li>\n    <li><strong>F\u00e1cil personalizaci\u00f3n:<\/strong> Utilice WPBakery Page Builder para ajustar colores, fuentes y secciones sin codificaci\u00f3n, adem\u00e1s de soporte WPML para sitios multiling\u00fces.<\/li>\n<\/ul>\n\n<h3>Impulse su negocio con una integraci\u00f3n perfecta<\/h3>\n<p>Frapp\u00e9 agiliza tu flujo de trabajo agrupando plugins premium como Slider Revolution y Contact Form 7. Por ejemplo, si tienes un blog de comida sana o una fruter\u00eda, puedes integrar blogs, testimonios y formularios de contacto sin esfuerzo. Por lo tanto, usted se centra en la creaci\u00f3n de un gran contenido, mientras que el tema se encarga del resto, en \u00faltima instancia, el crecimiento de su audiencia en l\u00ednea.<grok-card data-id=\"b85011\" data-type=\"citation_card\"><\/grok-card><\/p>\n\n<h3>Lance hoy mismo el sitio de sus sue\u00f1os<\/h3>\n<p>Mejore su cafeter\u00eda o bar de zumos con <strong>Frapp\u00e9 - Tema de batidos, zumos y alimentos ecol\u00f3gicos<\/strong>. Combinando creatividad y funcionalidad, crear\u00e1 un sitio que sabe tan bien como parece. Empiece ahora mismo e integre el \u00e9xito en su espacio digital.<\/p>\n\t\t\t\t\t<\/div>\n\t\t\t\t\t\t<\/div>\n\t\t\t\t<\/div>\n\t\t\t\t<\/div>\n\t\t\t\t<\/div>","protected":false},"excerpt":{"rendered":"<p>Frapp\u00e9: Refresh Your Online Presence with a Vibrant WordPress Theme Frapp\u00e9 delivers a delicious blend of modern layouts and practical<\/p>","protected":false},"featured_media":9803,"comment_status":"open","ping_status":"closed","template":"","meta":{"_acf_changed":false},"product_brand":[],"product_cat":[48],"product_tag":[],"class_list":{"0":"post-9866","1":"product","2":"type-product","3":"status-publish","4":"has-post-thumbnail","6":"product_cat-themes","8":"first","9":"instock","10":"sale","11":"downloadable","12":"shipping-taxable","13":"purchasable","14":"product-type-simple"},"acf":[],"yoast_head":"<!-- This site is optimized with the Yoast SEO Premium plugin v25.6 (Yoast SEO v27.1.1) - https:\/\/yoast.com\/product\/yoast-seo-premium-wordpress\/ -->\n<title>Frapp\u00e9 \u2013 Smoothie Juice Bar and Organic Food Theme - AllWin Theme \u2013 Free WordPress Themes Download<\/title>\n<meta name=\"description\" content=\"Frapp\u00e9 WordPress theme crafts vibrant sites for smoothie bars, juice shops, and organic eateries. Feature menus, galleries, and WooCommerce integration for fresh, engaging designs.\" \/>\n<meta name=\"robots\" content=\"index, follow, max-snippet:-1, max-image-preview:large, max-video-preview:-1\" \/>\n<link rel=\"canonical\" href=\"https:\/\/allwintheme.com\/es\/producto\/frappe-smoothie-juice-bar-y-tema-de-comida-organica\/\" \/>\n<meta property=\"og:locale\" content=\"es_ES\" \/>\n<meta property=\"og:type\" content=\"article\" \/>\n<meta property=\"og:title\" content=\"Frapp\u00e9 \u2013 Smoothie Juice Bar and Organic Food Theme\" \/>\n<meta property=\"og:description\" content=\"Frapp\u00e9 WordPress theme crafts vibrant sites for smoothie bars, juice shops, and organic eateries. Feature menus, galleries, and WooCommerce integration for fresh, engaging designs.\" \/>\n<meta property=\"og:url\" content=\"https:\/\/allwintheme.com\/es\/producto\/frappe-smoothie-juice-bar-y-tema-de-comida-organica\/\" \/>\n<meta property=\"og:site_name\" content=\"AllWin Theme \u2013 Free WordPress Themes Download\" \/>\n<meta property=\"article:modified_time\" content=\"2025-10-08T23:33:29+00:00\" \/>\n<meta property=\"og:image\" content=\"https:\/\/allwintheme.com\/wp-content\/uploads\/2025\/10\/6v4q30bi.png\" \/>\n\t<meta property=\"og:image:width\" content=\"744\" \/>\n\t<meta property=\"og:image:height\" content=\"379\" \/>\n\t<meta property=\"og:image:type\" content=\"image\/png\" \/>\n<meta name=\"twitter:card\" content=\"summary_large_image\" \/>\n<meta name=\"twitter:label1\" content=\"Tiempo estimado de lectura\" \/>\n\t<meta name=\"twitter:data1\" content=\"2 minutos\" \/>\n<script type=\"application\/ld+json\" class=\"yoast-schema-graph\">{\"@context\":\"https:\/\/schema.org\",\"@graph\":[{\"@type\":\"WebPage\",\"@id\":\"https:\/\/allwintheme.com\/product\/frappe-smoothie-juice-bar-and-organic-food-theme\/\",\"url\":\"https:\/\/allwintheme.com\/product\/frappe-smoothie-juice-bar-and-organic-food-theme\/\",\"name\":\"Frapp\u00e9 \u2013 Smoothie Juice Bar and Organic Food Theme - AllWin Theme \u2013 Free WordPress Themes Download\",\"isPartOf\":{\"@id\":\"https:\/\/allwintheme.com\/#website\"},\"primaryImageOfPage\":{\"@id\":\"https:\/\/allwintheme.com\/product\/frappe-smoothie-juice-bar-and-organic-food-theme\/#primaryimage\"},\"image\":{\"@id\":\"https:\/\/allwintheme.com\/product\/frappe-smoothie-juice-bar-and-organic-food-theme\/#primaryimage\"},\"thumbnailUrl\":\"https:\/\/allwintheme.com\/wp-content\/uploads\/2025\/10\/6v4q30bi.png\",\"datePublished\":\"2025-10-08T23:29:12+00:00\",\"dateModified\":\"2025-10-08T23:33:29+00:00\",\"description\":\"Frapp\u00e9 WordPress theme crafts vibrant sites for smoothie bars, juice shops, and organic eateries. Feature menus, galleries, and WooCommerce integration for fresh, engaging designs.\",\"breadcrumb\":{\"@id\":\"https:\/\/allwintheme.com\/product\/frappe-smoothie-juice-bar-and-organic-food-theme\/#breadcrumb\"},\"inLanguage\":\"es-CL\",\"potentialAction\":[{\"@type\":\"ReadAction\",\"target\":[\"https:\/\/allwintheme.com\/product\/frappe-smoothie-juice-bar-and-organic-food-theme\/\"]}]},{\"@type\":\"ImageObject\",\"inLanguage\":\"es-CL\",\"@id\":\"https:\/\/allwintheme.com\/product\/frappe-smoothie-juice-bar-and-organic-food-theme\/#primaryimage\",\"url\":\"https:\/\/allwintheme.com\/wp-content\/uploads\/2025\/10\/6v4q30bi.png\",\"contentUrl\":\"https:\/\/allwintheme.com\/wp-content\/uploads\/2025\/10\/6v4q30bi.png\",\"width\":744,\"height\":379,\"caption\":\"Frapp\u00e9 \u2013 Smoothie, Juice Bar and Organic Food Theme\"},{\"@type\":\"BreadcrumbList\",\"@id\":\"https:\/\/allwintheme.com\/product\/frappe-smoothie-juice-bar-and-organic-food-theme\/#breadcrumb\",\"itemListElement\":[{\"@type\":\"ListItem\",\"position\":1,\"name\":\"Home\",\"item\":\"https:\/\/allwintheme.com\/\"},{\"@type\":\"ListItem\",\"position\":2,\"name\":\"Shop\",\"item\":\"https:\/\/allwintheme.com\/shop\/\"},{\"@type\":\"ListItem\",\"position\":3,\"name\":\"Frapp\u00e9 \u2013 Smoothie Juice Bar and Organic Food Theme\"}]},{\"@type\":\"WebSite\",\"@id\":\"https:\/\/allwintheme.com\/#website\",\"url\":\"https:\/\/allwintheme.com\/\",\"name\":\"Allwintheme\",\"description\":\"Download free WordPress themes for every niche. Blogs, business, eCommerce, portfolio, restaurant and more. All themes are GPL licensed and mobile-ready.\",\"potentialAction\":[{\"@type\":\"SearchAction\",\"target\":{\"@type\":\"EntryPoint\",\"urlTemplate\":\"https:\/\/allwintheme.com\/?s={search_term_string}\"},\"query-input\":{\"@type\":\"PropertyValueSpecification\",\"valueRequired\":true,\"valueName\":\"search_term_string\"}}],\"inLanguage\":\"es-CL\"}]}<\/script>\n<!-- \/ Yoast SEO Premium plugin. -->","yoast_head_json":{"title":"Frapp\u00e9 \u2013 Smoothie Juice Bar and Organic Food Theme - AllWin Theme \u2013 Free WordPress Themes Download","description":"El tema Frapp\u00e9 para WordPress crea sitios vibrantes para bares de batidos, tiendas de zumos y restaurantes ecol\u00f3gicos. Incluye men\u00fas, galer\u00edas e integraci\u00f3n con WooCommerce para conseguir dise\u00f1os frescos y atractivos.","robots":{"index":"index","follow":"follow","max-snippet":"max-snippet:-1","max-image-preview":"max-image-preview:large","max-video-preview":"max-video-preview:-1"},"canonical":"https:\/\/allwintheme.com\/es\/producto\/frappe-smoothie-juice-bar-y-tema-de-comida-organica\/","og_locale":"es_ES","og_type":"article","og_title":"Frapp\u00e9 \u2013 Smoothie Juice Bar and Organic Food Theme","og_description":"Frapp\u00e9 WordPress theme crafts vibrant sites for smoothie bars, juice shops, and organic eateries. Feature menus, galleries, and WooCommerce integration for fresh, engaging designs.","og_url":"https:\/\/allwintheme.com\/es\/producto\/frappe-smoothie-juice-bar-y-tema-de-comida-organica\/","og_site_name":"AllWin Theme \u2013 Free WordPress Themes Download","article_modified_time":"2025-10-08T23:33:29+00:00","og_image":[{"width":744,"height":379,"url":"https:\/\/allwintheme.com\/wp-content\/uploads\/2025\/10\/6v4q30bi.png","type":"image\/png"}],"twitter_card":"summary_large_image","twitter_misc":{"Tiempo estimado de lectura":"2 minutos"},"schema":{"@context":"https:\/\/schema.org","@graph":[{"@type":"WebPage","@id":"https:\/\/allwintheme.com\/product\/frappe-smoothie-juice-bar-and-organic-food-theme\/","url":"https:\/\/allwintheme.com\/product\/frappe-smoothie-juice-bar-and-organic-food-theme\/","name":"Frapp\u00e9 \u2013 Smoothie Juice Bar and Organic Food Theme - AllWin Theme \u2013 Free WordPress Themes Download","isPartOf":{"@id":"https:\/\/allwintheme.com\/#website"},"primaryImageOfPage":{"@id":"https:\/\/allwintheme.com\/product\/frappe-smoothie-juice-bar-and-organic-food-theme\/#primaryimage"},"image":{"@id":"https:\/\/allwintheme.com\/product\/frappe-smoothie-juice-bar-and-organic-food-theme\/#primaryimage"},"thumbnailUrl":"https:\/\/allwintheme.com\/wp-content\/uploads\/2025\/10\/6v4q30bi.png","datePublished":"2025-10-08T23:29:12+00:00","dateModified":"2025-10-08T23:33:29+00:00","description":"El tema Frapp\u00e9 para WordPress crea sitios vibrantes para bares de batidos, tiendas de zumos y restaurantes ecol\u00f3gicos. Incluye men\u00fas, galer\u00edas e integraci\u00f3n con WooCommerce para conseguir dise\u00f1os frescos y atractivos.","breadcrumb":{"@id":"https:\/\/allwintheme.com\/product\/frappe-smoothie-juice-bar-and-organic-food-theme\/#breadcrumb"},"inLanguage":"es-CL","potentialAction":[{"@type":"ReadAction","target":["https:\/\/allwintheme.com\/product\/frappe-smoothie-juice-bar-and-organic-food-theme\/"]}]},{"@type":"ImageObject","inLanguage":"es-CL","@id":"https:\/\/allwintheme.com\/product\/frappe-smoothie-juice-bar-and-organic-food-theme\/#primaryimage","url":"https:\/\/allwintheme.com\/wp-content\/uploads\/2025\/10\/6v4q30bi.png","contentUrl":"https:\/\/allwintheme.com\/wp-content\/uploads\/2025\/10\/6v4q30bi.png","width":744,"height":379,"caption":"Frapp\u00e9 \u2013 Smoothie, Juice Bar and Organic Food Theme"},{"@type":"BreadcrumbList","@id":"https:\/\/allwintheme.com\/product\/frappe-smoothie-juice-bar-and-organic-food-theme\/#breadcrumb","itemListElement":[{"@type":"ListItem","position":1,"name":"Home","item":"https:\/\/allwintheme.com\/"},{"@type":"ListItem","position":2,"name":"Shop","item":"https:\/\/allwintheme.com\/shop\/"},{"@type":"ListItem","position":3,"name":"Frapp\u00e9 \u2013 Smoothie Juice Bar and Organic Food Theme"}]},{"@type":"WebSite","@id":"https:\/\/allwintheme.com\/#website","url":"https:\/\/allwintheme.com\/","name":"Allwintheme","description":"Descarga gratis temas de WordPress para todos los nichos. Blogs, negocios, comercio electr\u00f3nico, portafolio, restaurante y m\u00e1s. Todos los temas tienen licencia GPL y est\u00e1n preparados para dispositivos m\u00f3viles.","potentialAction":[{"@type":"SearchAction","target":{"@type":"EntryPoint","urlTemplate":"https:\/\/allwintheme.com\/?s={search_term_string}"},"query-input":{"@type":"PropertyValueSpecification","valueRequired":true,"valueName":"search_term_string"}}],"inLanguage":"es-CL"}]}},"_links":{"self":[{"href":"https:\/\/allwintheme.com\/es\/wp-json\/wp\/v2\/product\/9866","targetHints":{"allow":["GET"]}}],"collection":[{"href":"https:\/\/allwintheme.com\/es\/wp-json\/wp\/v2\/product"}],"about":[{"href":"https:\/\/allwintheme.com\/es\/wp-json\/wp\/v2\/types\/product"}],"replies":[{"embeddable":true,"href":"https:\/\/allwintheme.com\/es\/wp-json\/wp\/v2\/comments?post=9866"}],"version-history":[{"count":6,"href":"https:\/\/allwintheme.com\/es\/wp-json\/wp\/v2\/product\/9866\/revisions"}],"predecessor-version":[{"id":9872,"href":"https:\/\/allwintheme.com\/es\/wp-json\/wp\/v2\/product\/9866\/revisions\/9872"}],"wp:featuredmedia":[{"embeddable":true,"href":"https:\/\/allwintheme.com\/es\/wp-json\/wp\/v2\/media\/9803"}],"wp:attachment":[{"href":"https:\/\/allwintheme.com\/es\/wp-json\/wp\/v2\/media?parent=9866"}],"wp:term":[{"taxonomy":"product_brand","embeddable":true,"href":"https:\/\/allwintheme.com\/es\/wp-json\/wp\/v2\/product_brand?post=9866"},{"taxonomy":"product_cat","embeddable":true,"href":"https:\/\/allwintheme.com\/es\/wp-json\/wp\/v2\/product_cat?post=9866"},{"taxonomy":"product_tag","embeddable":true,"href":"https:\/\/allwintheme.com\/es\/wp-json\/wp\/v2\/product_tag?post=9866"}],"curies":[{"name":"wp","href":"https:\/\/api.w.org\/{rel}","templated":true}]}}