{"id":9873,"date":"2025-10-08T23:33:43","date_gmt":"2025-10-08T23:33:43","guid":{"rendered":"https:\/\/allwintheme.com\/?post_type=product&#038;p=9873"},"modified":"2025-10-08T23:38:44","modified_gmt":"2025-10-08T23:38:44","slug":"pagina-de-inicio-de-cryptapp","status":"publish","type":"product","link":"https:\/\/allwintheme.com\/es\/producto\/pagina-de-inicio-de-cryptapp\/","title":{"rendered":"CryptApp - P\u00e1gina de aterrizaje"},"content":{"rendered":"<div data-elementor-type=\"wp-post\" data-elementor-id=\"9873\" class=\"elementor elementor-9873\" data-elementor-settings=\"{&quot;element_pack_global_tooltip_width&quot;:{&quot;unit&quot;:&quot;px&quot;,&quot;size&quot;:&quot;&quot;,&quot;sizes&quot;:[]},&quot;element_pack_global_tooltip_width_tablet&quot;:{&quot;unit&quot;:&quot;px&quot;,&quot;size&quot;:&quot;&quot;,&quot;sizes&quot;:[]},&quot;element_pack_global_tooltip_width_mobile&quot;:{&quot;unit&quot;:&quot;px&quot;,&quot;size&quot;:&quot;&quot;,&quot;sizes&quot;:[]},&quot;element_pack_global_tooltip_padding&quot;:{&quot;unit&quot;:&quot;px&quot;,&quot;top&quot;:&quot;&quot;,&quot;right&quot;:&quot;&quot;,&quot;bottom&quot;:&quot;&quot;,&quot;left&quot;:&quot;&quot;,&quot;isLinked&quot;:true},&quot;element_pack_global_tooltip_padding_tablet&quot;:{&quot;unit&quot;:&quot;px&quot;,&quot;top&quot;:&quot;&quot;,&quot;right&quot;:&quot;&quot;,&quot;bottom&quot;:&quot;&quot;,&quot;left&quot;:&quot;&quot;,&quot;isLinked&quot;:true},&quot;element_pack_global_tooltip_padding_mobile&quot;:{&quot;unit&quot;:&quot;px&quot;,&quot;top&quot;:&quot;&quot;,&quot;right&quot;:&quot;&quot;,&quot;bottom&quot;:&quot;&quot;,&quot;left&quot;:&quot;&quot;,&quot;isLinked&quot;:true},&quot;element_pack_global_tooltip_border_radius&quot;:{&quot;unit&quot;:&quot;px&quot;,&quot;top&quot;:&quot;&quot;,&quot;right&quot;:&quot;&quot;,&quot;bottom&quot;:&quot;&quot;,&quot;left&quot;:&quot;&quot;,&quot;isLinked&quot;:true},&quot;element_pack_global_tooltip_border_radius_tablet&quot;:{&quot;unit&quot;:&quot;px&quot;,&quot;top&quot;:&quot;&quot;,&quot;right&quot;:&quot;&quot;,&quot;bottom&quot;:&quot;&quot;,&quot;left&quot;:&quot;&quot;,&quot;isLinked&quot;:true},&quot;element_pack_global_tooltip_border_radius_mobile&quot;:{&quot;unit&quot;:&quot;px&quot;,&quot;top&quot;:&quot;&quot;,&quot;right&quot;:&quot;&quot;,&quot;bottom&quot;:&quot;&quot;,&quot;left&quot;:&quot;&quot;,&quot;isLinked&quot;:true}}\" data-elementor-post-type=\"product\">\n\t\t\t\t<div class=\"elementor-element elementor-element-93aa4a8 e-con-full e-flex e-con e-parent\" data-id=\"93aa4a8\" data-element_type=\"container\" data-e-type=\"container\">\n\t\t\t\t<div class=\"elementor-element elementor-element-2c3f760 miaoshu elementor-widget elementor-widget-wd_text_block\" data-id=\"2c3f760\" data-element_type=\"widget\" data-e-type=\"widget\" data-widget_type=\"wd_text_block.default\">\n\t\t\t\t<div class=\"elementor-widget-container\">\n\t\t\t\t\t\t\t<div class=\"wd-text-block reset-last-child text-left\">\n\t\t\t\n\t\t\t<h2>CryptApp: Cree impresionantes p\u00e1ginas de destino criptogr\u00e1ficas con WordPress<\/h2>\n<p><strong>CryptApp<\/strong> ofrece un potente tema de WordPress de una p\u00e1gina dise\u00f1ado para promociones de criptomonedas y lanzamientos de aplicaciones. Por ejemplo, los desarrolladores y las empresas crean activamente p\u00e1ginas de destino atractivas para monederos Bitcoin, ICO y criptointercambios. En consecuencia, este tema simplifica la presentaci\u00f3n de plataformas de divisas digitales descentralizadas al tiempo que impulsa el inter\u00e9s de los usuarios y las conversiones.<\/p>\n\n<h3>Dise\u00f1o de una sola p\u00e1gina para proyectos criptogr\u00e1ficos<\/h3>\n<p>Con CryptApp, puedes navegar por secciones intuitivas para destacar las caracter\u00edsticas de tu aplicaci\u00f3n criptogr\u00e1fica, como carteras seguras y herramientas de negociaci\u00f3n en tiempo real. Adem\u00e1s, la navegaci\u00f3n fluida del tema lleva a los visitantes a las \u00e1reas clave, garantizando un acceso r\u00e1pido a los detalles de la inversi\u00f3n o a los enlaces de descarga. Como resultado, usted crea sitios profesionales que resuenan entre los entusiastas de las criptomonedas sin configuraciones complejas.<\/p>\n\n<h3>Principales caracter\u00edsticas y ventajas<\/h3>\n<ul>\n    <li><strong>Dise\u00f1o de una p\u00e1gina:<\/strong> Organice el contenido en secciones desplazables para promociones de aplicaciones, anuncios de ICO y cambios de divisas.<\/li>\n    <li><strong>Elementos centrados en criptograf\u00eda:<\/strong> Integre rastreadores de Bitcoin, demostraciones de monederos y estad\u00edsticas de mercado para atraer a los usuarios al instante.<\/li>\n    <li><strong>Dise\u00f1o totalmente adaptable:<\/strong> Aseg\u00farese de que su p\u00e1gina de destino se vea bien en ordenadores de sobremesa, tabletas y m\u00f3viles para una accesibilidad global.<\/li>\n    <li><strong>F\u00e1cil personalizaci\u00f3n:<\/strong> Ajuste los colores, las fuentes y los dise\u00f1os a trav\u00e9s del panel de control de WordPress, sin necesidad de programaci\u00f3n.<\/li>\n<\/ul>\n\n<h3>Potencie su criptoempresa<\/h3>\n<p>CryptApp destaca para individuos y equipos en el espacio de la moneda digital. Por ejemplo, si promocionas plataformas de negociaci\u00f3n o servicios de consultor\u00eda, este tema lo gestiona todo, desde simples introducciones de aplicaciones hasta p\u00e1ginas de inversi\u00f3n detalladas. Por lo tanto, usted se centra en el crecimiento mientras que el tema gestiona el atractivo visual y el flujo de usuarios.<\/p>\n\n<h3>Lance hoy mismo su criptoproyecto<\/h3>\n<p>Mejore su presencia en Internet con <strong>CryptApp - P\u00e1gina de aterrizaje<\/strong>. Combinando un dise\u00f1o moderno con herramientas espec\u00edficas para criptomonedas, crear\u00e1 sitios atractivos que convertir\u00e1n a sus visitantes en inversores. Instale CryptApp ahora y transforme su sitio WordPress en una central de criptomonedas.<\/p>\n\t\t\t\t\t<\/div>\n\t\t\t\t\t\t<\/div>\n\t\t\t\t<\/div>\n\t\t\t\t<\/div>\n\t\t\t\t<\/div>","protected":false},"excerpt":{"rendered":"<p>CryptApp: Build Stunning Crypto Landing Pages with WordPress CryptApp delivers a powerful one-page WordPress theme tailored for cryptocurrency promotions and<\/p>","protected":false},"featured_media":9804,"comment_status":"open","ping_status":"closed","template":"","meta":{"_acf_changed":false},"product_brand":[],"product_cat":[48],"product_tag":[],"class_list":{"0":"post-9873","1":"product","2":"type-product","3":"status-publish","4":"has-post-thumbnail","6":"product_cat-themes","8":"first","9":"instock","10":"sale","11":"downloadable","12":"shipping-taxable","13":"purchasable","14":"product-type-simple"},"acf":[],"yoast_head":"<!-- This site is optimized with the Yoast SEO Premium plugin v25.6 (Yoast SEO v27.4) - https:\/\/yoast.com\/product\/yoast-seo-premium-wordpress\/ -->\n<title>CryptApp \u2013 Landing Page - AllWin Theme \u2013 Free WordPress Themes Download<\/title>\n<meta name=\"description\" content=\"Launch your crypto app or ICO with CryptApp, a sleek WordPress landing page theme. Promote Bitcoin wallets, exchanges, and digital currencies effortlessly.\" \/>\n<meta name=\"robots\" content=\"index, follow, max-snippet:-1, max-image-preview:large, max-video-preview:-1\" \/>\n<link rel=\"canonical\" href=\"https:\/\/allwintheme.com\/es\/producto\/pagina-de-inicio-de-cryptapp\/\" \/>\n<meta property=\"og:locale\" content=\"es_ES\" \/>\n<meta property=\"og:type\" content=\"article\" \/>\n<meta property=\"og:title\" content=\"CryptApp \u2013 Landing Page\" \/>\n<meta property=\"og:description\" content=\"Launch your crypto app or ICO with CryptApp, a sleek WordPress landing page theme. Promote Bitcoin wallets, exchanges, and digital currencies effortlessly.\" \/>\n<meta property=\"og:url\" content=\"https:\/\/allwintheme.com\/es\/producto\/pagina-de-inicio-de-cryptapp\/\" \/>\n<meta property=\"og:site_name\" content=\"AllWin Theme \u2013 Free WordPress Themes Download\" \/>\n<meta property=\"article:modified_time\" content=\"2025-10-08T23:38:44+00:00\" \/>\n<meta property=\"og:image\" content=\"https:\/\/allwintheme.com\/wp-content\/uploads\/2025\/10\/9v9iu2fm.png\" \/>\n\t<meta property=\"og:image:width\" content=\"590\" \/>\n\t<meta property=\"og:image:height\" content=\"300\" \/>\n\t<meta property=\"og:image:type\" content=\"image\/png\" \/>\n<meta name=\"twitter:card\" content=\"summary_large_image\" \/>\n<meta name=\"twitter:label1\" content=\"Tiempo estimado de lectura\" \/>\n\t<meta name=\"twitter:data1\" content=\"2 minutos\" \/>\n<script type=\"application\/ld+json\" class=\"yoast-schema-graph\">{\"@context\":\"https:\\\/\\\/schema.org\",\"@graph\":[{\"@type\":\"WebPage\",\"@id\":\"https:\\\/\\\/allwintheme.com\\\/product\\\/cryptapp-landing-page\\\/\",\"url\":\"https:\\\/\\\/allwintheme.com\\\/product\\\/cryptapp-landing-page\\\/\",\"name\":\"CryptApp \u2013 Landing Page - AllWin Theme \u2013 Free WordPress Themes Download\",\"isPartOf\":{\"@id\":\"https:\\\/\\\/allwintheme.com\\\/#website\"},\"primaryImageOfPage\":{\"@id\":\"https:\\\/\\\/allwintheme.com\\\/product\\\/cryptapp-landing-page\\\/#primaryimage\"},\"image\":{\"@id\":\"https:\\\/\\\/allwintheme.com\\\/product\\\/cryptapp-landing-page\\\/#primaryimage\"},\"thumbnailUrl\":\"https:\\\/\\\/allwintheme.com\\\/wp-content\\\/uploads\\\/2025\\\/10\\\/9v9iu2fm.png\",\"datePublished\":\"2025-10-08T23:33:43+00:00\",\"dateModified\":\"2025-10-08T23:38:44+00:00\",\"description\":\"Launch your crypto app or ICO with CryptApp, a sleek WordPress landing page theme. Promote Bitcoin wallets, exchanges, and digital currencies effortlessly.\",\"breadcrumb\":{\"@id\":\"https:\\\/\\\/allwintheme.com\\\/product\\\/cryptapp-landing-page\\\/#breadcrumb\"},\"inLanguage\":\"es-CL\",\"potentialAction\":[{\"@type\":\"ReadAction\",\"target\":[\"https:\\\/\\\/allwintheme.com\\\/product\\\/cryptapp-landing-page\\\/\"]}]},{\"@type\":\"ImageObject\",\"inLanguage\":\"es-CL\",\"@id\":\"https:\\\/\\\/allwintheme.com\\\/product\\\/cryptapp-landing-page\\\/#primaryimage\",\"url\":\"https:\\\/\\\/allwintheme.com\\\/wp-content\\\/uploads\\\/2025\\\/10\\\/9v9iu2fm.png\",\"contentUrl\":\"https:\\\/\\\/allwintheme.com\\\/wp-content\\\/uploads\\\/2025\\\/10\\\/9v9iu2fm.png\",\"width\":590,\"height\":300,\"caption\":\"CryptApp \u2013 Landing Page\"},{\"@type\":\"BreadcrumbList\",\"@id\":\"https:\\\/\\\/allwintheme.com\\\/product\\\/cryptapp-landing-page\\\/#breadcrumb\",\"itemListElement\":[{\"@type\":\"ListItem\",\"position\":1,\"name\":\"Home\",\"item\":\"https:\\\/\\\/allwintheme.com\\\/\"},{\"@type\":\"ListItem\",\"position\":2,\"name\":\"Shop\",\"item\":\"https:\\\/\\\/allwintheme.com\\\/shop\\\/\"},{\"@type\":\"ListItem\",\"position\":3,\"name\":\"CryptApp \u2013 Landing Page\"}]},{\"@type\":\"WebSite\",\"@id\":\"https:\\\/\\\/allwintheme.com\\\/#website\",\"url\":\"https:\\\/\\\/allwintheme.com\\\/\",\"name\":\"Allwintheme\",\"description\":\"Download free WordPress themes for every niche. Blogs, business, eCommerce, portfolio, restaurant and more. All themes are GPL licensed and mobile-ready.\",\"potentialAction\":[{\"@type\":\"SearchAction\",\"target\":{\"@type\":\"EntryPoint\",\"urlTemplate\":\"https:\\\/\\\/allwintheme.com\\\/?s={search_term_string}\"},\"query-input\":{\"@type\":\"PropertyValueSpecification\",\"valueRequired\":true,\"valueName\":\"search_term_string\"}}],\"inLanguage\":\"es-CL\"}]}<\/script>\n<!-- \/ Yoast SEO Premium plugin. -->","yoast_head_json":{"title":"CryptApp - Landing Page - AllWin Theme - Free WordPress Themes Download","description":"Lanza tu aplicaci\u00f3n criptogr\u00e1fica o ICO con CryptApp, un elegante tema de WordPress para p\u00e1ginas de aterrizaje. Promociona monederos Bitcoin, intercambios y monedas digitales sin esfuerzo.","robots":{"index":"index","follow":"follow","max-snippet":"max-snippet:-1","max-image-preview":"max-image-preview:large","max-video-preview":"max-video-preview:-1"},"canonical":"https:\/\/allwintheme.com\/es\/producto\/pagina-de-inicio-de-cryptapp\/","og_locale":"es_ES","og_type":"article","og_title":"CryptApp \u2013 Landing Page","og_description":"Launch your crypto app or ICO with CryptApp, a sleek WordPress landing page theme. Promote Bitcoin wallets, exchanges, and digital currencies effortlessly.","og_url":"https:\/\/allwintheme.com\/es\/producto\/pagina-de-inicio-de-cryptapp\/","og_site_name":"AllWin Theme \u2013 Free WordPress Themes Download","article_modified_time":"2025-10-08T23:38:44+00:00","og_image":[{"width":590,"height":300,"url":"https:\/\/allwintheme.com\/wp-content\/uploads\/2025\/10\/9v9iu2fm.png","type":"image\/png"}],"twitter_card":"summary_large_image","twitter_misc":{"Tiempo estimado de lectura":"2 minutos"},"schema":{"@context":"https:\/\/schema.org","@graph":[{"@type":"WebPage","@id":"https:\/\/allwintheme.com\/product\/cryptapp-landing-page\/","url":"https:\/\/allwintheme.com\/product\/cryptapp-landing-page\/","name":"CryptApp - Landing Page - AllWin Theme - Free WordPress Themes Download","isPartOf":{"@id":"https:\/\/allwintheme.com\/#website"},"primaryImageOfPage":{"@id":"https:\/\/allwintheme.com\/product\/cryptapp-landing-page\/#primaryimage"},"image":{"@id":"https:\/\/allwintheme.com\/product\/cryptapp-landing-page\/#primaryimage"},"thumbnailUrl":"https:\/\/allwintheme.com\/wp-content\/uploads\/2025\/10\/9v9iu2fm.png","datePublished":"2025-10-08T23:33:43+00:00","dateModified":"2025-10-08T23:38:44+00:00","description":"Lanza tu aplicaci\u00f3n criptogr\u00e1fica o ICO con CryptApp, un elegante tema de WordPress para p\u00e1ginas de aterrizaje. Promociona monederos Bitcoin, intercambios y monedas digitales sin esfuerzo.","breadcrumb":{"@id":"https:\/\/allwintheme.com\/product\/cryptapp-landing-page\/#breadcrumb"},"inLanguage":"es-CL","potentialAction":[{"@type":"ReadAction","target":["https:\/\/allwintheme.com\/product\/cryptapp-landing-page\/"]}]},{"@type":"ImageObject","inLanguage":"es-CL","@id":"https:\/\/allwintheme.com\/product\/cryptapp-landing-page\/#primaryimage","url":"https:\/\/allwintheme.com\/wp-content\/uploads\/2025\/10\/9v9iu2fm.png","contentUrl":"https:\/\/allwintheme.com\/wp-content\/uploads\/2025\/10\/9v9iu2fm.png","width":590,"height":300,"caption":"CryptApp \u2013 Landing Page"},{"@type":"BreadcrumbList","@id":"https:\/\/allwintheme.com\/product\/cryptapp-landing-page\/#breadcrumb","itemListElement":[{"@type":"ListItem","position":1,"name":"Home","item":"https:\/\/allwintheme.com\/"},{"@type":"ListItem","position":2,"name":"Shop","item":"https:\/\/allwintheme.com\/shop\/"},{"@type":"ListItem","position":3,"name":"CryptApp \u2013 Landing Page"}]},{"@type":"WebSite","@id":"https:\/\/allwintheme.com\/#website","url":"https:\/\/allwintheme.com\/","name":"Allwintheme","description":"Descarga gratis temas de WordPress para todos los nichos. Blogs, negocios, comercio electr\u00f3nico, portafolio, restaurante y m\u00e1s. Todos los temas tienen licencia GPL y est\u00e1n preparados para dispositivos m\u00f3viles.","potentialAction":[{"@type":"SearchAction","target":{"@type":"EntryPoint","urlTemplate":"https:\/\/allwintheme.com\/?s={search_term_string}"},"query-input":{"@type":"PropertyValueSpecification","valueRequired":true,"valueName":"search_term_string"}}],"inLanguage":"es-CL"}]}},"_links":{"self":[{"href":"https:\/\/allwintheme.com\/es\/wp-json\/wp\/v2\/product\/9873","targetHints":{"allow":["GET"]}}],"collection":[{"href":"https:\/\/allwintheme.com\/es\/wp-json\/wp\/v2\/product"}],"about":[{"href":"https:\/\/allwintheme.com\/es\/wp-json\/wp\/v2\/types\/product"}],"replies":[{"embeddable":true,"href":"https:\/\/allwintheme.com\/es\/wp-json\/wp\/v2\/comments?post=9873"}],"version-history":[{"count":5,"href":"https:\/\/allwintheme.com\/es\/wp-json\/wp\/v2\/product\/9873\/revisions"}],"predecessor-version":[{"id":9878,"href":"https:\/\/allwintheme.com\/es\/wp-json\/wp\/v2\/product\/9873\/revisions\/9878"}],"wp:featuredmedia":[{"embeddable":true,"href":"https:\/\/allwintheme.com\/es\/wp-json\/wp\/v2\/media\/9804"}],"wp:attachment":[{"href":"https:\/\/allwintheme.com\/es\/wp-json\/wp\/v2\/media?parent=9873"}],"wp:term":[{"taxonomy":"product_brand","embeddable":true,"href":"https:\/\/allwintheme.com\/es\/wp-json\/wp\/v2\/product_brand?post=9873"},{"taxonomy":"product_cat","embeddable":true,"href":"https:\/\/allwintheme.com\/es\/wp-json\/wp\/v2\/product_cat?post=9873"},{"taxonomy":"product_tag","embeddable":true,"href":"https:\/\/allwintheme.com\/es\/wp-json\/wp\/v2\/product_tag?post=9873"}],"curies":[{"name":"wp","href":"https:\/\/api.w.org\/{rel}","templated":true}]}}