{"id":9904,"date":"2025-10-09T09:43:51","date_gmt":"2025-10-09T09:43:51","guid":{"rendered":"https:\/\/allwintheme.com\/?post_type=product&#038;p=9904"},"modified":"2025-10-09T09:51:54","modified_gmt":"2025-10-09T09:51:54","slug":"obira-saas-business-app-showcase-wordpress-theme","status":"publish","type":"product","link":"https:\/\/allwintheme.com\/es\/producto\/obira-saas-business-app-showcase-wordpress-theme\/","title":{"rendered":"Obira - SaaS Business &amp; App Showcase WordPress Theme"},"content":{"rendered":"<div data-elementor-type=\"wp-post\" data-elementor-id=\"9904\" class=\"elementor elementor-9904\" data-elementor-settings=\"{&quot;element_pack_global_tooltip_width&quot;:{&quot;unit&quot;:&quot;px&quot;,&quot;size&quot;:&quot;&quot;,&quot;sizes&quot;:[]},&quot;element_pack_global_tooltip_width_tablet&quot;:{&quot;unit&quot;:&quot;px&quot;,&quot;size&quot;:&quot;&quot;,&quot;sizes&quot;:[]},&quot;element_pack_global_tooltip_width_mobile&quot;:{&quot;unit&quot;:&quot;px&quot;,&quot;size&quot;:&quot;&quot;,&quot;sizes&quot;:[]},&quot;element_pack_global_tooltip_padding&quot;:{&quot;unit&quot;:&quot;px&quot;,&quot;top&quot;:&quot;&quot;,&quot;right&quot;:&quot;&quot;,&quot;bottom&quot;:&quot;&quot;,&quot;left&quot;:&quot;&quot;,&quot;isLinked&quot;:true},&quot;element_pack_global_tooltip_padding_tablet&quot;:{&quot;unit&quot;:&quot;px&quot;,&quot;top&quot;:&quot;&quot;,&quot;right&quot;:&quot;&quot;,&quot;bottom&quot;:&quot;&quot;,&quot;left&quot;:&quot;&quot;,&quot;isLinked&quot;:true},&quot;element_pack_global_tooltip_padding_mobile&quot;:{&quot;unit&quot;:&quot;px&quot;,&quot;top&quot;:&quot;&quot;,&quot;right&quot;:&quot;&quot;,&quot;bottom&quot;:&quot;&quot;,&quot;left&quot;:&quot;&quot;,&quot;isLinked&quot;:true},&quot;element_pack_global_tooltip_border_radius&quot;:{&quot;unit&quot;:&quot;px&quot;,&quot;top&quot;:&quot;&quot;,&quot;right&quot;:&quot;&quot;,&quot;bottom&quot;:&quot;&quot;,&quot;left&quot;:&quot;&quot;,&quot;isLinked&quot;:true},&quot;element_pack_global_tooltip_border_radius_tablet&quot;:{&quot;unit&quot;:&quot;px&quot;,&quot;top&quot;:&quot;&quot;,&quot;right&quot;:&quot;&quot;,&quot;bottom&quot;:&quot;&quot;,&quot;left&quot;:&quot;&quot;,&quot;isLinked&quot;:true},&quot;element_pack_global_tooltip_border_radius_mobile&quot;:{&quot;unit&quot;:&quot;px&quot;,&quot;top&quot;:&quot;&quot;,&quot;right&quot;:&quot;&quot;,&quot;bottom&quot;:&quot;&quot;,&quot;left&quot;:&quot;&quot;,&quot;isLinked&quot;:true}}\" data-elementor-post-type=\"product\">\n\t\t\t\t<div class=\"elementor-element elementor-element-93aa4a8 e-con-full e-flex e-con e-parent\" data-id=\"93aa4a8\" data-element_type=\"container\" data-e-type=\"container\">\n\t\t\t\t<div class=\"elementor-element elementor-element-2c3f760 miaoshu elementor-widget elementor-widget-wd_text_block\" data-id=\"2c3f760\" data-element_type=\"widget\" data-e-type=\"widget\" data-widget_type=\"wd_text_block.default\">\n\t\t\t\t<div class=\"elementor-widget-container\">\n\t\t\t\t\t\t\t<div class=\"wd-text-block reset-last-child text-left\">\n\t\t\t\n\t\t\t<h2>Obira - SaaS Business &amp; App Showcase: Construya impresionantes portafolios digitales<\/h2>\n<p><strong>Obira<\/strong> es un tema de WordPress moderno y sencillo que te permite presentar y promocionar servicios empresariales digitales a trav\u00e9s de dise\u00f1os cautivadores. Por ejemplo, los desarrolladores y las agencias muestran activamente software y aplicaciones para dejar impresiones duraderas en los visitantes. En consecuencia, este tema transforma tu sitio web en una poderosa herramienta para atraer clientes y generar conversiones.<grok-card data-id=\"825e71\" data-type=\"citation_card\"><\/grok-card><\/p>\n\n<h3>Personalizaci\u00f3n perfecta sin c\u00f3digo<\/h3>\n<p>Con Obira, puede personalizar cada detalle en tiempo real utilizando el intuitivo panel de opciones de tema WYSIWYG. Adem\u00e1s, puede ajustar la tipograf\u00eda, los encabezados, los pies de p\u00e1gina, el relleno y los colores sin esfuerzo, asegur\u00e1ndose de que su sitio se adapte perfectamente a su marca. Como resultado, usted logra actualizaciones complejas r\u00e1pidamente sin escribir una sola l\u00ednea de c\u00f3digo.<grok-card data-id=\"e79922\" data-type=\"citation_card\"><\/grok-card><\/p>\n\n<h3>Caracter\u00edsticas clave para el \u00e9xito de SaaS<\/h3>\n<ul>\n    <li><strong>Constructores de arrastrar y soltar:<\/strong> Se integra perfectamente con Elementor o WPBakery para crear elementos ilimitados con flexibilidad visual.<\/li>\n    <li><strong>Demostraciones profesionales:<\/strong> Elija entre m\u00faltiples demos de inicio, variaciones de cabecera y p\u00e1ginas interiores predefinidas para lanzar m\u00e1s r\u00e1pido.<\/li>\n    <li><strong>Preparado para WooCommerce:<\/strong> Potentes funciones de comercio electr\u00f3nico para vender aplicaciones o servicios con opciones flexibles.<\/li>\n    <li><strong>Dise\u00f1o receptivo:<\/strong> Aseg\u00farese de que su sitio se ve bien en todos los dispositivos, desde ordenadores de sobremesa hasta m\u00f3viles.<\/li>\n    <li><strong>Optimizado para SEO:<\/strong> Aumente la visibilidad con herramientas SEO integradas, Google Fonts y combinaciones de colores ilimitadas.<\/li>\n    <li><strong>Actualizaciones sencillas:<\/strong> Reciba actualizaciones de por vida directamente a trav\u00e9s de su panel de WordPress para un mantenimiento sin complicaciones.<\/li>\n<\/ul>\n\n<h3>Mejore su presencia digital<\/h3>\n<p>Obira simplifica la creaci\u00f3n de sitios web de SaaS, software o aplicaciones. Por ejemplo, si dirige una agencia digital, sus impresionantes dise\u00f1os de portafolio atraen a los usuarios de forma eficaz. Por lo tanto, usted se centra en el crecimiento, mientras que el tema se encarga del dise\u00f1o, en \u00faltima instancia, la creaci\u00f3n de un sitio que convierte a los visitantes en clientes.<grok-card data-id=\"a7e7f9\" data-type=\"citation_card\"><\/grok-card><\/p>\n\n<h3>Lance hoy mismo su sitio Obira<\/h3>\n<p>Potencie su empresa con <strong>Obira - SaaS Business &amp; App Showcase Theme<\/strong>. Combinando facilidad de uso y funciones avanzadas, podr\u00e1 crear sitios profesionales que destaquen. Inst\u00e1lelo ahora y empiece a mostrar sus innovaciones digitales.<\/p>\n\t\t\t\t\t<\/div>\n\t\t\t\t\t\t<\/div>\n\t\t\t\t<\/div>\n\t\t\t\t<\/div>\n\t\t\t\t<\/div>","protected":false},"excerpt":{"rendered":"<p>Obira - SaaS Business &amp; App Showcase: Construir impresionantes carteras digitales Obira ofrece un tema de WordPress moderno y sencillo que permite a<\/p>","protected":false},"featured_media":9808,"comment_status":"open","ping_status":"closed","template":"","meta":{"_acf_changed":false},"product_brand":[],"product_cat":[48],"product_tag":[],"class_list":{"0":"post-9904","1":"product","2":"type-product","3":"status-publish","4":"has-post-thumbnail","6":"product_cat-themes","8":"first","9":"instock","10":"sale","11":"downloadable","12":"shipping-taxable","13":"purchasable","14":"product-type-simple"},"acf":[],"yoast_head":"<!-- This site is optimized with the Yoast SEO Premium plugin v25.6 (Yoast SEO v27.1.1) - https:\/\/yoast.com\/product\/yoast-seo-premium-wordpress\/ -->\n<title>Obira \u2013 SaaS Business &amp; App Showcase WordPress Theme - AllWin Theme \u2013 Free WordPress Themes Download<\/title>\n<meta name=\"description\" content=\"Obira empowers SaaS and app showcase sites with stunning layouts. Promote digital services effortlessly using Elementor or WPBakery builders.\" \/>\n<meta name=\"robots\" content=\"index, follow, max-snippet:-1, max-image-preview:large, max-video-preview:-1\" \/>\n<link rel=\"canonical\" href=\"https:\/\/allwintheme.com\/es\/producto\/obira-saas-business-app-showcase-wordpress-theme\/\" \/>\n<meta property=\"og:locale\" content=\"es_ES\" \/>\n<meta property=\"og:type\" content=\"article\" \/>\n<meta property=\"og:title\" content=\"Obira \u2013 SaaS Business &amp; App Showcase WordPress Theme\" \/>\n<meta property=\"og:description\" content=\"Obira empowers SaaS and app showcase sites with stunning layouts. Promote digital services effortlessly using Elementor or WPBakery builders.\" \/>\n<meta property=\"og:url\" content=\"https:\/\/allwintheme.com\/es\/producto\/obira-saas-business-app-showcase-wordpress-theme\/\" \/>\n<meta property=\"og:site_name\" content=\"AllWin Theme \u2013 Free WordPress Themes Download\" \/>\n<meta property=\"article:modified_time\" content=\"2025-10-09T09:51:54+00:00\" \/>\n<meta property=\"og:image\" content=\"https:\/\/allwintheme.com\/wp-content\/uploads\/2025\/10\/c949q8j3.png\" \/>\n\t<meta property=\"og:image:width\" content=\"590\" \/>\n\t<meta property=\"og:image:height\" content=\"300\" \/>\n\t<meta property=\"og:image:type\" content=\"image\/png\" \/>\n<meta name=\"twitter:card\" content=\"summary_large_image\" \/>\n<meta name=\"twitter:label1\" content=\"Tiempo estimado de lectura\" \/>\n\t<meta name=\"twitter:data1\" content=\"2 minutos\" \/>\n<script type=\"application\/ld+json\" class=\"yoast-schema-graph\">{\"@context\":\"https:\/\/schema.org\",\"@graph\":[{\"@type\":\"WebPage\",\"@id\":\"https:\/\/allwintheme.com\/product\/obira-saas-business-app-showcase-wordpress-theme\/\",\"url\":\"https:\/\/allwintheme.com\/product\/obira-saas-business-app-showcase-wordpress-theme\/\",\"name\":\"Obira \u2013 SaaS Business & App Showcase WordPress Theme - AllWin Theme \u2013 Free WordPress Themes Download\",\"isPartOf\":{\"@id\":\"https:\/\/allwintheme.com\/#website\"},\"primaryImageOfPage\":{\"@id\":\"https:\/\/allwintheme.com\/product\/obira-saas-business-app-showcase-wordpress-theme\/#primaryimage\"},\"image\":{\"@id\":\"https:\/\/allwintheme.com\/product\/obira-saas-business-app-showcase-wordpress-theme\/#primaryimage\"},\"thumbnailUrl\":\"https:\/\/allwintheme.com\/wp-content\/uploads\/2025\/10\/c949q8j3.png\",\"datePublished\":\"2025-10-09T09:43:51+00:00\",\"dateModified\":\"2025-10-09T09:51:54+00:00\",\"description\":\"Obira empowers SaaS and app showcase sites with stunning layouts. Promote digital services effortlessly using Elementor or WPBakery builders.\",\"breadcrumb\":{\"@id\":\"https:\/\/allwintheme.com\/product\/obira-saas-business-app-showcase-wordpress-theme\/#breadcrumb\"},\"inLanguage\":\"es-CL\",\"potentialAction\":[{\"@type\":\"ReadAction\",\"target\":[\"https:\/\/allwintheme.com\/product\/obira-saas-business-app-showcase-wordpress-theme\/\"]}]},{\"@type\":\"ImageObject\",\"inLanguage\":\"es-CL\",\"@id\":\"https:\/\/allwintheme.com\/product\/obira-saas-business-app-showcase-wordpress-theme\/#primaryimage\",\"url\":\"https:\/\/allwintheme.com\/wp-content\/uploads\/2025\/10\/c949q8j3.png\",\"contentUrl\":\"https:\/\/allwintheme.com\/wp-content\/uploads\/2025\/10\/c949q8j3.png\",\"width\":590,\"height\":300,\"caption\":\"Obira \u2013 SaaS Business & App Showcase WordPress Theme\"},{\"@type\":\"BreadcrumbList\",\"@id\":\"https:\/\/allwintheme.com\/product\/obira-saas-business-app-showcase-wordpress-theme\/#breadcrumb\",\"itemListElement\":[{\"@type\":\"ListItem\",\"position\":1,\"name\":\"Home\",\"item\":\"https:\/\/allwintheme.com\/\"},{\"@type\":\"ListItem\",\"position\":2,\"name\":\"Shop\",\"item\":\"https:\/\/allwintheme.com\/shop\/\"},{\"@type\":\"ListItem\",\"position\":3,\"name\":\"Obira \u2013 SaaS Business &#038; App Showcase WordPress Theme\"}]},{\"@type\":\"WebSite\",\"@id\":\"https:\/\/allwintheme.com\/#website\",\"url\":\"https:\/\/allwintheme.com\/\",\"name\":\"Allwintheme\",\"description\":\"Download free WordPress themes for every niche. Blogs, business, eCommerce, portfolio, restaurant and more. All themes are GPL licensed and mobile-ready.\",\"potentialAction\":[{\"@type\":\"SearchAction\",\"target\":{\"@type\":\"EntryPoint\",\"urlTemplate\":\"https:\/\/allwintheme.com\/?s={search_term_string}\"},\"query-input\":{\"@type\":\"PropertyValueSpecification\",\"valueRequired\":true,\"valueName\":\"search_term_string\"}}],\"inLanguage\":\"es-CL\"}]}<\/script>\n<!-- \/ Yoast SEO Premium plugin. -->","yoast_head_json":{"title":"Obira \u2013 SaaS Business & App Showcase WordPress Theme - AllWin Theme \u2013 Free WordPress Themes Download","description":"Obira potencia los sitios de SaaS y aplicaciones con impresionantes dise\u00f1os. Promociona servicios digitales sin esfuerzo con los constructores Elementor o WPBakery.","robots":{"index":"index","follow":"follow","max-snippet":"max-snippet:-1","max-image-preview":"max-image-preview:large","max-video-preview":"max-video-preview:-1"},"canonical":"https:\/\/allwintheme.com\/es\/producto\/obira-saas-business-app-showcase-wordpress-theme\/","og_locale":"es_ES","og_type":"article","og_title":"Obira \u2013 SaaS Business & App Showcase WordPress Theme","og_description":"Obira empowers SaaS and app showcase sites with stunning layouts. Promote digital services effortlessly using Elementor or WPBakery builders.","og_url":"https:\/\/allwintheme.com\/es\/producto\/obira-saas-business-app-showcase-wordpress-theme\/","og_site_name":"AllWin Theme \u2013 Free WordPress Themes Download","article_modified_time":"2025-10-09T09:51:54+00:00","og_image":[{"width":590,"height":300,"url":"https:\/\/allwintheme.com\/wp-content\/uploads\/2025\/10\/c949q8j3.png","type":"image\/png"}],"twitter_card":"summary_large_image","twitter_misc":{"Tiempo estimado de lectura":"2 minutos"},"schema":{"@context":"https:\/\/schema.org","@graph":[{"@type":"WebPage","@id":"https:\/\/allwintheme.com\/product\/obira-saas-business-app-showcase-wordpress-theme\/","url":"https:\/\/allwintheme.com\/product\/obira-saas-business-app-showcase-wordpress-theme\/","name":"Obira \u2013 SaaS Business & App Showcase WordPress Theme - AllWin Theme \u2013 Free WordPress Themes Download","isPartOf":{"@id":"https:\/\/allwintheme.com\/#website"},"primaryImageOfPage":{"@id":"https:\/\/allwintheme.com\/product\/obira-saas-business-app-showcase-wordpress-theme\/#primaryimage"},"image":{"@id":"https:\/\/allwintheme.com\/product\/obira-saas-business-app-showcase-wordpress-theme\/#primaryimage"},"thumbnailUrl":"https:\/\/allwintheme.com\/wp-content\/uploads\/2025\/10\/c949q8j3.png","datePublished":"2025-10-09T09:43:51+00:00","dateModified":"2025-10-09T09:51:54+00:00","description":"Obira potencia los sitios de SaaS y aplicaciones con impresionantes dise\u00f1os. Promociona servicios digitales sin esfuerzo con los constructores Elementor o WPBakery.","breadcrumb":{"@id":"https:\/\/allwintheme.com\/product\/obira-saas-business-app-showcase-wordpress-theme\/#breadcrumb"},"inLanguage":"es-CL","potentialAction":[{"@type":"ReadAction","target":["https:\/\/allwintheme.com\/product\/obira-saas-business-app-showcase-wordpress-theme\/"]}]},{"@type":"ImageObject","inLanguage":"es-CL","@id":"https:\/\/allwintheme.com\/product\/obira-saas-business-app-showcase-wordpress-theme\/#primaryimage","url":"https:\/\/allwintheme.com\/wp-content\/uploads\/2025\/10\/c949q8j3.png","contentUrl":"https:\/\/allwintheme.com\/wp-content\/uploads\/2025\/10\/c949q8j3.png","width":590,"height":300,"caption":"Obira \u2013 SaaS Business & App Showcase WordPress Theme"},{"@type":"BreadcrumbList","@id":"https:\/\/allwintheme.com\/product\/obira-saas-business-app-showcase-wordpress-theme\/#breadcrumb","itemListElement":[{"@type":"ListItem","position":1,"name":"Home","item":"https:\/\/allwintheme.com\/"},{"@type":"ListItem","position":2,"name":"Shop","item":"https:\/\/allwintheme.com\/shop\/"},{"@type":"ListItem","position":3,"name":"Obira \u2013 SaaS Business &#038; App Showcase WordPress Theme"}]},{"@type":"WebSite","@id":"https:\/\/allwintheme.com\/#website","url":"https:\/\/allwintheme.com\/","name":"Allwintheme","description":"Descarga gratis temas de WordPress para todos los nichos. Blogs, negocios, comercio electr\u00f3nico, portafolio, restaurante y m\u00e1s. Todos los temas tienen licencia GPL y est\u00e1n preparados para dispositivos m\u00f3viles.","potentialAction":[{"@type":"SearchAction","target":{"@type":"EntryPoint","urlTemplate":"https:\/\/allwintheme.com\/?s={search_term_string}"},"query-input":{"@type":"PropertyValueSpecification","valueRequired":true,"valueName":"search_term_string"}}],"inLanguage":"es-CL"}]}},"_links":{"self":[{"href":"https:\/\/allwintheme.com\/es\/wp-json\/wp\/v2\/product\/9904","targetHints":{"allow":["GET"]}}],"collection":[{"href":"https:\/\/allwintheme.com\/es\/wp-json\/wp\/v2\/product"}],"about":[{"href":"https:\/\/allwintheme.com\/es\/wp-json\/wp\/v2\/types\/product"}],"replies":[{"embeddable":true,"href":"https:\/\/allwintheme.com\/es\/wp-json\/wp\/v2\/comments?post=9904"}],"version-history":[{"count":5,"href":"https:\/\/allwintheme.com\/es\/wp-json\/wp\/v2\/product\/9904\/revisions"}],"predecessor-version":[{"id":9909,"href":"https:\/\/allwintheme.com\/es\/wp-json\/wp\/v2\/product\/9904\/revisions\/9909"}],"wp:featuredmedia":[{"embeddable":true,"href":"https:\/\/allwintheme.com\/es\/wp-json\/wp\/v2\/media\/9808"}],"wp:attachment":[{"href":"https:\/\/allwintheme.com\/es\/wp-json\/wp\/v2\/media?parent=9904"}],"wp:term":[{"taxonomy":"product_brand","embeddable":true,"href":"https:\/\/allwintheme.com\/es\/wp-json\/wp\/v2\/product_brand?post=9904"},{"taxonomy":"product_cat","embeddable":true,"href":"https:\/\/allwintheme.com\/es\/wp-json\/wp\/v2\/product_cat?post=9904"},{"taxonomy":"product_tag","embeddable":true,"href":"https:\/\/allwintheme.com\/es\/wp-json\/wp\/v2\/product_tag?post=9904"}],"curies":[{"name":"wp","href":"https:\/\/api.w.org\/{rel}","templated":true}]}}