{"id":9929,"date":"2025-10-09T10:15:11","date_gmt":"2025-10-09T10:15:11","guid":{"rendered":"https:\/\/allwintheme.com\/?post_type=product&#038;p=9929"},"modified":"2025-10-09T10:21:57","modified_gmt":"2025-10-09T10:21:57","slug":"lighthouse-school-for-handicapped-kids-with-special-needs-wordpress-theme","status":"publish","type":"product","link":"https:\/\/allwintheme.com\/es\/producto\/lighthouse-school-for-handicapped-kids-with-special-needs-wordpress-theme\/","title":{"rendered":"Lighthouse: Escuela para ni\u00f1os con necesidades especiales"},"content":{"rendered":"<div data-elementor-type=\"wp-post\" data-elementor-id=\"9929\" class=\"elementor elementor-9929\" data-elementor-settings=\"{&quot;element_pack_global_tooltip_width&quot;:{&quot;unit&quot;:&quot;px&quot;,&quot;size&quot;:&quot;&quot;,&quot;sizes&quot;:[]},&quot;element_pack_global_tooltip_width_tablet&quot;:{&quot;unit&quot;:&quot;px&quot;,&quot;size&quot;:&quot;&quot;,&quot;sizes&quot;:[]},&quot;element_pack_global_tooltip_width_mobile&quot;:{&quot;unit&quot;:&quot;px&quot;,&quot;size&quot;:&quot;&quot;,&quot;sizes&quot;:[]},&quot;element_pack_global_tooltip_padding&quot;:{&quot;unit&quot;:&quot;px&quot;,&quot;top&quot;:&quot;&quot;,&quot;right&quot;:&quot;&quot;,&quot;bottom&quot;:&quot;&quot;,&quot;left&quot;:&quot;&quot;,&quot;isLinked&quot;:true},&quot;element_pack_global_tooltip_padding_tablet&quot;:{&quot;unit&quot;:&quot;px&quot;,&quot;top&quot;:&quot;&quot;,&quot;right&quot;:&quot;&quot;,&quot;bottom&quot;:&quot;&quot;,&quot;left&quot;:&quot;&quot;,&quot;isLinked&quot;:true},&quot;element_pack_global_tooltip_padding_mobile&quot;:{&quot;unit&quot;:&quot;px&quot;,&quot;top&quot;:&quot;&quot;,&quot;right&quot;:&quot;&quot;,&quot;bottom&quot;:&quot;&quot;,&quot;left&quot;:&quot;&quot;,&quot;isLinked&quot;:true},&quot;element_pack_global_tooltip_border_radius&quot;:{&quot;unit&quot;:&quot;px&quot;,&quot;top&quot;:&quot;&quot;,&quot;right&quot;:&quot;&quot;,&quot;bottom&quot;:&quot;&quot;,&quot;left&quot;:&quot;&quot;,&quot;isLinked&quot;:true},&quot;element_pack_global_tooltip_border_radius_tablet&quot;:{&quot;unit&quot;:&quot;px&quot;,&quot;top&quot;:&quot;&quot;,&quot;right&quot;:&quot;&quot;,&quot;bottom&quot;:&quot;&quot;,&quot;left&quot;:&quot;&quot;,&quot;isLinked&quot;:true},&quot;element_pack_global_tooltip_border_radius_mobile&quot;:{&quot;unit&quot;:&quot;px&quot;,&quot;top&quot;:&quot;&quot;,&quot;right&quot;:&quot;&quot;,&quot;bottom&quot;:&quot;&quot;,&quot;left&quot;:&quot;&quot;,&quot;isLinked&quot;:true}}\" data-elementor-post-type=\"product\">\n\t\t\t\t<div class=\"elementor-element elementor-element-93aa4a8 e-con-full e-flex e-con e-parent\" data-id=\"93aa4a8\" data-element_type=\"container\" data-e-type=\"container\">\n\t\t\t\t<div class=\"elementor-element elementor-element-2c3f760 miaoshu elementor-widget elementor-widget-wd_text_block\" data-id=\"2c3f760\" data-element_type=\"widget\" data-e-type=\"widget\" data-widget_type=\"wd_text_block.default\">\n\t\t\t\t<div class=\"elementor-widget-container\">\n\t\t\t\t\t\t\t<div class=\"wd-text-block reset-last-child text-left\">\n\t\t\t\n\t\t\t<h2>Lighthouse: WordPress para escuelas con necesidades especiales<\/h2>\n<p>En <strong>Faro<\/strong> ofrece un dise\u00f1o limpio, fresco y totalmente adaptable, dise\u00f1ado espec\u00edficamente para escuelas o guarder\u00edas que atienden a ni\u00f1os con discapacidades y necesidades especiales. Por ejemplo, los educadores y administradores crean activamente sitios web atractivos que destacan los programas, comparten historias y conectan con las familias. En consecuencia, este tema fomenta una presencia en l\u00ednea inclusiva que apoya su misi\u00f3n al tiempo que prioriza la accesibilidad.<grok-card data-id=\"8917a7\" data-type=\"citation_card\"><\/grok-card><\/p>\n\n<h3>Funciones adaptadas a las necesidades de su centro educativo<\/h3>\n<p>Con Lighthouse, integrar\u00e1 herramientas esenciales desde el principio para agilizar las operaciones y el compromiso. Adem\u00e1s, el tema incluye compatibilidad con el complemento ThemeREX Donations, para que pueda lanzar f\u00e1cilmente campa\u00f1as de recaudaci\u00f3n de fondos. Como resultado, los simpatizantes contribuyen sin esfuerzo, ayud\u00e1ndole a asegurar recursos para programas vitales.<grok-card data-id=\"7958c8\" data-type=\"citation_card\"><\/grok-card><\/p>\n\n<h3>Principales caracter\u00edsticas y ventajas<\/h3>\n<ul>\n    <li><strong>Integraci\u00f3n de donaciones:<\/strong> Los usuarios crean r\u00e1pidamente campa\u00f1as seguras para recaudar fondos para iniciativas escolares.<\/li>\n    <li><strong>Soporte para el calendario de eventos:<\/strong> Usted programa y promueve actividades, manteniendo informados a los padres y a la comunidad.<\/li>\n    <li><strong>Preparado para WooCommerce:<\/strong> Venda productos o servicios en l\u00ednea para generar ingresos adicionales para sus programas.<\/li>\n    <li><strong>Constructor de p\u00e1ginas WPBakery:<\/strong> Los dise\u00f1adores pueden arrastrar y soltar elementos para crear dise\u00f1os personalizados sin codificar.<\/li>\n    <li><strong>Optimizado para SEO:<\/strong> El tema mejora las clasificaciones de b\u00fasqueda, atrayendo a m\u00e1s visitantes a los recursos de su escuela.<\/li>\n    <li><strong>Totalmente adaptable:<\/strong> El contenido se adapta perfectamente a m\u00f3viles, tabletas y ordenadores de sobremesa para mejorar la accesibilidad.<\/li>\n    <li><strong>Compatibilidad de plugins:<\/strong> Funciona con Slider Revolution, Essential Grid, Contact Form 7, y m\u00e1s para sitios din\u00e1micos.<\/li>\n<\/ul>\n\n<h3>Mejorar la accesibilidad y el compromiso<\/h3>\n<p>Lighthouse simplifica la gesti\u00f3n de sitios web para profesionales de la educaci\u00f3n especial. Por ejemplo, si necesita mostrar los logros de los alumnos o las sesiones de terapia, los dise\u00f1os flexibles del tema se lo ponen f\u00e1cil. Por lo tanto, usted se centra en lo m\u00e1s importante -apoyar a los ni\u00f1os- mientras que el sitio se encarga del resto.<grok-card data-id=\"6bb484\" data-type=\"citation_card\"><\/grok-card><\/p>\n\n<h3>Lance hoy mismo su sitio web inclusivo<\/h3>\n<p>Transforme la huella digital de su centro educativo con <strong>Faro<\/strong>. Combinando herramientas f\u00e1ciles de usar y un dise\u00f1o integrador, crear\u00e1 un espacio acogedor que resonar\u00e1 entre las familias. Instale el tema ahora e ilumine las oportunidades para los ni\u00f1os con necesidades especiales.<\/p>\n\t\t\t\t\t<\/div>\n\t\t\t\t\t\t<\/div>\n\t\t\t\t<\/div>\n\t\t\t\t<\/div>\n\t\t\t\t<\/div>","protected":false},"excerpt":{"rendered":"<p>Lighthouse: Empowering Special Needs Schools with WordPress El tema de WordPress Lighthouse ofrece un dise\u00f1o limpio, fresco y totalmente adaptable, hecho a medida.<\/p>","protected":false},"featured_media":9812,"comment_status":"open","ping_status":"closed","template":"","meta":{"_acf_changed":false},"product_brand":[],"product_cat":[48],"product_tag":[],"class_list":{"0":"post-9929","1":"product","2":"type-product","3":"status-publish","4":"has-post-thumbnail","6":"product_cat-themes","8":"first","9":"instock","10":"sale","11":"downloadable","12":"shipping-taxable","13":"purchasable","14":"product-type-simple"},"acf":[],"yoast_head":"<!-- This site is optimized with the Yoast SEO Premium plugin v25.6 (Yoast SEO v27.1.1) - https:\/\/yoast.com\/product\/yoast-seo-premium-wordpress\/ -->\n<title>Lighthouse: School for Kids with Special Needs - AllWin Theme \u2013 Free WordPress Themes Download<\/title>\n<meta name=\"description\" content=\"Launch stunning one-page sites for SaaS, apps, and IT solutions with Mobilo WordPress theme. Modern design, Elementor-ready for fast, flexible builds.\" \/>\n<meta name=\"robots\" content=\"index, follow, max-snippet:-1, max-image-preview:large, max-video-preview:-1\" \/>\n<link rel=\"canonical\" href=\"https:\/\/allwintheme.com\/es\/producto\/lighthouse-school-for-handicapped-kids-with-special-needs-wordpress-theme\/\" \/>\n<meta property=\"og:locale\" content=\"es_ES\" \/>\n<meta property=\"og:type\" content=\"article\" \/>\n<meta property=\"og:title\" content=\"Lighthouse: School for Kids with Special Needs\" \/>\n<meta property=\"og:description\" content=\"Launch stunning one-page sites for SaaS, apps, and IT solutions with Mobilo WordPress theme. Modern design, Elementor-ready for fast, flexible builds.\" \/>\n<meta property=\"og:url\" content=\"https:\/\/allwintheme.com\/es\/producto\/lighthouse-school-for-handicapped-kids-with-special-needs-wordpress-theme\/\" \/>\n<meta property=\"og:site_name\" content=\"AllWin Theme \u2013 Free WordPress Themes Download\" \/>\n<meta property=\"article:modified_time\" content=\"2025-10-09T10:21:57+00:00\" \/>\n<meta property=\"og:image\" content=\"https:\/\/allwintheme.com\/wp-content\/uploads\/2025\/10\/jlj4tdp4.png\" \/>\n\t<meta property=\"og:image:width\" content=\"590\" \/>\n\t<meta property=\"og:image:height\" content=\"300\" \/>\n\t<meta property=\"og:image:type\" content=\"image\/png\" \/>\n<meta name=\"twitter:card\" content=\"summary_large_image\" \/>\n<meta name=\"twitter:label1\" content=\"Tiempo estimado de lectura\" \/>\n\t<meta name=\"twitter:data1\" content=\"2 minutos\" \/>\n<script type=\"application\/ld+json\" class=\"yoast-schema-graph\">{\"@context\":\"https:\/\/schema.org\",\"@graph\":[{\"@type\":\"WebPage\",\"@id\":\"https:\/\/allwintheme.com\/product\/lighthouse-school-for-handicapped-kids-with-special-needs-wordpress-theme\/\",\"url\":\"https:\/\/allwintheme.com\/product\/lighthouse-school-for-handicapped-kids-with-special-needs-wordpress-theme\/\",\"name\":\"Lighthouse: School for Kids with Special Needs - AllWin Theme \u2013 Free WordPress Themes Download\",\"isPartOf\":{\"@id\":\"https:\/\/allwintheme.com\/#website\"},\"primaryImageOfPage\":{\"@id\":\"https:\/\/allwintheme.com\/product\/lighthouse-school-for-handicapped-kids-with-special-needs-wordpress-theme\/#primaryimage\"},\"image\":{\"@id\":\"https:\/\/allwintheme.com\/product\/lighthouse-school-for-handicapped-kids-with-special-needs-wordpress-theme\/#primaryimage\"},\"thumbnailUrl\":\"https:\/\/allwintheme.com\/wp-content\/uploads\/2025\/10\/jlj4tdp4.png\",\"datePublished\":\"2025-10-09T10:15:11+00:00\",\"dateModified\":\"2025-10-09T10:21:57+00:00\",\"description\":\"Launch stunning one-page sites for SaaS, apps, and IT solutions with Mobilo WordPress theme. Modern design, Elementor-ready for fast, flexible builds.\",\"breadcrumb\":{\"@id\":\"https:\/\/allwintheme.com\/product\/lighthouse-school-for-handicapped-kids-with-special-needs-wordpress-theme\/#breadcrumb\"},\"inLanguage\":\"es-CL\",\"potentialAction\":[{\"@type\":\"ReadAction\",\"target\":[\"https:\/\/allwintheme.com\/product\/lighthouse-school-for-handicapped-kids-with-special-needs-wordpress-theme\/\"]}]},{\"@type\":\"ImageObject\",\"inLanguage\":\"es-CL\",\"@id\":\"https:\/\/allwintheme.com\/product\/lighthouse-school-for-handicapped-kids-with-special-needs-wordpress-theme\/#primaryimage\",\"url\":\"https:\/\/allwintheme.com\/wp-content\/uploads\/2025\/10\/jlj4tdp4.png\",\"contentUrl\":\"https:\/\/allwintheme.com\/wp-content\/uploads\/2025\/10\/jlj4tdp4.png\",\"width\":590,\"height\":300,\"caption\":\"Lighthouse | School for Handicapped Kids with Special Needs WordPress Theme\"},{\"@type\":\"BreadcrumbList\",\"@id\":\"https:\/\/allwintheme.com\/product\/lighthouse-school-for-handicapped-kids-with-special-needs-wordpress-theme\/#breadcrumb\",\"itemListElement\":[{\"@type\":\"ListItem\",\"position\":1,\"name\":\"Home\",\"item\":\"https:\/\/allwintheme.com\/\"},{\"@type\":\"ListItem\",\"position\":2,\"name\":\"Shop\",\"item\":\"https:\/\/allwintheme.com\/shop\/\"},{\"@type\":\"ListItem\",\"position\":3,\"name\":\"Lighthouse: School for Kids with Special Needs\"}]},{\"@type\":\"WebSite\",\"@id\":\"https:\/\/allwintheme.com\/#website\",\"url\":\"https:\/\/allwintheme.com\/\",\"name\":\"Allwintheme\",\"description\":\"Download free WordPress themes for every niche. Blogs, business, eCommerce, portfolio, restaurant and more. All themes are GPL licensed and mobile-ready.\",\"potentialAction\":[{\"@type\":\"SearchAction\",\"target\":{\"@type\":\"EntryPoint\",\"urlTemplate\":\"https:\/\/allwintheme.com\/?s={search_term_string}\"},\"query-input\":{\"@type\":\"PropertyValueSpecification\",\"valueRequired\":true,\"valueName\":\"search_term_string\"}}],\"inLanguage\":\"es-CL\"}]}<\/script>\n<!-- \/ Yoast SEO Premium plugin. -->","yoast_head_json":{"title":"Lighthouse: School for Kids with Special Needs - AllWin Theme \u2013 Free WordPress Themes Download","description":"Lanza impresionantes sitios de una p\u00e1gina para SaaS, aplicaciones y soluciones de TI con el tema Mobilo WordPress. Dise\u00f1o moderno, listo para Elementor para construcciones r\u00e1pidas y flexibles.","robots":{"index":"index","follow":"follow","max-snippet":"max-snippet:-1","max-image-preview":"max-image-preview:large","max-video-preview":"max-video-preview:-1"},"canonical":"https:\/\/allwintheme.com\/es\/producto\/lighthouse-school-for-handicapped-kids-with-special-needs-wordpress-theme\/","og_locale":"es_ES","og_type":"article","og_title":"Lighthouse: School for Kids with Special Needs","og_description":"Launch stunning one-page sites for SaaS, apps, and IT solutions with Mobilo WordPress theme. Modern design, Elementor-ready for fast, flexible builds.","og_url":"https:\/\/allwintheme.com\/es\/producto\/lighthouse-school-for-handicapped-kids-with-special-needs-wordpress-theme\/","og_site_name":"AllWin Theme \u2013 Free WordPress Themes Download","article_modified_time":"2025-10-09T10:21:57+00:00","og_image":[{"width":590,"height":300,"url":"https:\/\/allwintheme.com\/wp-content\/uploads\/2025\/10\/jlj4tdp4.png","type":"image\/png"}],"twitter_card":"summary_large_image","twitter_misc":{"Tiempo estimado de lectura":"2 minutos"},"schema":{"@context":"https:\/\/schema.org","@graph":[{"@type":"WebPage","@id":"https:\/\/allwintheme.com\/product\/lighthouse-school-for-handicapped-kids-with-special-needs-wordpress-theme\/","url":"https:\/\/allwintheme.com\/product\/lighthouse-school-for-handicapped-kids-with-special-needs-wordpress-theme\/","name":"Lighthouse: School for Kids with Special Needs - AllWin Theme \u2013 Free WordPress Themes Download","isPartOf":{"@id":"https:\/\/allwintheme.com\/#website"},"primaryImageOfPage":{"@id":"https:\/\/allwintheme.com\/product\/lighthouse-school-for-handicapped-kids-with-special-needs-wordpress-theme\/#primaryimage"},"image":{"@id":"https:\/\/allwintheme.com\/product\/lighthouse-school-for-handicapped-kids-with-special-needs-wordpress-theme\/#primaryimage"},"thumbnailUrl":"https:\/\/allwintheme.com\/wp-content\/uploads\/2025\/10\/jlj4tdp4.png","datePublished":"2025-10-09T10:15:11+00:00","dateModified":"2025-10-09T10:21:57+00:00","description":"Lanza impresionantes sitios de una p\u00e1gina para SaaS, aplicaciones y soluciones de TI con el tema Mobilo WordPress. Dise\u00f1o moderno, listo para Elementor para construcciones r\u00e1pidas y flexibles.","breadcrumb":{"@id":"https:\/\/allwintheme.com\/product\/lighthouse-school-for-handicapped-kids-with-special-needs-wordpress-theme\/#breadcrumb"},"inLanguage":"es-CL","potentialAction":[{"@type":"ReadAction","target":["https:\/\/allwintheme.com\/product\/lighthouse-school-for-handicapped-kids-with-special-needs-wordpress-theme\/"]}]},{"@type":"ImageObject","inLanguage":"es-CL","@id":"https:\/\/allwintheme.com\/product\/lighthouse-school-for-handicapped-kids-with-special-needs-wordpress-theme\/#primaryimage","url":"https:\/\/allwintheme.com\/wp-content\/uploads\/2025\/10\/jlj4tdp4.png","contentUrl":"https:\/\/allwintheme.com\/wp-content\/uploads\/2025\/10\/jlj4tdp4.png","width":590,"height":300,"caption":"Lighthouse | School for Handicapped Kids with Special Needs WordPress Theme"},{"@type":"BreadcrumbList","@id":"https:\/\/allwintheme.com\/product\/lighthouse-school-for-handicapped-kids-with-special-needs-wordpress-theme\/#breadcrumb","itemListElement":[{"@type":"ListItem","position":1,"name":"Home","item":"https:\/\/allwintheme.com\/"},{"@type":"ListItem","position":2,"name":"Shop","item":"https:\/\/allwintheme.com\/shop\/"},{"@type":"ListItem","position":3,"name":"Lighthouse: School for Kids with Special Needs"}]},{"@type":"WebSite","@id":"https:\/\/allwintheme.com\/#website","url":"https:\/\/allwintheme.com\/","name":"Allwintheme","description":"Descarga gratis temas de WordPress para todos los nichos. Blogs, negocios, comercio electr\u00f3nico, portafolio, restaurante y m\u00e1s. Todos los temas tienen licencia GPL y est\u00e1n preparados para dispositivos m\u00f3viles.","potentialAction":[{"@type":"SearchAction","target":{"@type":"EntryPoint","urlTemplate":"https:\/\/allwintheme.com\/?s={search_term_string}"},"query-input":{"@type":"PropertyValueSpecification","valueRequired":true,"valueName":"search_term_string"}}],"inLanguage":"es-CL"}]}},"_links":{"self":[{"href":"https:\/\/allwintheme.com\/es\/wp-json\/wp\/v2\/product\/9929","targetHints":{"allow":["GET"]}}],"collection":[{"href":"https:\/\/allwintheme.com\/es\/wp-json\/wp\/v2\/product"}],"about":[{"href":"https:\/\/allwintheme.com\/es\/wp-json\/wp\/v2\/types\/product"}],"replies":[{"embeddable":true,"href":"https:\/\/allwintheme.com\/es\/wp-json\/wp\/v2\/comments?post=9929"}],"version-history":[{"count":6,"href":"https:\/\/allwintheme.com\/es\/wp-json\/wp\/v2\/product\/9929\/revisions"}],"predecessor-version":[{"id":9935,"href":"https:\/\/allwintheme.com\/es\/wp-json\/wp\/v2\/product\/9929\/revisions\/9935"}],"wp:featuredmedia":[{"embeddable":true,"href":"https:\/\/allwintheme.com\/es\/wp-json\/wp\/v2\/media\/9812"}],"wp:attachment":[{"href":"https:\/\/allwintheme.com\/es\/wp-json\/wp\/v2\/media?parent=9929"}],"wp:term":[{"taxonomy":"product_brand","embeddable":true,"href":"https:\/\/allwintheme.com\/es\/wp-json\/wp\/v2\/product_brand?post=9929"},{"taxonomy":"product_cat","embeddable":true,"href":"https:\/\/allwintheme.com\/es\/wp-json\/wp\/v2\/product_cat?post=9929"},{"taxonomy":"product_tag","embeddable":true,"href":"https:\/\/allwintheme.com\/es\/wp-json\/wp\/v2\/product_tag?post=9929"}],"curies":[{"name":"wp","href":"https:\/\/api.w.org\/{rel}","templated":true}]}}