{"id":9997,"date":"2025-10-09T12:29:38","date_gmt":"2025-10-09T12:29:38","guid":{"rendered":"https:\/\/allwintheme.com\/?post_type=product&#038;p=9997"},"modified":"2025-10-09T12:33:28","modified_gmt":"2025-10-09T12:33:28","slug":"swape-app-showcase-app-store-wordpress-theme","status":"publish","type":"product","link":"https:\/\/allwintheme.com\/es\/producto\/swape-app-showcase-app-store-wordpress-theme\/","title":{"rendered":"Swape - App Showcase &amp; App Store WordPress Theme"},"content":{"rendered":"<div data-elementor-type=\"wp-post\" data-elementor-id=\"9997\" class=\"elementor elementor-9997\" data-elementor-settings=\"{&quot;element_pack_global_tooltip_width&quot;:{&quot;unit&quot;:&quot;px&quot;,&quot;size&quot;:&quot;&quot;,&quot;sizes&quot;:[]},&quot;element_pack_global_tooltip_width_tablet&quot;:{&quot;unit&quot;:&quot;px&quot;,&quot;size&quot;:&quot;&quot;,&quot;sizes&quot;:[]},&quot;element_pack_global_tooltip_width_mobile&quot;:{&quot;unit&quot;:&quot;px&quot;,&quot;size&quot;:&quot;&quot;,&quot;sizes&quot;:[]},&quot;element_pack_global_tooltip_padding&quot;:{&quot;unit&quot;:&quot;px&quot;,&quot;top&quot;:&quot;&quot;,&quot;right&quot;:&quot;&quot;,&quot;bottom&quot;:&quot;&quot;,&quot;left&quot;:&quot;&quot;,&quot;isLinked&quot;:true},&quot;element_pack_global_tooltip_padding_tablet&quot;:{&quot;unit&quot;:&quot;px&quot;,&quot;top&quot;:&quot;&quot;,&quot;right&quot;:&quot;&quot;,&quot;bottom&quot;:&quot;&quot;,&quot;left&quot;:&quot;&quot;,&quot;isLinked&quot;:true},&quot;element_pack_global_tooltip_padding_mobile&quot;:{&quot;unit&quot;:&quot;px&quot;,&quot;top&quot;:&quot;&quot;,&quot;right&quot;:&quot;&quot;,&quot;bottom&quot;:&quot;&quot;,&quot;left&quot;:&quot;&quot;,&quot;isLinked&quot;:true},&quot;element_pack_global_tooltip_border_radius&quot;:{&quot;unit&quot;:&quot;px&quot;,&quot;top&quot;:&quot;&quot;,&quot;right&quot;:&quot;&quot;,&quot;bottom&quot;:&quot;&quot;,&quot;left&quot;:&quot;&quot;,&quot;isLinked&quot;:true},&quot;element_pack_global_tooltip_border_radius_tablet&quot;:{&quot;unit&quot;:&quot;px&quot;,&quot;top&quot;:&quot;&quot;,&quot;right&quot;:&quot;&quot;,&quot;bottom&quot;:&quot;&quot;,&quot;left&quot;:&quot;&quot;,&quot;isLinked&quot;:true},&quot;element_pack_global_tooltip_border_radius_mobile&quot;:{&quot;unit&quot;:&quot;px&quot;,&quot;top&quot;:&quot;&quot;,&quot;right&quot;:&quot;&quot;,&quot;bottom&quot;:&quot;&quot;,&quot;left&quot;:&quot;&quot;,&quot;isLinked&quot;:true}}\" data-elementor-post-type=\"product\">\n\t\t\t\t<div class=\"elementor-element elementor-element-93aa4a8 e-con-full e-flex e-con e-parent\" data-id=\"93aa4a8\" data-element_type=\"container\" data-e-type=\"container\">\n\t\t\t\t<div class=\"elementor-element elementor-element-2c3f760 miaoshu elementor-widget elementor-widget-wd_text_block\" data-id=\"2c3f760\" data-element_type=\"widget\" data-e-type=\"widget\" data-widget_type=\"wd_text_block.default\">\n\t\t\t\t<div class=\"elementor-widget-container\">\n\t\t\t\t\t\t\t<div class=\"wd-text-block reset-last-child text-left\">\n\t\t\t\n\t\t\t<h2>Swape: Muestra tus aplicaciones con estilo y facilidad<\/h2>\n<p><strong>Swape - App Showcase &amp; App Store WordPress Theme<\/strong> ayuda a desarrolladores y empresas a destacar aplicaciones m\u00f3viles de forma eficaz. Por ejemplo, este elegante tema te permite mostrar caracter\u00edsticas, capturas de pantalla y opiniones de usuarios para atraer a usuarios potenciales. De este modo, puedes crear presentaciones profesionales de aplicaciones o tiendas de aplicaciones completas sin complicaciones, a la vez que aumentas la participaci\u00f3n en tu sitio web.<grok-card data-id=\"006836\" data-type=\"citation_card\"><\/grok-card><grok-card data-id=\"b36ef9\" data-type=\"citation_card\"><\/grok-card><\/p>\n\n<h3>Cree impresionantes p\u00e1ginas de aplicaciones r\u00e1pidamente<\/h3>\n<p>Swape se basa en el framework Twitter Bootstrap para conseguir dise\u00f1os responsivos que se adaptan a cualquier dispositivo. Adem\u00e1s, tienes acceso a 8 demos predise\u00f1adas para lanzar tu sitio r\u00e1pidamente, que cubren todo, desde simples escaparates hasta configuraciones de comercio electr\u00f3nico. Como resultado, ahorras tiempo y te centras en promocionar tus aplicaciones en lugar de codificar desde cero.<grok-card data-id=\"565c4f\" data-type=\"citation_card\"><\/grok-card><\/p>\n\n<h3>Caracter\u00edsticas clave que impulsan los resultados<\/h3>\n<ul>\n    <li><strong>Plugins Premium incluidos:<\/strong> Obt\u00e9n Revolution Slider, WPBakery Page Builder, Ultimate Addons y Cube Portfolio para contenido y dise\u00f1os din\u00e1micos.<\/li>\n    <li><strong>Integraci\u00f3n con WooCommerce:<\/strong> Venda aplicaciones o productos digitales sin problemas gracias a la compatibilidad total del tema con las tiendas en l\u00ednea.<\/li>\n    <li><strong>B\u00fasqueda avanzada:<\/strong> Implemente la b\u00fasqueda AJAX para ayudar a los usuarios a encontrar aplicaciones de forma r\u00e1pida e intuitiva.<\/li>\n    <li><strong>Mega Men\u00fa y Personalizaci\u00f3n:<\/strong> Cree la navegaci\u00f3n con facilidad, adem\u00e1s de ajustar los colores, las fuentes (m\u00e1s de 600 opciones de Google) y los estilos a trav\u00e9s de un s\u00f3lido panel de administraci\u00f3n.<\/li>\n    <li><strong>Importador de demostraciones con un solo clic:<\/strong> Importa dise\u00f1os, entradas, deslizadores y widgets en cuesti\u00f3n de minutos para una configuraci\u00f3n instant\u00e1nea.<\/li>\n    <li><strong>Optimizado para SEO y preparado para m\u00f3viles:<\/strong> Consiga una posici\u00f3n destacada en las b\u00fasquedas con un c\u00f3digo limpio y elementos adaptables que funcionen en todos los dispositivos.<\/li>\n<\/ul>\n\n<h3>Mejore su estrategia de promoci\u00f3n de aplicaciones<\/h3>\n<p>Swape te permite crear experiencias atractivas que convierten a los visitantes en descargas. Por ejemplo, si desarrollas aplicaciones m\u00f3viles o gestionas un mercado de aplicaciones, este tema admite mega men\u00fas, constructores visuales y compatibilidad con temas hijo para un sinf\u00edn de ajustes. De este modo, podr\u00e1 crear sitios web perfeccionados que destaquen en mercados competitivos.<grok-card data-id=\"d2687c\" data-type=\"citation_card\"><\/grok-card><\/p>\n\n<h3>Lance su aplicaci\u00f3n hoy mismo<\/h3>\n<p>Mejore su presencia en Internet con <strong>Swape - App Showcase &amp; App Store WordPress Theme<\/strong>. Combinando herramientas de primera calidad y dise\u00f1os flexibles, podr\u00e1s crear escaparates de aplicaciones atractivos que impulsen el \u00e9xito. Instala Swape ahora y observa c\u00f3mo tus aplicaciones llegan a nuevas audiencias.<\/p>\n\t\t\t\t\t<\/div>\n\t\t\t\t\t\t<\/div>\n\t\t\t\t<\/div>\n\t\t\t\t<\/div>\n\t\t\t\t<\/div>","protected":false},"excerpt":{"rendered":"<p>Swape: Showcase Your Apps with Style and Ease Swape \u2013 App Showcase &amp; App Store WordPress Theme helps developers and<\/p>","protected":false},"featured_media":9822,"comment_status":"open","ping_status":"closed","template":"","meta":{"_acf_changed":false},"product_brand":[],"product_cat":[48],"product_tag":[],"class_list":{"0":"post-9997","1":"product","2":"type-product","3":"status-publish","4":"has-post-thumbnail","6":"product_cat-themes","8":"first","9":"instock","10":"sale","11":"downloadable","12":"shipping-taxable","13":"purchasable","14":"product-type-simple"},"acf":[],"yoast_head":"<!-- This site is optimized with the Yoast SEO Premium plugin v25.6 (Yoast SEO v27.1.1) - https:\/\/yoast.com\/product\/yoast-seo-premium-wordpress\/ -->\n<title>Swape \u2013 App Showcase &amp; App Store WordPress Theme<\/title>\n<meta name=\"description\" content=\"Showcase your mobile apps with Swape, a Bootstrap-based WordPress theme. Includes 8 demos, premium plugins, and WooCommerce integration for stunning app stores.\" \/>\n<meta name=\"robots\" content=\"index, follow, max-snippet:-1, max-image-preview:large, max-video-preview:-1\" \/>\n<link rel=\"canonical\" href=\"https:\/\/allwintheme.com\/es\/producto\/swape-app-showcase-app-store-wordpress-theme\/\" \/>\n<meta property=\"og:locale\" content=\"es_ES\" \/>\n<meta property=\"og:type\" content=\"article\" \/>\n<meta property=\"og:title\" content=\"Swape \u2013 App Showcase &amp; App Store WordPress Theme\" \/>\n<meta property=\"og:description\" content=\"Showcase your mobile apps with Swape, a Bootstrap-based WordPress theme. Includes 8 demos, premium plugins, and WooCommerce integration for stunning app stores.\" \/>\n<meta property=\"og:url\" content=\"https:\/\/allwintheme.com\/es\/producto\/swape-app-showcase-app-store-wordpress-theme\/\" \/>\n<meta property=\"og:site_name\" content=\"AllWin Theme \u2013 Free WordPress Themes Download\" \/>\n<meta property=\"article:modified_time\" content=\"2025-10-09T12:33:28+00:00\" \/>\n<meta property=\"og:image\" content=\"https:\/\/allwintheme.com\/wp-content\/uploads\/2025\/10\/vql1a5nc.png\" \/>\n\t<meta property=\"og:image:width\" content=\"595\" \/>\n\t<meta property=\"og:image:height\" content=\"297\" \/>\n\t<meta property=\"og:image:type\" content=\"image\/png\" \/>\n<meta name=\"twitter:card\" content=\"summary_large_image\" \/>\n<meta name=\"twitter:label1\" content=\"Tiempo estimado de lectura\" \/>\n\t<meta name=\"twitter:data1\" content=\"2 minutos\" \/>\n<script type=\"application\/ld+json\" class=\"yoast-schema-graph\">{\"@context\":\"https:\/\/schema.org\",\"@graph\":[{\"@type\":\"WebPage\",\"@id\":\"https:\/\/allwintheme.com\/product\/swape-app-showcase-app-store-wordpress-theme\/\",\"url\":\"https:\/\/allwintheme.com\/product\/swape-app-showcase-app-store-wordpress-theme\/\",\"name\":\"Swape \u2013 App Showcase & App Store WordPress Theme\",\"isPartOf\":{\"@id\":\"https:\/\/allwintheme.com\/#website\"},\"primaryImageOfPage\":{\"@id\":\"https:\/\/allwintheme.com\/product\/swape-app-showcase-app-store-wordpress-theme\/#primaryimage\"},\"image\":{\"@id\":\"https:\/\/allwintheme.com\/product\/swape-app-showcase-app-store-wordpress-theme\/#primaryimage\"},\"thumbnailUrl\":\"https:\/\/allwintheme.com\/wp-content\/uploads\/2025\/10\/vql1a5nc.png\",\"datePublished\":\"2025-10-09T12:29:38+00:00\",\"dateModified\":\"2025-10-09T12:33:28+00:00\",\"description\":\"Showcase your mobile apps with Swape, a Bootstrap-based WordPress theme. Includes 8 demos, premium plugins, and WooCommerce integration for stunning app stores.\",\"breadcrumb\":{\"@id\":\"https:\/\/allwintheme.com\/product\/swape-app-showcase-app-store-wordpress-theme\/#breadcrumb\"},\"inLanguage\":\"es-CL\",\"potentialAction\":[{\"@type\":\"ReadAction\",\"target\":[\"https:\/\/allwintheme.com\/product\/swape-app-showcase-app-store-wordpress-theme\/\"]}]},{\"@type\":\"ImageObject\",\"inLanguage\":\"es-CL\",\"@id\":\"https:\/\/allwintheme.com\/product\/swape-app-showcase-app-store-wordpress-theme\/#primaryimage\",\"url\":\"https:\/\/allwintheme.com\/wp-content\/uploads\/2025\/10\/vql1a5nc.png\",\"contentUrl\":\"https:\/\/allwintheme.com\/wp-content\/uploads\/2025\/10\/vql1a5nc.png\",\"width\":595,\"height\":297,\"caption\":\"Swape \u2013 App Showcase & App Store WordPress Theme\"},{\"@type\":\"BreadcrumbList\",\"@id\":\"https:\/\/allwintheme.com\/product\/swape-app-showcase-app-store-wordpress-theme\/#breadcrumb\",\"itemListElement\":[{\"@type\":\"ListItem\",\"position\":1,\"name\":\"Home\",\"item\":\"https:\/\/allwintheme.com\/\"},{\"@type\":\"ListItem\",\"position\":2,\"name\":\"Shop\",\"item\":\"https:\/\/allwintheme.com\/shop\/\"},{\"@type\":\"ListItem\",\"position\":3,\"name\":\"Swape \u2013 App Showcase &#038; App Store WordPress Theme\"}]},{\"@type\":\"WebSite\",\"@id\":\"https:\/\/allwintheme.com\/#website\",\"url\":\"https:\/\/allwintheme.com\/\",\"name\":\"Allwintheme\",\"description\":\"Download free WordPress themes for every niche. Blogs, business, eCommerce, portfolio, restaurant and more. All themes are GPL licensed and mobile-ready.\",\"potentialAction\":[{\"@type\":\"SearchAction\",\"target\":{\"@type\":\"EntryPoint\",\"urlTemplate\":\"https:\/\/allwintheme.com\/?s={search_term_string}\"},\"query-input\":{\"@type\":\"PropertyValueSpecification\",\"valueRequired\":true,\"valueName\":\"search_term_string\"}}],\"inLanguage\":\"es-CL\"}]}<\/script>\n<!-- \/ Yoast SEO Premium plugin. -->","yoast_head_json":{"title":"Swape - App Showcase &amp; App Store WordPress Theme","description":"Muestra tus aplicaciones m\u00f3viles con Swape, un tema de WordPress basado en Bootstrap. Incluye 8 demos, plugins premium e integraci\u00f3n con WooCommerce para tiendas de apps impresionantes.","robots":{"index":"index","follow":"follow","max-snippet":"max-snippet:-1","max-image-preview":"max-image-preview:large","max-video-preview":"max-video-preview:-1"},"canonical":"https:\/\/allwintheme.com\/es\/producto\/swape-app-showcase-app-store-wordpress-theme\/","og_locale":"es_ES","og_type":"article","og_title":"Swape \u2013 App Showcase & App Store WordPress Theme","og_description":"Showcase your mobile apps with Swape, a Bootstrap-based WordPress theme. Includes 8 demos, premium plugins, and WooCommerce integration for stunning app stores.","og_url":"https:\/\/allwintheme.com\/es\/producto\/swape-app-showcase-app-store-wordpress-theme\/","og_site_name":"AllWin Theme \u2013 Free WordPress Themes Download","article_modified_time":"2025-10-09T12:33:28+00:00","og_image":[{"width":595,"height":297,"url":"https:\/\/allwintheme.com\/wp-content\/uploads\/2025\/10\/vql1a5nc.png","type":"image\/png"}],"twitter_card":"summary_large_image","twitter_misc":{"Tiempo estimado de lectura":"2 minutos"},"schema":{"@context":"https:\/\/schema.org","@graph":[{"@type":"WebPage","@id":"https:\/\/allwintheme.com\/product\/swape-app-showcase-app-store-wordpress-theme\/","url":"https:\/\/allwintheme.com\/product\/swape-app-showcase-app-store-wordpress-theme\/","name":"Swape - App Showcase &amp; App Store WordPress Theme","isPartOf":{"@id":"https:\/\/allwintheme.com\/#website"},"primaryImageOfPage":{"@id":"https:\/\/allwintheme.com\/product\/swape-app-showcase-app-store-wordpress-theme\/#primaryimage"},"image":{"@id":"https:\/\/allwintheme.com\/product\/swape-app-showcase-app-store-wordpress-theme\/#primaryimage"},"thumbnailUrl":"https:\/\/allwintheme.com\/wp-content\/uploads\/2025\/10\/vql1a5nc.png","datePublished":"2025-10-09T12:29:38+00:00","dateModified":"2025-10-09T12:33:28+00:00","description":"Muestra tus aplicaciones m\u00f3viles con Swape, un tema de WordPress basado en Bootstrap. Incluye 8 demos, plugins premium e integraci\u00f3n con WooCommerce para tiendas de apps impresionantes.","breadcrumb":{"@id":"https:\/\/allwintheme.com\/product\/swape-app-showcase-app-store-wordpress-theme\/#breadcrumb"},"inLanguage":"es-CL","potentialAction":[{"@type":"ReadAction","target":["https:\/\/allwintheme.com\/product\/swape-app-showcase-app-store-wordpress-theme\/"]}]},{"@type":"ImageObject","inLanguage":"es-CL","@id":"https:\/\/allwintheme.com\/product\/swape-app-showcase-app-store-wordpress-theme\/#primaryimage","url":"https:\/\/allwintheme.com\/wp-content\/uploads\/2025\/10\/vql1a5nc.png","contentUrl":"https:\/\/allwintheme.com\/wp-content\/uploads\/2025\/10\/vql1a5nc.png","width":595,"height":297,"caption":"Swape \u2013 App Showcase & App Store WordPress Theme"},{"@type":"BreadcrumbList","@id":"https:\/\/allwintheme.com\/product\/swape-app-showcase-app-store-wordpress-theme\/#breadcrumb","itemListElement":[{"@type":"ListItem","position":1,"name":"Home","item":"https:\/\/allwintheme.com\/"},{"@type":"ListItem","position":2,"name":"Shop","item":"https:\/\/allwintheme.com\/shop\/"},{"@type":"ListItem","position":3,"name":"Swape \u2013 App Showcase &#038; App Store WordPress Theme"}]},{"@type":"WebSite","@id":"https:\/\/allwintheme.com\/#website","url":"https:\/\/allwintheme.com\/","name":"Allwintheme","description":"Descarga gratis temas de WordPress para todos los nichos. Blogs, negocios, comercio electr\u00f3nico, portafolio, restaurante y m\u00e1s. Todos los temas tienen licencia GPL y est\u00e1n preparados para dispositivos m\u00f3viles.","potentialAction":[{"@type":"SearchAction","target":{"@type":"EntryPoint","urlTemplate":"https:\/\/allwintheme.com\/?s={search_term_string}"},"query-input":{"@type":"PropertyValueSpecification","valueRequired":true,"valueName":"search_term_string"}}],"inLanguage":"es-CL"}]}},"_links":{"self":[{"href":"https:\/\/allwintheme.com\/es\/wp-json\/wp\/v2\/product\/9997","targetHints":{"allow":["GET"]}}],"collection":[{"href":"https:\/\/allwintheme.com\/es\/wp-json\/wp\/v2\/product"}],"about":[{"href":"https:\/\/allwintheme.com\/es\/wp-json\/wp\/v2\/types\/product"}],"replies":[{"embeddable":true,"href":"https:\/\/allwintheme.com\/es\/wp-json\/wp\/v2\/comments?post=9997"}],"version-history":[{"count":5,"href":"https:\/\/allwintheme.com\/es\/wp-json\/wp\/v2\/product\/9997\/revisions"}],"predecessor-version":[{"id":10002,"href":"https:\/\/allwintheme.com\/es\/wp-json\/wp\/v2\/product\/9997\/revisions\/10002"}],"wp:featuredmedia":[{"embeddable":true,"href":"https:\/\/allwintheme.com\/es\/wp-json\/wp\/v2\/media\/9822"}],"wp:attachment":[{"href":"https:\/\/allwintheme.com\/es\/wp-json\/wp\/v2\/media?parent=9997"}],"wp:term":[{"taxonomy":"product_brand","embeddable":true,"href":"https:\/\/allwintheme.com\/es\/wp-json\/wp\/v2\/product_brand?post=9997"},{"taxonomy":"product_cat","embeddable":true,"href":"https:\/\/allwintheme.com\/es\/wp-json\/wp\/v2\/product_cat?post=9997"},{"taxonomy":"product_tag","embeddable":true,"href":"https:\/\/allwintheme.com\/es\/wp-json\/wp\/v2\/product_tag?post=9997"}],"curies":[{"name":"wp","href":"https:\/\/api.w.org\/{rel}","templated":true}]}}